{"id":338,"date":"2025-04-11T03:21:02","date_gmt":"2025-04-11T03:21:02","guid":{"rendered":"https:\/\/red-lighttherapy.com\/?post_type=product&#038;p=338"},"modified":"2025-04-11T03:46:10","modified_gmt":"2025-04-11T03:46:10","slug":"custom-tempered-glass-screen-protector-packaging-box-factory","status":"publish","type":"product","link":"https:\/\/red-lighttherapy.com\/pt_pt\/custom-tempered-glass-screen-protector-packaging-box-factory\/","title":{"rendered":"F\u00e1brica de caixas de embalagem de protetor de ecr\u00e3 de vidro temperado personalizado"},"content":{"rendered":"<h2 id=\"-customized-tempered-glass-screen-protector-packaging-box-factory-product-description-\"><strong>Descri\u00e7\u00e3o do produto de f\u00e1brica da caixa de embalagem do protetor de ecr\u00e3 de vidro temperado personalizado<\/strong><\/h2>\n<h2 id=\"-i-top-and-bottom-cover-box-design-both-ritual-and-practicality-\"><strong>1. Design da tampa e da base da caixa: ritual e pr\u00e1tico<\/strong><\/h2>\n<ol>\n<li><strong>Estrutura cl\u00e1ssica da tampa e da base<\/strong>\u00a0O design da caixa com tampas superior e inferior separadas \u00e9 simples e c\u00f3modo de abrir e fechar, conferindo ao produto um sentido ritual \u00fanico. O corpo da caixa \u00e9 cortado por moldes de precis\u00e3o, e o erro \u00e9 controlado dentro de \u00b10,1mm para garantir que se encaixa firmemente quando fechada, melhorando a textura de alta qualidade do produto.<\/li>\n<li><strong>Otimiza\u00e7\u00e3o da prote\u00e7\u00e3o e da comodidade<\/strong>\u00a0O material do corpo da caixa usa um processo composto de base de placa cinza 1200GSM e papel de placa de cobre 157G, com uma resist\u00eancia \u00e0 compress\u00e3o de 50kg de press\u00e3o est\u00e1tica sem deforma\u00e7\u00e3o, resistindo efetivamente \u00e0 extrus\u00e3o e colis\u00e3o durante o transporte. Estrutura de suc\u00e7\u00e3o magn\u00e9tica incorporada, o erro de ajuste \u00e9 \u22640,2mm quando fechado, e pode ser aberto e fechado suavemente com uma m\u00e3o, tendo em conta a seguran\u00e7a e a conveni\u00eancia.<\/li>\n<\/ol>\n<h2 id=\"-second-orange-main-visual-design-stimulate-brand-vitality-\"><strong>2. Conce\u00e7\u00e3o visual principal cor de laranja: estimular a vitalidade da marca<\/strong><\/h2>\n<ol>\n<li><strong>A psicologia da cor d\u00e1 for\u00e7a \u00e0 marca<\/strong>\u00a0O laranja \u00e9 a cor principal, combinada com a tecnologia de gradiente de baixa satura\u00e7\u00e3o, para transmitir vitalidade, calor e emo\u00e7\u00f5es positivas. O comprimento de onda do laranja (590-610nm) estabelece um equil\u00edbrio entre a penetra\u00e7\u00e3o visual e o conforto, o que pode aumentar o reconhecimento nas prateleiras em 20%-30% e melhorar a mem\u00f3ria da marca por parte dos consumidores.<\/li>\n<li><strong>O log\u00f3tipo da marca \u00e9 claramente apresentado<\/strong>\u00a0A superf\u00edcie adopta a tecnologia de impress\u00e3o offset a quatro cores, suporta a correspond\u00eancia exacta dos n\u00fameros de cor Pantone e garante que n\u00e3o h\u00e1 diferen\u00e7a de cor na impress\u00e3o. O log\u00f3tipo da marca pode ser combinado com a tecnologia de estampagem a quente, UV ou grava\u00e7\u00e3o em relevo para formar um forte contraste visual na base laranja e refor\u00e7ar o efeito da marca.<\/li>\n<\/ol>\n<h2 id=\"-third-customized-adaptation-solution-accurately-match-product-needs-\"><strong>3. Solu\u00e7\u00e3o de adapta\u00e7\u00e3o personalizada: corresponde exatamente \u00e0s necessidades do produto<\/strong><\/h2>\n<ol>\n<li><strong>Personaliza\u00e7\u00e3o flex\u00edvel do tipo de caixa<\/strong>\u00a0Suporta adapta\u00e7\u00e3o em tamanho real e pode personalizar tipos de caixas exclusivas de acordo com o tamanho da pel\u00edcula temperada (como 0,15 mm a 0,33 mm de espessura) e a curvatura da superf\u00edcie (2,5D\/3D\/superf\u00edcie curva de quatro profundidades iguais). Por exemplo:<\/li>\n<li><strong>Vers\u00e3o ultrafina<\/strong>: Adequado para pel\u00edcula temperada ultrafina de 0,15 mm, a espessura da caixa \u00e9 controlada dentro de 1,5 cm;<\/li>\n<li><strong>Vers\u00e3o curva<\/strong>: Suporte interior com ranhura em forma de U para pel\u00edcula temperada 3D dobrada a quente para se adaptar \u00e0 curvatura da pel\u00edcula.<\/li>\n<li><strong>Diversas op\u00e7\u00f5es de materiais de revestimento<\/strong>\u00a0Fornecer op\u00e7\u00f5es de revestimento, tais como EVA flocking, tecido de seda, cart\u00e3o, esponja, etc:<\/li>\n<li><strong>Flocagem em EVA<\/strong>: Excelente desempenho \u00e0 prova de choque, adequado para prote\u00e7\u00e3o de precis\u00e3o dos bordos da pel\u00edcula temperada;<\/li>\n<li><strong>Forro em tecido de seda<\/strong>: Toque delicado, adequado para embalagens de oferta de gama alta;<\/li>\n<li><strong>Camada de esponja<\/strong>: Podem ser guardadas v\u00e1rias pel\u00edculas temperadas em divis\u00f3rias, o que \u00e9 \u00e0 prova de riscos e poupa espa\u00e7o.<\/li>\n<\/ol>\n<h2 id=\"-fourth-china-s-source-factory-advantages-one-stop-service-and-cost-optimization-\"><strong>4. Vantagens da f\u00e1brica de origem chinesa: servi\u00e7o de balc\u00e3o \u00fanico e otimiza\u00e7\u00e3o de custos<\/strong><\/h2>\n<ol>\n<li><strong>Amostras gr\u00e1tis e apoio \u00e0 conce\u00e7\u00e3o<\/strong>\u00a0Fornecemos um servi\u00e7o de prova gratuito, enviamos amostras f\u00edsicas no prazo de 3 a 5 dias \u00fateis e apoiamos o ajuste dimensional completo do tipo de caixa, impress\u00e3o e revestimento. A equipa de design pode fornecer a otimiza\u00e7\u00e3o da estrutura da embalagem e a personaliza\u00e7\u00e3o da solu\u00e7\u00e3o visual com base no sistema VI da marca para reduzir os custos de desenvolvimento do cliente.<\/li>\n<li><strong>Solu\u00e7\u00e3o de produ\u00e7\u00e3o em massa altamente rent\u00e1vel<\/strong>\u00a0A f\u00e1brica de origem em Dongguan\/Shenzhen, Guangdong, adopta uma linha de produ\u00e7\u00e3o automatizada e suporta uma encomenda m\u00ednima de 10 unidades. O custo de uma \u00fanica caixa \u00e9 30%-40% inferior ao pre\u00e7o m\u00e9dio do mercado. Oferece uma variedade de op\u00e7\u00f5es de embalagem, como sacos OPP, caixas blister e caixas de cor, para satisfazer as necessidades de log\u00edstica transfronteiri\u00e7a e de retalho.<\/li>\n<li><strong>Garantia de qualidade e certifica\u00e7\u00e3o<\/strong>\u00a0O material de revestimento atende aos padr\u00f5es de grau m\u00e9dico (YY \/ T 0114), e o corpo da caixa passa no teste de ciclo de temperatura e umidade de -25 \u2103 a 50 \u2103 para garantir a estabilidade do transporte global. Ele suporta a certifica\u00e7\u00e3o CE e a impress\u00e3o de tinta ecol\u00f3gica, e atende aos requisitos de acesso ao mercado na Europa e nos Estados Unidos.<\/li>\n<\/ol>\n<h2 id=\"-v-technical-parameters-and-service-process-\"><strong>5. Par\u00e2metros t\u00e9cnicos e processo de servi\u00e7o<\/strong><\/h2>\n<table>\n<thead>\n<tr>\n<th>Projeto<\/th>\n<th>Par\u00e2metros\/detalhes do servi\u00e7o<\/th>\n<\/tr>\n<\/thead>\n<tbody>\n<tr>\n<td><strong>Tipo de caixa<\/strong><\/td>\n<td>Tampa superior e inferior (tipo gaveta personaliz\u00e1vel, tipo janela e outras variantes)<\/td>\n<\/tr>\n<tr>\n<td><strong>Material<\/strong><\/td>\n<td>Papel revestido 157G + cart\u00e3o cinzento 1200GSM, pel\u00edcula mate na superf\u00edcie<\/td>\n<\/tr>\n<tr>\n<td><strong>Processo de impress\u00e3o<\/strong><\/td>\n<td>Impress\u00e3o offset a quatro cores + estampagem parcial UV\/quente, correspond\u00eancia de cores Pantone<\/td>\n<\/tr>\n<tr>\n<td><strong>Ciclo de entrega<\/strong><\/td>\n<td>3-5 dias para amostras, 7-15 dias para a produ\u00e7\u00e3o em massa (apoio \u00e0 entrega acelerada)<\/td>\n<\/tr>\n<tr>\n<td><strong>Embalagem log\u00edstica<\/strong><\/td>\n<td>Saco OPP independente + caixa de cart\u00e3o alveolar resistente ao choque, compat\u00edvel com entrega direta DHL\/FedEx<\/td>\n<\/tr>\n<\/tbody>\n<\/table>","protected":false},"excerpt":{"rendered":"<p>O tipo de caixa com tampa e base \u00e9 separado e o m\u00e9todo de abertura e fecho \u00e9 simples e c\u00f3modo, conferindo ao produto um ritual \u00fanico e tornando-o f\u00e1cil de utilizar.<\/p>","protected":false},"featured_media":341,"template":"","meta":{"_kad_post_transparent":"default","_kad_post_title":"","_kad_post_layout":"default","_kad_post_sidebar_id":"","_kad_post_content_style":"default","_kad_post_vertical_padding":"default","_kad_post_feature":"","_kad_post_feature_position":"","_kad_post_header":false,"_kad_post_footer":false,"_kad_post_classname":""},"product_brand":[],"product_cat":[15,19,17],"product_tag":[108,109,110],"class_list":{"0":"post-338","1":"product","2":"type-product","3":"status-publish","4":"has-post-thumbnail","6":"product_cat-red-light-therapy","7":"product_cat-red-light-therapy-stand","8":"product_cat-services","9":"product_tag-custom-tempered-glass-packaging","10":"product_tag-screen-protector-packaging-box","11":"product_tag-screen-protector-packaging-factory","13":"first","14":"instock","15":"shipping-taxable","16":"product-type-simple","17":"entry","18":"content-bg","19":"loop-entry"},"_links":{"self":[{"href":"https:\/\/red-lighttherapy.com\/pt_pt\/wp-json\/wp\/v2\/product\/338","targetHints":{"allow":["GET"]}}],"collection":[{"href":"https:\/\/red-lighttherapy.com\/pt_pt\/wp-json\/wp\/v2\/product"}],"about":[{"href":"https:\/\/red-lighttherapy.com\/pt_pt\/wp-json\/wp\/v2\/types\/product"}],"wp:featuredmedia":[{"embeddable":true,"href":"https:\/\/red-lighttherapy.com\/pt_pt\/wp-json\/wp\/v2\/media\/341"}],"wp:attachment":[{"href":"https:\/\/red-lighttherapy.com\/pt_pt\/wp-json\/wp\/v2\/media?parent=338"}],"wp:term":[{"taxonomy":"product_brand","embeddable":true,"href":"https:\/\/red-lighttherapy.com\/pt_pt\/wp-json\/wp\/v2\/product_brand?post=338"},{"taxonomy":"product_cat","embeddable":true,"href":"https:\/\/red-lighttherapy.com\/pt_pt\/wp-json\/wp\/v2\/product_cat?post=338"},{"taxonomy":"product_tag","embeddable":true,"href":"https:\/\/red-lighttherapy.com\/pt_pt\/wp-json\/wp\/v2\/product_tag?post=338"}],"curies":[{"name":"wp","href":"https:\/\/api.w.org\/{rel}","templated":true}]}}