{"id":332,"date":"2025-04-11T02:59:08","date_gmt":"2025-04-11T02:59:08","guid":{"rendered":"https:\/\/red-lighttherapy.com\/?post_type=product&#038;p=332"},"modified":"2025-04-11T03:20:51","modified_gmt":"2025-04-11T03:20:51","slug":"oral-irrigator-dental-water-flosser-magnetic-closure-box","status":"publish","type":"product","link":"https:\/\/red-lighttherapy.com\/pt_pt\/oral-irrigator-dental-water-flosser-magnetic-closure-box\/","title":{"rendered":"Irrigador oral Flosser de \u00e1gua dent\u00e1ria Caixa com fecho magn\u00e9tico"},"content":{"rendered":"<h2 id=\"-oral-irrigator-and-dental-flosser-magnetic-box-product-description-\"><strong>Caixa magn\u00e9tica para irrigador oral e fio dental Descri\u00e7\u00e3o do produto<\/strong><\/h2>\n<h2 id=\"-i-packaging-design-and-structure-\"><strong>1. Conce\u00e7\u00e3o e estrutura da embalagem<\/strong><\/h2>\n<ol>\n<li><strong>Material e capacidade de carga<\/strong>\u00a0Utilizando papel revestido 157G como papel de face, combinado com uma base de cart\u00e3o cinzento de alta resist\u00eancia 1200GSM, forma-se uma estrutura de caixa est\u00e1vel, capaz de suportar a extrus\u00e3o e a vibra\u00e7\u00e3o na utiliza\u00e7\u00e3o di\u00e1ria, garantindo a fixa\u00e7\u00e3o correta de instrumentos de precis\u00e3o, tais como fios dentais e irrigadores incorporados. A resist\u00eancia \u00e0 compress\u00e3o do corpo da caixa foi testada para uma press\u00e3o est\u00e1tica de 50 kg sem deforma\u00e7\u00e3o, satisfazendo os requisitos de durabilidade dos cen\u00e1rios m\u00e9dicos e de viagem.<\/li>\n<li><strong>Apar\u00eancia e apresenta\u00e7\u00e3o da marca<\/strong>\u00a0Com cores claras (como o verde menta e o coral claro) como base, s\u00e3o utilizados tons de baixa satura\u00e7\u00e3o para criar uma profunda sensa\u00e7\u00e3o de luxo, ao mesmo tempo que se apresenta claramente o log\u00f3tipo da marca. O processo de lamina\u00e7\u00e3o da superf\u00edcie melhora o desempenho anti-incrustante e anti-riscos. Foi verificado em laborat\u00f3rio que n\u00e3o h\u00e1 encolhimento e deforma\u00e7\u00e3o quando armazenado a uma temperatura constante de 40\u00b0C durante 72 horas, tendo em conta tanto a est\u00e9tica como a praticidade.<\/li>\n<li><strong>Abertura e encerramento magn\u00e9ticos e sentido de cerim\u00f3nia<\/strong>\u00a0O design da caixa magn\u00e9tica em forma de livro, o coeficiente de amortecimento de abertura e fecho \u00e9 ergonomicamente optimizado para 0,3N, e pode ser operado suavemente com uma m\u00e3o. A estrutura magn\u00e9tica est\u00e1 alinhada com precis\u00e3o e o ajuste \u00e9 de \u00b10,1mm quando fechada, dando \u00e0 a\u00e7\u00e3o de abertura um sentido solene de cerim\u00f3nia, que se adequa ao tom profissional dos produtos m\u00e9dicos.<\/li>\n<\/ol>\n<h2 id=\"-second-customized-function-adaptation-\"><strong>2. Adapta\u00e7\u00e3o personalizada da fun\u00e7\u00e3o<\/strong><\/h2>\n<ol>\n<li><strong>Tipo de caixa e flexibilidade de impress\u00e3o<\/strong>\u00a0Suporta v\u00e1rios designs de caixas (como oblato, estrutura de ranhura em forma de U), adaptando-se a especifica\u00e7\u00f5es diferentes de irrigadores orais de 30ml-500ml e fio dent\u00e1rio embalado de forma independente. O layout impresso pode ser personalizado com log\u00f3tipos m\u00e9dicos, guias de opera\u00e7\u00e3o ou elementos culturais da marca para transmitir com precis\u00e3o as carater\u00edsticas do produto e informa\u00e7\u00f5es profissionais.<\/li>\n<li><strong>Atualiza\u00e7\u00e3o do material de suporte interior e da textura<\/strong>\u00a0Fornecer flocagem EVA, tecido de seda, esponja e outras op\u00e7\u00f5es de revestimento de material:<\/li>\n<li><strong>Flocagem em EVA<\/strong>excelente desempenho \u00e0 prova de choque, adequado para a prote\u00e7\u00e3o da cabe\u00e7a de enxaguamento de precis\u00e3o;<\/li>\n<li><strong>Forro em tecido de seda<\/strong>: toque delicado, melhora a experi\u00eancia de cuidados de alta qualidade;<\/li>\n<li><strong>Camadas de cart\u00e3o<\/strong>O sistema de irriga\u00e7\u00e3o pode ser dividido em divis\u00f3rias para armazenar os irrigadores e os bicos de substitui\u00e7\u00e3o para otimizar a utiliza\u00e7\u00e3o do espa\u00e7o.<\/li>\n<\/ol>\n<h2 id=\"-three-scenario-application-and-detail-optimization-\"><strong>3. Aplica\u00e7\u00e3o de cen\u00e1rios e otimiza\u00e7\u00e3o de detalhes<\/strong><\/h2>\n<ol>\n<li><strong>Adapta\u00e7\u00e3o de cen\u00e1rios m\u00f3veis<\/strong>\u00a0A espessura do corpo da caixa \u00e9 controlada para 1,8 cm, que pode ser facilmente colocada no bolso de uma camisa ou numa mala de m\u00e3o. O peso total ap\u00f3s o carregamento de 50 fios dentais independentes \u00e9 apenas equivalente a dois smartphones, e a portabilidade \u00e9 excelente.<\/li>\n<li><strong>Garantia de seguran\u00e7a e higiene<\/strong>\u00a0Todos os materiais de revestimento cumprem as normas de qualidade m\u00e9dica (tais como YY\/T 0114, GB18457) para evitar a deforma\u00e7\u00e3o a alta temperatura e os riscos de res\u00edduos qu\u00edmicos. O bordo do corpo da caixa \u00e9 arredondado e o conforto da pega \u00e9 melhorado pelo 18%, reduzindo a probabilidade de les\u00f5es acidentais durante o funcionamento.<\/li>\n<li><strong>Conce\u00e7\u00e3o inteligente dos pormenores<\/strong>\u00a0O microespelho incorporado opcional na tampa (otimiza\u00e7\u00e3o do \u00e2ngulo de vis\u00e3o de 3 cm) permite aos utilizadores completar os cuidados orais e de higiene ao mesmo tempo, e 17 ajustes de \u00e2ngulo garantem a melhor experi\u00eancia de utiliza\u00e7\u00e3o.<\/li>\n<\/ol>","protected":false},"excerpt":{"rendered":"<p>Esta caixa com fecho magn\u00e9tico \u00e9 f\u00e1cil de abrir e fechar. Utiliza cart\u00e3o r\u00edgido 157GSM e cart\u00e3o de arte cinzento 1200GSM para criar a estrutura da caixa e proteger os seus produtos contra danos durante o transporte.<\/p>","protected":false},"featured_media":335,"template":"","meta":{"_kad_post_transparent":"default","_kad_post_title":"","_kad_post_layout":"default","_kad_post_sidebar_id":"","_kad_post_content_style":"default","_kad_post_vertical_padding":"default","_kad_post_feature":"","_kad_post_feature_position":"","_kad_post_header":false,"_kad_post_footer":false,"_kad_post_classname":""},"product_brand":[],"product_cat":[15,28,17],"product_tag":[106,105,107],"class_list":{"0":"post-332","1":"product","2":"type-product","3":"status-publish","4":"has-post-thumbnail","6":"product_cat-red-light-therapy","7":"product_cat-customize","8":"product_cat-services","9":"product_tag-dental-water-flosser-box","10":"product_tag-oral-irrigator-box","11":"product_tag-oral-irrigator-magnetic-closure-box","13":"first","14":"instock","15":"shipping-taxable","16":"product-type-simple","17":"entry","18":"content-bg","19":"loop-entry"},"_links":{"self":[{"href":"https:\/\/red-lighttherapy.com\/pt_pt\/wp-json\/wp\/v2\/product\/332","targetHints":{"allow":["GET"]}}],"collection":[{"href":"https:\/\/red-lighttherapy.com\/pt_pt\/wp-json\/wp\/v2\/product"}],"about":[{"href":"https:\/\/red-lighttherapy.com\/pt_pt\/wp-json\/wp\/v2\/types\/product"}],"wp:featuredmedia":[{"embeddable":true,"href":"https:\/\/red-lighttherapy.com\/pt_pt\/wp-json\/wp\/v2\/media\/335"}],"wp:attachment":[{"href":"https:\/\/red-lighttherapy.com\/pt_pt\/wp-json\/wp\/v2\/media?parent=332"}],"wp:term":[{"taxonomy":"product_brand","embeddable":true,"href":"https:\/\/red-lighttherapy.com\/pt_pt\/wp-json\/wp\/v2\/product_brand?post=332"},{"taxonomy":"product_cat","embeddable":true,"href":"https:\/\/red-lighttherapy.com\/pt_pt\/wp-json\/wp\/v2\/product_cat?post=332"},{"taxonomy":"product_tag","embeddable":true,"href":"https:\/\/red-lighttherapy.com\/pt_pt\/wp-json\/wp\/v2\/product_tag?post=332"}],"curies":[{"name":"wp","href":"https:\/\/api.w.org\/{rel}","templated":true}]}}