{"id":326,"date":"2025-04-11T02:38:38","date_gmt":"2025-04-11T02:38:38","guid":{"rendered":"https:\/\/red-lighttherapy.com\/?post_type=product&#038;p=326"},"modified":"2025-04-11T02:58:59","modified_gmt":"2025-04-11T02:58:59","slug":"custom-kraft-paper-eyeglasses-glasses-drawer-box-wholesale","status":"publish","type":"product","link":"https:\/\/red-lighttherapy.com\/pt_pt\/custom-kraft-paper-eyeglasses-glasses-drawer-box-wholesale\/","title":{"rendered":"Caixa de gaveta para \u00f3culos de papel kraft personalizada por atacado"},"content":{"rendered":"<h3 id=\"-customized-kraft-paper-glasses-drawer-box-wholesale-product-description-\"><strong>Caixa de gaveta de \u00f3culos de papel kraft personalizada Descri\u00e7\u00e3o do produto por atacado<\/strong><\/h3>\n<h2 id=\"-1-innovative-triangular-shape-to-create-brand-visual-symbols-\"><strong>1. Forma triangular inovadora para criar s\u00edmbolos visuais da marca<\/strong><\/h2>\n<p>Esta caixa de \u00f3culos adopta uma estrutura tridimensional triangular \u00fanica, rompendo com o design mon\u00f3tono do corpo da caixa quadrada tradicional e conferindo ao produto um forte reconhecimento e impacto visual com uma est\u00e9tica geom\u00e9trica. O design de abertura e fecho em forma de gaveta triangular n\u00e3o s\u00f3 optimiza a utiliza\u00e7\u00e3o do espa\u00e7o, como tamb\u00e9m transmite uma sensa\u00e7\u00e3o de moda moderna atrav\u00e9s de linhas n\u00edtidas e arestas sim\u00e9tricas, ajudando a marca a destacar-se de embalagens semelhantes e formando um ponto de mem\u00f3ria diferenciado.<\/p>\n<h2 id=\"-2-environmentally-friendly-materials-practicing-the-concept-of-sustainable-development-\"><strong>2. Materiais amigos do ambiente, praticando o conceito de desenvolvimento sustent\u00e1vel<\/strong><\/h2>\n<p>O corpo da caixa utiliza papel kraft de alta resist\u00eancia de 120g combinado com forro de cart\u00e3o cinzento. Em compara\u00e7\u00e3o com o papel revestido tradicional, os seus componentes de fibra de madeira natural podem degradar-se rapidamente e n\u00e3o existem aditivos nocivos, como agentes fluorescentes, no processo de produ\u00e7\u00e3o. O papel kraft tem resist\u00eancia ao desgaste e \u00e0 press\u00e3o, protegendo eficazmente os \u00f3culos de colis\u00f5es, ao mesmo tempo que cumpre as normas ambientais internacionais e satisfaz as necessidades urgentes dos consumidores de embalagens ecol\u00f3gicas.<\/p>\n<h2 id=\"-3-printing-with-soybean-ink-to-achieve-environmental-protection-throughout-the-life-cycle-\"><strong>3. Impress\u00e3o com tinta de soja para obter prote\u00e7\u00e3o ambiental ao longo do ciclo de vida<\/strong><\/h2>\n<p>O processo de impress\u00e3o utiliza tinta de soja (SOYBEAN OIL INK), cuja mat\u00e9ria-prima \u00e9 o \u00f3leo de soja renov\u00e1vel. Ap\u00f3s a decomposi\u00e7\u00e3o, pode ser completamente integrada no ambiente natural sem res\u00edduos de poluentes org\u00e2nicos vol\u00e1teis (COV). A tinta tem uma cor brilhante e est\u00e1vel, suporta a impress\u00e3o de padr\u00f5es de alta precis\u00e3o e a efici\u00eancia da destintagem \u00e9 maior quando os res\u00edduos de papel s\u00e3o reciclados, reduzindo ainda mais o desperd\u00edcio de recursos.<\/p>\n<h2 id=\"-4-multi-field-adaptation-empowering-high-end-product-packaging-\"><strong>4. Adapta\u00e7\u00e3o a v\u00e1rios dom\u00ednios, permitindo a embalagem de produtos topo de gama<\/strong><\/h2>\n<p>A caixa de gavetas triangular, com o seu design vanguardista e compatibilidade funcional, \u00e9 adequada para..:<\/p>\n<ul>\n<li><strong>Acess\u00f3rios de moda<\/strong>: como \u00f3culos de sol, j\u00f3ias, etc., real\u00e7ando o tom leve e luxuoso do produto;<\/li>\n<li><strong>Brinquedos da moda<\/strong>: Proporcionar um espa\u00e7o de exposi\u00e7\u00e3o \u00fanico para figuras de edi\u00e7\u00e3o limitada;<\/li>\n<li><strong>Artigos de papelaria topo de gama<\/strong>: Canetas de loja e ferramentas art\u00edsticas para melhorar a textura da marca. Os seus cen\u00e1rios de aplica\u00e7\u00e3o flex\u00edveis podem cobrir todas as necessidades de liga\u00e7\u00e3o, desde a venda a retalho at\u00e9 \u00e0 oferta de presentes.<\/li>\n<\/ul>\n<h2 id=\"-5-exquisite-accessory-details-to-enhance-brand-aesthetic-expression-\"><strong>5. Detalhes de acess\u00f3rios requintados para melhorar a express\u00e3o est\u00e9tica da marca<\/strong><\/h2>\n<p>A parte superior da caixa est\u00e1 equipada com um anel de puxar com fita de cetim, que suporta a combina\u00e7\u00e3o de cores personalizadas exclusivas da marca ou o LOGOTIPO gravado a quente, acrescentando uma sensa\u00e7\u00e3o de cerim\u00f3nia durante o processo de abertura. O trilho da gaveta adopta um design magn\u00e9tico ou de encaixe, com uma almofada de flanela interna para garantir um puxar suave e \u00e0 prova de choque e de riscos, tendo em conta a praticidade e o apelo visual.<\/p>\n<h2 id=\"-6-full-dimensional-customization-service-to-meet-personalized-needs-\"><strong>6. Servi\u00e7o de personaliza\u00e7\u00e3o integral para satisfazer necessidades personalizadas<\/strong><\/h2>\n<p>Fornecer uma solu\u00e7\u00e3o de personaliza\u00e7\u00e3o \u00fanica e apoiar o ajuste flex\u00edvel dos seguintes par\u00e2metros:<\/p>\n<ul>\n<li><strong>Tipo de caixa<\/strong>: Para al\u00e9m do modelo padr\u00e3o de gaveta triangular, pode ser expandido para divis\u00f3rias multicamadas ou estruturas com formas especiais;<\/li>\n<li><strong>Material<\/strong>: Op\u00e7\u00e3o de papel kraft mate\/brilhante, ou revestimento imperme\u00e1vel composto (amigo do ambiente);<\/li>\n<li><strong>Impress\u00e3o<\/strong>: Suporta estampagem a quente, serigrafia, grava\u00e7\u00e3o em relevo e outros processos, e \u00e9 adequado para o sistema VI da marca;<\/li>\n<li><strong>Tamanho<\/strong>: Cobre as necessidades de caixas de exposi\u00e7\u00e3o de vidro simples a multi-grades e suporta o desenvolvimento de tamanhos n\u00e3o normalizados.<\/li>\n<\/ul>\n<h2 id=\"-technical-parameters-and-delivery-guarantee-\"><strong>Par\u00e2metros t\u00e9cnicos e garantia de entrega<\/strong><\/h2>\n<ul>\n<li><strong>Tamanho b\u00e1sico<\/strong>: 160-240 mm de comprimento \u00d7 66-120 mm de largura \u00d7 55-120 mm de altura (ajust\u00e1vel);<\/li>\n<li><strong>Quantidade m\u00ednima de encomenda<\/strong>: 500 pe\u00e7as, apoio \u00e0 verifica\u00e7\u00e3o de provas de pequenos lotes;<\/li>\n<li><strong>Ciclo de produ\u00e7\u00e3o<\/strong>: 7-15 dias (ajustado em fun\u00e7\u00e3o da complexidade da personaliza\u00e7\u00e3o);<\/li>\n<li><strong>Normas de inspe\u00e7\u00e3o da qualidade<\/strong>: Aprovado no sistema de prote\u00e7\u00e3o ambiental ISO 14001 e no teste de resist\u00eancia \u00e0 press\u00e3o de transporte.<\/li>\n<\/ul>\n<p><strong>Valor da coopera\u00e7\u00e3o<\/strong>: Atrav\u00e9s da combina\u00e7\u00e3o de materiais amigos do ambiente, design inovador e personaliza\u00e7\u00e3o profunda, este produto pode ajudar as marcas a reduzir a sua pegada de carbono, ao mesmo tempo que melhora a experi\u00eancia do consumidor final com embalagens de elevado valor, alcan\u00e7ando uma situa\u00e7\u00e3o vantajosa para ambas as partes em termos de valor comercial e responsabilidade social.<\/p>","protected":false},"excerpt":{"rendered":"<p>A caixa adopta uma forma \u00fanica de papel de gaveta triangular, quebrando a forma convencional de caixa quadrada, tornando toda a caixa e a marca relacionada com a caixa altamente reconhec\u00edveis e visualmente impactantes<\/p>","protected":false},"featured_media":329,"template":"","meta":{"_kad_post_transparent":"default","_kad_post_title":"","_kad_post_layout":"default","_kad_post_sidebar_id":"","_kad_post_content_style":"default","_kad_post_vertical_padding":"default","_kad_post_feature":"","_kad_post_feature_position":"","_kad_post_header":false,"_kad_post_footer":false,"_kad_post_classname":""},"product_brand":[],"product_cat":[15,20,17],"product_tag":[104,102,103],"class_list":{"0":"post-326","1":"product","2":"type-product","3":"status-publish","4":"has-post-thumbnail","6":"product_cat-red-light-therapy","7":"product_cat-led-face-light-therapy","8":"product_cat-services","9":"product_tag-custom-eyeglasses-box-wholesale","10":"product_tag-eyeglasses-drawer-box","11":"product_tag-glasses-drawer-box","13":"first","14":"instock","15":"shipping-taxable","16":"product-type-simple","17":"entry","18":"content-bg","19":"loop-entry"},"_links":{"self":[{"href":"https:\/\/red-lighttherapy.com\/pt_pt\/wp-json\/wp\/v2\/product\/326","targetHints":{"allow":["GET"]}}],"collection":[{"href":"https:\/\/red-lighttherapy.com\/pt_pt\/wp-json\/wp\/v2\/product"}],"about":[{"href":"https:\/\/red-lighttherapy.com\/pt_pt\/wp-json\/wp\/v2\/types\/product"}],"wp:featuredmedia":[{"embeddable":true,"href":"https:\/\/red-lighttherapy.com\/pt_pt\/wp-json\/wp\/v2\/media\/329"}],"wp:attachment":[{"href":"https:\/\/red-lighttherapy.com\/pt_pt\/wp-json\/wp\/v2\/media?parent=326"}],"wp:term":[{"taxonomy":"product_brand","embeddable":true,"href":"https:\/\/red-lighttherapy.com\/pt_pt\/wp-json\/wp\/v2\/product_brand?post=326"},{"taxonomy":"product_cat","embeddable":true,"href":"https:\/\/red-lighttherapy.com\/pt_pt\/wp-json\/wp\/v2\/product_cat?post=326"},{"taxonomy":"product_tag","embeddable":true,"href":"https:\/\/red-lighttherapy.com\/pt_pt\/wp-json\/wp\/v2\/product_tag?post=326"}],"curies":[{"name":"wp","href":"https:\/\/api.w.org\/{rel}","templated":true}]}}