{"id":314,"date":"2025-04-11T02:01:19","date_gmt":"2025-04-11T02:01:19","guid":{"rendered":"https:\/\/red-lighttherapy.com\/?post_type=product&#038;p=314"},"modified":"2025-04-11T02:38:29","modified_gmt":"2025-04-11T02:38:29","slug":"custom-jewelry-drawer-style-rigid-packaging-boxes-wholesale","status":"publish","type":"product","link":"https:\/\/red-lighttherapy.com\/pt_pt\/custom-jewelry-drawer-style-rigid-packaging-boxes-wholesale\/","title":{"rendered":"Caixas de embalagem r\u00edgidas estilo gaveta de j\u00f3ias personalizadas por atacado"},"content":{"rendered":"<h2 id=\"-customized-jewelry-drawer-style-hard-packaging-box-product-description-\">Caixas de embalagem r\u00edgidas estilo gaveta de j\u00f3ias personalizadas por atacado<\/h2>\n<h2 id=\"-i-design-concept-dual-presentation-of-simple-aesthetics-and-ritual-sense-\"><strong>1. Conceito de design: dupla apresenta\u00e7\u00e3o de est\u00e9tica simples e sentido ritual<\/strong><\/h2>\n<ol>\n<li><strong>Textura preta pura e mate<\/strong>\u00a0Utiliza papel especial preto puro com enchimento de couro como material da caixa exterior, e tratamento de superf\u00edcie mate para evitar interfer\u00eancias reflectoras, criando uma\u00a0<strong>luxo discreto<\/strong>\u00a0efeito visual. A base preta \u00e9 combinada com um design de linhas minimalistas para refor\u00e7ar a imagem da marca.\u00a0<strong>posicionamento de topo de gama<\/strong>A sua imagem \u00e9 a de uma joia, que contrasta com o brilho das j\u00f3ias, real\u00e7ando o valor central do produto.<\/li>\n<li><strong>Design de abertura extra\u00edvel<\/strong>\u00a0Abandonando a estrutura tradicional da caixa c\u00e9u e terra, o design extra\u00edvel em forma de gaveta aumenta a sensa\u00e7\u00e3o de ritual atrav\u00e9s de uma\u00a0<strong>experi\u00eancia de abertura progressiva de caixas<\/strong>. O processo de extra\u00e7\u00e3o \u00e9 acompanhado por uma sensa\u00e7\u00e3o de amortecimento sedoso, dando aos utilizadores a expetativa psicol\u00f3gica de \"explorar tesouros\". A caixa interior e a estrutura exterior s\u00e3o encaixadas com precis\u00e3o para garantir uma extra\u00e7\u00e3o suave sem tremer, melhorando a\u00a0<strong>sentido de topo de gama<\/strong>\u00a0da experi\u00eancia do utilizador.<\/li>\n<\/ol>\n<h2 id=\"-second-material-and-structure-taking-into-account-both-protection-and-uniqueness-\"><strong>2. Material e estrutura: tendo em conta tanto a prote\u00e7\u00e3o como a singularidade<\/strong><\/h2>\n<ol>\n<li><strong>Material comp\u00f3sito de alta resist\u00eancia<\/strong><\/li>\n<li><strong>Papel especial com enchimento de couro de 120g<\/strong>: A superf\u00edcie \u00e9 t\u00e3o delicada como o couro, com propriedades resistentes ao desgaste e anti-incrustantes, adequadas para armazenamento e transporte a longo prazo.<\/li>\n<li><strong>Cart\u00e3o cinzento 1200GSM<\/strong>: O cart\u00e3o cinzento de alta densidade proporciona\u00a0<strong>suporte super forte<\/strong>e a resist\u00eancia \u00e0 compress\u00e3o do corpo da caixa \u00e9 mais de 2 vezes superior \u00e0 norma da ind\u00fastria, resistindo eficazmente \u00e0 colis\u00e3o e \u00e0 extrus\u00e3o durante o transporte.<\/li>\n<li><strong>Conce\u00e7\u00e3o estrutural modular<\/strong>\u00a0O corpo da caixa adopta uma estrutura dividida, que suporta\u00a0<strong>personaliza\u00e7\u00e3o flex\u00edvel do tamanho<\/strong>\u00a0(suportando um m\u00ednimo de 10cm\u00b3 a um m\u00e1ximo de 50cm\u00b3). O forro pode ser personalizado com ranhuras de flanela EVA ou compartimentos ajust\u00e1veis de acordo com o formato das j\u00f3ias, adequado para diversas necessidades de armazenamento, como an\u00e9is, colares e brincos.<\/li>\n<\/ol>\n<h2 id=\"-iii-craftsmanship-details-exquisite-touch-and-brand-enhancement-\"><strong>3. Pormenores de fabrico: toque requintado e valoriza\u00e7\u00e3o da marca<\/strong><\/h2>\n<ol>\n<li><strong>Artesanato em relevo e acess\u00f3rios com fitas<\/strong><\/li>\n<li><strong>LOGOTIPO\/padr\u00e3o tridimensional em relevo<\/strong>: Atrav\u00e9s da prensagem de moldes de precis\u00e3o, o log\u00f3tipo da marca ou o padr\u00e3o personalizado \u00e9 apresentado na tampa ou na parte lateral da caixa, que tem um toque tridimensional e camadas visuais ricas.<\/li>\n<li><strong>Anel para puxar a fita e acess\u00f3rios met\u00e1licos<\/strong>: A parte da frente da gaveta \u00e9 combinada com uma fita de cetim ou um anel de metal da mesma cor para aumentar a comodidade de abertura da caixa e\u00a0<strong>atra\u00e7\u00e3o visual<\/strong>A fita pode ser personalizada com a cor ou o texto da marca em hot stamping para aumentar o reconhecimento da marca.<\/li>\n<li><strong>Prote\u00e7\u00e3o ambiental e durabilidade<\/strong>\u00a0Tanto o papel de couro como o cart\u00e3o cinzento t\u00eam certifica\u00e7\u00e3o FSC e cumprem\u00a0<strong>normas de prote\u00e7\u00e3o ambiental<\/strong>A caixa \u00e9 colada com cola de qualidade alimentar, que n\u00e3o tem um odor irritante e garante a seguran\u00e7a do armazenamento das j\u00f3ias.<\/li>\n<\/ol>\n<h2 id=\"-iv-customized-service-full-process-personalized-solution-\"><strong>4. Servi\u00e7o personalizado: solu\u00e7\u00e3o personalizada de processo completo<\/strong><\/h2>\n<ol>\n<li><strong>Apoio aprofundado \u00e0 conce\u00e7\u00e3o<\/strong><\/li>\n<li>Fornecer\u00a0<strong>Prova de modela\u00e7\u00e3o 3D<\/strong>\u00a0os clientes podem participar no ajustamento pormenorizado do tipo de caixa, do padr\u00e3o e da estrutura de revestimento para garantir que o grau de restauro da conce\u00e7\u00e3o atinge 99%.<\/li>\n<li>Apoios\u00a0<strong>Mais de 20 processos de superf\u00edcie<\/strong>\u00a0tais como estampagem a quente, UV, grava\u00e7\u00e3o a laser, etc., para satisfazer diferentes requisitos de estilo (tais como padr\u00f5es claros e escuros, laser aurora, etc.).<\/li>\n<li><strong>Produ\u00e7\u00e3o em massa e garantia log\u00edstica<\/strong><\/li>\n<li>Quantidade m\u00ednima de encomenda\u00a0<strong>500<\/strong>ciclo de prova 3-5 dias, ciclo de produ\u00e7\u00e3o em massa 7-14 dias.<\/li>\n<li>Apoiar a SF Express\/Deppon Logistics a n\u00edvel nacional, fornecer\u00a0<strong>indemniza\u00e7\u00e3o por danos<\/strong>\u00a0para garantir uma entrega sem preocupa\u00e7\u00f5es.<\/li>\n<\/ol>\n<h2 id=\"-v-application-scenarios-and-brand-value-\"><strong>5. Cen\u00e1rios de aplica\u00e7\u00e3o e valor da marca<\/strong><\/h2>\n<ul>\n<li><strong>Cen\u00e1rios aplic\u00e1veis<\/strong>: joalharias de marca, personaliza\u00e7\u00e3o de presentes topo de gama, embalagens conjuntas de luxo, conjuntos de j\u00f3ias para casamentos, etc.<\/li>\n<li><strong>Capacita\u00e7\u00e3o da marca<\/strong>: Atrav\u00e9s do\u00a0<strong>unidade visual<\/strong>\u00a0e\u00a0<strong>pontos de mem\u00f3ria t\u00e1til<\/strong> da embalagem, refor\u00e7ar a perce\u00e7\u00e3o dos consumidores de que a marca \u00e9 \"requintada, profissional e amiga do ambiente\" e aumentar a taxa de recompra e o potencial de comunica\u00e7\u00e3o social<\/li>\n<\/ul>\n<p>Esta caixa de embalagem n\u00e3o \u00e9 apenas um recipiente, mas tamb\u00e9m um portador de hist\u00f3rias de marca e um ponto de contacto para as emo\u00e7\u00f5es dos utilizadores, ajudando-o a destacar-se no mercado da joalharia.<\/p>","protected":false},"excerpt":{"rendered":"<p>Esta caixa de papel para gavetas de j\u00f3ias tem um maior impacto visual e uma sensa\u00e7\u00e3o de ritual do que o m\u00e9todo tradicional de abertura de caixas. O LOGO tem um relevo artesanal, que acrescenta uma sensa\u00e7\u00e3o de requinte visual e uma experi\u00eancia t\u00e1til rica.<\/p>","protected":false},"featured_media":316,"template":"","meta":{"_kad_post_transparent":"default","_kad_post_title":"","_kad_post_layout":"default","_kad_post_sidebar_id":"","_kad_post_content_style":"default","_kad_post_vertical_padding":"default","_kad_post_feature":"","_kad_post_feature_position":"","_kad_post_header":false,"_kad_post_footer":false,"_kad_post_classname":""},"product_brand":[],"product_cat":[15,20,17],"product_tag":[101,100,99],"class_list":{"0":"post-314","1":"product","2":"type-product","3":"status-publish","4":"has-post-thumbnail","6":"product_cat-red-light-therapy","7":"product_cat-led-face-light-therapy","8":"product_cat-services","9":"product_tag-custom-boxes-wholesale","10":"product_tag-jewelry-packaging-boxes","11":"product_tag-jewelry-rigid-boxes","13":"first","14":"instock","15":"shipping-taxable","16":"product-type-simple","17":"entry","18":"content-bg","19":"loop-entry"},"_links":{"self":[{"href":"https:\/\/red-lighttherapy.com\/pt_pt\/wp-json\/wp\/v2\/product\/314","targetHints":{"allow":["GET"]}}],"collection":[{"href":"https:\/\/red-lighttherapy.com\/pt_pt\/wp-json\/wp\/v2\/product"}],"about":[{"href":"https:\/\/red-lighttherapy.com\/pt_pt\/wp-json\/wp\/v2\/types\/product"}],"wp:featuredmedia":[{"embeddable":true,"href":"https:\/\/red-lighttherapy.com\/pt_pt\/wp-json\/wp\/v2\/media\/316"}],"wp:attachment":[{"href":"https:\/\/red-lighttherapy.com\/pt_pt\/wp-json\/wp\/v2\/media?parent=314"}],"wp:term":[{"taxonomy":"product_brand","embeddable":true,"href":"https:\/\/red-lighttherapy.com\/pt_pt\/wp-json\/wp\/v2\/product_brand?post=314"},{"taxonomy":"product_cat","embeddable":true,"href":"https:\/\/red-lighttherapy.com\/pt_pt\/wp-json\/wp\/v2\/product_cat?post=314"},{"taxonomy":"product_tag","embeddable":true,"href":"https:\/\/red-lighttherapy.com\/pt_pt\/wp-json\/wp\/v2\/product_tag?post=314"}],"curies":[{"name":"wp","href":"https:\/\/api.w.org\/{rel}","templated":true}]}}