{"id":308,"date":"2025-04-11T01:44:45","date_gmt":"2025-04-11T01:44:45","guid":{"rendered":"https:\/\/red-lighttherapy.com\/?post_type=product&#038;p=308"},"modified":"2025-04-11T02:01:12","modified_gmt":"2025-04-11T02:01:12","slug":"premium-quality-custom-tea-packaging-pouches-boxes-wholesale","status":"publish","type":"product","link":"https:\/\/red-lighttherapy.com\/pt_pt\/premium-quality-custom-tea-packaging-pouches-boxes-wholesale\/","title":{"rendered":"Caixas de embalagem de ch\u00e1 personalizadas de qualidade superior Caixas de embalagem de ch\u00e1 por atacado"},"content":{"rendered":"<h2 id=\"-high-end-customized-tea-gift-box-a-packaging-solution-that-combines-traditional-aesthetics-with-modern-practicality-\"><strong>Caixas de embalagem de ch\u00e1 personalizadas de qualidade superior Caixas de ch\u00e1 por atacado - Uma solu\u00e7\u00e3o de embalagem que combina a est\u00e9tica tradicional com a praticidade moderna<\/strong><\/h2>\n<h2 id=\"-1-core-material-a-perfect-balance-between-environmental-protection-and-pressure-resistance-\"><strong>1. Material do n\u00facleo: um equil\u00edbrio perfeito entre prote\u00e7\u00e3o ambiental e resist\u00eancia \u00e0 press\u00e3o<\/strong><\/h2>\n<p>Esta caixa de embalagem de ch\u00e1 adopta uma\u00a0<strong>conce\u00e7\u00e3o de estrutura comp\u00f3sita de dupla camada\u00a0<\/strong>: a camada exterior \u00e9\u00a0<strong>Cart\u00e3o vermelho certificado pelo FSC\u00a0<\/strong>e a camada interior \u00e9 completada com\u00a0<strong>cart\u00e3o cinzento de alta densidade\u00a0<\/strong>, conseguindo um duplo avan\u00e7o em termos de prote\u00e7\u00e3o ambiental e funcionalidade.<\/p>\n<ul>\n<li><strong>Certifica\u00e7\u00e3o ambiental\u00a0<\/strong>: Aprovado nos testes SGS e nas normas de seguran\u00e7a EN71, utilizando polpa de madeira pura e corantes de qualidade alimentar para garantir o contacto direto com as folhas de ch\u00e1.<\/li>\n<li><strong>Resist\u00eancia \u00e0 compress\u00e3o\u00a0<\/strong>: De acordo com testes laboratoriais, a caixa pode suportar 15 kg sem deforma\u00e7\u00e3o e o seu desempenho antiss\u00edsmico \u00e9 30% melhor do que a norma da ind\u00fastria (dados do livro branco da Associa\u00e7\u00e3o da Ind\u00fastria de Embalagens).<\/li>\n<li><strong>Processamento de detalhes\u00a0<\/strong>: A superf\u00edcie \u00e9 coberta com tecnologia de pel\u00edcula mate, que tem um toque delicado e res\u00edduos anti-impress\u00e3o digital, melhorando a textura de alta qualidade.<\/li>\n<\/ul>\n<h2 id=\"-ii-humanized-design-innovative-experience-of-pull-out-opening-and-closing-\"><strong>2. Design humanizado: experi\u00eancia inovadora de abertura e fecho por extra\u00e7\u00e3o<\/strong><\/h2>\n<p>Adotar\u00a0<strong>sistema de extra\u00e7\u00e3o do n\u00facleo por gravidade<\/strong>O sistema de fecho de portas, que permite um funcionamento sem problemas de \"abrir com um s\u00f3 levantar e fechar com um s\u00f3 empurr\u00e3o\":<\/p>\n<ul>\n<li><strong>Sentido de cerim\u00f3nia melhorado<\/strong>: O design com amortecimento de 3 mm faz com que o processo de extra\u00e7\u00e3o seja como abrir um livro precioso, melhorando a experi\u00eancia interativa dos consumidores.<\/li>\n<li><strong>Estrutura est\u00e1vel<\/strong>: A via adopta a tecnologia de refor\u00e7o inclinado a 45\u00b0 e mant\u00e9m-se lisa como antes ap\u00f3s 5000 testes de abertura e fecho (em conformidade com a norma GB\/T 4857).<\/li>\n<li><strong>Otimiza\u00e7\u00e3o do espa\u00e7o<\/strong>: A profundidade da caixa \u00e9 20% inferior \u00e0 do tipo clamshell tradicional, o que \u00e9 mais adequado para exposi\u00e7\u00e3o em supermercados, armazenamento e transporte.<\/li>\n<\/ul>\n<h2 id=\"-iii-visual-communication-modern-expression-of-oriental-aesthetics-\"><strong>3. Comunica\u00e7\u00e3o visual: express\u00e3o moderna da est\u00e9tica oriental<\/strong><\/h2>\n<p><strong>Linguagem de projeto<\/strong>\u00a0tem como conceito central \"menos \u00e9 mais\":<\/p>\n<ul>\n<li><strong>Sistema de cores<\/strong>: A cor principal \u00e9\u00a0<strong>Muralha Vermelha da Cidade Proibida (Pantone 18-1663TPX)<\/strong>que simboliza dignidade e auspiciosidade. Foi verificado pela psicologia da cor que pode aumentar a vontade de comprar presentes em 32%.<\/li>\n<li><strong>Foco visual<\/strong>O design centralizado do log\u00f3tipo dourado mate de 2 mm, combinado com a moldura c\u00f4ncava ultrafina de 0,3 mm, aumenta o reconhecimento da marca em 57% (dados do inqu\u00e9rito da China Packaging Design Association).<\/li>\n<li><strong>S\u00edmbolos culturais<\/strong>: Padr\u00f5es opcionais de estampagem a quente de 24 termos solares ou artesanato em relevo da Estrada Antiga do Cavalo do Ch\u00e1 para aprofundar os atributos culturais.<\/li>\n<\/ul>\n<h2 id=\"-fourth-lining-protection-dual-upgrade-of-function-and-aesthetics-\"><strong>4. Prote\u00e7\u00e3o do revestimento: dupla atualiza\u00e7\u00e3o da fun\u00e7\u00e3o e da est\u00e9tica<\/strong><\/h2>\n<p>Inovador\u00a0<strong>sistema tamp\u00e3o de tr\u00eas fases<\/strong>\u00a0garante a seguran\u00e7a do ch\u00e1:<\/p>\n<ol>\n<li><strong>Primeira camada de prote\u00e7\u00e3o<\/strong>Suporte interno de espuma EVA preta de 2 mm, aprovado no teste de transporte ISTA 3A<\/li>\n<li><strong>Estabilidade da camada interm\u00e9dia<\/strong>: divis\u00f3ria de cart\u00e3o ondulado, dispersa eficazmente o impacto da for\u00e7a externa<\/li>\n<li><strong>Suporte da camada inferior<\/strong>: o papel de \u00e1cido sulf\u00farico de qualidade alimentar \u00e9 embalado de forma independente, com uma taxa de resist\u00eancia \u00e0 humidade de 98,7%\u00a0<em>Nota: O forro de cart\u00e3o preto \u00e9 calibrado pelo color\u00edmetro LAB, o que pode aumentar o contraste de cor do ch\u00e1 em 41%<\/em><\/li>\n<\/ol>\n<h2 id=\"-five-flexible-customization-adapt-to-full-scene-needs-\"><strong>5. Personaliza\u00e7\u00e3o flex\u00edvel: adapta-se a todas as necessidades do cen\u00e1rio<\/strong><\/h2>\n<p>Fornecemos\u00a0<strong>servi\u00e7os de personaliza\u00e7\u00e3o modular<\/strong>:<\/p>\n<ul>\n<li><strong>Adapta\u00e7\u00e3o do tamanho<\/strong>: suporta uma cobertura de especifica\u00e7\u00e3o completa de 50g-5kg, o ciclo de prova 3D do tipo caixa especial \u00e9 de apenas 24 horas<\/li>\n<li><strong>Expans\u00e3o da fun\u00e7\u00e3o<\/strong>: chip anti-contrafa\u00e7\u00e3o NFC opcional janela de leitura de armaz\u00e9m\/AR e outros m\u00f3dulos inteligentes<\/li>\n<li><strong>Servi\u00e7o de valor acrescentado<\/strong>: pacote de material de marketing de cena gratuito (incluindo gui\u00e3o de v\u00eddeo curto de desembalagem, modelo de p\u00e1gina de pormenor de com\u00e9rcio eletr\u00f3nico)<\/li>\n<\/ul>\n<h2 id=\"-cooperation-process-\"><strong>Processo de coopera\u00e7\u00e3o<\/strong><\/h2>\n<ol>\n<li><strong>Confirma\u00e7\u00e3o do requisito<\/strong>: Fornecer requisitos de dimens\u00e3o do produto\/posicionamento do cen\u00e1rio\/elementos culturais<\/li>\n<li><strong>Sa\u00edda de solu\u00e7\u00e3o<\/strong>: Fornecer 3 conjuntos de propostas de conce\u00e7\u00e3o no prazo de 3 dias \u00fateis<\/li>\n<li><strong>Confirma\u00e7\u00e3o da prova<\/strong>: Suporte para verifica\u00e7\u00e3o dupla de modelo f\u00edsico\/3D<\/li>\n<li><strong>Produ\u00e7\u00e3o em massa<\/strong>: Encomenda m\u00ednima de 1.000 pe\u00e7as, apoio \u00e0 expedi\u00e7\u00e3o direta a partir de tr\u00eas armaz\u00e9ns no Leste da China\/Sul da China\/Sudoeste da China<\/li>\n<\/ol>","protected":false},"excerpt":{"rendered":"<p>Esta caixa tem um design cl\u00e1ssico de abertura e fecho de papel de gaveta. \u00c9 feita de cart\u00e3o r\u00edgido vermelho e cart\u00e3o de arte cinzento, que s\u00e3o materiais sustent\u00e1veis e amigos do ambiente que podem proteger os produtos no interior da caixa.<\/p>","protected":false},"featured_media":311,"template":"","meta":{"_kad_post_transparent":"default","_kad_post_title":"","_kad_post_layout":"default","_kad_post_sidebar_id":"","_kad_post_content_style":"default","_kad_post_vertical_padding":"default","_kad_post_feature":"","_kad_post_feature_position":"","_kad_post_header":false,"_kad_post_footer":false,"_kad_post_classname":""},"product_brand":[],"product_cat":[15,20,17],"product_tag":[98,96,97],"class_list":{"0":"post-308","1":"product","2":"type-product","3":"status-publish","4":"has-post-thumbnail","6":"product_cat-red-light-therapy","7":"product_cat-led-face-light-therapy","8":"product_cat-services","9":"product_tag-custom-tea-packaging-wholesale","10":"product_tag-tea-packaging-boxes","11":"product_tag-tea-pouches-boxes","13":"first","14":"instock","15":"shipping-taxable","16":"product-type-simple","17":"entry","18":"content-bg","19":"loop-entry"},"_links":{"self":[{"href":"https:\/\/red-lighttherapy.com\/pt_pt\/wp-json\/wp\/v2\/product\/308","targetHints":{"allow":["GET"]}}],"collection":[{"href":"https:\/\/red-lighttherapy.com\/pt_pt\/wp-json\/wp\/v2\/product"}],"about":[{"href":"https:\/\/red-lighttherapy.com\/pt_pt\/wp-json\/wp\/v2\/types\/product"}],"wp:featuredmedia":[{"embeddable":true,"href":"https:\/\/red-lighttherapy.com\/pt_pt\/wp-json\/wp\/v2\/media\/311"}],"wp:attachment":[{"href":"https:\/\/red-lighttherapy.com\/pt_pt\/wp-json\/wp\/v2\/media?parent=308"}],"wp:term":[{"taxonomy":"product_brand","embeddable":true,"href":"https:\/\/red-lighttherapy.com\/pt_pt\/wp-json\/wp\/v2\/product_brand?post=308"},{"taxonomy":"product_cat","embeddable":true,"href":"https:\/\/red-lighttherapy.com\/pt_pt\/wp-json\/wp\/v2\/product_cat?post=308"},{"taxonomy":"product_tag","embeddable":true,"href":"https:\/\/red-lighttherapy.com\/pt_pt\/wp-json\/wp\/v2\/product_tag?post=308"}],"curies":[{"name":"wp","href":"https:\/\/api.w.org\/{rel}","templated":true}]}}