{"id":302,"date":"2025-04-10T14:48:23","date_gmt":"2025-04-10T14:48:23","guid":{"rendered":"https:\/\/red-lighttherapy.com\/?post_type=product&#038;p=302"},"modified":"2025-04-11T01:44:37","modified_gmt":"2025-04-11T01:44:37","slug":"custom-triangular-packaging-rigid-boxes-wholesale-with-logo","status":"publish","type":"product","link":"https:\/\/red-lighttherapy.com\/pt_pt\/custom-triangular-packaging-rigid-boxes-wholesale-with-logo\/","title":{"rendered":"Caixas r\u00edgidas de embalagem triangular personalizadas por atacado com log\u00f3tipo"},"content":{"rendered":"<h2 id=\"customized-triangular-packaging-hard-box-products\">Caixas r\u00edgidas de embalagem triangular personalizadas por atacado com log\u00f3tipo<\/h2>\n<h2 id=\"-1-unique-design-subverting-traditional-visual-experience-\"><strong>1. Design \u00fanico, que subverte a experi\u00eancia visual tradicional<\/strong><\/h2>\n<p>Esta caixa de embalagem adopta uma estrutura tridimensional triangular inovadora, quebrando as limita\u00e7\u00f5es das caixas quadradas convencionais e utilizando a est\u00e9tica geom\u00e9trica para aumentar o reconhecimento da marca e o impacto visual.<\/p>\n<h2 id=\"-2-minimalist-aesthetic-design-strengthening-brand-memory-\"><strong>2. Design est\u00e9tico minimalista, refor\u00e7ando a mem\u00f3ria da marca<\/strong><\/h2>\n<p>A embalagem \u00e9 baseada nas cores cl\u00e1ssicas preto e branco. Todo o corpo \u00e9 feito de cart\u00e3o preto puro com montagem em cart\u00e3o preto e cinzento de 1200 g numa s\u00f3 face. Tem um toque delicado e uma textura espessa, mantendo na perfei\u00e7\u00e3o a forma tridimensional da caixa r\u00edgida triangular. A superf\u00edcie da caixa \u00e9 embelezada com texto ou gr\u00e1ficos brancos da marca, formando um forte contraste visual, que \u00e9 simples e atmosf\u00e9rico, ao mesmo tempo que transmite o tom sofisticado da marca. A parte do log\u00f3tipo adopta a tecnologia de estampagem a quente para melhorar a textura atrav\u00e9s do brilho met\u00e1lico. Tamb\u00e9m pode ser personalizada a pedido para UV local, grava\u00e7\u00e3o em relevo, mate e outros processos para satisfazer as diversas necessidades de express\u00e3o da marca.<\/p>\n<h2 id=\"-3-environmentally-friendly-materials-and-craftsmanship-taking-into-account-both-quality-and-sustainability-\"><strong>3. Materiais e artesanato amigos do ambiente, tendo em conta tanto a qualidade como a sustentabilidade<\/strong><\/h2>\n<ul>\n<li><strong>Material principal<\/strong>: Sele\u00e7\u00e3o de cart\u00e3o preto neutro e amigo do ambiente, totalmente em pasta de madeira, com um valor PH neutro, 100% recicl\u00e1vel e em conformidade com as normas ambientais internacionais; o forro de cart\u00e3o cinzento de alta densidade de 1200 g garante que a caixa \u00e9 resistente e dur\u00e1vel.<\/li>\n<li><strong>Artesanato<\/strong>: A superf\u00edcie pode ser opcionalmente revestida com pel\u00edcula\/subpel\u00edcula brilhante, estampada, etc., para melhorar o desempenho \u00e0 prova de \u00e1gua e anti-incrustante; os processos de estampagem a quente, UV e outros utilizam tintas n\u00e3o t\u00f3xicas e amigas do ambiente e passam a certifica\u00e7\u00e3o SGS.<\/li>\n<\/ul>\n<h2 id=\"-4-customized-inner-support-solution-precise-adaptation-to-product-protection-\"><strong>4. Solu\u00e7\u00e3o de suporte interior personalizada, adapta\u00e7\u00e3o precisa \u00e0 prote\u00e7\u00e3o do produto<\/strong><\/h2>\n<p>De acordo com as carater\u00edsticas dos produtos dos clientes, fornecemos uma variedade de materiais de suporte interno amigos do ambiente, como esponja, EVA, algod\u00e3o p\u00e9rola, etc., e conseguimos um ajuste perfeito \u00e0 forma do produto atrav\u00e9s de uma abertura precisa do molde para evitar aban\u00f5es no transporte. O suporte interno pode ser concebido como uma estrutura seccional, tipo bolha ou estrutura de revestimento macio, adequado para diferentes categorias, como j\u00f3ias, acess\u00f3rios electr\u00f3nicos e instrumentos de precis\u00e3o.<\/p>\n<h2 id=\"-5-wide-application-fields-and-brand-empowerment-\"><strong>5. Amplos dom\u00ednios de aplica\u00e7\u00e3o e refor\u00e7o da marca<\/strong><\/h2>\n<p>Esta caixa de embalagem triangular foi concebida para produtos de elevado valor acrescentado, abrangendo as seguintes ind\u00fastrias:<\/p>\n<ul>\n<li><strong>Acess\u00f3rios de moda<\/strong>: como as j\u00f3ias de luxo leves e as j\u00f3ias de design, real\u00e7ando o tom art\u00edstico.<\/li>\n<li><strong>Brinquedos da moda<\/strong>: como as caixas cegas e as figuras, atraindo os jovens grupos de consumidores atrav\u00e9s de formas \u00fanicas.<\/li>\n<li><strong>Artigos de papelaria topo de gama<\/strong>como canetas de edi\u00e7\u00e3o limitada e cadernos de arte, refor\u00e7ando os atributos do presente.<\/li>\n<li><strong>Comida\/ch\u00e1<\/strong>A caixa de presente: pode ser combinada com tecnologia de estampagem a quente e revestimento \u00e0 prova de humidade, adequada para caixas de presente de f\u00e9rias.<\/li>\n<\/ul>\n<h2 id=\"-6-leading-enterprise-strength-guarantee-full-link-service-support-\"><strong>6. Garantia de for\u00e7a da empresa l\u00edder, suporte de servi\u00e7o de liga\u00e7\u00e3o total<\/strong><\/h2>\n<p>Como uma empresa l\u00edder na ind\u00fastria de impress\u00e3o e embalagem, servimos mais de 2.500 marcas nacionais e estrangeiras e fornecemos as seguintes vantagens principais:<\/p>\n<ul>\n<li><strong>Produ\u00e7\u00e3o flex\u00edvel<\/strong>: suporte de 500 pe\u00e7as de encomenda m\u00ednima, capacidade de produ\u00e7\u00e3o di\u00e1ria de milh\u00f5es, para satisfazer as necessidades de encomendas urgentes.<\/li>\n<li><strong>Servi\u00e7o completo de processos<\/strong>: desde a otimiza\u00e7\u00e3o do projeto de design (suporte do formato AI\/CDR\/AI), confirma\u00e7\u00e3o da prova at\u00e9 \u00e0 produ\u00e7\u00e3o em massa, 7-14 dias de entrega extremamente r\u00e1pida.<\/li>\n<li><strong>Garantia p\u00f3s-venda<\/strong>: Fornecer servi\u00e7os de indemniza\u00e7\u00e3o por danos, rastreio log\u00edstico e gest\u00e3o de armaz\u00e9ns, e o tempo de resposta p\u00f3s-venda \u00e9 inferior a 24 horas.<\/li>\n<\/ul>\n<h2 id=\"-technical-parameters-\"><strong>Par\u00e2metros t\u00e9cnicos<\/strong><\/h2>\n<table>\n<thead>\n<tr>\n<th>Projeto<\/th>\n<th>Especifica\u00e7\u00f5es<\/th>\n<\/tr>\n<\/thead>\n<tbody>\n<tr>\n<td>Material<\/td>\n<td>Cart\u00e3o preto amigo do ambiente + cart\u00e3o cinzento preto de 1200 g de uma face<\/td>\n<\/tr>\n<tr>\n<td>Processo<\/td>\n<td>Folha de estampagem a quente \/ UV pontual \/ grava\u00e7\u00e3o em relevo \/ lamina\u00e7\u00e3o (opcional)<\/td>\n<\/tr>\n<tr>\n<td>Tamanho<\/td>\n<td>Suporte para personaliza\u00e7\u00e3o de 1-100 cm<\/td>\n<\/tr>\n<tr>\n<td>Quantidade m\u00ednima de encomenda<\/td>\n<td>500 pe\u00e7as<\/td>\n<\/tr>\n<tr>\n<td>Ciclo de entrega<\/td>\n<td>7-14 dias (ajustado em fun\u00e7\u00e3o da complexidade do processo)<\/td>\n<\/tr>\n<\/tbody>\n<\/table>\n<h2 id=\"-cooperation-process-\"><strong>Processo de coopera\u00e7\u00e3o<\/strong><\/h2>\n<ol>\n<li><strong>Confirma\u00e7\u00e3o do pedido<\/strong>: Fornecer a dimens\u00e3o do produto, o projeto de conce\u00e7\u00e3o e os requisitos do processo.<\/li>\n<li><strong>Revis\u00e3o de provas<\/strong>: Fornecer caixas de amostras f\u00edsicas no prazo de 3-5 dias \u00fateis.<\/li>\n<li><strong>Produ\u00e7\u00e3o em massa<\/strong>: Iniciar a produ\u00e7\u00e3o ap\u00f3s o pagamento antecipado e controlar a inspe\u00e7\u00e3o de qualidade durante todo o processo.<\/li>\n<li><strong>Entrega log\u00edstica<\/strong>: Apoiar o transporte global de mercadorias e fornecer solu\u00e7\u00f5es de embalagem \u00e0 prova de choque.<\/li>\n<\/ol>","protected":false},"excerpt":{"rendered":"<p>Esta caixa adopta uma forma triangular \u00fanica, quebrando a forma convencional de caixa quadrada. A caixa superior e inferior \u00e9 f\u00e1cil de abrir e fechar, melhorando a experi\u00eancia de desembalagem<\/p>","protected":false},"featured_media":305,"template":"","meta":{"_kad_post_transparent":"default","_kad_post_title":"","_kad_post_layout":"default","_kad_post_sidebar_id":"","_kad_post_content_style":"default","_kad_post_vertical_padding":"default","_kad_post_feature":"","_kad_post_feature_position":"","_kad_post_header":false,"_kad_post_footer":false,"_kad_post_classname":""},"product_brand":[],"product_cat":[15,19,17],"product_tag":[95,93,94],"class_list":{"0":"post-302","1":"product","2":"type-product","3":"status-publish","4":"has-post-thumbnail","6":"product_cat-red-light-therapy","7":"product_cat-red-light-therapy-stand","8":"product_cat-services","9":"product_tag-triangular-boxes-wholesale","10":"product_tag-triangular-packaging-boxes","11":"product_tag-triangular-rigid-boxes","13":"first","14":"instock","15":"shipping-taxable","16":"product-type-simple","17":"entry","18":"content-bg","19":"loop-entry"},"_links":{"self":[{"href":"https:\/\/red-lighttherapy.com\/pt_pt\/wp-json\/wp\/v2\/product\/302","targetHints":{"allow":["GET"]}}],"collection":[{"href":"https:\/\/red-lighttherapy.com\/pt_pt\/wp-json\/wp\/v2\/product"}],"about":[{"href":"https:\/\/red-lighttherapy.com\/pt_pt\/wp-json\/wp\/v2\/types\/product"}],"wp:featuredmedia":[{"embeddable":true,"href":"https:\/\/red-lighttherapy.com\/pt_pt\/wp-json\/wp\/v2\/media\/305"}],"wp:attachment":[{"href":"https:\/\/red-lighttherapy.com\/pt_pt\/wp-json\/wp\/v2\/media?parent=302"}],"wp:term":[{"taxonomy":"product_brand","embeddable":true,"href":"https:\/\/red-lighttherapy.com\/pt_pt\/wp-json\/wp\/v2\/product_brand?post=302"},{"taxonomy":"product_cat","embeddable":true,"href":"https:\/\/red-lighttherapy.com\/pt_pt\/wp-json\/wp\/v2\/product_cat?post=302"},{"taxonomy":"product_tag","embeddable":true,"href":"https:\/\/red-lighttherapy.com\/pt_pt\/wp-json\/wp\/v2\/product_tag?post=302"}],"curies":[{"name":"wp","href":"https:\/\/api.w.org\/{rel}","templated":true}]}}