{"id":296,"date":"2025-04-10T14:37:20","date_gmt":"2025-04-10T14:37:20","guid":{"rendered":"https:\/\/red-lighttherapy.com\/?post_type=product&#038;p=296"},"modified":"2025-04-10T14:47:44","modified_gmt":"2025-04-10T14:47:44","slug":"wholesale-perfume-cosmetic-packaging-gift-boxes-supplier","status":"publish","type":"product","link":"https:\/\/red-lighttherapy.com\/pt_pt\/wholesale-perfume-cosmetic-packaging-gift-boxes-supplier\/","title":{"rendered":"Fornecedor grossista de caixas de presente para embalagens de perfumes e cosm\u00e9ticos"},"content":{"rendered":"<h3 id=\"product-description-of-perfume-and-cosmetics-gift-box-with-top-and-bottom-cover\">Fornecedor grossista de caixas de presente para embalagens de perfumes e cosm\u00e9ticos<\/h3>\n<h2 id=\"-1-top-and-bottom-cover-box-design-combining-practicality-and-aesthetic-value-\"><strong>1. Design da caixa superior e inferior, combinando praticidade e valor est\u00e9tico<\/strong><\/h2>\n<p>Esta caixa de oferta adopta o tipo cl\u00e1ssico de caixa com tampa superior e inferior, com uma estrutura simples e est\u00e1vel. A tampa superior e a caixa inferior s\u00e3o ligadas por encaixe preciso ou suc\u00e7\u00e3o magn\u00e9tica, o que \u00e9 conveniente para abrir e fechar e cheio de sentido ritual.<\/p>\n<h2 id=\"-2-high-standard-material-combination-taking-into-account-both-protection-and-texture-\"><strong>2. Combina\u00e7\u00e3o de materiais de alta qualidade, tendo em conta tanto a prote\u00e7\u00e3o como a textura<\/strong><\/h2>\n<ul>\n<li><strong>Material da caixa exterior<\/strong>: S\u00e3o selecionados 157g de lamina\u00e7\u00e3o de papel revestido + 1200G de cart\u00e3o cinzento, que tem elevada rigidez e forte resist\u00eancia \u00e0 press\u00e3o, pode resistir eficazmente \u00e0 colis\u00e3o e \u00e0 extrus\u00e3o durante o transporte e garantir a seguran\u00e7a dos produtos internos.<\/li>\n<li><strong>Design da caixa interior<\/strong>: A superf\u00edcie da caixa interior adopta o processo de efeito flash prateado, combinado com a tecnologia de impress\u00e3o serigr\u00e1fica ou de rotogravura, apresentando um brilho met\u00e1lico e um toque delicado, real\u00e7ando o luxo de toda a embalagem.<\/li>\n<\/ul>\n<h2 id=\"-3-high-end-craft-details-creating-a-dual-visual-and-tactile-experience-\"><strong>3. Detalhes artesanais de alta qualidade, criando uma dupla experi\u00eancia visual e t\u00e1til<\/strong><\/h2>\n<ul>\n<li><strong>Artesanato em relevo<\/strong>: A superf\u00edcie da caixa exterior \u00e9 moldada com padr\u00f5es ou log\u00f3tipos da marca atrav\u00e9s de uma tecnologia de grava\u00e7\u00e3o tridimensional para melhorar o requinte visual e as camadas t\u00e1cteis.<\/li>\n<li><strong>Prata quente e UV parcial<\/strong>: O log\u00f3tipo e o texto na superf\u00edcie da caixa s\u00e3o em prata quente, com cobertura parcial de verniz UV, formando um contraste mate e brilhante, real\u00e7ando ainda mais o tom da marca e a qualidade do produto.<\/li>\n<\/ul>\n<h2 id=\"-4-customized-lining-structure-all-round-product-protection-\"><strong>4. Estrutura de revestimento personalizada, prote\u00e7\u00e3o total do produto<\/strong><\/h2>\n<p>O tabuleiro interior \u00e9 feito de material EVA preto, com veludo macio na superf\u00edcie, que pode n\u00e3o s\u00f3 fixar frascos de perfume ou cosm\u00e9ticos, mas tamb\u00e9m amortecer a vibra\u00e7\u00e3o e evitar riscos. Suporta a personaliza\u00e7\u00e3o e pode ser substitu\u00eddo por espuma de alta densidade, flocagem ou materiais degrad\u00e1veis, de acordo com as necessidades do cliente, para se adaptar \u00e0 forma e \u00e0s necessidades de prote\u00e7\u00e3o de diferentes produtos.<\/p>\n<h2 id=\"-5-simple-aesthetic-design-conveying-the-high-end-image-of-the-brand-\"><strong>5. Design est\u00e9tico simples, que transmite a imagem de topo de gama da marca<\/strong><\/h2>\n<p>A embalagem geral \u00e9 essencialmente preta e prateada, com um LOGOTIPO da marca e uma disposi\u00e7\u00e3o de texto simples, criando um estilo visual sofisticado, elegante e profissional. A linguagem de design segue o princ\u00edpio de \"menos \u00e9 mais\" e refor\u00e7a o reconhecimento da marca atrav\u00e9s do contraste de cores e do processamento em branco.<\/p>\n<h2 id=\"-6-personalized-customization-service-to-meet-diverse-needs-\"><strong>6. Servi\u00e7o de personaliza\u00e7\u00e3o para atender \u00e0s diversas necessidades<\/strong><\/h2>\n<p>Fornecemos servi\u00e7os de personaliza\u00e7\u00e3o completos, desde a conce\u00e7\u00e3o \u00e0 produ\u00e7\u00e3o:<\/p>\n<ul>\n<li><strong>Inova\u00e7\u00e3o estrutural<\/strong>: Suporta caixa de cintura exposta, boca obl\u00edqua, tampa acr\u00edlica transparente e outros tipos de caixas derivadas de tampa superior e inferior, e pode ser combinada com estruturas criativas como rota\u00e7\u00e3o e ilumina\u00e7\u00e3o para aumentar a interatividade.<\/li>\n<li><strong>Processo flex\u00edvel<\/strong>: Suporta impress\u00e3o offset, rotogravura, estampagem a quente, serigrafia e outras combina\u00e7\u00f5es de processos para satisfazer as necessidades de encomendas personalizadas de pequenos lotes.<\/li>\n<li><strong>Adapta\u00e7\u00e3o \u00e0 marca<\/strong>: A gest\u00e3o precisa da cor pode ser efectuada de acordo com o cart\u00e3o de cor da marca do cliente para garantir que o efeito de impress\u00e3o \u00e9 altamente consistente com o padr\u00e3o da marca.<\/li>\n<\/ul>\n<h2 id=\"-7-large-scale-production-capacity-to-ensure-quality-and-delivery-\"><strong>7. Capacidade de produ\u00e7\u00e3o em grande escala para garantir a qualidade e a entrega<\/strong><\/h2>\n<p>A f\u00e1brica cobre uma \u00e1rea de 5.320 metros quadrados e tem 16 anos de experi\u00eancia de produ\u00e7\u00e3o profissional. Est\u00e1 equipada com linhas de produ\u00e7\u00e3o automatizadas e equipamento de impress\u00e3o avan\u00e7ado (tais como m\u00e1quinas de impress\u00e3o offset e m\u00e1quinas de impress\u00e3o UV). Atrav\u00e9s de processos normalizados e de sistemas de inspe\u00e7\u00e3o de qualidade rigorosos, consegue-se uma produ\u00e7\u00e3o di\u00e1ria de mais de 100.000 pe\u00e7as para garantir a entrega est\u00e1vel e a consist\u00eancia da qualidade de encomendas de grande volume.<\/p>\n<h2 id=\"-advantages-of-cooperation-\"><strong>Vantagens da coopera\u00e7\u00e3o<\/strong>:<\/h2>\n<ul>\n<li><strong>Otimiza\u00e7\u00e3o dos custos<\/strong>: Fornecer aos clientes solu\u00e7\u00f5es rent\u00e1veis atrav\u00e9s de aquisi\u00e7\u00f5es em grande escala e da otimiza\u00e7\u00e3o dos processos de produ\u00e7\u00e3o.<\/li>\n<li><strong>Conceito de prote\u00e7\u00e3o do ambiente<\/strong>: Materiais opcionais amigos do ambiente (como o cart\u00e3o reciclado, EVA degrad\u00e1vel) para responder \u00e0 tend\u00eancia de desenvolvimento sustent\u00e1vel.<\/li>\n<li><strong>Apoio p\u00f3s-venda<\/strong>: Fornecer servi\u00e7os de processo completo, como revis\u00e3o do projeto de design, confirma\u00e7\u00e3o de prova, acompanhamento log\u00edstico, etc., e prometer garantia de devolu\u00e7\u00e3o e troca para problemas de qualidade.<\/li>\n<\/ul>","protected":false},"excerpt":{"rendered":"<p>Esta caixa \u00e9 uma caixa superior e inferior com uma estrutura simples e elegante, f\u00e1cil de abrir e fechar, e com um acabamento artesanal em relevo, o que lhe confere uma sensa\u00e7\u00e3o de requinte visual e uma experi\u00eancia t\u00e1til rica.<\/p>","protected":false},"featured_media":298,"template":"","meta":{"_kad_post_transparent":"default","_kad_post_title":"","_kad_post_layout":"default","_kad_post_sidebar_id":"","_kad_post_content_style":"default","_kad_post_vertical_padding":"default","_kad_post_feature":"","_kad_post_feature_position":"","_kad_post_header":false,"_kad_post_footer":false,"_kad_post_classname":""},"product_brand":[],"product_cat":[15,28,19,17],"product_tag":[91,90,92],"class_list":{"0":"post-296","1":"product","2":"type-product","3":"status-publish","4":"has-post-thumbnail","6":"product_cat-red-light-therapy","7":"product_cat-customize","8":"product_cat-red-light-therapy-stand","9":"product_cat-services","10":"product_tag-cosmetic-packaging-supplier","11":"product_tag-perfume-boxes","12":"product_tag-perfume-cosmetic-gift-boxes","14":"first","15":"instock","16":"shipping-taxable","17":"product-type-simple","18":"entry","19":"content-bg","20":"loop-entry"},"_links":{"self":[{"href":"https:\/\/red-lighttherapy.com\/pt_pt\/wp-json\/wp\/v2\/product\/296","targetHints":{"allow":["GET"]}}],"collection":[{"href":"https:\/\/red-lighttherapy.com\/pt_pt\/wp-json\/wp\/v2\/product"}],"about":[{"href":"https:\/\/red-lighttherapy.com\/pt_pt\/wp-json\/wp\/v2\/types\/product"}],"wp:featuredmedia":[{"embeddable":true,"href":"https:\/\/red-lighttherapy.com\/pt_pt\/wp-json\/wp\/v2\/media\/298"}],"wp:attachment":[{"href":"https:\/\/red-lighttherapy.com\/pt_pt\/wp-json\/wp\/v2\/media?parent=296"}],"wp:term":[{"taxonomy":"product_brand","embeddable":true,"href":"https:\/\/red-lighttherapy.com\/pt_pt\/wp-json\/wp\/v2\/product_brand?post=296"},{"taxonomy":"product_cat","embeddable":true,"href":"https:\/\/red-lighttherapy.com\/pt_pt\/wp-json\/wp\/v2\/product_cat?post=296"},{"taxonomy":"product_tag","embeddable":true,"href":"https:\/\/red-lighttherapy.com\/pt_pt\/wp-json\/wp\/v2\/product_tag?post=296"}],"curies":[{"name":"wp","href":"https:\/\/api.w.org\/{rel}","templated":true}]}}