{"id":284,"date":"2025-04-10T14:14:31","date_gmt":"2025-04-10T14:14:31","guid":{"rendered":"https:\/\/red-lighttherapy.com\/?post_type=product&#038;p=284"},"modified":"2025-04-10T14:24:36","modified_gmt":"2025-04-10T14:24:36","slug":"wholesale-custom-cosmetic-essential-oil-packaging-boxes","status":"publish","type":"product","link":"https:\/\/red-lighttherapy.com\/pt_pt\/wholesale-custom-cosmetic-essential-oil-packaging-boxes\/","title":{"rendered":"Caixas de embalagem de \u00f3leo essencial para cosm\u00e9ticos por atacado"},"content":{"rendered":"<h3 id=\"high-end-customized-cosmetic-essential-oil-packaging-box-a-comprehensive-solution-that-integrates-craft-aesthetics-and-functionality\">Caixas de embalagem de \u00f3leo essencial para cosm\u00e9ticos personalizadas por atacado - uma solu\u00e7\u00e3o abrangente que integra est\u00e9tica e funcionalidade artesanais<\/h3>\n<h2 id=\"-i-visual-core-the-ultimate-collision-of-single-black-printing-and-hot-stamping-technology-\"><strong>1. N\u00facleo visual: a derradeira colis\u00e3o da tecnologia de impress\u00e3o a preto simples e de estampagem a quente<\/strong><\/h2>\n<ol>\n<li><strong>Impress\u00e3o a preto simples<\/strong>: Utilizando a tecnologia de tinta preta pura C0\/M0\/Y0\/K100, apresenta uma cor de fundo profunda com uma precis\u00e3o de impress\u00e3o delicada, evita o risco de erros de sobreimpress\u00e3o de quatro cores e garante que as margens do LOG\u00d3TIPO e do texto s\u00e3o n\u00edtidas e claras. O fundo preto \u00e9 t\u00e3o misterioso como a noite, injectando um tom visual sofisticado e est\u00e1vel na marca, ao mesmo tempo que refor\u00e7a a est\u00e9tica minimalista do log\u00f3tipo da marca atrav\u00e9s de um design em branco.<\/li>\n<li><strong>Tecnologia de estampagem a quente<\/strong>: O LOGOTIPO utiliza a tecnologia de estampagem a quente de folha de ouro de 24K, que \u00e9 fixada com precis\u00e3o \u00e0 superf\u00edcie da caixa atrav\u00e9s de estampagem a alta temperatura, e o brilho met\u00e1lico forma um forte contraste com o preto mate. A camada de estampagem a quente tem uma espessura de 0,1 mm, \u00e9 resistente ao desgaste e \u00e0 oxida\u00e7\u00e3o e apresenta um efeito din\u00e2mico de serpentina sob a refra\u00e7\u00e3o da luz, real\u00e7ando a textura luxuosa da marca.<\/li>\n<\/ol>\n<h2 id=\"-second-structural-innovation-sky-and-earth-box-and-ritual-opening-and-closing-design-\"><strong>2. Inova\u00e7\u00e3o estrutural: caixa de c\u00e9u e terra e conce\u00e7\u00e3o de abertura e fecho ritual<\/strong><\/h2>\n<ol>\n<li><strong>Estrutura de caixa de c\u00e9u e terra<\/strong>: A tampa superior (c\u00e9u) e a caixa inferior (solo) s\u00e3o formadas de forma independente, adotando um design terra-c\u00e9u, embutido com um substrato de placa cinza 1200GSM de 1,2 mm de espessura, com uma resist\u00eancia \u00e0 compress\u00e3o de 50kg\/\u33a1, garantindo resist\u00eancia ao impacto durante o transporte. A borda do corpo da caixa \u00e9 processada com um processo de chanfro de 5 mm, e a abertura e o fechamento s\u00e3o suaves e sem emperramento.<\/li>\n<li><strong>Textura da grelha e sentido ritual<\/strong>: A superf\u00edcie da caixa \u00e9 integrada com grelhas de relevo geom\u00e9trico, com uma profundidade de 0,3 mm, e um toque tridimensional \u00e9 conseguido atrav\u00e9s da estampagem do molde; a estrutura magn\u00e9tica de abertura e fecho (for\u00e7a magn\u00e9tica \u22651,2N) \u00e9 combinada com um anel de tra\u00e7\u00e3o de fita escondido, tendo em conta a praticidade e o sentido ritual de desembalagem.<\/li>\n<\/ol>\n<h2 id=\"-third-material-and-adaptation-dual-guarantee-of-performance-and-aesthetics-\"><strong>3. Material e adapta\u00e7\u00e3o: dupla garantia de desempenho e est\u00e9tica<\/strong><\/h2>\n<ol>\n<li><strong>Material da caixa exterior<\/strong>:<\/li>\n<li><strong>Papel facial<\/strong>: Papel duplo de cobre 157G, superf\u00edcie oleada mate, tato delicado e anti-impress\u00e3o digital.<\/li>\n<li><strong>Forro interior<\/strong>: Cart\u00e3o cinzento 1200GSM, densidade 0,92g\/cm\u00b3, o desempenho de suporte de carga \u00e9 30% melhor do que o cart\u00e3o normal.<\/li>\n<li><strong>Solu\u00e7\u00e3o de tabuleiro interior personalizada<\/strong>:<\/li>\n<li><strong>Op\u00e7\u00f5es de materiais<\/strong>: Flocagem (pelo curto de 0,5 mm, op\u00e7\u00e3o vermelho vinho\/verde escuro), cart\u00e3o (cart\u00e3o duplo branco 350G), tecido de seda (jacquard de seda).<\/li>\n<li><strong>Conce\u00e7\u00e3o funcional<\/strong>: O tabuleiro interior de espuma EVA (densidade 38D-60D) tem uma ranhura precisa, adequada para garrafas de \u00f3leo essencial de 5-100 ml, e o desempenho antiss\u00edsmico passou a certifica\u00e7\u00e3o ISTA 3A.<\/li>\n<\/ol>\n<h2 id=\"-fourth-flexible-customization-various-box-types-and-printing-adaptation-\"><strong>4. Personaliza\u00e7\u00e3o flex\u00edvel: v\u00e1rios tipos de caixas e adapta\u00e7\u00e3o de impress\u00e3o<\/strong><\/h2>\n<ol>\n<li><strong>Biblioteca de tipo caixa<\/strong>: Fornece 8 tipos b\u00e1sicos de caixas, tais como tampas superiores e inferiores, tipo gaveta, caixas em forma de livro, etc., suporta o corte de formas especiais (tais como aberturas de janelas hexagonais e curvas) e \u00e9 adequado para presentes comerciais, expositores de retalho e outros cen\u00e1rios.<\/li>\n<li><strong>Esquema de impress\u00e3o<\/strong>: Suporta m\u00faltiplas combina\u00e7\u00f5es de processos, tais como cor direta Pantone, UV parcial, grava\u00e7\u00e3o em relevo, etc., com uma quantidade m\u00ednima de encomenda de 500 pe\u00e7as por lote e um ciclo de prova de 3-5 dias, satisfazendo as necessidades de itera\u00e7\u00e3o r\u00e1pida, tais como edi\u00e7\u00f5es limitadas de f\u00e9rias e artigos de marca conjunta.<\/li>\n<\/ol>\n<h2 id=\"-v-quality-commitment-and-value-added-services-\"><strong>5. Compromisso de qualidade e servi\u00e7os de valor acrescentado<\/strong><\/h2>\n<ul>\n<li><strong>Norma de controlo de qualidade<\/strong>: Aprovado na certifica\u00e7\u00e3o ambiental SGS (dete\u00e7\u00e3o de metais pesados e migra\u00e7\u00e3o), suporta teste de resist\u00eancia \u00e0 temperatura e umidade de 48 horas (ciclo de -20 \u2103 ~ 60 \u2103).<\/li>\n<li><strong>Liga\u00e7\u00e3o de servi\u00e7o<\/strong>: Fornece uma solu\u00e7\u00e3o \u00fanica para a prova de modela\u00e7\u00e3o 3D, armazenamento e distribui\u00e7\u00e3o, e log\u00edstica transfronteiri\u00e7a (DDP\/DDU), com uma quantidade m\u00ednima de encomenda de 500 pe\u00e7as e um ciclo de entrega de 7-14 dias.<\/li>\n<\/ul>","protected":false},"excerpt":{"rendered":"<p>O design \u00fanico da grelha da tampa e da base da caixa \u00e9 combinado com um m\u00e9todo cerimonial de abertura e fecho, que \u00e9 simultaneamente distinto e conveniente de utilizar.<\/p>","protected":false},"featured_media":289,"template":"","meta":{"_kad_post_transparent":"default","_kad_post_title":"","_kad_post_layout":"default","_kad_post_sidebar_id":"","_kad_post_content_style":"default","_kad_post_vertical_padding":"default","_kad_post_feature":"","_kad_post_feature_position":"","_kad_post_header":false,"_kad_post_footer":false,"_kad_post_classname":""},"product_brand":[],"product_cat":[15,28,19,17],"product_tag":[85,86,80],"class_list":{"0":"post-284","1":"product","2":"type-product","3":"status-publish","4":"has-post-thumbnail","6":"product_cat-red-light-therapy","7":"product_cat-customize","8":"product_cat-red-light-therapy-stand","9":"product_cat-services","10":"product_tag-cosmetic-packaging","11":"product_tag-custom-cosmetic-essential-oil-packaging","12":"product_tag-essential-oil-packaging","14":"first","15":"instock","16":"shipping-taxable","17":"product-type-simple","18":"entry","19":"content-bg","20":"loop-entry"},"_links":{"self":[{"href":"https:\/\/red-lighttherapy.com\/pt_pt\/wp-json\/wp\/v2\/product\/284","targetHints":{"allow":["GET"]}}],"collection":[{"href":"https:\/\/red-lighttherapy.com\/pt_pt\/wp-json\/wp\/v2\/product"}],"about":[{"href":"https:\/\/red-lighttherapy.com\/pt_pt\/wp-json\/wp\/v2\/types\/product"}],"wp:featuredmedia":[{"embeddable":true,"href":"https:\/\/red-lighttherapy.com\/pt_pt\/wp-json\/wp\/v2\/media\/289"}],"wp:attachment":[{"href":"https:\/\/red-lighttherapy.com\/pt_pt\/wp-json\/wp\/v2\/media?parent=284"}],"wp:term":[{"taxonomy":"product_brand","embeddable":true,"href":"https:\/\/red-lighttherapy.com\/pt_pt\/wp-json\/wp\/v2\/product_brand?post=284"},{"taxonomy":"product_cat","embeddable":true,"href":"https:\/\/red-lighttherapy.com\/pt_pt\/wp-json\/wp\/v2\/product_cat?post=284"},{"taxonomy":"product_tag","embeddable":true,"href":"https:\/\/red-lighttherapy.com\/pt_pt\/wp-json\/wp\/v2\/product_tag?post=284"}],"curies":[{"name":"wp","href":"https:\/\/api.w.org\/{rel}","templated":true}]}}