{"id":278,"date":"2025-04-10T14:03:32","date_gmt":"2025-04-10T14:03:32","guid":{"rendered":"https:\/\/red-lighttherapy.com\/?post_type=product&#038;p=278"},"modified":"2025-04-10T14:14:16","modified_gmt":"2025-04-10T14:14:16","slug":"custom-printed-logo-essential-oil-box-packaging-wholesale","status":"publish","type":"product","link":"https:\/\/red-lighttherapy.com\/pt_pt\/custom-printed-logo-essential-oil-box-packaging-wholesale\/","title":{"rendered":"Caixa de \u00f3leo essencial com log\u00f3tipo impresso personalizado Embalagem por atacado"},"content":{"rendered":"<h2 id=\"-customized-printed-logo-essential-oil-box-packaging-wholesale-product-description-\">Caixa de \u00f3leo essencial com log\u00f3tipo impresso personalizado Embalagem por atacado<\/h2>\n<h2 id=\"-i-visual-aesthetics-and-craft-design-\"><strong>1. Est\u00e9tica visual e design artesanal<\/strong><\/h2>\n<ol>\n<li><strong>Est\u00e9tica avan\u00e7ada do tom preto<\/strong>\u00a0Utilizando o preto profundo como cor principal, combinado com o processamento de luz local e mate, o impacto visual discreto e luxuoso \u00e9 apresentado atrav\u00e9s da refra\u00e7\u00e3o da luz e da sombra. O processo UV de vers\u00e3o completa cobre o corpo da caixa para melhorar a resist\u00eancia ao desgaste e o brilho da superf\u00edcie. Ao mesmo tempo que mant\u00e9m o tom preto calmo, confere \u00e0 embalagem n\u00edveis din\u00e2micos de luz e sombra, melhorando significativamente o reconhecimento da marca.<\/li>\n<li><strong>Processo de estampagem a quente em relevo LOGO<\/strong>\u00a0O LOGOTIPO adopta o processo de estampagem a quente em relevo e forma uma textura tridimensional c\u00f4ncava e convexa atrav\u00e9s da prensagem a quente de moldes de alta precis\u00e3o, sobreposta a uma folha met\u00e1lica (ouro opcional, ouro rosa ou ouro colorido a laser), que \u00e9 delicada ao toque e visualmente brilhante. Este processo n\u00e3o s\u00f3 refor\u00e7a o tom da marca, como tamb\u00e9m pode ser utilizado como uma marca anti-contrafa\u00e7\u00e3o para aumentar o espa\u00e7o premium do produto.<\/li>\n<\/ol>\n<h2 id=\"-second-structural-design-and-material-guarantee-\"><strong>2. Conce\u00e7\u00e3o estrutural e garantia dos materiais<\/strong><\/h2>\n<ol>\n<li><strong>Caixa de cobertura tr\u00eas em um do c\u00e9u e da terra<\/strong><\/li>\n<li><strong>Caixa exterior com abertura e fecho atmosf\u00e9ricos<\/strong>: A estrutura de cobertura do c\u00e9u e da terra \u00e9 concebida sob a forma de \"c\u00e9u cobrindo a terra\". A caixa exterior adopta uma placa cinzenta de alta densidade 1200GSM com uma espessura de 1,3 mm, elevada dureza e forte resist\u00eancia \u00e0 press\u00e3o. \u00c9 naturalmente suave ao abrir e fechar, e a sensa\u00e7\u00e3o de ritual ao abrir a tampa \u00e9 total.<\/li>\n<li><strong>A caixa interior centra-se na exposi\u00e7\u00e3o<\/strong>: O suporte interior adopta papel revestido 157G montado em cart\u00e3o cinzento com pel\u00edcula mate na superf\u00edcie. O produto \u00e9 centrado e combinado com um revestimento personalizado (suporte opcional de EVA, flanela ou acr\u00edlico transparente) para garantir que o frasco de \u00f3leo essencial seja est\u00e1vel e o foco visual seja concentrado.<\/li>\n<li><strong>Correspond\u00eancia de material cient\u00edfico<\/strong><\/li>\n<li><strong>Papel revestido 157G<\/strong>: Reprodu\u00e7\u00e3o de cores elevada, adequada para impress\u00e3o a quatro cores e personaliza\u00e7\u00e3o de cores diretas, o n\u00famero de cores Pantone corresponde exatamente \u00e0 vis\u00e3o da marca.<\/li>\n<li><strong>Cart\u00e3o cinzento 1200GSM<\/strong>: Excelente desempenho de suporte de carga, pode suportar solavancos de transporte de longa dist\u00e2ncia, a produ\u00e7\u00e3o di\u00e1ria atinge 100.000 pe\u00e7as e suporta personaliza\u00e7\u00e3o em grande escala.<\/li>\n<\/ol>\n<h2 id=\"-three-diversified-adaptation-solutions-\"><strong>3. Solu\u00e7\u00f5es de adapta\u00e7\u00e3o diversificadas<\/strong><\/h2>\n<ol>\n<li><strong>Personaliza\u00e7\u00e3o flex\u00edvel do tipo e estilo da caixa<\/strong><\/li>\n<li><strong>Sele\u00e7\u00e3o do tipo de caixa<\/strong>: Para al\u00e9m das tampas superior e inferior, podem ser fornecidas caixas de gavetas, caixas em forma de livro, caixas com formas especiais e outras estruturas para satisfazer as necessidades de diferentes cen\u00e1rios (como o transporte de com\u00e9rcio eletr\u00f3nico, exposi\u00e7\u00e3o offline).<\/li>\n<li><strong>Extens\u00e3o do projeto<\/strong>: Suporta uma variedade de estilos, como o minimalismo, o estilo nacional, a arte abstrata, etc. A superf\u00edcie da caixa pode ser combinada com um design de janela (janela de PVC transparente), textura em relevo de prata quente ou elementos interactivos de RA sobrepostos para melhorar a experi\u00eancia do consumidor.<\/li>\n<li><strong>Atualiza\u00e7\u00e3o funcional do revestimento interior<\/strong><\/li>\n<li><strong>Armazenamento em camadas<\/strong>: Para conjuntos de \u00f3leos essenciais com v\u00e1rias garrafas, a caixa interior pode ser concebida com uma estrutura em camadas extra\u00edvel, com acess\u00f3rios como fitas e fivelas magn\u00e9ticas para aumentar o car\u00e1cter pr\u00e1tico e o sentido ritual.<\/li>\n<li><strong>Adapta\u00e7\u00e3o amiga do ambiente<\/strong>: Fornecer op\u00e7\u00f5es de cart\u00e3o cinzento degrad\u00e1vel e de revestimento UV \u00e0 base de \u00e1gua, cumprir as normas ambientais da UE e ajudar as exporta\u00e7\u00f5es transfronteiri\u00e7as.<\/li>\n<\/ol>\n<h2 id=\"-fourth-service-and-value-empowerment-\"><strong>4. Capacita\u00e7\u00e3o para o servi\u00e7o e o valor<\/strong><\/h2>\n<ol>\n<li><strong>Solu\u00e7\u00e3o \u00fanica<\/strong><\/li>\n<li><strong>Apoio \u00e0 prova<\/strong>: S\u00e3o fornecidos modelos 3D gratuitos e amostras f\u00edsicas, e s\u00e3o apoiados manuscritos personalizados ou colabora\u00e7\u00e3o de designers para garantir uma implementa\u00e7\u00e3o precisa do design.<\/li>\n<li><strong>Vantagem do lote<\/strong>: Encomenda m\u00ednima de 500 pe\u00e7as, ciclo de entrega de 15 dias, suporte de impress\u00e3o de LOGO, estampagem a quente, UV e outra produ\u00e7\u00e3o de lotes mistos, custo control\u00e1vel.<\/li>\n<li><strong>Aumento do valor da marca<\/strong>\u00a0Transmitir hist\u00f3rias da marca atrav\u00e9s da embalagem, por exemplo: o fundo preto UV pode ser integrado nas ilustra\u00e7\u00f5es de PI da marca, o LOGOTIPO estampado a quente e a textura em relevo formam pontos de mem\u00f3ria visual, fazendo com que o produto se destaque no expositor da prateleira e os consumidores o espalhem espontaneamente depois de o desembalarem.<\/li>\n<\/ol>","protected":false},"excerpt":{"rendered":"<p>O tipo de caixa com topo e fundo adopta a estrutura de tampa superior e inferior, que \u00e9 f\u00e1cil de abrir e fechar e d\u00e1 a sensa\u00e7\u00e3o de abrir a tampa. Todo o corpo da caixa \u00e9 cuidadosamente cultivado com tecnologia UV de placa completa para mostrar o reconhecimento da marca. Ao mesmo tempo, o LOGOTIPO \u00e9 adicionado com tecnologia de estampagem a quente em relevo para refor\u00e7ar o tom da marca.<\/p>","protected":false},"featured_media":281,"template":"","meta":{"_kad_post_transparent":"default","_kad_post_title":"","_kad_post_layout":"default","_kad_post_sidebar_id":"","_kad_post_content_style":"default","_kad_post_vertical_padding":"default","_kad_post_feature":"","_kad_post_feature_position":"","_kad_post_header":false,"_kad_post_footer":false,"_kad_post_classname":""},"product_brand":[],"product_cat":[15,28,19,17],"product_tag":[83,80,84],"class_list":{"0":"post-278","1":"product","2":"type-product","3":"status-publish","4":"has-post-thumbnail","6":"product_cat-red-light-therapy","7":"product_cat-customize","8":"product_cat-red-light-therapy-stand","9":"product_cat-services","10":"product_tag-custom-essential-oil-box","11":"product_tag-essential-oil-packaging","12":"product_tag-essential-oil-packaging-wholesale","14":"first","15":"instock","16":"shipping-taxable","17":"product-type-simple","18":"entry","19":"content-bg","20":"loop-entry"},"_links":{"self":[{"href":"https:\/\/red-lighttherapy.com\/pt_pt\/wp-json\/wp\/v2\/product\/278","targetHints":{"allow":["GET"]}}],"collection":[{"href":"https:\/\/red-lighttherapy.com\/pt_pt\/wp-json\/wp\/v2\/product"}],"about":[{"href":"https:\/\/red-lighttherapy.com\/pt_pt\/wp-json\/wp\/v2\/types\/product"}],"wp:featuredmedia":[{"embeddable":true,"href":"https:\/\/red-lighttherapy.com\/pt_pt\/wp-json\/wp\/v2\/media\/281"}],"wp:attachment":[{"href":"https:\/\/red-lighttherapy.com\/pt_pt\/wp-json\/wp\/v2\/media?parent=278"}],"wp:term":[{"taxonomy":"product_brand","embeddable":true,"href":"https:\/\/red-lighttherapy.com\/pt_pt\/wp-json\/wp\/v2\/product_brand?post=278"},{"taxonomy":"product_cat","embeddable":true,"href":"https:\/\/red-lighttherapy.com\/pt_pt\/wp-json\/wp\/v2\/product_cat?post=278"},{"taxonomy":"product_tag","embeddable":true,"href":"https:\/\/red-lighttherapy.com\/pt_pt\/wp-json\/wp\/v2\/product_tag?post=278"}],"curies":[{"name":"wp","href":"https:\/\/api.w.org\/{rel}","templated":true}]}}