{"id":271,"date":"2025-04-10T13:51:25","date_gmt":"2025-04-10T13:51:25","guid":{"rendered":"https:\/\/red-lighttherapy.com\/?post_type=product&#038;p=271"},"modified":"2025-04-10T14:03:24","modified_gmt":"2025-04-10T14:03:24","slug":"custom-essential-oil-aromatherapy-gift-sets-boxes-packaging","status":"publish","type":"product","link":"https:\/\/red-lighttherapy.com\/pt_pt\/custom-essential-oil-aromatherapy-gift-sets-boxes-packaging\/","title":{"rendered":"Conjuntos de oferta personalizados de \u00f3leos essenciais para aromaterapia Caixas de embalagem"},"content":{"rendered":"<h2 id=\"-customized-essential-oil-aromatherapy-gift-set-box-packaging-product-description-\">Conjuntos de oferta personalizados de \u00f3leos essenciais para aromaterapia Caixas de embalagem<\/h2>\n<h2 id=\"-1-single-black-printing-design-the-fusion-of-simple-aesthetics-and-brand-personality-\"><strong>1. Desenho de impress\u00e3o a preto simples: a fus\u00e3o da est\u00e9tica simples com a personalidade da marca<\/strong><\/h2>\n<p>Utilizando a tecnologia de impress\u00e3o a preto simples (preto simples), a est\u00e9tica minimalista interpreta a sensa\u00e7\u00e3o de luxo e mist\u00e9rio. Atrav\u00e9s da combina\u00e7\u00e3o de gradientes claros e escuros e textura mate, forma-se uma camada visual profunda na superf\u00edcie da caixa, como as estrelas da noite, revelando o luxo de uma forma discreta. O LOGOTIPO da marca \u00e9 apresentado atrav\u00e9s de um processo de estampagem a quente de alta precis\u00e3o e a sensa\u00e7\u00e3o tridimensional \u00e9 refor\u00e7ada por UV local ou grava\u00e7\u00e3o c\u00f4ncava e convexa, o que n\u00e3o s\u00f3 real\u00e7a o reconhecimento da marca, como tamb\u00e9m forma um forte contraste com o fundo preto \u00fanico, transmitindo um tom de marca contido e profundo.<\/p>\n<h2 id=\"-2-elegant-hot-stamping-motto-the-finishing-touch-of-the-brand-spirit-\"><strong>2. Elegante lema de estampagem a quente: o toque final do esp\u00edrito da marca<\/strong><\/h2>\n<p>O lema da marca adopta a tecnologia de estampagem a quente, com folha de ouro de 24K ou folha de ouro rosa como suporte, as linhas de texto s\u00e3o suaves e delicadas, e o brilho dourado e o fundo preto \u00fanico complementam-se, tal como uma gal\u00e1xia brilhante na noite escura. A posi\u00e7\u00e3o da estampagem a quente pode ser personalizada no centro ou na lateral da tampa da caixa e, com o processo de micro-embossing, o toque da ponta do dedo \u00e9 tridimensional e cheio de sentido ritual, transmitindo o valor central da marca de \"discreto e extraordin\u00e1rio\".<\/p>\n<h2 id=\"-3-book-magnetic-box-structure-opening-and-closing-with-a-sense-of-ritual-both-innovative-and-practical-\"><strong>3. Estrutura da caixa magn\u00e9tica do livro: abertura e fecho com um sentido de ritual, simultaneamente inovador e pr\u00e1tico<\/strong><\/h2>\n<p>Adoptando o design de caixa magn\u00e9tica em forma de livro, a tampa da caixa e a caixa inferior s\u00e3o absorvidas com precis\u00e3o por \u00edmanes incorporados e a abertura e o fecho s\u00e3o acompanhados por um som de \"clique\" n\u00edtido, proporcionando aos utilizadores uma experi\u00eancia nobre de abertura da caixa de presente. A forma da caixa tem linhas simples e cantos arredondados, o que \u00e9 ergon\u00f3mico e evita o desgaste durante o transporte. A for\u00e7a de suc\u00e7\u00e3o magn\u00e9tica \u00e9 ajust\u00e1vel para satisfazer diferentes requisitos de tamanho, garantindo a estabilidade do fecho e a conveni\u00eancia da abertura.<\/p>\n<h2 id=\"-4-material-combination-dual-guarantee-of-stability-and-texture-\"><strong>4. Combina\u00e7\u00e3o de materiais: dupla garantia de estabilidade e textura<\/strong><\/h2>\n<ul>\n<li><strong>Material da caixa exterior<\/strong>:<\/li>\n<li><strong>Superf\u00edcie<\/strong>: Papel revestido 157G, espessura de cerca de 0,16 mm, o papel \u00e9 delicado e suave, a cor \u00e9 completa e \u00e9 adequado para a express\u00e3o em camadas de impress\u00e3o a preto simples.<\/li>\n<li><strong>Estrutura do revestimento interior<\/strong>: O cart\u00e3o cinzento 1200GSM, de elevada densidade e forte resist\u00eancia \u00e0 press\u00e3o, pode transportar artigos fr\u00e1geis, como frascos de \u00f3leo essencial, e garantir que n\u00e3o h\u00e1 deforma\u00e7\u00e3o durante o transporte.<\/li>\n<li><strong>Detalhes do processo<\/strong>: O cart\u00e3o cinzento e o papel revestido s\u00e3o colados com cola ecol\u00f3gica \u00e0 base de \u00e1gua e os bordos s\u00e3o debruados, sem rebarbas e resistentes ao desgaste.<\/li>\n<\/ul>\n<h2 id=\"-5-diversified-box-types-adapt-to-different-scenes-and-design-styles-\"><strong>5. Tipos diversificados de caixas: Adapta-se a diferentes cen\u00e1rios e estilos de design<\/strong><\/h2>\n<p>Fornecer uma variedade de tipos de caixas, incluindo:<\/p>\n<ul>\n<li><strong>Caixa da cabe\u00e7a e da tampa inferior<\/strong>: Cl\u00e1ssico e atmosf\u00e9rico, adequado para cenas de presentes de neg\u00f3cios.<\/li>\n<li><strong>Caixa tipo gaveta<\/strong>: Uma combina\u00e7\u00e3o de mist\u00e9rio e divers\u00e3o, adequada para conjuntos de aromaterapia de edi\u00e7\u00e3o limitada.<\/li>\n<li><strong>Caixa de corte com formato especial<\/strong>: Por exemplo, hexagonal, arco, etc., para satisfazer as necessidades do design art\u00edstico. O tipo de caixa suporta a impress\u00e3o de p\u00e1gina inteira, que pode ser combinada com pintura a tinta, padr\u00f5es geom\u00e9tricos ou linhas minimalistas, e reflecte de forma flex\u00edvel a linguagem visual da marca.<\/li>\n<\/ul>\n<h2 id=\"-6-inner-tray-adaptation-solution-balance-between-ritual-and-functionality-\"><strong>6. Solu\u00e7\u00e3o de adapta\u00e7\u00e3o do tabuleiro interior: equil\u00edbrio entre ritual e funcionalidade<\/strong><\/h2>\n<ul>\n<li><strong>Sele\u00e7\u00e3o de materiais<\/strong>:<\/li>\n<li><strong>Tabuleiro interior flocado<\/strong>: toque suave e delicado, absor\u00e7\u00e3o de choques e antiderrapante, adequado para frascos de vidro de \u00f3leos essenciais.<\/li>\n<li><strong>Forro em tecido de seda<\/strong>superf\u00edcie de seda mate com um padr\u00e3o de bordado escuro, que aumenta o impacto visual ao abrir a caixa.<\/li>\n<li><strong>Camadas de cart\u00e3o<\/strong>: estrutura alveolar personaliz\u00e1vel ou divis\u00f3ria tipo ranhura, fixa\u00e7\u00e3o precisa do produto.<\/li>\n<li><strong>Cor e textura<\/strong>A combina\u00e7\u00e3o das tecnologias de flocagem e de estampagem a quente permite real\u00e7ar a sensa\u00e7\u00e3o geral de luxo.<\/li>\n<\/ul>\n<h2 id=\"-7-customized-service-full-process-support-from-design-to-implementation-\"><strong>7. Servi\u00e7o personalizado: apoio total ao processo, desde a conce\u00e7\u00e3o at\u00e9 \u00e0 implementa\u00e7\u00e3o<\/strong><\/h2>\n<ul>\n<li><strong>Adapta\u00e7\u00e3o da conce\u00e7\u00e3o<\/strong>: de acordo com o tamanho, o estilo e o or\u00e7amento do produto, fornecer uma solu\u00e7\u00e3o de otimiza\u00e7\u00e3o do tipo de caixa 1 a 1 para garantir que a embalagem \u00e9 altamente consistente com o temperamento do produto.<\/li>\n<li><strong>Certifica\u00e7\u00e3o ambiental<\/strong>: o material est\u00e1 em conformidade com a certifica\u00e7\u00e3o FSC e com as normas RoHS, e suporta op\u00e7\u00f5es degrad\u00e1veis.<\/li>\n<li><strong>Garantia de prova<\/strong>: Fornecer caixas de amostras f\u00edsicas no prazo de 3-5 dias \u00fateis, apoiar a afina\u00e7\u00e3o de pormenores at\u00e9 os clientes ficarem satisfeitos.<\/li>\n<\/ul>\n<h2 id=\"-conclusion-\"><strong>Conclus\u00e3o<\/strong><\/h2>\n<p>Esta caixa personalizada de conjunto de oferta de aromaterapia de \u00f3leo essencial, com uma \u00fanica est\u00e9tica preta como t\u00f3nica, interpreta o conceito de design central de \"mist\u00e9rio, topo de gama e sentido ritual\" atrav\u00e9s de uma combina\u00e7\u00e3o inovadora de materiais, artesanato e estrutura. Desde a experi\u00eancia t\u00e1til da abertura e fecho magn\u00e9ticos at\u00e9 ao impacto visual do texto estampado a quente, todos os detalhes foram cuidadosamente considerados, com o objetivo de criar um ponto de mem\u00f3ria de embalagem \u00fanico para a marca, ao mesmo tempo que se cria uma experi\u00eancia agrad\u00e1vel e completa para os consumidores, desde o desembalamento at\u00e9 \u00e0 utiliza\u00e7\u00e3o.<\/p>","protected":false},"excerpt":{"rendered":"<p>A caixa de fecho magn\u00e9tico do livro tem um m\u00e9todo cerimonial de abertura e fecho, e o efeito de impress\u00e3o preto \u00fanico mostra-se sofisticado e misterioso, ao mesmo tempo que real\u00e7a o LOGOTIPO personalizado da marca<\/p>","protected":false},"featured_media":274,"template":"","meta":{"_kad_post_transparent":"default","_kad_post_title":"","_kad_post_layout":"default","_kad_post_sidebar_id":"","_kad_post_content_style":"default","_kad_post_vertical_padding":"default","_kad_post_feature":"","_kad_post_feature_position":"","_kad_post_header":false,"_kad_post_footer":false,"_kad_post_classname":""},"product_brand":[],"product_cat":[15,28,17],"product_tag":[81,82,80],"class_list":{"0":"post-271","1":"product","2":"type-product","3":"status-publish","4":"has-post-thumbnail","6":"product_cat-red-light-therapy","7":"product_cat-customize","8":"product_cat-services","9":"product_tag-aromatherapy-gift-sets-boxes","10":"product_tag-custom-gift-sets-boxes-packaging","11":"product_tag-essential-oil-packaging","13":"first","14":"instock","15":"shipping-taxable","16":"product-type-simple","17":"entry","18":"content-bg","19":"loop-entry"},"_links":{"self":[{"href":"https:\/\/red-lighttherapy.com\/pt_pt\/wp-json\/wp\/v2\/product\/271","targetHints":{"allow":["GET"]}}],"collection":[{"href":"https:\/\/red-lighttherapy.com\/pt_pt\/wp-json\/wp\/v2\/product"}],"about":[{"href":"https:\/\/red-lighttherapy.com\/pt_pt\/wp-json\/wp\/v2\/types\/product"}],"wp:featuredmedia":[{"embeddable":true,"href":"https:\/\/red-lighttherapy.com\/pt_pt\/wp-json\/wp\/v2\/media\/274"}],"wp:attachment":[{"href":"https:\/\/red-lighttherapy.com\/pt_pt\/wp-json\/wp\/v2\/media?parent=271"}],"wp:term":[{"taxonomy":"product_brand","embeddable":true,"href":"https:\/\/red-lighttherapy.com\/pt_pt\/wp-json\/wp\/v2\/product_brand?post=271"},{"taxonomy":"product_cat","embeddable":true,"href":"https:\/\/red-lighttherapy.com\/pt_pt\/wp-json\/wp\/v2\/product_cat?post=271"},{"taxonomy":"product_tag","embeddable":true,"href":"https:\/\/red-lighttherapy.com\/pt_pt\/wp-json\/wp\/v2\/product_tag?post=271"}],"curies":[{"name":"wp","href":"https:\/\/api.w.org\/{rel}","templated":true}]}}