{"id":260,"date":"2025-04-10T13:18:48","date_gmt":"2025-04-10T13:18:48","guid":{"rendered":"https:\/\/red-lighttherapy.com\/?post_type=product&#038;p=260"},"modified":"2025-04-10T13:51:14","modified_gmt":"2025-04-10T13:51:14","slug":"luxury-customized-weed-cbd-oil-packaging-gift-box-wholesale","status":"publish","type":"product","link":"https:\/\/red-lighttherapy.com\/pt_pt\/luxury-customized-weed-cbd-oil-packaging-gift-box-wholesale\/","title":{"rendered":"Caixa de presente de luxo personalizada para embalagem de \u00f3leo de CBD de erva daninha por atacado"},"content":{"rendered":"<h3 id=\"luxury-customized-hemp-cbd-oil-packaging-gift-box-wholesale\">Luxo personalizado c\u00e2nhamo erva CBD \u00f3leo embalagem caixa de presente atacado<\/h3>\n<h2 id=\"-1-high-end-visual-design-single-black-printing-and-stylized-patterns-\"><strong>1. Design visual topo de gama: impress\u00e3o a preto simples e padr\u00f5es estilizados<\/strong><\/h2>\n<ul>\n<li><strong>Processo de impress\u00e3o a preto simples<\/strong>: Utilizando a tecnologia de impress\u00e3o monocrom\u00e1tica preta (Pantone Black), o contraste claro e escuro e as linhas delicadas esbo\u00e7am uma sensa\u00e7\u00e3o de simplicidade e luxo, criando um efeito visual profundo e de alta qualidade.<\/li>\n<li><strong>Est\u00e9tica a preto e branco<\/strong>: Com o cl\u00e1ssico preto e branco como tom principal, combinado com uma variedade de desenhos de padr\u00f5es, tais como texturas geom\u00e9tricas, arte abstrata ou log\u00f3tipos de marcas minimalistas, n\u00e3o s\u00f3 reflecte a textura da marca, como tamb\u00e9m d\u00e1 a cada caixa de oferta um estilo \u00fanico para satisfazer as necessidades de diferentes cen\u00e1rios de consumo (tais como m\u00e9dicos, ofertas e retalho de alta gama).<\/li>\n<\/ul>\n<h2 id=\"-2-innovative-magnetic-box-structure-function-and-experience-upgrade-\"><strong>2. Estrutura inovadora da caixa magn\u00e9tica: atualiza\u00e7\u00e3o da fun\u00e7\u00e3o e da experi\u00eancia<\/strong><\/h2>\n<ul>\n<li><strong>Design de fivela magn\u00e9tica lateral<\/strong>: A parte lateral da caixa est\u00e1 equipada com uma posi\u00e7\u00e3o de fivela magn\u00e9tica, que proporciona uma experi\u00eancia de abertura e fecho diferente da embalagem tradicional. \u00c9 est\u00e1vel e fi\u00e1vel quando fechada, e elegante e suave quando aberta, o que aumenta a sensa\u00e7\u00e3o de ritual do utilizador na intera\u00e7\u00e3o.<\/li>\n<li><strong>Conce\u00e7\u00e3o do refor\u00e7o estrutural<\/strong>: Combinado com a base de cart\u00e3o cinzento de alta resist\u00eancia 1200GSM, garante a resist\u00eancia \u00e0 compress\u00e3o e a durabilidade do corpo da caixa e protege a garrafa de \u00f3leo CBD interna do impacto externo durante o transporte ou armazenamento.<\/li>\n<\/ul>\n<h2 id=\"-3-customized-materials-and-craftsmanship-\"><strong>3. Materiais e artesanato personalizados<\/strong><\/h2>\n<ul>\n<li><strong>Combina\u00e7\u00e3o de materiais de alta qualidade<\/strong>: A camada exterior utiliza papel revestido 157G, e a superf\u00edcie \u00e9 coberta com pel\u00edcula mate ou processo UV parcial para melhorar as propriedades t\u00e1cteis e anti-incrustantes; a camada interior \u00e9 combinada com cart\u00e3o cinzento 1200GSM, tendo em conta a dureza e as carater\u00edsticas de prote\u00e7\u00e3o ambiental (recicl\u00e1vel).<\/li>\n<li><strong>Detalhes do artesanato<\/strong>: Suporta processos adicionais, como grava\u00e7\u00e3o em relevo, estampagem a quente e serigrafia, para real\u00e7ar ainda mais o sentido tridimensional e luxuoso dos log\u00f3tipos ou padr\u00f5es da marca.<\/li>\n<\/ul>\n<h2 id=\"-4-flexible-box-type-and-differentiated-design-\"><strong>4. Tipo de caixa flex\u00edvel e design diferenciado<\/strong><\/h2>\n<ul>\n<li><strong>Servi\u00e7o de personaliza\u00e7\u00e3o do tipo de caixa<\/strong>: Fornece uma variedade de tipos de caixas, tais como tampas superiores e inferiores, caixas em forma de livro, caixas de gavetas, etc. O tamanho e os m\u00e9todos de abertura e fecho podem ser ajustados de acordo com as necessidades para responder a diferentes posicionamentos, desde pequenas capacidades port\u00e1teis a presentes luxuosos.<\/li>\n<li><strong>Solu\u00e7\u00e3o de diferencia\u00e7\u00e3o<\/strong>: Atrav\u00e9s do design modular, os clientes podem integrar elementos VI da marca (como LOGO, slogan), combinados com estruturas diferenciadas (como tabuleiro interior em camadas, janela transparente), para melhorar o reconhecimento do produto e a experi\u00eancia do consumidor.<\/li>\n<\/ul>\n<h2 id=\"-5-multifunctional-inner-tray-adaptation-solution-\"><strong>5. Solu\u00e7\u00e3o multifuncional de adapta\u00e7\u00e3o do tabuleiro interior<\/strong><\/h2>\n<ul>\n<li><strong>Materiais diversificados para o tabuleiro interior<\/strong>:<\/li>\n<li><strong>Forro em EVA<\/strong>: Adequado para garrafas de vidro CBD de alto valor, o corpo da garrafa \u00e9 fixado por ranhuras personalizadas, \u00e0 prova de choque e anti-queda.<\/li>\n<li><strong>Tabuleiro interior com flocagem<\/strong>: Real\u00e7a o luxo do toque, adequado para cenas de presentes de alta qualidade.<\/li>\n<li><strong>Moldagem de pasta degrad\u00e1vel<\/strong>: Op\u00e7\u00e3o amiga do ambiente, em conformidade com o conceito de marca sustent\u00e1vel.<\/li>\n<li><strong>Desenho de zonas funcionais<\/strong>: Suporta disposi\u00e7\u00e3o em camadas e em grelha, compat\u00edvel com frascos de \u00f3leo CBD, conta-gotas, manuais e outras necessidades de armazenamento de acess\u00f3rios, tendo em conta a beleza e o car\u00e1cter pr\u00e1tico.<\/li>\n<\/ul>\n<h2 id=\"-6-one-stop-customization-service-and-quality-assurance-\"><strong>6. Servi\u00e7o de personaliza\u00e7\u00e3o e garantia de qualidade num s\u00f3 local<\/strong><\/h2>\n<ul>\n<li><strong>Apoio total ao processo, desde a conce\u00e7\u00e3o at\u00e9 \u00e0 produ\u00e7\u00e3o<\/strong>: Fornecer servi\u00e7os de modela\u00e7\u00e3o e prova 3D para garantir que o efeito do design \u00e9 consistente com o produto real, e as amostras podem ser entregues em apenas 3-5 dias.<\/li>\n<li><strong>Produ\u00e7\u00e3o em massa e log\u00edstica<\/strong>: Suporta uma capacidade de produ\u00e7\u00e3o mensal de milh\u00f5es, e a embalagem utiliza caixas mestras personalizadas para um transporte refor\u00e7ado, cobrindo v\u00e1rios portos como Ningbo e Xangai para exporta\u00e7\u00e3o.<\/li>\n<\/ul>\n<h2 id=\"-summary-of-product-advantages-\"><strong>Resumo das vantagens do produto<\/strong>:<\/h2>\n<ul>\n<li><strong>Posicionamento topo de gama<\/strong>: Atrav\u00e9s da impress\u00e3o a preto simples e da estrutura de suc\u00e7\u00e3o magn\u00e9tica, cria uma textura de embalagem de n\u00edvel luxuoso.<\/li>\n<li><strong>Seguran\u00e7a e conformidade<\/strong>: O material cumpre as normas ambientais internacionais (como o cart\u00e3o cinzento recicl\u00e1vel) e a informa\u00e7\u00e3o do r\u00f3tulo pode ser personalizada de acordo com os regulamentos.<\/li>\n<li><strong>Personaliza\u00e7\u00e3o flex\u00edvel<\/strong>: Desde a forma da caixa at\u00e9 ao tabuleiro interior, satisfaz plenamente as necessidades de diferencia\u00e7\u00e3o da marca e ajuda a melhorar a competitividade do mercado.<\/li>\n<\/ul>","protected":false},"excerpt":{"rendered":"<p>Esta caixa de fecho magn\u00e9tico tem uma fivela na lateral e o m\u00e9todo de troca \u00e9 novo e \u00fanico, o que melhora a textura geral e a firmeza da caixa.<\/p>","protected":false},"featured_media":265,"template":"","meta":{"_kad_post_transparent":"default","_kad_post_title":"","_kad_post_layout":"default","_kad_post_sidebar_id":"","_kad_post_content_style":"default","_kad_post_vertical_padding":"default","_kad_post_feature":"","_kad_post_feature_position":"","_kad_post_header":false,"_kad_post_footer":false,"_kad_post_classname":""},"product_brand":[],"product_cat":[15,17],"product_tag":[78,77,79],"class_list":{"0":"post-260","1":"product","2":"type-product","3":"status-publish","4":"has-post-thumbnail","6":"product_cat-red-light-therapy","7":"product_cat-services","8":"product_tag-cbd-oil-packaging-box","9":"product_tag-customized-weed-packaging","10":"product_tag-weed-cbd-oil-packaging-wholesale","12":"first","13":"instock","14":"shipping-taxable","15":"product-type-simple","16":"entry","17":"content-bg","18":"loop-entry"},"_links":{"self":[{"href":"https:\/\/red-lighttherapy.com\/pt_pt\/wp-json\/wp\/v2\/product\/260","targetHints":{"allow":["GET"]}}],"collection":[{"href":"https:\/\/red-lighttherapy.com\/pt_pt\/wp-json\/wp\/v2\/product"}],"about":[{"href":"https:\/\/red-lighttherapy.com\/pt_pt\/wp-json\/wp\/v2\/types\/product"}],"wp:featuredmedia":[{"embeddable":true,"href":"https:\/\/red-lighttherapy.com\/pt_pt\/wp-json\/wp\/v2\/media\/265"}],"wp:attachment":[{"href":"https:\/\/red-lighttherapy.com\/pt_pt\/wp-json\/wp\/v2\/media?parent=260"}],"wp:term":[{"taxonomy":"product_brand","embeddable":true,"href":"https:\/\/red-lighttherapy.com\/pt_pt\/wp-json\/wp\/v2\/product_brand?post=260"},{"taxonomy":"product_cat","embeddable":true,"href":"https:\/\/red-lighttherapy.com\/pt_pt\/wp-json\/wp\/v2\/product_cat?post=260"},{"taxonomy":"product_tag","embeddable":true,"href":"https:\/\/red-lighttherapy.com\/pt_pt\/wp-json\/wp\/v2\/product_tag?post=260"}],"curies":[{"name":"wp","href":"https:\/\/api.w.org\/{rel}","templated":true}]}}