{"id":254,"date":"2025-04-10T13:05:03","date_gmt":"2025-04-10T13:05:03","guid":{"rendered":"https:\/\/red-lighttherapy.com\/?post_type=product&#038;p=254"},"modified":"2025-04-10T13:36:07","modified_gmt":"2025-04-10T13:36:07","slug":"magnetic-closure-saw-blade-rigid-gift-packaging-box-factory","status":"publish","type":"product","link":"https:\/\/red-lighttherapy.com\/pt_pt\/magnetic-closure-saw-blade-rigid-gift-packaging-box-factory\/","title":{"rendered":"F\u00e1brica de caixa de embalagem de presente r\u00edgida com l\u00e2mina de serra com fecho magn\u00e9tico"},"content":{"rendered":"<h3 id=\"magnetic-sealed-saw-blade-hard-gift-packaging-box\">Caixa de embalagem r\u00edgida para presente com l\u00e2mina de serra magn\u00e9tica selada<\/h3>\n<h2 id=\"-i-core-materials-and-crafts-\"><strong>1. Materiais de base e artesanato<\/strong><\/h2>\n<ol>\n<li><strong>Sele\u00e7\u00e3o de materiais de alta qualidade<\/strong>: O produto utiliza\u00a0<strong>Papel revestido de 157 g<\/strong>\u00a0como papel de montagem de superf\u00edcie, combinado com\u00a0<strong>Cart\u00e3o cinzento de alta densidade de 1200 g<\/strong>\u00a0como substrato de revestimento. A superf\u00edcie do papel revestido \u00e9 processada por\u00a0<strong>processo de impress\u00e3o a quatro cores<\/strong>O cart\u00e3o cinzento tem uma excelente resist\u00eancia \u00e0 compress\u00e3o e planicidade, pode suportar choques durante o transporte e garantir que o corpo da caixa n\u00e3o se deforma durante muito tempo.<\/li>\n<li><strong>Conce\u00e7\u00e3o estrutural de n\u00edvel industrial<\/strong>: O\u00a0<strong>estrutura da caixa flip-top<\/strong>\u00a0e a tampa da caixa \u00e9 convenientemente aberta e fechada atrav\u00e9s de um dispositivo de veda\u00e7\u00e3o magn\u00e9tica. \u00c9 apertada e est\u00e1vel quando fechada, e a\u00a0<strong>modelo de contorno personalizado<\/strong>\u00a0formada pela sobreposi\u00e7\u00e3o da placa cinzenta interna, fixa com precis\u00e3o a l\u00e2mina de serra para evitar que se agite. A estrutura geral tem em conta tanto a exposi\u00e7\u00e3o como a prote\u00e7\u00e3o, sendo adequada para exposi\u00e7\u00e3o em prateleiras ou como embalagem de oferta.<\/li>\n<\/ol>\n<h2 id=\"-ii-visual-design-and-functional-features-\"><strong>2. Conce\u00e7\u00e3o visual e carater\u00edsticas funcionais<\/strong><\/h2>\n<ol>\n<li><strong>Apar\u00eancia tem\u00e1tica<\/strong>:<\/li>\n<li>A cor principal \u00e9\u00a0<strong>preto mate<\/strong>, com\u00a0<strong>padr\u00e3o dente-de-serra branco<\/strong>\u00a0e\u00a0<strong>log\u00f3tipo da marca em verde fluorescente<\/strong>O padr\u00e3o da capa recupera a din\u00e2mica de corte da l\u00e2mina de serra atrav\u00e9s de linhas vectoriais. O padr\u00e3o da capa recupera a din\u00e2mica de corte da l\u00e2mina de serra atrav\u00e9s de linhas vectoriais, transmitindo intuitivamente a finalidade do produto.<\/li>\n<li>A conce\u00e7\u00e3o integra o\u00a0<strong>minimalismo<\/strong>\u00a0sem elementos decorativos redundantes, real\u00e7ando os atributos das ferramentas profissionais e aumentando o reconhecimento da marca.<\/li>\n<li><strong>Otimiza\u00e7\u00e3o do revestimento<\/strong>: A cavidade interior utiliza\u00a0<strong>3-4 camadas de cart\u00e3o cinzento sobrepostas ao corte<\/strong>e utiliza a tecnologia de corte e vinco CNC para moldar a ranhura que se adapta \u00e0 forma da l\u00e2mina de serra, de modo a proporcionar uma prote\u00e7\u00e3o completa do amortecedor. O forro branco contrasta com o corpo preto da caixa, aumentando a sensa\u00e7\u00e3o de cerim\u00f3nia quando o produto \u00e9 retirado.<\/li>\n<\/ol>\n<h2 id=\"-three-customized-services-and-production-guarantee-\"><strong>3. Servi\u00e7os personalizados e garantia de produ\u00e7\u00e3o<\/strong><\/h2>\n<ol>\n<li><strong>Esquema de personaliza\u00e7\u00e3o flex\u00edvel<\/strong>:<\/li>\n<li>Apoio\u00a0<strong>ajuste de tamanho<\/strong>\u00a0(adaptar-se a l\u00e2minas de serra de diferentes especifica\u00e7\u00f5es),\u00a0<strong>remodela\u00e7\u00e3o de padr\u00f5es<\/strong>\u00a0(LOGO substitu\u00edvel, texto e elementos gr\u00e1ficos),\u00a0<strong>atualiza\u00e7\u00e3o de material<\/strong>\u00a0(como a substitui\u00e7\u00e3o por papel especial ou a adi\u00e7\u00e3o de um processo de estampagem a quente).<\/li>\n<li>Fornecer\u00a0<strong>Algod\u00e3o p\u00e9rola EPE<\/strong>\u00a0ou\u00a0<strong>tabuleiro de blister<\/strong>\u00a0e outros acess\u00f3rios para tamp\u00f5es para satisfazer as necessidades das embalagens para presentes topo de gama.<\/li>\n<li><strong>Controlo de qualidade e entrega em liga\u00e7\u00e3o total<\/strong>:<\/li>\n<li>Adotar\u00a0<strong>m\u00e1quina de corte e vinco totalmente autom\u00e1tica<\/strong>\u00a0e\u00a0<strong>m\u00e1quina de impress\u00e3o a quatro cores de alta velocidade<\/strong>A empresa tem uma capacidade de produ\u00e7\u00e3o m\u00e9dia di\u00e1ria de 10.000 pe\u00e7as, suportando a entrega de encomendas urgentes em 7-10 dias.<\/li>\n<li>Implementar\u00a0<strong>sistema de inspe\u00e7\u00e3o de qualidade de tr\u00eas n\u00edveis<\/strong>: inspe\u00e7\u00e3o do armazenamento da mat\u00e9ria-prima (teor de humidade do cart\u00e3o cinzento \u22648%), teste de nivelamento do produto semi-acabado, teste de compress\u00e3o e queda do produto acabado.<\/li>\n<\/ol>\n<h2 id=\"-fourth-application-scenarios-and-competitive-advantages-\"><strong>4. Cen\u00e1rios de aplica\u00e7\u00e3o e vantagens competitivas<\/strong><\/h2>\n<ol>\n<li><strong>Dom\u00ednios aplic\u00e1veis<\/strong>: Concebido especificamente para\u00a0<strong>marcas de l\u00e2minas de serra para uso industrial<\/strong>,\u00a0<strong>conjuntos de oferta de ferramentas de ferragens<\/strong>\u00a0e\u00a0<strong>acess\u00f3rios para equipamentos mec\u00e2nicos topo de gama<\/strong>A m\u00e1quina \u00e9 adequada para exposi\u00e7\u00e3o em supermercados, transporte de com\u00e9rcio eletr\u00f3nico, brindes de exposi\u00e7\u00f5es e outros cen\u00e1rios.<\/li>\n<li><strong>Principais vantagens<\/strong>:<\/li>\n<li><strong>Conce\u00e7\u00e3o diferenciada<\/strong>: Combinando funcionalidade e est\u00e9tica, quebrando o estere\u00f3tipo da embalagem tradicional de ferramentas.<\/li>\n<li><strong>Conformidade ambiental<\/strong>: Tanto o cart\u00e3o cinzento como o papel revestido est\u00e3o em conformidade com a certifica\u00e7\u00e3o FSC e apoiam a reciclagem.<\/li>\n<li><strong>Servi\u00e7o de balc\u00e3o \u00fanico<\/strong>: Desde o projeto de design at\u00e9 \u00e0 embalagem do produto acabado, prestamos apoio em todo o processo de prova, produ\u00e7\u00e3o e log\u00edstica.<\/li>\n<\/ol>\n<h2 id=\"-technical-parameters-example-\"><strong>Par\u00e2metros t\u00e9cnicos<\/strong>\u00a0(exemplo)<\/h2>\n<table>\n<thead>\n<tr>\n<th>Item<\/th>\n<th>Valor standard<\/th>\n<\/tr>\n<\/thead>\n<tbody>\n<tr>\n<td>Peso do cart\u00e3o cinzento<\/td>\n<td>1200g (\u00b15%)<\/td>\n<\/tr>\n<tr>\n<td>Impress\u00e3o de superf\u00edcie<\/td>\n<td>CMYK + lamina\u00e7\u00e3o mate<\/td>\n<\/tr>\n<tr>\n<td>Capacidade de carga<\/td>\n<td>Resist\u00eancia \u00e0 compress\u00e3o est\u00e1tica \u226550kg<\/td>\n<\/tr>\n<tr>\n<td>Ciclo de entrega<\/td>\n<td>Encomendas normais 7-14 dias<\/td>\n<\/tr>\n<\/tbody>\n<\/table>","protected":false},"excerpt":{"rendered":"<p>O design da caixa desta caixa para l\u00e2minas de serra \u00e9 um design de caixa com fecho magn\u00e9tico. O aspeto baseia-se no elemento da l\u00e2mina de serra como conte\u00fado principal. A tampa \u00e9 impressa com um padr\u00e3o de l\u00e2mina de serra, que transmite o objetivo do produto de forma mais intuitiva.<\/p>","protected":false},"featured_media":255,"template":"","meta":{"_kad_post_transparent":"default","_kad_post_title":"","_kad_post_layout":"default","_kad_post_sidebar_id":"","_kad_post_content_style":"default","_kad_post_vertical_padding":"default","_kad_post_feature":"","_kad_post_feature_position":"","_kad_post_header":false,"_kad_post_footer":false,"_kad_post_classname":""},"product_brand":[],"product_cat":[15,17],"product_tag":[76,75,74],"class_list":{"0":"post-254","1":"product","2":"type-product","3":"status-publish","4":"has-post-thumbnail","6":"product_cat-red-light-therapy","7":"product_cat-services","8":"product_tag-magnetic-closure-saw-blade-box","9":"product_tag-saw-blade-packaging-box-factory","10":"product_tag-saw-blade-rigid-box","12":"first","13":"instock","14":"shipping-taxable","15":"product-type-simple","16":"entry","17":"content-bg","18":"loop-entry"},"_links":{"self":[{"href":"https:\/\/red-lighttherapy.com\/pt_pt\/wp-json\/wp\/v2\/product\/254","targetHints":{"allow":["GET"]}}],"collection":[{"href":"https:\/\/red-lighttherapy.com\/pt_pt\/wp-json\/wp\/v2\/product"}],"about":[{"href":"https:\/\/red-lighttherapy.com\/pt_pt\/wp-json\/wp\/v2\/types\/product"}],"wp:featuredmedia":[{"embeddable":true,"href":"https:\/\/red-lighttherapy.com\/pt_pt\/wp-json\/wp\/v2\/media\/255"}],"wp:attachment":[{"href":"https:\/\/red-lighttherapy.com\/pt_pt\/wp-json\/wp\/v2\/media?parent=254"}],"wp:term":[{"taxonomy":"product_brand","embeddable":true,"href":"https:\/\/red-lighttherapy.com\/pt_pt\/wp-json\/wp\/v2\/product_brand?post=254"},{"taxonomy":"product_cat","embeddable":true,"href":"https:\/\/red-lighttherapy.com\/pt_pt\/wp-json\/wp\/v2\/product_cat?post=254"},{"taxonomy":"product_tag","embeddable":true,"href":"https:\/\/red-lighttherapy.com\/pt_pt\/wp-json\/wp\/v2\/product_tag?post=254"}],"curies":[{"name":"wp","href":"https:\/\/api.w.org\/{rel}","templated":true}]}}