{"id":248,"date":"2025-04-10T12:46:08","date_gmt":"2025-04-10T12:46:08","guid":{"rendered":"https:\/\/red-lighttherapy.com\/?post_type=product&#038;p=248"},"modified":"2025-04-10T13:04:37","modified_gmt":"2025-04-10T13:04:37","slug":"luxury-food-tea-irregular-shaped-gift-packaging-box-suppliers","status":"publish","type":"product","link":"https:\/\/red-lighttherapy.com\/pt_pt\/luxury-food-tea-irregular-shaped-gift-packaging-box-suppliers\/","title":{"rendered":"Caixa de embalagem de presente de forma irregular para ch\u00e1 de alimentos de luxo Fornecedores"},"content":{"rendered":"<h2 id=\"luxury-food-tea-shaped-gift-box\">Caixa de embalagem de presente de forma irregular para ch\u00e1 de alimentos de luxo Fornecedores<\/h2>\n<p>Como l\u00edder inovador no dom\u00ednio das embalagens para presentes de alta qualidade, estamos empenhados em integrar a est\u00e9tica art\u00edstica com fun\u00e7\u00f5es pr\u00e1ticas, e lan\u00e7\u00e1mos a\u00a0<strong>Caixa para oferta de ch\u00e1 em forma octogonal S\u00e9rie<\/strong>especialmente concebida para marcas de ch\u00e1 e de produtos alimentares de alta qualidade, para criar solu\u00e7\u00f5es de embalagem com reconhecimento e qualidade. Seguem-se as principais vantagens e os pormenores t\u00e9cnicos do produto:<\/p>\n<h2 id=\"-1-material-and-structure-scientific-protection-stable-and-durable-\"><strong>1. Material e estrutura: prote\u00e7\u00e3o cient\u00edfica, est\u00e1vel e duradoura<\/strong><\/h2>\n<ul>\n<li><strong>Esqueleto em cart\u00e3o cinzento de alta resist\u00eancia<\/strong>: A placa cinzenta de alta densidade \u00e9 utilizada como estrutura de suporte interna, combinada com o processo de cobertura de papel revestido de 300g, atrav\u00e9s de uma tecnologia precisa de corte e indenta\u00e7\u00e3o para formar uma forma de caixa tridimensional octogonal, a resist\u00eancia \u00e0 compress\u00e3o \u00e9 aumentada em 40%, garantindo que o corpo da caixa n\u00e3o se deforma nem racha durante o transporte.<\/li>\n<li><strong>Conce\u00e7\u00e3o do revestimento tamp\u00e3o<\/strong>: A configura\u00e7\u00e3o interna \u00e9 um tabuleiro interior moldado em EVA branco de pe\u00e7a \u00fanica, que \u00e9 adaptado com precis\u00e3o ao ch\u00e1 independente de pequenas embalagens (como o ch\u00e1 ensacado de 5g\/8g) atrav\u00e9s da ranhura para cart\u00f5es dividida, combinada com a estrutura ondulada do amortecedor, absorve eficazmente a vibra\u00e7\u00e3o do transporte e evita a desloca\u00e7\u00e3o do produto ou danos por colis\u00e3o.<\/li>\n<\/ul>\n<h2 id=\"-ii-innovative-design-fusion-of-geometric-aesthetics-and-cultural-symbols-\"><strong>2. Design inovador: fus\u00e3o de est\u00e9tica geom\u00e9trica e s\u00edmbolos culturais<\/strong><\/h2>\n<ul>\n<li><strong>Caixa octogonal de formato especial<\/strong>: Rompendo com a tradicional forma de caixa quadrada, com a estrutura geom\u00e9trica octogonal como linguagem central do design, as linhas angulares s\u00e3o simultaneamente duras e suaves, o que n\u00e3o s\u00f3 ecoa o significado auspicioso de \"riqueza vinda de todas as direc\u00e7\u00f5es\" na cultura tradicional, mas tamb\u00e9m confere carater\u00edsticas est\u00e9ticas modernas e minimalistas, e o reconhecimento da exposi\u00e7\u00e3o na prateleira \u00e9 aumentado em 60%.<\/li>\n<li><strong>Sistema visual a cores<\/strong>: A cor principal \u00e9 o branco mate puro, que simboliza a pureza natural do ch\u00e1; as linhas vermelhas mate s\u00e3o utilizadas para delinear os contornos e o processo local de estampagem a quente \u00e9 utilizado para apresentar padr\u00f5es tradicionais, tais como padr\u00f5es de nuvens e padr\u00f5es de chevron, formando um contraste de tr\u00eas cores vermelho-ouro-branco, combinando a eleg\u00e2ncia oriental e o sentido de moda internacional.<\/li>\n<\/ul>\n<h2 id=\"-iii-process-details-seiko-quality-sensory-upgrade-\"><strong>3. Pormenores do processo: Qualidade Seiko, atualiza\u00e7\u00e3o sensorial<\/strong><\/h2>\n<ul>\n<li><strong>Tecnologia de impress\u00e3o de alta defini\u00e7\u00e3o<\/strong>: A impress\u00e3o offset a cinco cores combinada com a tecnologia UV local \u00e9 utilizada para obter uma reprodu\u00e7\u00e3o de cor do padr\u00e3o 98%. Os elementos dourados s\u00e3o apresentados com um brilho tridimensional atrav\u00e9s de estampagem a frio ou tecnologia de p\u00f3 de sete cores. O erro de precis\u00e3o dos bordos \u00e9 \u22640,1 mm, eliminando defeitos como o transbordo e as rebarbas.<\/li>\n<li><strong>Tratamento da textura da superf\u00edcie<\/strong>: A pel\u00edcula mate ou a pel\u00edcula de veludo t\u00e1til \u00e9 aplicada para melhorar a resist\u00eancia ao desgaste e o processo de grava\u00e7\u00e3o \u00e9 utilizado para melhorar o sentido tridimensional do LOGOTIPO da marca. Quando as pontas dos dedos lhe tocam, apresenta uma delicada textura mate ou aveludada, proporcionando uma experi\u00eancia de topo de gama desde a vis\u00e3o ao tato.<\/li>\n<\/ul>\n<h2 id=\"-fourth-customized-service-in-depth-adaptation-to-brand-needs-\"><strong>4. Servi\u00e7o personalizado: adapta\u00e7\u00e3o em profundidade \u00e0s necessidades da marca<\/strong><\/h2>\n<ul>\n<li><strong>Dimens\u00f5es de personaliza\u00e7\u00e3o flex\u00edveis<\/strong>:<\/li>\n<li><strong>Ajuste do tipo de caixa<\/strong>: Suporta o ajuste fino do \u00e2ngulo octogonal (como \u00e2ngulo agudo de 60\u00b0 ou \u00e2ngulo obtuso de 120\u00b0), expans\u00e3o do tamanho (a altura 50-300mm pode ser personalizada) e \u00e9 adequada para latas de ch\u00e1 ou embalagens de alimentos de diferentes especifica\u00e7\u00f5es.<\/li>\n<li><strong>Conce\u00e7\u00e3o visual<\/strong>: Fornecer impress\u00e3o a quente do LOGOTIPO da marca\/serigrafia, otimiza\u00e7\u00e3o da disposi\u00e7\u00e3o gr\u00e1fica, implanta\u00e7\u00e3o de elementos culturais (como fontes de caligrafia, s\u00edmbolos regionais) e 20 bibliotecas de disposi\u00e7\u00e3o b\u00e1sica podem adaptar-se rapidamente \u00e0s necessidades.<\/li>\n<li><strong>Processo de servi\u00e7o de balc\u00e3o \u00fanico<\/strong>: Desde a prova de modela\u00e7\u00e3o 3D, sele\u00e7\u00e3o de materiais at\u00e9 \u00e0 produ\u00e7\u00e3o em massa, a primeira confirma\u00e7\u00e3o de amostra \u00e9 conclu\u00edda em 15 dias e a quantidade m\u00ednima de encomenda de 3.000 pe\u00e7as \u00e9 entregue em 30 dias, apoiando o acompanhamento log\u00edstico global.<\/li>\n<\/ul>\n<h2 id=\"-v-quality-control-and-environmental-protection-strict-standards-sustainable-concept-\"><strong>5. Controlo da qualidade e prote\u00e7\u00e3o do ambiente: Normas rigorosas, conceito sustent\u00e1vel<\/strong><\/h2>\n<ul>\n<li><strong>Inspe\u00e7\u00e3o da qualidade em toda a cadeia<\/strong>: Aprovado na certifica\u00e7\u00e3o do sistema de qualidade ISO9001, 12 indicadores como a densidade do cart\u00e3o cinzento (\u2265800g\/m\u00b3) e a resist\u00eancia ao rebentamento do papel revestido (\u2265400kPa) s\u00e3o testados lote a lote para garantir a conformidade com as normas de seguran\u00e7a de qualidade alimentar.<\/li>\n<li><strong>Sistema de produ\u00e7\u00e3o verde<\/strong>: Adoptando papel ecol\u00f3gico certificado pelo FSC e tinta \u00e0 base de \u00e1gua, o processo de produ\u00e7\u00e3o atinge uma descarga zero de \u00e1guas residuais e a caixa de oferta pode ser reciclada e degradada a uma taxa superior a 90%, ajudando a marca a implementar a estrat\u00e9gia ESG.<\/li>\n<\/ul>\n<h2 id=\"application-scenarios-and-value-empowerment\">Cen\u00e1rios de aplica\u00e7\u00e3o e Value Empowerment<\/h2>\n<p>Esta s\u00e9rie de caixas de oferta \u00e9 adequada para cen\u00e1rios de oferta de alta qualidade, como ch\u00e1 Pu'er, ch\u00e1 de pedra e alimentos preciosos, especialmente para\u00a0<strong>presentes para empresas, nomes comuns de marcas, edi\u00e7\u00f5es limitadas de f\u00e9rias<\/strong>\u00a0e outras necessidades de marketing. Atrav\u00e9s de um design octogonal diferenciado, implanta\u00e7\u00e3o de s\u00edmbolos culturais e servi\u00e7os personalizados, ajuda as marcas a estabelecer\u00a0<strong>\"reconhecimento num relance\"<\/strong>\u00a0mem\u00f3ria visual entre produtos concorrentes semelhantes e aumentar o espa\u00e7o premium do produto em mais de 30%.<\/p>","protected":false},"excerpt":{"rendered":"<p>A forma desta caixa de oferta tem um design octogonal, com um forro branco no interior e um design de estrutura divis\u00f3ria, que pode encaixar com precis\u00e3o a pequena embalagem de ch\u00e1 no interior e fixar a posi\u00e7\u00e3o do produto, combinando praticidade e beleza.<\/p>","protected":false},"featured_media":250,"template":"","meta":{"_kad_post_transparent":"default","_kad_post_title":"","_kad_post_layout":"default","_kad_post_sidebar_id":"","_kad_post_content_style":"default","_kad_post_vertical_padding":"default","_kad_post_feature":"","_kad_post_feature_position":"","_kad_post_header":false,"_kad_post_footer":false,"_kad_post_classname":""},"product_brand":[],"product_cat":[15,17],"product_tag":[73,71,72],"class_list":{"0":"post-248","1":"product","2":"type-product","3":"status-publish","4":"has-post-thumbnail","6":"product_cat-red-light-therapy","7":"product_cat-services","8":"product_tag-food-tea-box-suppliers","9":"product_tag-food-tea-gift-packaging","10":"product_tag-luxury-food-gift-box","12":"first","13":"instock","14":"shipping-taxable","15":"product-type-simple","16":"entry","17":"content-bg","18":"loop-entry"},"_links":{"self":[{"href":"https:\/\/red-lighttherapy.com\/pt_pt\/wp-json\/wp\/v2\/product\/248","targetHints":{"allow":["GET"]}}],"collection":[{"href":"https:\/\/red-lighttherapy.com\/pt_pt\/wp-json\/wp\/v2\/product"}],"about":[{"href":"https:\/\/red-lighttherapy.com\/pt_pt\/wp-json\/wp\/v2\/types\/product"}],"wp:featuredmedia":[{"embeddable":true,"href":"https:\/\/red-lighttherapy.com\/pt_pt\/wp-json\/wp\/v2\/media\/250"}],"wp:attachment":[{"href":"https:\/\/red-lighttherapy.com\/pt_pt\/wp-json\/wp\/v2\/media?parent=248"}],"wp:term":[{"taxonomy":"product_brand","embeddable":true,"href":"https:\/\/red-lighttherapy.com\/pt_pt\/wp-json\/wp\/v2\/product_brand?post=248"},{"taxonomy":"product_cat","embeddable":true,"href":"https:\/\/red-lighttherapy.com\/pt_pt\/wp-json\/wp\/v2\/product_cat?post=248"},{"taxonomy":"product_tag","embeddable":true,"href":"https:\/\/red-lighttherapy.com\/pt_pt\/wp-json\/wp\/v2\/product_tag?post=248"}],"curies":[{"name":"wp","href":"https:\/\/api.w.org\/{rel}","templated":true}]}}