{"id":230,"date":"2025-04-10T12:08:58","date_gmt":"2025-04-10T12:08:58","guid":{"rendered":"https:\/\/red-lighttherapy.com\/?post_type=product&#038;p=230"},"modified":"2025-04-10T12:20:59","modified_gmt":"2025-04-10T12:20:59","slug":"custom-advent-calendar-skincare-beauty-gift-box-wholesale","status":"publish","type":"product","link":"https:\/\/red-lighttherapy.com\/pt_pt\/custom-advent-calendar-skincare-beauty-gift-box-wholesale\/","title":{"rendered":"Calend\u00e1rio do Advento personalizado Caixa de oferta de beleza para cuidados com a pele por grosso"},"content":{"rendered":"<h2 id=\"customized-christmas-countdown-calendar-skin-care-beauty-gift-box-product-description\">Calend\u00e1rio do Advento personalizado Caixa de oferta de beleza para cuidados com a pele por atacado Descri\u00e7\u00e3o do produto<\/h2>\n<h2 id=\"-i-product-design-concept-\"><strong>1. Conceito de conce\u00e7\u00e3o do produto<\/strong><\/h2>\n<p>Esta caixa-presente de Natal com calend\u00e1rio de contagem decrescente para cuidados com a pele e beleza tem como ponto central o \"sentido ritual brilhante\", combina a atmosfera festiva e a experi\u00eancia de cuidados com a pele e cria uma caixa-presente criativa com est\u00e9tica e funcionalidade. A caixa de oferta utiliza um inv\u00f3lucro de papel especial cinzento-prateado e a superf\u00edcie est\u00e1 integrada com tecnologia de brilho. Sob a refra\u00e7\u00e3o da luz, apresenta um efeito de estrela brilhante. Com um design de tampa de caixa de duas folhas, a abertura e o fecho mostram a disposi\u00e7\u00e3o regular da grelha no interior, que tem um forte impacto visual e uma textura de alta qualidade, satisfazendo as necessidades de personaliza\u00e7\u00e3o e requinte dos grupos jovens.<\/p>\n<h2 id=\"-ii-core-functions-and-design-highlights-\"><strong>2. Fun\u00e7\u00f5es principais e destaques da conce\u00e7\u00e3o<\/strong><\/h2>\n<ol>\n<li><strong>Aspeto e material<\/strong><\/li>\n<li><strong>Inv\u00f3lucro de papel especial<\/strong>: \u00c9 selecionado papel especial perolado ou papel brilhante, a base cinzento-prateada \u00e9 combinada com um revestimento brilhante, que tem um toque delicado e \u00e9 resistente ao desgaste e \u00e0 dobragem, refor\u00e7ando o luxo e a prote\u00e7\u00e3o ambiental da caixa de presente.<\/li>\n<li><strong>Estrutura de folha dupla<\/strong>: A tampa da caixa adopta um design magn\u00e9tico de abertura e fecho. Ap\u00f3s a abertura, os 18 pequenos quadrados no interior s\u00e3o vis\u00edveis \u00e0 primeira vista, o que \u00e9 conveniente para mostrar o sentido ritual da exposi\u00e7\u00e3o do produto.<\/li>\n<li><strong>Estrutura interna interactiva<\/strong><\/li>\n<li><strong>Caixa de cubos digital<\/strong>: Cada quadrado tem um cubo de acr\u00edlico branco ou de papel ecol\u00f3gico incorporado, com n\u00fameros pretos em relevo (1-18) impressos na superf\u00edcie, que permitem a marca\u00e7\u00e3o de datas personalizadas (como a contagem decrescente do Natal, ciclo de anivers\u00e1rio).<\/li>\n<li><strong>Conce\u00e7\u00e3o de acesso flex\u00edvel<\/strong>: Os cubos podem ser retirados separadamente, o que \u00e9 conveniente para os consumidores abrirem por data e aumentarem a divers\u00e3o da utiliza\u00e7\u00e3o; a pequena caixa pode ser adaptada a diferentes especifica\u00e7\u00f5es de amostras de cuidados da pele ou de mini-maquilhagem (como 5 ml de ess\u00eancia, 3 g de creme).<\/li>\n<li><strong>Aplicabilidade em v\u00e1rias cenas<\/strong><\/li>\n<li><strong>Personaliza\u00e7\u00e3o de f\u00e9rias<\/strong>: Suporta o ajuste do intervalo de n\u00fameros (como 1-24) ou a substitui\u00e7\u00e3o de padr\u00f5es tem\u00e1ticos de f\u00e9rias (flocos de neve de Natal, cora\u00e7\u00f5es do Dia dos Namorados), adequados para o Natal, anivers\u00e1rios e outras cenas.<\/li>\n<li><strong>Co-branding de marcas<\/strong>: O log\u00f3tipo da marca pode ser gravado a quente no inv\u00f3lucro, ou as categorias especificadas pelo cliente (como amostras de perfume, creme para as m\u00e3os) podem ser integradas na combina\u00e7\u00e3o de produtos incorporados para refor\u00e7ar o sentido exclusivo da marca.<\/li>\n<\/ol>\n<h2 id=\"-three-customized-service-solutions-\"><strong>3. Solu\u00e7\u00f5es de servi\u00e7o personalizadas<\/strong><\/h2>\n<ol>\n<li><strong>Conce\u00e7\u00e3o de embalagens<\/strong><\/li>\n<li><strong>Sele\u00e7\u00e3o de materiais<\/strong>: Fornece papel perolado, papel t\u00e1til, papel com enchimento de couro e outras op\u00e7\u00f5es de papel especial, suporta estampagem a quente, impress\u00e3o UV, grava\u00e7\u00e3o em relevo e outros processos.<\/li>\n<li><strong>Cor e padr\u00e3o<\/strong>: Para al\u00e9m do brilho cinzento-prateado, pode personalizar o dourado azul-escuro, o dourado rosa e outras cores, ou adicionar ilustra\u00e7\u00f5es limitadas a feriados (como a noite estrelada de inverno, o tema da aurora).<\/li>\n<li><strong>Configura\u00e7\u00e3o do conte\u00fado<\/strong><\/li>\n<li><strong>Combina\u00e7\u00e3o de produtos<\/strong>: Combine produtos de cuidados da pele, maquilhagem, amostras de fragr\u00e2ncias de acordo com as necessidades do cliente, ou adicione cart\u00f5es interactivos, cup\u00f5es e outros conte\u00fados de valor acrescentado.<\/li>\n<li><strong>Adapta\u00e7\u00e3o das especifica\u00e7\u00f5es<\/strong>: Suporte para ajuste do tamanho do cubo, compat\u00edvel com produtos de diferentes capacidades.<\/li>\n<li><strong>Vantagens da compra em lote<\/strong><\/li>\n<li><strong>Quantidade m\u00ednima de encomenda flex\u00edvel<\/strong>: Fornecer encomendas experimentais de pequenos lotes a servi\u00e7os de produ\u00e7\u00e3o em grande escala para satisfazer as necessidades de promo\u00e7\u00f5es de marcas, brindes de empresas, etc.<\/li>\n<li><strong>Certifica\u00e7\u00e3o ambiental<\/strong>: Utilizar papel certificado pelo FSC e materiais degrad\u00e1veis para responder \u00e0 tend\u00eancia das embalagens sustent\u00e1veis.<\/li>\n<\/ol>\n<h2 id=\"-fourth-applicable-scenarios-and-marketing-value-\"><strong>4. Cen\u00e1rios aplic\u00e1veis e valor de marketing<\/strong><\/h2>\n<ul>\n<li><strong>Marketing de f\u00e9rias<\/strong>: Sendo uma caixa de presente de Natal de edi\u00e7\u00e3o limitada, atrai os consumidores atrav\u00e9s do conceito de \"uma surpresa por dia\" e refor\u00e7a a fidelidade \u00e0 marca.<\/li>\n<li><strong>Oferta para membros<\/strong>: Associado a produtos de cuidados da pele de alta qualidade ou a novos produtos exclusivos, \u00e9 utilizado para actividades de manuten\u00e7\u00e3o de clientes VIP ou de resgate de pontos.<\/li>\n<li><strong>Comunica\u00e7\u00e3o nas redes sociais<\/strong>: Com um design de alto valor e uma jogabilidade interactiva, inspira os utilizadores a desembalar e a partilhar, e aumenta a exposi\u00e7\u00e3o da marca.<\/li>\n<\/ul>\n<h2 id=\"-five-technical-parameters-and-delivery-\"><strong>5. Par\u00e2metros t\u00e9cnicos e entrega<\/strong><\/h2>\n<ul>\n<li><strong>Tamanho<\/strong>: Pode ser personalizado de acordo com as suas necessidades.<\/li>\n<li><strong>Ciclo de produ\u00e7\u00e3o<\/strong>: 7-14 dias \u00fateis (consoante a complexidade da personaliza\u00e7\u00e3o).<\/li>\n<li><strong>Embalagem<\/strong>: Cada caixa de oferta est\u00e1 equipada com um saco para o p\u00f3 e uma fita de oferta, e suporta a impress\u00e3o personalizada da caixa exterior da caixa de oferta.<\/li>\n<\/ul>","protected":false},"excerpt":{"rendered":"<p>Esta caixa do calend\u00e1rio do advento tem uma forma quadrada, com um revestimento exterior cinzento-prateado e purpurinas brilhantes na superf\u00edcie. \u00c9 feita de papel especial, o que torna toda a caixa visualmente deslumbrante e com uma textura requintada.<\/p>","protected":false},"featured_media":232,"template":"","meta":{"_kad_post_transparent":"default","_kad_post_title":"","_kad_post_layout":"default","_kad_post_sidebar_id":"","_kad_post_content_style":"default","_kad_post_vertical_padding":"default","_kad_post_feature":"","_kad_post_feature_position":"","_kad_post_header":false,"_kad_post_footer":false,"_kad_post_classname":""},"product_brand":[],"product_cat":[15,28,17],"product_tag":[62,63,64],"class_list":{"0":"post-230","1":"product","2":"type-product","3":"status-publish","4":"has-post-thumbnail","6":"product_cat-red-light-therapy","7":"product_cat-customize","8":"product_cat-services","9":"product_tag-advent-calendar-skincare-box","10":"product_tag-beauty-gift-box-wholesale","11":"product_tag-skincare-gift-box","13":"first","14":"instock","15":"shipping-taxable","16":"product-type-simple","17":"entry","18":"content-bg","19":"loop-entry"},"_links":{"self":[{"href":"https:\/\/red-lighttherapy.com\/pt_pt\/wp-json\/wp\/v2\/product\/230","targetHints":{"allow":["GET"]}}],"collection":[{"href":"https:\/\/red-lighttherapy.com\/pt_pt\/wp-json\/wp\/v2\/product"}],"about":[{"href":"https:\/\/red-lighttherapy.com\/pt_pt\/wp-json\/wp\/v2\/types\/product"}],"wp:featuredmedia":[{"embeddable":true,"href":"https:\/\/red-lighttherapy.com\/pt_pt\/wp-json\/wp\/v2\/media\/232"}],"wp:attachment":[{"href":"https:\/\/red-lighttherapy.com\/pt_pt\/wp-json\/wp\/v2\/media?parent=230"}],"wp:term":[{"taxonomy":"product_brand","embeddable":true,"href":"https:\/\/red-lighttherapy.com\/pt_pt\/wp-json\/wp\/v2\/product_brand?post=230"},{"taxonomy":"product_cat","embeddable":true,"href":"https:\/\/red-lighttherapy.com\/pt_pt\/wp-json\/wp\/v2\/product_cat?post=230"},{"taxonomy":"product_tag","embeddable":true,"href":"https:\/\/red-lighttherapy.com\/pt_pt\/wp-json\/wp\/v2\/product_tag?post=230"}],"curies":[{"name":"wp","href":"https:\/\/api.w.org\/{rel}","templated":true}]}}