{"id":224,"date":"2025-04-10T11:54:03","date_gmt":"2025-04-10T11:54:03","guid":{"rendered":"https:\/\/red-lighttherapy.com\/?post_type=product&#038;p=224"},"modified":"2025-04-10T12:08:39","modified_gmt":"2025-04-10T12:08:39","slug":"high-quality-customized-jewelry-drawer-gift-box-wholesale","status":"publish","type":"product","link":"https:\/\/red-lighttherapy.com\/pt_pt\/high-quality-customized-jewelry-drawer-gift-box-wholesale\/","title":{"rendered":"Caixa de presente de gaveta de j\u00f3ias personalizada de alta qualidade por atacado"},"content":{"rendered":"<h2 id=\"-high-quality-custom-jewelry-drawer-gift-box-product-description-\"><strong>Caixa de j\u00f3ias personalizada de alta qualidade para gaveta Descri\u00e7\u00e3o do produto<\/strong><\/h2>\n<h2 id=\"-1-environmentally-friendly-materials-ingenious-choice-\"><strong>1. Materiais amigos do ambiente, escolha engenhosa<\/strong><\/h2>\n<p>Esta caixa de presente para gaveta de j\u00f3ias utiliza\u00a0<strong>papel revestido e cart\u00e3o preto cinzento simples<\/strong>\u00a0como materiais de base, tendo em conta a prote\u00e7\u00e3o ambiental e a durabilidade.<\/p>\n<ul>\n<li><strong>Papel revestido<\/strong>: A superf\u00edcie \u00e9 lisa e delicada, e o alto brilho garante que a cor da impress\u00e3o seja completa. Ao mesmo tempo, tem uma excelente resist\u00eancia ao rasgo e \u00e0 press\u00e3o, proporcionando uma prote\u00e7\u00e3o s\u00f3lida para as j\u00f3ias.<\/li>\n<li><strong>Quadro \u00fanico preto cinzento<\/strong>: \u00c9 processado com tecnologia amiga do ambiente, n\u00e3o tem odor irritante, cumpre as normas ambientais internacionais (como a RoHS), tem rigidez e resist\u00eancia \u00e0 deforma\u00e7\u00e3o e \u00e9 adequado para transporte de longa dist\u00e2ncia e armazenamento a longo prazo.<\/li>\n<li><strong>Certifica\u00e7\u00e3o ambiental<\/strong>: Todos os materiais passaram a certifica\u00e7\u00e3o florestal FSC e os testes de degrada\u00e7\u00e3o, ajudando a marca a praticar o conceito de desenvolvimento sustent\u00e1vel.<\/li>\n<\/ul>\n<h2 id=\"-two-and-four-color-printing-technology-artistic-brand-expression-\"><strong>2. E tecnologia de impress\u00e3o a quatro cores, express\u00e3o art\u00edstica da marca<\/strong><\/h2>\n<p>Atrav\u00e9s de\u00a0<strong>tecnologia de impress\u00e3o a quatro cores (CMYK)<\/strong>O log\u00f3tipo da marca e os elementos visuais s\u00e3o restaurados com precis\u00e3o, dando \u00e0 caixa de presente uma apresenta\u00e7\u00e3o art\u00edstica:<\/p>\n<ul>\n<li><strong>Impress\u00e3o de alta defini\u00e7\u00e3o<\/strong>: S\u00e3o utilizados pontos de alta precis\u00e3o de 300 linhas\/polegada para garantir que as margens das fontes do LOGOTIPO s\u00e3o n\u00edtidas e claras, os detalhes s\u00e3o distintos e os problemas de diferen\u00e7a de cor e de manchas s\u00e3o evitados.<\/li>\n<li><strong>Desempenho da cor<\/strong>: Atrav\u00e9s da sobreposi\u00e7\u00e3o de ciano, magenta, amarelo e preto,\u00a0<strong>99% Cobertura da gama de cores Pantone<\/strong>\u00a0\u00e9 alcan\u00e7ada, correspondendo exatamente ao sistema VI da marca e refor\u00e7ando a unidade visual.<\/li>\n<li><strong>Tecnologia de fontes em dourado mate<\/strong>: A cor preta principal \u00e9 combinada com\u00a0<strong>estampagem parcial a quente em dourado mate<\/strong>A fonte apresenta uma textura de metal fosco, formando um contraste claro e escuro com o corpo da caixa, mostrando um estilo luxuoso de uma forma discreta.<\/li>\n<\/ul>\n<h2 id=\"-three-black-and-gold-aesthetic-design-creating-visual-memory-points-\"><strong>3. Design est\u00e9tico preto e dourado, criando pontos de mem\u00f3ria visual<\/strong><\/h2>\n<p>Utilizar\u00a0<strong>estilo minimalista preto e dourado<\/strong>\u00a0como linguagem de design central, criamos s\u00edmbolos est\u00e9ticos exclusivos da marca:<\/p>\n<ul>\n<li><strong>Cor principal a condizer<\/strong>: A base preta cl\u00e1ssica simboliza estabilidade e mist\u00e9rio, e o log\u00f3tipo dourado mate real\u00e7a o foco visual. O contraste de cores \u00e9 forte e estratificado.<\/li>\n<li><strong>Integra\u00e7\u00e3o do log\u00f3tipo da marca<\/strong>: O LOGOTIPO adopta a tecnologia de relevo incorporado ou a impress\u00e3o tridimensional UV, que se liga perfeitamente ao corpo da caixa, melhora o reconhecimento t\u00e1til e visual e refor\u00e7a a notoriedade da marca.<\/li>\n<li><strong>Experi\u00eancia interactiva pull-out<\/strong>: A fita dourada puxa suavemente e sem impedimentos, e o design de abertura em forma de gaveta proporciona\u00a0<strong>um sentido de ritual para abrir a caixa<\/strong>que responde \u00e0s necessidades emocionais de \"colecionar\" e \"revelar\" j\u00f3ias de alta gama.<\/li>\n<\/ul>\n<h2 id=\"-four-multi-functional-lining-customization-all-round-protection-\"><strong>4. Personaliza\u00e7\u00e3o multifuncional do forro, prote\u00e7\u00e3o total<\/strong><\/h2>\n<p>Fornecer solu\u00e7\u00f5es de revestimento diversificadas para satisfazer as necessidades de prote\u00e7\u00e3o de diferentes categorias de j\u00f3ias:<\/p>\n<ul>\n<li><strong>Algod\u00e3o p\u00e9rola<\/strong>: Suave e resistente ao choque, adequado para pedras preciosas fr\u00e1geis, jade, etc., para reduzir os danos causados pela vibra\u00e7\u00e3o durante o transporte.<\/li>\n<li><strong>Material EVA<\/strong>Estrutura de alta densidade, resistente ao desgaste e ao impacto, adequada para fixar j\u00f3ias de metal e j\u00f3ias incrustadas.<\/li>\n<li><strong>Flocagem de esponja<\/strong>: Superf\u00edcie revestida com tecido de veludo ou cetim, toque delicado, melhora a est\u00e9tica do ecr\u00e3 e evita riscos.<\/li>\n<li><strong>Divis\u00f3rias personalizadas<\/strong>: Suporta concep\u00e7\u00f5es estruturais como compartimentos, ranhuras e caixas aninhadas, separa de forma flex\u00edvel colares, an\u00e9is, brincos, etc., e optimiza a utiliza\u00e7\u00e3o do espa\u00e7o.<\/li>\n<\/ul>\n<h2 id=\"-v-large-scale-production-strength-one-stop-customization-service-\"><strong>5. For\u00e7a de produ\u00e7\u00e3o em grande escala, servi\u00e7o de personaliza\u00e7\u00e3o de uma paragem<\/strong><\/h2>\n<p>Confiar em\u00a0<strong>5.320 metros quadrados de oficina inteligente<\/strong>\u00a0A nossa empresa, a Microsoft, fornece solu\u00e7\u00f5es de personaliza\u00e7\u00e3o eficientes e precisas:<\/p>\n<ul>\n<li><strong>Cadeia de produ\u00e7\u00e3o flex\u00edvel<\/strong>: Equipado com elevadores de carga de 5 toneladas e equipamento de corte totalmente autom\u00e1tico, permite a aceita\u00e7\u00e3o flex\u00edvel de encomendas de 100 a 100 000 pe\u00e7as e reduz o ciclo de entrega em 30%.<\/li>\n<li><strong>Pr\u00e9-exame do efeito 3D<\/strong>: Atrav\u00e9s da tecnologia de modela\u00e7\u00e3o virtual, a estrutura da caixa, a textura do material e o efeito de impress\u00e3o s\u00e3o apresentados antecipadamente para garantir zero erros no design.<\/li>\n<li><strong>Controlo de qualidade<\/strong>: Implementar o sistema de gest\u00e3o da qualidade ISO 9001, cada lote de produtos \u00e9 submetido a 12 testes rigorosos (incluindo teste de suporte de carga, toler\u00e2ncia \u00e0 humidade, etc.), e a taxa de qualifica\u00e7\u00e3o atinge 99,8%.<\/li>\n<\/ul>\n<h2 id=\"-advantages-of-cooperation-\"><strong>Vantagens da coopera\u00e7\u00e3o<\/strong>:<\/h2>\n<ul>\n<li><strong>Equipa de design exclusivo<\/strong>: Fornecer um apoio criativo \u00fanico, desde o esbo\u00e7o do conceito at\u00e9 \u00e0 produ\u00e7\u00e3o em massa, e explorar profundamente os elementos culturais da marca.<\/li>\n<li><strong>Otimiza\u00e7\u00e3o de custos<\/strong>: O aprovisionamento em grande escala reduz o custo unit\u00e1rio e as encomendas completas beneficiam de descontos exclusivos e de subs\u00eddios log\u00edsticos.<\/li>\n<li><strong>Apoio \u00e0 certifica\u00e7\u00e3o ambiental<\/strong>: Ajudar os clientes a candidatarem-se ao log\u00f3tipo de embalagem ecol\u00f3gica e refor\u00e7ar a imagem de responsabilidade social da marca.<\/li>\n<\/ul>","protected":false},"excerpt":{"rendered":"<p>Esta caixa de papel de gaveta \u00e9 principalmente preta, com fontes de folha de estampagem a quente em ouro mate, que se complementam. A combina\u00e7\u00e3o de cores \u00e9 harmoniosa e estratificada, criando um efeito visual luxuoso e elegante para os consumidores.<\/p>","protected":false},"featured_media":228,"template":"","meta":{"_kad_post_transparent":"default","_kad_post_title":"","_kad_post_layout":"default","_kad_post_sidebar_id":"","_kad_post_content_style":"default","_kad_post_vertical_padding":"default","_kad_post_feature":"","_kad_post_feature_position":"","_kad_post_header":false,"_kad_post_footer":false,"_kad_post_classname":""},"product_brand":[],"product_cat":[15,20,17],"product_tag":[60,59,61],"class_list":{"0":"post-224","1":"product","2":"type-product","3":"status-publish","4":"has-post-thumbnail","6":"product_cat-red-light-therapy","7":"product_cat-led-face-light-therapy","8":"product_cat-services","9":"product_tag-customized-jewelry-gift-box","10":"product_tag-jewelry-drawer-box","11":"product_tag-jewelry-gift-box-wholesale","13":"first","14":"instock","15":"shipping-taxable","16":"product-type-simple","17":"entry","18":"content-bg","19":"loop-entry"},"_links":{"self":[{"href":"https:\/\/red-lighttherapy.com\/pt_pt\/wp-json\/wp\/v2\/product\/224","targetHints":{"allow":["GET"]}}],"collection":[{"href":"https:\/\/red-lighttherapy.com\/pt_pt\/wp-json\/wp\/v2\/product"}],"about":[{"href":"https:\/\/red-lighttherapy.com\/pt_pt\/wp-json\/wp\/v2\/types\/product"}],"wp:featuredmedia":[{"embeddable":true,"href":"https:\/\/red-lighttherapy.com\/pt_pt\/wp-json\/wp\/v2\/media\/228"}],"wp:attachment":[{"href":"https:\/\/red-lighttherapy.com\/pt_pt\/wp-json\/wp\/v2\/media?parent=224"}],"wp:term":[{"taxonomy":"product_brand","embeddable":true,"href":"https:\/\/red-lighttherapy.com\/pt_pt\/wp-json\/wp\/v2\/product_brand?post=224"},{"taxonomy":"product_cat","embeddable":true,"href":"https:\/\/red-lighttherapy.com\/pt_pt\/wp-json\/wp\/v2\/product_cat?post=224"},{"taxonomy":"product_tag","embeddable":true,"href":"https:\/\/red-lighttherapy.com\/pt_pt\/wp-json\/wp\/v2\/product_tag?post=224"}],"curies":[{"name":"wp","href":"https:\/\/api.w.org\/{rel}","templated":true}]}}