{"id":218,"date":"2025-04-10T11:34:05","date_gmt":"2025-04-10T11:34:05","guid":{"rendered":"https:\/\/red-lighttherapy.com\/?post_type=product&#038;p=218"},"modified":"2025-04-12T08:10:32","modified_gmt":"2025-04-12T08:10:32","slug":"custom-design-knife-circular-saw-blade-packaging-box-factory","status":"publish","type":"product","link":"https:\/\/red-lighttherapy.com\/pt_pt\/custom-design-knife-circular-saw-blade-packaging-box-factory\/","title":{"rendered":"F\u00e1brica de caixa de embalagem de l\u00e2mina de serra circular de faca com design personalizado"},"content":{"rendered":"<h2 id=\"-customized-circular-saw-blade-packaging-box-product-description-\"><strong>Caixa de embalagem de l\u00e2mina de serra circular personalizada descri\u00e7\u00e3o do produto<\/strong><\/h2>\n<h2 id=\"-1-material-and-structural-design-\"><strong>1. Material e conce\u00e7\u00e3o estrutural<\/strong><\/h2>\n<p>Adoptando 183g de cart\u00e3o r\u00edgido para laser de alto peso e 1200g de estrutura composta de cart\u00e3o de arte cinzento espessado, tem resist\u00eancia \u00e0 press\u00e3o, resist\u00eancia ao impacto e rigidez. O cart\u00e3o cinzento tem um forte suporte, evitando eficazmente a deforma\u00e7\u00e3o por extrus\u00e3o durante o transporte, e a superf\u00edcie do cart\u00e3o para laser \u00e9 resistente ao desgaste e aos riscos.<\/p>\n<h2 id=\"-2-functional-box-design-\"><strong>2. Conce\u00e7\u00e3o funcional da caixa<\/strong><\/h2>\n<p>A caixa flip-top \u00e9 combinada com um design de fecho magn\u00e9tico ou de encaixe, que \u00e9 f\u00e1cil de abrir e fechar e tem uma excelente veda\u00e7\u00e3o. A tampa da caixa pode ser completamente achatada para a exposi\u00e7\u00e3o do produto; depois de fechada, fica bem ajustada, \u00e9 \u00e0 prova de p\u00f3 e de humidade e tem em conta as necessidades dos cen\u00e1rios de exposi\u00e7\u00e3o a retalho e de armazenamento industrial.<\/p>\n<h2 id=\"-3-innovative-appearance-design-\"><strong>3. Design de apar\u00eancia inovadora<\/strong><\/h2>\n<ul>\n<li><strong>Elementos essenciais<\/strong>: Inspirado na est\u00e9tica da maquinaria de engrenagens, apresenta um efeito colorido de gradiente din\u00e2mico atrav\u00e9s da tecnologia de grava\u00e7\u00e3o a laser 3D e exibe um brilho met\u00e1lico de v\u00e1rios n\u00edveis sob a refra\u00e7\u00e3o da luz, melhorando a sensa\u00e7\u00e3o de tecnologia e os pontos de mem\u00f3ria visual da marca.<\/li>\n<li><strong>Correspond\u00eancia de cores<\/strong>: A cor principal \u00e9 o azul-marinho profundo, que simboliza o profissionalismo e a fiabilidade, complementado pelo reflexo iridescente do processo laser, formando uma hierarquia visual din\u00e2mica e est\u00e1tica e melhorando o reconhecimento nas prateleiras.<\/li>\n<li><strong>Log\u00f3tipo da marca<\/strong>: Suporta o processo de estampagem a quente\/UV de alta precis\u00e3o para imprimir o LOGOTIPO e os par\u00e2metros do produto, e os bordos do texto s\u00e3o n\u00edtidos e sem rebarbas para garantir que a informa\u00e7\u00e3o da marca \u00e9 clara e apelativa.<\/li>\n<\/ul>\n<h2 id=\"-4-refined-lining-system-\"><strong>4. Sistema de revestimento aperfei\u00e7oado<\/strong><\/h2>\n<p>O forro utiliza espuma branca ecol\u00f3gica EVA ou tabuleiro de blister, e o molde \u00e9 aberto com precis\u00e3o para se adaptar ao arco da l\u00e2mina de serra circular para conseguir uma fixa\u00e7\u00e3o de 360\u00b0 sem \u00e2ngulo morto. A superf\u00edcie do forro \u00e9 coberta com veludo fino para evitar riscos na superf\u00edcie da l\u00e2mina de serra, melhorando a sensa\u00e7\u00e3o de qualidade ao desembalar.<\/p>\n<h2 id=\"-5-full-link-customization-service-\"><strong>5. Servi\u00e7o de personaliza\u00e7\u00e3o de links completos<\/strong><\/h2>\n<ul>\n<li><strong>Adapta\u00e7\u00e3o personalizada<\/strong>: Suporta a personaliza\u00e7\u00e3o de tamanhos de l\u00e2minas de serra com um di\u00e2metro de 80-500 mm, e o corpo da caixa pode adicionar camadas interm\u00e9dias, ranhuras para acess\u00f3rios ou bolsas manuais, conforme necess\u00e1rio.<\/li>\n<li><strong>Implanta\u00e7\u00e3o profunda da marca<\/strong>: Fornecer composi\u00e7\u00e3o gr\u00e1fica, implanta\u00e7\u00e3o de c\u00f3digos QR, impress\u00e3o de informa\u00e7\u00f5es multilingues e outros servi\u00e7os para satisfazer as necessidades do com\u00e9rcio transfronteiri\u00e7o, caixas de oferta promocionais e outros cen\u00e1rios.<\/li>\n<li><strong>Atualiza\u00e7\u00e3o do processo<\/strong>: UV local opcional, grava\u00e7\u00e3o em relevo, serigrafia e outros mais de 20 p\u00f3s-processamentos para obter etiquetas anti-contrafa\u00e7\u00e3o, texturas anti-derrapantes e outras fun\u00e7\u00f5es especiais.<\/li>\n<\/ul>\n<h2 id=\"-6-intelligent-manufacturing-and-quality-control-system-\"><strong>6. Sistema inteligente de fabrico e de controlo da qualidade<\/strong><\/h2>\n<p>A f\u00e1brica est\u00e1 equipada com m\u00e1quinas de corte e vinco totalmente autom\u00e1ticas, m\u00e1quinas de impress\u00e3o digital e linhas de produ\u00e7\u00e3o de grades a laser, e adota o sistema de gest\u00e3o de qualidade ISO9001, desde o rascunho do projeto at\u00e9 o produto acabado para atingir 72 horas de prova r\u00e1pida e 15 dias de entrega do lote. Cada lote de produtos passa no teste de vibra\u00e7\u00e3o de transporte simulado e no teste de suporte de carga para garantir que a resist\u00eancia \u00e0 queda da embalagem seja \u22651,5 metros.<\/p>\n<h2 id=\"-7-application-scenarios-and-added-value-\"><strong>7. Cen\u00e1rios de aplica\u00e7\u00e3o e valor acrescentado<\/strong><\/h2>\n<p>Adequado para l\u00e2minas de serra circular de n\u00edvel industrial, l\u00e2minas de corte de diamante, acess\u00f3rios de serra de painel eletr\u00f3nico e outras embalagens de ferramentas de precis\u00e3o, que podem ser expandidas para caixas de oferta de conjuntos de ferramentas topo de gama ou caixas de exposi\u00e7\u00e3o de revendedores. Refor\u00e7ar a imagem profissional da marca atrav\u00e9s da embalagem e ajudar a aumentar o pr\u00e9mio de vendas do terminal.<\/p>\n<h2 id=\"-technical-parameters-\"><strong>Par\u00e2metros t\u00e9cnicos<\/strong><\/h2>\n<table>\n<thead>\n<tr>\n<th>Projeto<\/th>\n<th>Especifica\u00e7\u00f5es<\/th>\n<\/tr>\n<\/thead>\n<tbody>\n<tr>\n<td>Material<\/td>\n<td>183 g de cart\u00e3o laser + 1200 g de cart\u00e3o cinzento<\/td>\n<\/tr>\n<tr>\n<td>Cores de impress\u00e3o<\/td>\n<td>Impress\u00e3o de alta fidelidade a 4-8 cores (calibra\u00e7\u00e3o de cores Pantone)<\/td>\n<\/tr>\n<tr>\n<td>Tamanho da caixa<\/td>\n<td>Suporta a personaliza\u00e7\u00e3o do di\u00e2metro 80-500mm<\/td>\n<\/tr>\n<tr>\n<td>Quantidade m\u00ednima de encomenda<\/td>\n<td>500 (suporta a produ\u00e7\u00e3o flex\u00edvel de pequenos lotes)<\/td>\n<\/tr>\n<tr>\n<td>Certifica\u00e7\u00e3o ambiental<\/td>\n<td>Certifica\u00e7\u00e3o florestal FSC\/materiais degrad\u00e1veis opcional<\/td>\n<\/tr>\n<\/tbody>\n<\/table>","protected":false},"excerpt":{"rendered":"<p>Caixa com fecho magn\u00e9tico, f\u00e1cil de abrir e fechar, pr\u00e1tica e f\u00e1cil de exibir. Utiliza tecnologia laser para apresentar um efeito de cor gradiente, que tem um forte impacto visual.<\/p>","protected":false},"featured_media":219,"template":"","meta":{"_kad_post_transparent":"default","_kad_post_title":"","_kad_post_layout":"default","_kad_post_sidebar_id":"","_kad_post_content_style":"default","_kad_post_vertical_padding":"default","_kad_post_feature":"","_kad_post_feature_position":"","_kad_post_header":false,"_kad_post_footer":false,"_kad_post_classname":""},"product_brand":[],"product_cat":[15,17],"product_tag":[57,56,58],"class_list":{"0":"post-218","1":"product","2":"type-product","3":"status-publish","4":"has-post-thumbnail","6":"product_cat-red-light-therapy","7":"product_cat-services","8":"product_tag-custom-saw-blade-packaging","9":"product_tag-saw-blade-packaging-box","10":"product_tag-saw-blade-packaging-factory","12":"first","13":"instock","14":"shipping-taxable","15":"product-type-simple","16":"entry","17":"content-bg","18":"loop-entry"},"_links":{"self":[{"href":"https:\/\/red-lighttherapy.com\/pt_pt\/wp-json\/wp\/v2\/product\/218","targetHints":{"allow":["GET"]}}],"collection":[{"href":"https:\/\/red-lighttherapy.com\/pt_pt\/wp-json\/wp\/v2\/product"}],"about":[{"href":"https:\/\/red-lighttherapy.com\/pt_pt\/wp-json\/wp\/v2\/types\/product"}],"wp:featuredmedia":[{"embeddable":true,"href":"https:\/\/red-lighttherapy.com\/pt_pt\/wp-json\/wp\/v2\/media\/219"}],"wp:attachment":[{"href":"https:\/\/red-lighttherapy.com\/pt_pt\/wp-json\/wp\/v2\/media?parent=218"}],"wp:term":[{"taxonomy":"product_brand","embeddable":true,"href":"https:\/\/red-lighttherapy.com\/pt_pt\/wp-json\/wp\/v2\/product_brand?post=218"},{"taxonomy":"product_cat","embeddable":true,"href":"https:\/\/red-lighttherapy.com\/pt_pt\/wp-json\/wp\/v2\/product_cat?post=218"},{"taxonomy":"product_tag","embeddable":true,"href":"https:\/\/red-lighttherapy.com\/pt_pt\/wp-json\/wp\/v2\/product_tag?post=218"}],"curies":[{"name":"wp","href":"https:\/\/api.w.org\/{rel}","templated":true}]}}