{"id":211,"date":"2025-04-10T11:03:57","date_gmt":"2025-04-10T11:03:57","guid":{"rendered":"https:\/\/red-lighttherapy.com\/?post_type=product&#038;p=211"},"modified":"2025-04-10T11:17:27","modified_gmt":"2025-04-10T11:17:27","slug":"personalized-perfume-bottle-paper-box-packaging-wholesale","status":"publish","type":"product","link":"https:\/\/red-lighttherapy.com\/pt_pt\/personalized-perfume-bottle-paper-box-packaging-wholesale\/","title":{"rendered":"Caixa de papel para frascos de perfume personalizados Embalagem por atacado"},"content":{"rendered":"<h2 id=\"customized-perfume-paper-box-packaging-an-environmental-and-luxurious-feast-from-design-to-experience\">Embalagens de papel para perfumes personalizadas: uma festa ambiental e luxuosa desde o design at\u00e9 \u00e0 experi\u00eancia<\/h2>\n<p>Numa altura em que a concorr\u00eancia no mercado dos perfumes \u00e9 feroz, a embalagem n\u00e3o \u00e9 apenas um inv\u00f3lucro protetor para o produto, mas tamb\u00e9m o primeiro meio de comunica\u00e7\u00e3o das marcas com os consumidores. Uma caixa de papel para perfume personalizada que seja simultaneamente pr\u00e1tica e art\u00edstica pode transformar o valor da marca numa experi\u00eancia sensorial palp\u00e1vel atrav\u00e9s de uma combina\u00e7\u00e3o inovadora de materiais, artesanato e estrutura. De seguida, analisamos o design inovador das caixas de embalagem de perfume personalizadas a partir de sete dimens\u00f5es fundamentais.<\/p>\n<p><img fetchpriority=\"high\" decoding=\"async\" class=\"wp-image-212 size-full\" src=\"https:\/\/red-lighttherapy.com\/wp-content\/uploads\/2025\/04\/Perfume-Bottle-Paper-Box-001.jpg\" alt=\"Caixa de papel para frascos de perfume\" width=\"1000\" height=\"1000\" srcset=\"https:\/\/red-lighttherapy.com\/wp-content\/uploads\/2025\/04\/Perfume-Bottle-Paper-Box-001.jpg 1000w, https:\/\/red-lighttherapy.com\/wp-content\/uploads\/2025\/04\/Perfume-Bottle-Paper-Box-001-300x300.jpg 300w, https:\/\/red-lighttherapy.com\/wp-content\/uploads\/2025\/04\/Perfume-Bottle-Paper-Box-001-150x150.jpg 150w, https:\/\/red-lighttherapy.com\/wp-content\/uploads\/2025\/04\/Perfume-Bottle-Paper-Box-001-768x768.jpg 768w, https:\/\/red-lighttherapy.com\/wp-content\/uploads\/2025\/04\/Perfume-Bottle-Paper-Box-001-12x12.jpg 12w, https:\/\/red-lighttherapy.com\/wp-content\/uploads\/2025\/04\/Perfume-Bottle-Paper-Box-001-600x600.jpg 600w, https:\/\/red-lighttherapy.com\/wp-content\/uploads\/2025\/04\/Perfume-Bottle-Paper-Box-001-100x100.jpg 100w\" sizes=\"(max-width: 1000px) 100vw, 1000px\" \/><\/p>\n<h2 id=\"1-drawer-box-type-a-perfect-balance-between-ritual-sense-and-convenience-\">1.\u00a0<strong>Tipo de caixa de gavetas: um equil\u00edbrio perfeito entre sentido ritual e comodidade<\/strong><\/h2>\n<p>O tipo de caixa de gaveta tornou-se a primeira escolha para embalagens de perfumes de alta qualidade devido \u00e0 sua\u00a0<strong>estrutura em caixa de dupla camada<\/strong>\u00a0e\u00a0<strong>design de abertura extra\u00edvel<\/strong>. O corpo da caixa adopta\u00a0<strong>Tecnologia de corte em bisel de 15\u00b0<\/strong>\u00a0para garantir uma abertura e um fecho suaves, sem encravamento, e com\u00a0<strong>amortecimento magn\u00e9tico<\/strong>\u00a0ou\u00a0<strong>calha de guia invis\u00edvel<\/strong>O design da m\u00e1quina de lavar roupa, que d\u00e1 aos utilizadores uma sensa\u00e7\u00e3o de ritual de \"puxar pela seda\". Este design n\u00e3o s\u00f3 \u00e9 conveniente para os clientes finais utilizarem repetidamente, como tamb\u00e9m refor\u00e7a os pontos de mem\u00f3ria da marca atrav\u00e9s de\u00a0<strong>experi\u00eancia interactiva din\u00e2mica<\/strong>. Por exemplo, a marca internacional LANVIN transformou uma vez o processo de abertura num jogo visual atrav\u00e9s da decora\u00e7\u00e3o do espelho incorporado na caixa da gaveta.<\/p>\n<h2 id=\"2-environmentally-friendly-materials-a-dual-commitment-to-sustainability-and-quality-\">2.\u00a0<strong>Materiais amigos do ambiente: um duplo compromisso de sustentabilidade e qualidade<\/strong><\/h2>\n<p>O corpo da caixa \u00e9 feito de\u00a0<strong>Cart\u00e3o cinzento recicl\u00e1vel de 1000 g<\/strong>\u00a0como esqueleto, e a superf\u00edcie \u00e9 coberta por\u00a0<strong>Papel revestido com certifica\u00e7\u00e3o FSC<\/strong>que s\u00e3o compostas por cola ecol\u00f3gica \u00e0 base de \u00e1gua. 30% de fibra de palha s\u00e3o adicionados \u00e0 mat\u00e9ria-prima do cart\u00e3o cinzento, reduzindo a pegada de carbono em 63% em compara\u00e7\u00e3o com os materiais tradicionais; o papel revestido \u00e9 impresso com\u00a0<strong>tinta \u00e0 base de \u00e1gua<\/strong>\u00a0e\u00a0<strong>Revestimento UV mate<\/strong>\u00a0para evitar emiss\u00f5es de COV. Esta combina\u00e7\u00e3o n\u00e3o s\u00f3 cumpre a norma RoHS da UE, como tamb\u00e9m \u00e9 aprovada na\u00a0<strong>Certifica\u00e7\u00e3o global de reciclagem GRS<\/strong>A UE est\u00e1 a tornar-se um \"passe verde\" preferido pelos consumidores da Gera\u00e7\u00e3o Z.<\/p>\n<h2 id=\"3-visual-impact-the-golden-rule-of-color-and-craftsmanship-\">3.\u00a0<strong>Impacto visual: a regra de ouro da cor e do artesanato<\/strong><\/h2>\n<p>A cor principal \u00e9\u00a0<strong>azul-marinho profundo<\/strong>\u00a0(Pantone 19-4052 Classic Blue), e \u00e9 obtida uma cobertura da gama de cores superior a 90% atrav\u00e9s de\u00a0<strong>serigrafia de n\u00edvel nano<\/strong>. A estampagem a quente de prata adopta\u00a0<strong>tecnologia de estampagem a frio<\/strong>e utiliza tecnologia de relevo tridimensional de precis\u00e3o de 0,1 mm para delinear o LOGOTIPO da marca ou padr\u00f5es abstractos na superf\u00edcie da caixa. Por exemplo, uma caixa personalizada combina padr\u00f5es de constela\u00e7\u00f5es com meteoros estampados a prata, apresentando um efeito din\u00e2mico de \"c\u00e9u estrelado fluido\" sob a refra\u00e7\u00e3o da luz, e a taxa de convers\u00e3o da abertura da caixa aumentou em 27%.<\/p>\n<h2 id=\"4-protection-system-scientific-buffering-and-precise-adaptation-\">4.\u00a0<strong>Sistema de prote\u00e7\u00e3o: amortecimento cient\u00edfico e adapta\u00e7\u00e3o precisa<\/strong><\/h2>\n<p>O tabuleiro interior adopta\u00a0<strong>Processo de corte e vinco de EVA e composto de esponja ecol\u00f3gico<\/strong>com uma densidade de 45 kg\/m\u00b3. Atrav\u00e9s de\u00a0<strong>Digitaliza\u00e7\u00e3o laser 3D<\/strong>Em seguida, obt\u00eam-se os dados de forma do frasco de perfume e personaliza-se uma ranhura de forma especial com um ajuste de 98%. A superf\u00edcie do forro \u00e9 coberta com\u00a0<strong>Flocagem PETG recicl\u00e1vel<\/strong>e a densidade da fibra de veludo \u00e9 de 12.000 fios\/cm\u00b2, que tem fun\u00e7\u00f5es antiderrapantes e de absor\u00e7\u00e3o de choque. Os dados de teste mostram que a estrutura pode suportar um impacto de queda de 1,2 metros, o que \u00e9 3 vezes mais protetor do que o algod\u00e3o p\u00e9rola comum.<\/p>\n<h2 id=\"5-tactile-upgrade-delicate-expression-of-matte-film-technology-\">5.\u00a0<strong>Atualiza\u00e7\u00e3o t\u00e1til: express\u00e3o delicada da tecnologia de pel\u00edcula mate<\/strong><\/h2>\n<p>Ap\u00f3s a impress\u00e3o, a superf\u00edcie da caixa \u00e9 coberta com\u00a0<strong>Pel\u00edcula mate de 12\u03bcm<\/strong>e um toque de pele \u00e9 formado atrav\u00e9s da tecnologia de prensagem a quente. O toque \u00fanico\u00a0<strong>propriedade de reflex\u00e3o difusa<\/strong>\u00a0A pel\u00edcula mate pode eliminar 90% de res\u00edduos de impress\u00f5es digitais, melhorando simultaneamente a satura\u00e7\u00e3o da cor e a resist\u00eancia aos riscos. Experi\u00eancias comparativas mostram que a capacidade anti-desbotamento da embalagem em pel\u00edcula mate num ambiente h\u00famido \u00e9 40% superior \u00e0 da pel\u00edcula brilhante, e a textura mate est\u00e1 mais de acordo com o posicionamento de luxo discreto dos perfumes topo de gama.<\/p>\n<h2 id=\"6-interactive-details-sensory-economics-of-ribbon-handles-\">6.\u00a0<strong>Detalhes interactivos: economia sensorial dos cabos de fita<\/strong><\/h2>\n<p>A parte superior da caixa est\u00e1 embutida com um\u00a0<strong>fita de seda jacquard<\/strong>A largura \u00e9 optimizada para 28 mm por raz\u00f5es ergon\u00f3micas, e as utiliza\u00e7\u00f5es finais\u00a0<strong>tecnologia de selagem de bordos por prensagem a quente<\/strong>\u00a0para evitar o descarrilamento. A fita pode ser personalizada com as cores do tema da marca e implantada com\u00a0<strong>Chips NFC<\/strong>\u00a0ou\u00a0<strong>tinta sens\u00edvel \u00e0 temperatura<\/strong>. Digitalize o c\u00f3digo para aceder \u00e0 p\u00e1gina da hist\u00f3ria da marca. Uma marca de perfumes de nicho transforma o processo de desembalagem numa experi\u00eancia de imers\u00e3o multissensorial, tingindo a fita com uma fragr\u00e2ncia de lavanda, e a taxa de recompra aumentou 34%.<\/p>\n<h2 id=\"7-full-dimensional-customization-unlimited-possibilities-for-flexible-production-\">7.\u00a0<strong>Personaliza\u00e7\u00e3o a toda a escala: possibilidades ilimitadas para uma produ\u00e7\u00e3o flex\u00edvel<\/strong><\/h2>\n<p>Cinco n\u00edveis de personaliza\u00e7\u00e3o, desde a conce\u00e7\u00e3o at\u00e9 \u00e0 entrega:<\/p>\n<ol>\n<li><strong>Tipo de caixa<\/strong>: fornecer 6 estruturas b\u00e1sicas, tais como caixa de gavetas, tampa superior e inferior, e apoiar o desenvolvimento de caixas com formas especiais;<\/li>\n<li><strong>Material<\/strong>: 12 combina\u00e7\u00f5es opcionais de papel revestido montado em cart\u00e3o cinzento, relevo em couro, composto de metal, etc;<\/li>\n<li><strong>Processo<\/strong>: suporta 8 sobreposi\u00e7\u00f5es de processos, tais como UV local, grava\u00e7\u00e3o em relevo, laser, etc;<\/li>\n<li><strong>Componentes inteligentes<\/strong>: pode ser implantado com m\u00f3dulos interactivos, como fitas de luz LED e c\u00f3digos de identifica\u00e7\u00e3o AR;<\/li>\n<li><strong>Flexibilidade dos lotes<\/strong>: quantidade m\u00ednima de encomenda de 500, apoio \u00e0 entrega de amostras em 48 horas e produ\u00e7\u00e3o em massa acelerada em 72 horas.<\/li>\n<\/ol>\n<h2 id=\"conclusion-redefine-the-value-chain-of-perfume-packaging\">Conclus\u00e3o: Redefinir a cadeia de valor das embalagens de perfumes<\/h2>\n<p>Esta caixa de papel para perfumes personalizada cria um sistema de valor em circuito fechado, desde a produ\u00e7\u00e3o at\u00e9 ao consumo, atrav\u00e9s da colis\u00e3o de\u00a0<strong>tecnologia ambiental<\/strong>\u00a0e\u00a0<strong>artesanato de luxo<\/strong>. Quando as pontas dos dedos dos consumidores deslizam sobre a superf\u00edcie da pel\u00edcula mate, ouvem a fric\u00e7\u00e3o subtil das gavetas a serem puxadas e v\u00eaem os totens da marca entrela\u00e7ados com prata e azul, estas experi\u00eancias multidimensionais acabar\u00e3o por se transformar em lealdade \u00e0 marca. Numa era em que o desenvolvimento sustent\u00e1vel e o consumo personalizado andam de m\u00e3os dadas, este tipo de design n\u00e3o s\u00f3 satisfaz as necessidades do neg\u00f3cio, como tamb\u00e9m se torna um suporte concreto para as empresas praticarem o conceito ESG.<\/p>","protected":false},"excerpt":{"rendered":"<p>Uma caixa de perfume de luxo em forma de gaveta, f\u00e1cil de abrir e fechar. Os motivos e os textos s\u00e3o estampados a quente em prata, o que permite destacar as suas marcas.<\/p>","protected":false},"featured_media":212,"template":"","meta":{"_kad_post_transparent":"default","_kad_post_title":"","_kad_post_layout":"default","_kad_post_sidebar_id":"","_kad_post_content_style":"default","_kad_post_vertical_padding":"default","_kad_post_feature":"","_kad_post_feature_position":"","_kad_post_header":false,"_kad_post_footer":false,"_kad_post_classname":""},"product_brand":[],"product_cat":[15,20,17],"product_tag":[53,54,55],"class_list":{"0":"post-211","1":"product","2":"type-product","3":"status-publish","4":"has-post-thumbnail","6":"product_cat-red-light-therapy","7":"product_cat-led-face-light-therapy","8":"product_cat-services","9":"product_tag-perfume-bottle-paper-box","10":"product_tag-perfume-box-packaging","11":"product_tag-personalized-perfume-packaging","13":"first","14":"instock","15":"shipping-taxable","16":"product-type-simple","17":"entry","18":"content-bg","19":"loop-entry"},"_links":{"self":[{"href":"https:\/\/red-lighttherapy.com\/pt_pt\/wp-json\/wp\/v2\/product\/211","targetHints":{"allow":["GET"]}}],"collection":[{"href":"https:\/\/red-lighttherapy.com\/pt_pt\/wp-json\/wp\/v2\/product"}],"about":[{"href":"https:\/\/red-lighttherapy.com\/pt_pt\/wp-json\/wp\/v2\/types\/product"}],"wp:featuredmedia":[{"embeddable":true,"href":"https:\/\/red-lighttherapy.com\/pt_pt\/wp-json\/wp\/v2\/media\/212"}],"wp:attachment":[{"href":"https:\/\/red-lighttherapy.com\/pt_pt\/wp-json\/wp\/v2\/media?parent=211"}],"wp:term":[{"taxonomy":"product_brand","embeddable":true,"href":"https:\/\/red-lighttherapy.com\/pt_pt\/wp-json\/wp\/v2\/product_brand?post=211"},{"taxonomy":"product_cat","embeddable":true,"href":"https:\/\/red-lighttherapy.com\/pt_pt\/wp-json\/wp\/v2\/product_cat?post=211"},{"taxonomy":"product_tag","embeddable":true,"href":"https:\/\/red-lighttherapy.com\/pt_pt\/wp-json\/wp\/v2\/product_tag?post=211"}],"curies":[{"name":"wp","href":"https:\/\/api.w.org\/{rel}","templated":true}]}}