{"id":186,"date":"2025-04-10T08:21:48","date_gmt":"2025-04-10T08:21:48","guid":{"rendered":"https:\/\/red-lighttherapy.com\/?post_type=product&#038;p=186"},"modified":"2025-04-10T10:35:53","modified_gmt":"2025-04-10T10:35:53","slug":"high-end-custom-vip-card-gift-box-with-velvet-coated-holder","status":"publish","type":"product","link":"https:\/\/red-lighttherapy.com\/pt_pt\/high-end-custom-vip-card-gift-box-with-velvet-coated-holder\/","title":{"rendered":"Caixa de oferta personalizada para cart\u00f5es VIP topo de gama com suporte revestido a veludo"},"content":{"rendered":"<h2 id=\"exclusive-customization-interpretation-of-luxury-ingenious-design-and-environmental-innovation-of-high-end-vip-card-gift-boxes\">Personaliza\u00e7\u00e3o exclusiva, interpreta\u00e7\u00e3o do luxo: design engenhoso e inova\u00e7\u00e3o ambiental das caixas de oferta de cart\u00f5es VIP topo de gama<\/h2>\n<p>No campo das caixas de oferta para empresas de topo de gama, a embalagem do cart\u00e3o VIP n\u00e3o \u00e9 apenas um portador da imagem da marca, mas tamb\u00e9m uma express\u00e3o concreta da experi\u00eancia distinta do utilizador. Este artigo toma como exemplo uma caixa de presente personalizada que combina conceitos engenhosos de artesanato e prote\u00e7\u00e3o ambiental para analisar os seus sete pontos principais de design e mostrar como alcan\u00e7ar um duplo avan\u00e7o em termos de fun\u00e7\u00e3o e est\u00e9tica atrav\u00e9s da inova\u00e7\u00e3o de detalhes.<\/p>\n<h2 id=\"1-material-innovation-the-art-of-balancing-firmness-and-luxury\">1. Inova\u00e7\u00e3o material: a arte de equilibrar firmeza e luxo<\/h2>\n<p>O corpo principal da caixa de oferta adopta uma estrutura composta de\u00a0<strong>cart\u00e3o cinzento de alta resist\u00eancia<\/strong>\u00a0e\u00a0<strong>papel cart\u00e3o dourado<\/strong>. O desempenho de compress\u00e3o do cart\u00e3o cinzento proporciona um suporte est\u00e1vel para a embalagem, enquanto a superf\u00edcie do papel cart\u00e3o dourado apresenta uma textura delicada atrav\u00e9s de\u00a0<strong>grava\u00e7\u00e3o a laser<\/strong>\u00a0e\u00a0<strong>Processo de estampagem a quente UV<\/strong>formando uma aur\u00e9ola dourada fluida sob a refra\u00e7\u00e3o da luz. Esta combina\u00e7\u00e3o de materiais n\u00e3o s\u00f3 confere \u00e0 caixa de oferta\u00a0<strong>durabilidade a n\u00edvel empresarial<\/strong>mas tamb\u00e9m transmite uma linguagem visual discreta e luxuosa atrav\u00e9s do brilho met\u00e1lico.<\/p>\n<h2 id=\"2-upgraded-touch-a-win-win-design-of-environmental-protection-and-high-end\">2. Toque atualizado: uma conce\u00e7\u00e3o vantajosa para todos no que diz respeito \u00e0 prote\u00e7\u00e3o do ambiente e \u00e0 gama alta<\/h2>\n<p>O tabuleiro interior utiliza\u00a0<strong>esponja ecol\u00f3gica degrad\u00e1vel<\/strong>\u00a0como base, e a superf\u00edcie \u00e9 coberta com\u00a0<strong>tecnologia de flocagem de veludo<\/strong>. A densidade da superf\u00edcie de veludo atinge 12.000 fibras por cent\u00edmetro quadrado, e o toque \u00e9 t\u00e3o suave como a seda. A esponja amiga do ambiente n\u00e3o s\u00f3 cumpre os requisitos da\u00a0<strong>Norma RoHS da UE<\/strong>A sua estrutura microporosa tamb\u00e9m pode amortecer eficazmente as vibra\u00e7\u00f5es e proteger os cart\u00f5es VIP dos danos causados pelo transporte. A utiliza\u00e7\u00e3o da tecnologia de flocagem faz com que a remo\u00e7\u00e3o de cada cart\u00e3o seja uma\u00a0<strong>prazer sensorial das pontas dos dedos<\/strong>o que est\u00e1 profundamente de acordo com o posicionamento topo de gama da marca.<\/p>\n<h2 id=\"3-structural-ingenuity-the-fusion-of-ritual-sense-and-practicality\">3. Engenho estrutural: a fus\u00e3o do sentido ritual com o sentido pr\u00e1tico<\/h2>\n<p>A caixa de oferta adopta uma\u00a0<strong>estrutura de fecho de suc\u00e7\u00e3o magn\u00e9tica flip-top<\/strong>. A fivela magn\u00e9tica foi calculada com precis\u00e3o para atingir a\u00a0<strong>Limiar de suc\u00e7\u00e3o 15N<\/strong>. Ao abrir e fechar, \u00e9 acompanhado por um som n\u00edtido de \"tique-taque\", formando um \u00fanico\u00a0<strong>ponto de mem\u00f3ria auditiva<\/strong>. O bordo do corpo da caixa \u00e9 processado com um\u00a0<strong>Processo de bisel de 5\u00b0<\/strong>que n\u00e3o s\u00f3 evita arranhar a m\u00e3o como tamb\u00e9m melhora a suavidade da abertura. A combina\u00e7\u00e3o da estrutura magn\u00e9tica e do design da tampa articulada sublimam a fun\u00e7\u00e3o \u00fanica da embalagem tradicional numa\u00a0<strong>ritual de abertura<\/strong>A sua utiliza\u00e7\u00e3o \u00e9 uma forma de fazer eco da l\u00f3gica de experi\u00eancia das embalagens de luxo.<\/p>\n<h2 id=\"4-interactive-innovation-the-ultimate-expression-of-humanized-details\">4. Inova\u00e7\u00e3o interactiva: a express\u00e3o m\u00e1xima dos detalhes humanizados<\/h2>\n<p>A parte superior \u00e9 embutida com um\u00a0<strong>pega em fita jacquard de seda<\/strong>A largura da fita \u00e9 optimizada para 28 mm por raz\u00f5es ergon\u00f3micas e adapta-se \u00e0 curvatura da palma da m\u00e3o quando a segura. A extremidade da fita utiliza\u00a0<strong>tecnologia de selagem de bordos por prensagem a quente<\/strong>\u00a0para evitar descarrilamento, e pode ser personalizada com a cor do log\u00f3tipo da marca para tornar os acess\u00f3rios funcionais numa\u00a0<strong>publicidade de marca m\u00f3vel<\/strong>. Este design n\u00e3o s\u00f3 melhora a portabilidade, como tamb\u00e9m refor\u00e7a a liga\u00e7\u00e3o emocional entre os utilizadores e as marcas atrav\u00e9s do toque.<\/p>\n<h2 id=\"5-visual-language-the-golden-interpretation-of-brand-value\">5. Linguagem visual: a interpreta\u00e7\u00e3o dourada do valor da marca<\/h2>\n<p>A superf\u00edcie da caixa adopta\u00a0<strong>tecnologia de estampagem a quente em ouro rosa<\/strong>e o texto e o padr\u00e3o s\u00e3o apresentados com um efeito de relevo tridimensional atrav\u00e9s de\u00a0<strong>Tecnologia de nano-impress\u00e3o de precis\u00e3o de 0,1 mm<\/strong>. A camada de estampagem a quente \u00e9 sobreposta com\u00a0<strong>revestimento anti-oxida\u00e7\u00e3o<\/strong>\u00a0para garantir que a cor se mant\u00e9m est\u00e1vel num ambiente h\u00famido. O designer utiliza habilmente\u00a0<strong>composi\u00e7\u00e3o circular<\/strong>\u00a0e\u00a0<strong>desenho de linhas de paisagem<\/strong>\u00a0combinar a est\u00e9tica oriental com o minimalismo moderno, para que o LOGOTIPO da marca transmita profundidade cultural num espa\u00e7o pequeno.<\/p>\n<h2 id=\"6-customization-freedom-unlimited-extension-of-brand-personality\">6. Liberdade de personaliza\u00e7\u00e3o: extens\u00e3o ilimitada da personalidade da marca<\/h2>\n<p>Suporte para caixa de oferta\u00a0<strong>sistema de personaliza\u00e7\u00e3o quadridimensional<\/strong>:<\/p>\n<ol>\n<li><strong>Estrutura da caixa<\/strong>: Est\u00e3o dispon\u00edveis 6 tipos de caixas, incluindo tipo gaveta, tampa superior e inferior, etc;<\/li>\n<li><strong>Combina\u00e7\u00e3o de materiais<\/strong>: Est\u00e3o dispon\u00edveis 12 materiais de superf\u00edcie, incluindo papel t\u00e1til e relevo em couro;<\/li>\n<li><strong>Sobreposi\u00e7\u00e3o de processos<\/strong>: suporta at\u00e9 8 combina\u00e7\u00f5es de processos, incluindo UV local, grava\u00e7\u00e3o em relevo, laser, etc;<\/li>\n<li><strong>M\u00f3dulo de fun\u00e7\u00e3o<\/strong>: chip NFC incorporado ou tinta sens\u00edvel \u00e0 temperatura que muda de cor e outros componentes inteligentes;<\/li>\n<li><strong>Certifica\u00e7\u00e3o ambiental<\/strong>: passou a certifica\u00e7\u00e3o florestal FSC e as normas globais de reciclagem GRS.<\/li>\n<\/ol>\n<h2 id=\"7-green-revolution-a-model-of-sustainable-packaging\">7. Revolu\u00e7\u00e3o Verde: Um modelo de embalagem sustent\u00e1vel<\/h2>\n<p>Todo o material da caixa \u00e9\u00a0<strong>98% recicl\u00e1vel<\/strong>\u00a0, o quadro cinzento utiliza\u00a0<strong>pasta reciclada de fibra de palha<\/strong>\u00a0e o revestimento de cart\u00e3o dourado utiliza\u00a0<strong>tinta ecol\u00f3gica \u00e0 base de \u00e1gua<\/strong>\u00a0. Em compara\u00e7\u00e3o com as embalagens met\u00e1licas tradicionais, um \u00fanico produto reduz\u00a0<strong>Pegada de carbono do 63%<\/strong>\u00a0. A esponja interior \u00e9 degradada no solo atrav\u00e9s de\u00a0<strong>tecnologia de poliuretano de base biol\u00f3gica<\/strong>\u00a0e a fibra de flocagem utiliza\u00a0<strong>Poli\u00e9ster recicl\u00e1vel PETG<\/strong>\u00a0A empresa est\u00e1 a construir uma cadeia ecol\u00f3gica completa, desde a produ\u00e7\u00e3o at\u00e9 aos res\u00edduos.<\/p>\n<h2 id=\"conclusion-defining-a-new-standard-for-high-end-packaging\">Conclus\u00e3o: Defini\u00e7\u00e3o de um novo padr\u00e3o para as embalagens topo de gama<\/h2>\n<p>O design desta caixa de oferta de cart\u00e3o VIP rompe as limita\u00e7\u00f5es das embalagens tradicionais em termos de materiais, estrutura, intera\u00e7\u00e3o, etc., e redefine a conota\u00e7\u00e3o de personaliza\u00e7\u00e3o de alta qualidade atrav\u00e9s da colis\u00e3o de\u00a0<strong>tecnologia ambiental<\/strong>\u00a0e\u00a0<strong>artesanato de luxo<\/strong>\u00a0. Quando os clientes deslizam a ponta dos dedos sobre o veludo, o som n\u00edtido da fivela magn\u00e9tica soa nos seus ouvidos e a marca do ouro rosa se reflecte nos seus olhos, a sobreposi\u00e7\u00e3o destas experi\u00eancias multissensoriais acabar\u00e1 por se transformar num profundo reconhecimento do valor da marca. Atualmente, quando o conceito de sustentabilidade est\u00e1 profundamente enraizado na mente das pessoas, este tipo de design n\u00e3o s\u00f3 satisfaz as necessidades comerciais, como tamb\u00e9m se torna um ve\u00edculo importante para as empresas cumprirem as suas responsabilidades sociais.<\/p>","protected":false},"excerpt":{"rendered":"<p>Uma caixa de oferta de cart\u00e3o VIP topo de gama com servi\u00e7os de impress\u00e3o personalizados gratuitos e suporte revestido a veludo. \u00c9 fornecida com fita de seda e texto estampado a quente em rosa.<\/p>","protected":false},"featured_media":187,"template":"","meta":{"_kad_post_transparent":"default","_kad_post_title":"","_kad_post_layout":"default","_kad_post_sidebar_id":"","_kad_post_content_style":"default","_kad_post_vertical_padding":"default","_kad_post_feature":"","_kad_post_feature_position":"","_kad_post_header":false,"_kad_post_footer":false,"_kad_post_classname":""},"product_brand":[],"product_cat":[15,27,17],"product_tag":[50,49,48],"class_list":{"0":"post-186","1":"product","2":"type-product","3":"status-publish","4":"has-post-thumbnail","6":"product_cat-red-light-therapy","7":"product_cat-red-light-therapy-belt","8":"product_cat-services","9":"product_tag-custom-vip-card-box","10":"product_tag-high-end-gift-box","11":"product_tag-vip-card-gift-box","13":"first","14":"instock","15":"shipping-taxable","16":"product-type-simple","17":"entry","18":"content-bg","19":"loop-entry"},"_links":{"self":[{"href":"https:\/\/red-lighttherapy.com\/pt_pt\/wp-json\/wp\/v2\/product\/186","targetHints":{"allow":["GET"]}}],"collection":[{"href":"https:\/\/red-lighttherapy.com\/pt_pt\/wp-json\/wp\/v2\/product"}],"about":[{"href":"https:\/\/red-lighttherapy.com\/pt_pt\/wp-json\/wp\/v2\/types\/product"}],"wp:featuredmedia":[{"embeddable":true,"href":"https:\/\/red-lighttherapy.com\/pt_pt\/wp-json\/wp\/v2\/media\/187"}],"wp:attachment":[{"href":"https:\/\/red-lighttherapy.com\/pt_pt\/wp-json\/wp\/v2\/media?parent=186"}],"wp:term":[{"taxonomy":"product_brand","embeddable":true,"href":"https:\/\/red-lighttherapy.com\/pt_pt\/wp-json\/wp\/v2\/product_brand?post=186"},{"taxonomy":"product_cat","embeddable":true,"href":"https:\/\/red-lighttherapy.com\/pt_pt\/wp-json\/wp\/v2\/product_cat?post=186"},{"taxonomy":"product_tag","embeddable":true,"href":"https:\/\/red-lighttherapy.com\/pt_pt\/wp-json\/wp\/v2\/product_tag?post=186"}],"curies":[{"name":"wp","href":"https:\/\/api.w.org\/{rel}","templated":true}]}}