{"id":1820,"date":"2025-04-20T07:09:19","date_gmt":"2025-04-20T07:09:19","guid":{"rendered":"https:\/\/red-lighttherapy.com\/?post_type=product&#038;p=1820"},"modified":"2025-04-22T08:20:42","modified_gmt":"2025-04-22T08:20:42","slug":"texture-fancy-paper-lid-and-base-gift-box-for-jewelry-rings","status":"publish","type":"product","link":"https:\/\/red-lighttherapy.com\/pt_pt\/texture-fancy-paper-lid-and-base-gift-box-for-jewelry-rings\/","title":{"rendered":"Caixa de presente com tampa e base de papel com textura para an\u00e9is de j\u00f3ias"},"content":{"rendered":"<h2 id=\"-product-name-tiangong-series-jewelry-storage-box\">Caixa de presente com tampa e base de papel com textura para an\u00e9is de j\u00f3ias<\/h2>\n<h2 id=\"-1-opening-and-closing-design-of-the-top-and-bottom-lid-both-tightness-and-smoothness-\"><strong>1. Conce\u00e7\u00e3o da abertura e do fecho da tampa e da caixa de base: estanquicidade e suavidade<\/strong><\/h2>\n<p>Design de inaugura\u00e7\u00e3o e fecho da tampa superior e inferior: ambos os ter\u00e7os e lubrificantes. A tampa superior e inferior adopta um sistema de fecho magn\u00e9tico preciso para garantir que a caixa da tampa se adapta originalmente ao corpo e n\u00e3o \u00e9 f\u00e1cil de perder ou abrir durante o transporte, proporcionando 360\u00b0 para j\u00f3ias. O trilho de abertura e fecho \u00e9 adaptado ergonomicamente e pode ser aberto suavemente e fechado com a mesma press\u00e3o manual. A opera\u00e7\u00e3o \u00e9 c\u00f3moda e corresponde aos h\u00e1bitos dos consumidores modernos.<\/p>\n<h2 id=\"-2-universally-compatible-box-type-flexible-response-to-various-jewelry-sizes-\"><strong>2. Tipo de caixa universalmente compat\u00edvel: resposta flex\u00edvel a v\u00e1rios tamanhos de j\u00f3ias<\/strong><\/h2>\n<p>O interior da caixa adopta um design modular em camadas, equipado com ranhuras ajust\u00e1veis para cart\u00f5es de flanela e divis\u00e3o em esponja, apoiando a arruma\u00e7\u00e3o est\u00e1vel de j\u00f3ias de v\u00e1rios tamanhos, como an\u00e9is, colares e brincos. Ao ajustar a altura e a vaga dos compartimentos, pode ser compat\u00edvel com j\u00f3ias com uma altura de 1-5 cm, satisfazendo as necessidades de desempenho e armazenamento de muitos cen\u00e1rios.<\/p>\n<h2 id=\"-3-textured-paper-material-both-texture-and-environmental-protection-\"><strong>3. Material de papel texturado: textura e prote\u00e7\u00e3o ambiental<\/strong><\/h2>\n<ul>\n<li><strong>Melhoria visual e t\u00e1til<\/strong>: A superf\u00edcie adopta uma tecnologia especial de grava\u00e7\u00e3o em relevo para formar uma textura tridimensional fina, que apresenta uma textura mate sob a refra\u00e7\u00e3o da luz e tem um toque quente e delicado, formando um contraste est\u00e9tico com o brilho das j\u00f3ias.<\/li>\n<li><strong>Estrutura leve e compressiva<\/strong>: O papel texturizado composto de placa cinza de alta resist\u00eancia \u00e9 selecionado, o peso da caixa \u00e9 de apenas 180g, e a resist\u00eancia \u00e0 compress\u00e3o atinge 50kg\/\u33a1, levando em conta tanto a leveza quanto a durabilidade.<\/li>\n<li><strong>Certifica\u00e7\u00e3o ambiental<\/strong>: O material passou a certifica\u00e7\u00e3o florestal FSC, o processo de produ\u00e7\u00e3o atinge zero adi\u00e7\u00e3o de pl\u00e1stico e o ciclo de degrada\u00e7\u00e3o \u00e9 inferior a 6 meses, o que cumpre as normas de desenvolvimento sustent\u00e1vel ESG.<\/li>\n<\/ul>\n<h2 id=\"-4-brand-logo-and-color-aesthetics-\"><strong>4. Log\u00f3tipo da marca e est\u00e9tica da cor<\/strong><\/h2>\n<ul>\n<li><strong>Tecnologia de impress\u00e3o precisa<\/strong>: A tampa da caixa utiliza a tecnologia de micro-escultura UV para imprimir o log\u00f3tipo da marca, a precis\u00e3o da linha atinge 0,1 mm e n\u00e3o h\u00e1 rebarbas ou manchas no rebordo, o que refor\u00e7a a imagem profissional da marca.<\/li>\n<li><strong>Design verde claro<\/strong>: Pantone 13-6008 TPG (verde n\u00e9voa suave) \u00e9 a cor principal, inspirada no jade natural. A cor de baixa satura\u00e7\u00e3o alivia a fadiga visual e enquadra-se na dupla busca da ind\u00fastria da joalharia pela natureza e pela alta qualidade.<\/li>\n<\/ul>\n<h2 id=\"-5-multi-layer-protective-lining-system-\"><strong>5. Sistema de revestimento protetor multicamadas<\/strong><\/h2>\n<p>O forro adopta uma estrutura de tr\u00eas camadas de \"flanela + esponja de alta densidade + cart\u00e3o cinzento\":<\/p>\n<ul>\n<li><strong>Camada de flanela<\/strong>Veludo curto ultrafino de 2 mm para reduzir os danos causados pela fric\u00e7\u00e3o das j\u00f3ias e absorver o p\u00f3 ao mesmo tempo.<\/li>\n<li><strong>Camada de esponja<\/strong>: Esponja de ressalto de 5 mm para amortecer a vibra\u00e7\u00e3o do transporte e melhorar a resist\u00eancia ao impacto por 40%.<\/li>\n<li><strong>Camada de cart\u00e3o cinzento<\/strong>: Placa cinzenta com 1,5 mm de espessura, que suporta o corpo da caixa sem deforma\u00e7\u00e3o e suporta at\u00e9 2 kg.<\/li>\n<\/ul>\n<h2 id=\"-applicable-scenarios-\"><strong>Cen\u00e1rios aplic\u00e1veis<\/strong><\/h2>\n<ul>\n<li><strong>Fim do retalho<\/strong>: expositor de balc\u00e3o, embalagem de caixa de oferta<\/li>\n<li><strong>Uso pessoal<\/strong>: arruma\u00e7\u00e3o em casa, transporte em viagem<\/li>\n<li><strong>Personaliza\u00e7\u00e3o da marca<\/strong>: brindes para empresas, embalagens exclusivas de edi\u00e7\u00e3o limitada<\/li>\n<\/ul>","protected":false},"excerpt":{"rendered":"<p>Com a est\u00e9tica natural e o funcionalismo como n\u00facleo, atrav\u00e9s da combina\u00e7\u00e3o inovadora de estrutura ergon\u00f3mica e materiais amigos do ambiente, redefinimos o valor pr\u00e1tico e a express\u00e3o art\u00edstica das embalagens de j\u00f3ias e ajudamos as marcas a criar uma imagem de mercado topo de gama e sustent\u00e1vel.<\/p>","protected":false},"featured_media":2137,"template":"","meta":{"_kad_post_transparent":"default","_kad_post_title":"","_kad_post_layout":"default","_kad_post_sidebar_id":"","_kad_post_content_style":"default","_kad_post_vertical_padding":"default","_kad_post_feature":"","_kad_post_feature_position":"","_kad_post_header":false,"_kad_post_footer":false,"_kad_post_classname":""},"product_brand":[],"product_cat":[15,19,17],"product_tag":[542,541,540],"class_list":{"0":"post-1820","1":"product","2":"type-product","3":"status-publish","4":"has-post-thumbnail","6":"product_cat-red-light-therapy","7":"product_cat-red-light-therapy-stand","8":"product_cat-services","9":"product_tag-fancy-paper-rings-box","10":"product_tag-lid-and-base-gift-box","11":"product_tag-texture-paper-jewelry-gift-box","13":"first","14":"instock","15":"shipping-taxable","16":"product-type-simple","17":"entry","18":"content-bg","19":"loop-entry"},"_links":{"self":[{"href":"https:\/\/red-lighttherapy.com\/pt_pt\/wp-json\/wp\/v2\/product\/1820","targetHints":{"allow":["GET"]}}],"collection":[{"href":"https:\/\/red-lighttherapy.com\/pt_pt\/wp-json\/wp\/v2\/product"}],"about":[{"href":"https:\/\/red-lighttherapy.com\/pt_pt\/wp-json\/wp\/v2\/types\/product"}],"wp:featuredmedia":[{"embeddable":true,"href":"https:\/\/red-lighttherapy.com\/pt_pt\/wp-json\/wp\/v2\/media\/2137"}],"wp:attachment":[{"href":"https:\/\/red-lighttherapy.com\/pt_pt\/wp-json\/wp\/v2\/media?parent=1820"}],"wp:term":[{"taxonomy":"product_brand","embeddable":true,"href":"https:\/\/red-lighttherapy.com\/pt_pt\/wp-json\/wp\/v2\/product_brand?post=1820"},{"taxonomy":"product_cat","embeddable":true,"href":"https:\/\/red-lighttherapy.com\/pt_pt\/wp-json\/wp\/v2\/product_cat?post=1820"},{"taxonomy":"product_tag","embeddable":true,"href":"https:\/\/red-lighttherapy.com\/pt_pt\/wp-json\/wp\/v2\/product_tag?post=1820"}],"curies":[{"name":"wp","href":"https:\/\/api.w.org\/{rel}","templated":true}]}}