{"id":1273,"date":"2025-04-17T14:52:03","date_gmt":"2025-04-17T14:52:03","guid":{"rendered":"https:\/\/red-lighttherapy.com\/?post_type=product&#038;p=1273"},"modified":"2025-04-20T07:09:12","modified_gmt":"2025-04-20T07:09:12","slug":"distributor-custom-vintage-tea-rigid-drawer-boxes-packaging","status":"publish","type":"product","link":"https:\/\/red-lighttherapy.com\/pt_pt\/distributor-custom-vintage-tea-rigid-drawer-boxes-packaging\/","title":{"rendered":"Distribuidor Caixas de gaveta r\u00edgidas personalizadas para ch\u00e1 vintage Embalagens"},"content":{"rendered":"<h2 id=\"-customized-retro-tea-rigid-drawer-box-packaging-product-description-\"><strong>Caixa de gaveta r\u00edgida para ch\u00e1 retro personalizada Descri\u00e7\u00e3o do produto<\/strong><\/h2>\n<h2 id=\"-1-spot-color-printing-and-craft-design-\"><strong>1. Impress\u00e3o a cores diretas e design artesanal<\/strong><\/h2>\n<p>Este papel de superf\u00edcie de caixa de gaveta de papel de ch\u00e1 retro \u00e9 feito de\u00a0<strong>papel revestido<\/strong>\u00a0material. O\u00a0<strong>tecnologia de impress\u00e3o a cores diretas<\/strong>\u00a0restaura com precis\u00e3o o tom de cor retro e \u00e9 complementado por\u00a0<strong>processo UV parcial<\/strong>\u00a0para que o padr\u00e3o ou o texto tenha um toque tridimensional e um brilho suave, e para que os sentidos visual e t\u00e1til sejam refor\u00e7ados. A elevada suavidade e absor\u00e7\u00e3o de tinta do papel revestido garantem que a cor da impress\u00e3o \u00e9 completa e os pormenores s\u00e3o n\u00edtidos. Combinado com as carater\u00edsticas de resist\u00eancia ao desgaste da tecnologia UV, real\u00e7a o temperamento sofisticado e o patrim\u00f3nio cultural da marca.<\/p>\n<h2 id=\"-2-classic-paper-drawer-box-opening-and-closing-design-\"><strong>2. Design cl\u00e1ssico de abertura e fecho da gaveta de papel<\/strong><\/h2>\n<p>A embalagem adopta uma\u00a0<strong>estrutura da caixa de gavetas para papel<\/strong>O design da gaveta de papel n\u00e3o s\u00f3 \u00e9 c\u00f3modo para tomar ch\u00e1, como tamb\u00e9m pode aumentar a intera\u00e7\u00e3o com a experi\u00eancia do consumidor, apresentando gradualmente o conte\u00fado da caixa interna. O design da gaveta de papel n\u00e3o s\u00f3 \u00e9 conveniente para tomar ch\u00e1, como tamb\u00e9m pode aumentar a intera\u00e7\u00e3o da experi\u00eancia do consumidor ao mostrar gradualmente o conte\u00fado da caixa interna. Este design \u00e9 inspirado na cultura tradicional do ch\u00e1, combinada com uma est\u00e9tica moderna, o que confere ao produto uma sensa\u00e7\u00e3o de ritual de \"abrir uma caixa como um tesouro\".<\/p>\n<h2 id=\"-3-high-density-sponge-lining-protection-\"><strong>3. Prote\u00e7\u00e3o do revestimento em esponja de alta densidade<\/strong><\/h2>\n<p>O forro interior utiliza\u00a0<strong>35KG de esponja ecol\u00f3gica de alta densidade<\/strong>A esponja para ch\u00e1 \u00e9 uma esponja de ch\u00e1, cortada com precis\u00e3o e concebida com um tabuleiro incorporado para fixar firmemente o bolo de ch\u00e1 ou o tijolo de ch\u00e1, a fim de evitar aban\u00f5es e colis\u00f5es durante o transporte ou a armazenagem. A esponja tem uma excelente resili\u00eancia e resist\u00eancia \u00e0 press\u00e3o, consegue manter uma forma est\u00e1vel durante muito tempo e proporciona prote\u00e7\u00e3o f\u00edsica e um amortecedor de temperatura e humidade para o ch\u00e1.<\/p>\n<h2 id=\"-4-warm-color-inner-box-visual-presentation-\"><strong>4. Apresenta\u00e7\u00e3o visual da caixa interior de cor quente<\/strong><\/h2>\n<p>A caixa interior \u00e9 impressa com\u00a0<strong>Papel revestido de 157 g<\/strong>O papel revestido \u00e9 um papel de cor, com cores quentes como tom principal (como o bege e o ocre), e a textura retro \u00e9 real\u00e7ada pela tecnologia de estampagem a quente ou mate. A superf\u00edcie delicada e a base de elevada brancura do papel revestido, combinadas com a transi\u00e7\u00e3o suave das cores, criam uma atmosfera visual de \"armaz\u00e9m de ch\u00e1 requintado\", reflectindo as propriedades naturais e as conota\u00e7\u00f5es culturais do ch\u00e1.<\/p>\n<h2 id=\"-5-factory-qualifications-and-design-support-\"><strong>5. Qualifica\u00e7\u00f5es de f\u00e1brica e apoio \u00e0 conce\u00e7\u00e3o<\/strong><\/h2>\n<p>O fabricante tem\u00a0<strong>edif\u00edcios fabris independentes<\/strong>\u00a0e uma equipa de design profissional, equipada com equipamento avan\u00e7ado, como a linha de produ\u00e7\u00e3o alem\u00e3 BHS e a tecnologia de pr\u00e9-impress\u00e3o digital, que permite obter um servi\u00e7o \u00fanico, desde o design \u00e0 produ\u00e7\u00e3o em massa. A equipa \u00e9 boa a fornecer sugest\u00f5es personalizadas com base nas carater\u00edsticas das categorias de ch\u00e1 (como o Pu'er e o ch\u00e1 branco), tais como estruturas em camadas adaptadas aos tijolos de ch\u00e1 de diferentes anos, ou a integra\u00e7\u00e3o de padr\u00f5es tradicionais com elementos minimalistas modernos.<\/p>\n<h2 id=\"-6-environmental-certification-and-high-cost-performance-\"><strong>6. Certifica\u00e7\u00e3o ambiental e desempenho de alto custo<\/strong><\/h2>\n<p>A f\u00e1brica obteve a certifica\u00e7\u00e3o FSC One para garantir que o material de embalagem prov\u00e9m de florestas geridas de forma cont\u00ednua e utiliza processos amigos do ambiente, tais como tinta \u00e0 base de \u00e1gua e revestimento degrad\u00e1vel. Atrav\u00e9s de uma produ\u00e7\u00e3o em grande escala e de uma gest\u00e3o inteligente (como o armaz\u00e9m de papel de base e a log\u00edstica autom\u00e1tica), controlamos os custos, assegurando a qualidade, e fornecemos aos clientes solu\u00e7\u00f5es que s\u00e3o simultaneamente ecol\u00f3gicas e econ\u00f3micas.<\/p>","protected":false},"excerpt":{"rendered":"<p>Este produto \u00e9 adequado para marcas de ch\u00e1 topo de gama, presentes culturais e produtos de ch\u00e1 de cole\u00e7\u00e3o. O tamanho, o tipo de caixa (como tampas superiores e inferiores, caixas com formas especiais) e os acess\u00f3rios (fitas, acess\u00f3rios de hardware) podem ser personalizados. Atrav\u00e9s da coordena\u00e7\u00e3o de materiais, artesanato e design, n\u00e3o s\u00f3 satisfaz as necessidades da est\u00e9tica retro, como tamb\u00e9m tem em conta as fun\u00e7\u00f5es pr\u00e1ticas de prote\u00e7\u00e3o, ajudando as marcas a aumentar o valor acrescentado e a criar uma competitividade diferenciada no mercado.<\/p>","protected":false},"featured_media":1815,"template":"","meta":{"_kad_post_transparent":"default","_kad_post_title":"","_kad_post_layout":"default","_kad_post_sidebar_id":"","_kad_post_content_style":"default","_kad_post_vertical_padding":"default","_kad_post_feature":"","_kad_post_feature_position":"","_kad_post_header":false,"_kad_post_footer":false,"_kad_post_classname":""},"product_brand":[],"product_cat":[15,20,17],"product_tag":[537,539,538],"class_list":{"0":"post-1273","1":"product","2":"type-product","3":"status-publish","4":"has-post-thumbnail","6":"product_cat-red-light-therapy","7":"product_cat-led-face-light-therapy","8":"product_cat-services","9":"product_tag-custom-rigid-drawer-boxes","10":"product_tag-drawer-rigid-boxes","11":"product_tag-tea-box-packaging","13":"first","14":"instock","15":"shipping-taxable","16":"product-type-simple","17":"entry","18":"content-bg","19":"loop-entry"},"_links":{"self":[{"href":"https:\/\/red-lighttherapy.com\/pt_pt\/wp-json\/wp\/v2\/product\/1273","targetHints":{"allow":["GET"]}}],"collection":[{"href":"https:\/\/red-lighttherapy.com\/pt_pt\/wp-json\/wp\/v2\/product"}],"about":[{"href":"https:\/\/red-lighttherapy.com\/pt_pt\/wp-json\/wp\/v2\/types\/product"}],"wp:featuredmedia":[{"embeddable":true,"href":"https:\/\/red-lighttherapy.com\/pt_pt\/wp-json\/wp\/v2\/media\/1815"}],"wp:attachment":[{"href":"https:\/\/red-lighttherapy.com\/pt_pt\/wp-json\/wp\/v2\/media?parent=1273"}],"wp:term":[{"taxonomy":"product_brand","embeddable":true,"href":"https:\/\/red-lighttherapy.com\/pt_pt\/wp-json\/wp\/v2\/product_brand?post=1273"},{"taxonomy":"product_cat","embeddable":true,"href":"https:\/\/red-lighttherapy.com\/pt_pt\/wp-json\/wp\/v2\/product_cat?post=1273"},{"taxonomy":"product_tag","embeddable":true,"href":"https:\/\/red-lighttherapy.com\/pt_pt\/wp-json\/wp\/v2\/product_tag?post=1273"}],"curies":[{"name":"wp","href":"https:\/\/api.w.org\/{rel}","templated":true}]}}