{"id":1243,"date":"2025-04-17T08:15:49","date_gmt":"2025-04-17T08:15:49","guid":{"rendered":"https:\/\/red-lighttherapy.com\/?post_type=product&#038;p=1243"},"modified":"2025-04-17T08:48:04","modified_gmt":"2025-04-17T08:48:04","slug":"vendor-luxury-two-pack-red-wine-double-side-open-gift-box","status":"publish","type":"product","link":"https:\/\/red-lighttherapy.com\/pt_pt\/vendor-luxury-two-pack-red-wine-double-side-open-gift-box\/","title":{"rendered":"Vendedor Luxury Two Pack Red Wine Double Side Open Gift Box"},"content":{"rendered":"<h2 id=\"-double-sided-luxury-wine-gift-box-\">Vendedor Luxury Two Pack Red Wine Double Side Open Gift Box<\/h2>\n<h4 id=\"-i-innovative-double-door-structure-design-\"><strong>1. Design inovador da estrutura de porta dupla<\/strong><\/h4>\n<ul>\n<li>O corpo da caixa externa \u00e9 baseado em uma placa cinza de alta densidade de 2,5 mm e a ranhura interna adota a tecnologia de corte e vinco de precis\u00e3o EVA, que se ajusta com precis\u00e3o \u00e0 curva da garrafa de vinho padr\u00e3o. As posi\u00e7\u00f5es de garrafa dupla s\u00e3o separadas independentemente com um espa\u00e7amento de \u226515mm para evitar a colis\u00e3o de garrafas durante o transporte.<\/li>\n<li>O design de desdobramento de 180\u00b0 totalmente aberto n\u00e3o requer a inclina\u00e7\u00e3o do corpo da garrafa ao armazenar e retirar o vinho tinto. Com o sistema de fecho de fivela magn\u00e9tica, o erro de fecho \u00e9 \u22640,3 mm.<\/li>\n<\/ul>\n<h2 id=\"-ii-minimalist-aesthetics-and-functional-integration-\"><strong>2. Est\u00e9tica minimalista e integra\u00e7\u00e3o funcional<\/strong><\/h2>\n<ul>\n<li>A cor principal do corpo da caixa adopta um design de colis\u00e3o de dupla face em rosa e azul. Atrav\u00e9s da pel\u00edcula t\u00e1til mate e do processo de verniz UV local, forma-se um contraste visual entre a textura de veludo e o reflexo do espelho.<\/li>\n<li>Solu\u00e7\u00e3o de identifica\u00e7\u00e3o da marca sem LOGO: os s\u00edmbolos de ondula\u00e7\u00e3o espec\u00edficos da marca s\u00e3o moldados nos bordos laterais da caixa para melhorar a cogni\u00e7\u00e3o atrav\u00e9s da mem\u00f3ria t\u00e1til.<\/li>\n<\/ul>\n<h2 id=\"-three-engineering-level-protection-system-\"><strong>3. Sistema de prote\u00e7\u00e3o de n\u00edvel t\u00e9cnico<\/strong><\/h2>\n<ul>\n<li>A modela\u00e7\u00e3o 3D \u00e9 utilizada para personalizar o suporte interior inclinado a 15\u00b0, com uma camada de amortecimento EVA de densidade 40D, verificada pelo teste de transporte ISTA 3A, que pode suportar um impacto de queda de 1,2 m.<\/li>\n<li>Estrutura de prote\u00e7\u00e3o em camadas: camada superior resistente \u00e0 press\u00e3o de papel\u00e3o em favo de mel de 5 mm + camada m\u00e9dia de absor\u00e7\u00e3o de choque EVA + almofada de silicone antiderrapante inferior, prote\u00e7\u00e3o tripla se adapta \u00e0s mudan\u00e7as de temperatura e umidade de -20 \u2103 a 50 \u2103.<\/li>\n<\/ul>\n<h2 id=\"-fourth-flexible-customization-solutions-\"><strong>4. Solu\u00e7\u00f5es de personaliza\u00e7\u00e3o flex\u00edveis<\/strong><\/h2>\n<ul>\n<li><strong>Atualiza\u00e7\u00e3o do material<\/strong>: Suporte de 12 substratos, tais como madeira maci\u00e7a de nogueira e placa ecol\u00f3gica de fibra de bambu<\/li>\n<li><strong>Expans\u00e3o do processo<\/strong>: 18 bibliotecas de processos de tratamento de superf\u00edcie, tais como estampagem a quente\/grava\u00e7\u00e3o em relevo\/grava\u00e7\u00e3o a laser<\/li>\n<li><strong>Resposta inteligente<\/strong>: Prova de estrutura 3D completa em 48 horas e entrega de pequenos lotes de produtos acabados em 72 horas<\/li>\n<\/ul>\n<h2 id=\"-five-multi-scenario-application-value-\"><strong>5. Valor de aplica\u00e7\u00e3o em v\u00e1rios cen\u00e1rios<\/strong><\/h2>\n<table>\n<thead>\n<tr>\n<th>Cen\u00e1rio de aplica\u00e7\u00e3o<\/th>\n<th>Incorpora\u00e7\u00e3o da vantagem principal<\/th>\n<\/tr>\n<\/thead>\n<tbody>\n<tr>\n<td>Presentes de neg\u00f3cios topo de gama<\/td>\n<td>O design bicolor de folha dupla real\u00e7a o sentido de cerim\u00f3nia nobre<\/td>\n<\/tr>\n<tr>\n<td>Expositor para retalho<\/td>\n<td>A estrutura autoportante poupa 30% de espa\u00e7o na vitrina<\/td>\n<\/tr>\n<tr>\n<td>Armazenagem e transporte<\/td>\n<td>O design empilh\u00e1vel melhora a efici\u00eancia de carregamento em 40%<\/td>\n<\/tr>\n<tr>\n<td>Utiliza\u00e7\u00e3o sustent\u00e1vel<\/td>\n<td>O tabuleiro interior pode ser substitu\u00eddo por um m\u00f3dulo de armazenamento de j\u00f3ias<\/td>\n<\/tr>\n<\/tbody>\n<\/table>","protected":false},"excerpt":{"rendered":"<p>A estrutura da caixa de oferta aberta de dupla face, o corpo da caixa exterior e a ranhura interior formam uma disposi\u00e7\u00e3o aninhada, as duas posi\u00e7\u00f5es da garrafa s\u00e3o separadas de forma independente, adaptando-se perfeitamente \u00e0 curva da garrafa de vinho tinto padr\u00e3o, o design totalmente aberto \u00e9 f\u00e1cil de armazenar e recuperar, o corpo da caixa encaixa bem quando fechado, e a forma geral \u00e9 simples e limpa, o que n\u00e3o s\u00f3 satisfaz as necessidades de prote\u00e7\u00e3o do transporte, mas tamb\u00e9m tem o aspeto est\u00e9tico da exposi\u00e7\u00e3o.<\/p>","protected":false},"featured_media":1245,"template":"","meta":{"_kad_post_transparent":"default","_kad_post_title":"","_kad_post_layout":"default","_kad_post_sidebar_id":"","_kad_post_content_style":"default","_kad_post_vertical_padding":"default","_kad_post_feature":"","_kad_post_feature_position":"","_kad_post_header":false,"_kad_post_footer":false,"_kad_post_classname":""},"product_brand":[],"product_cat":[15,17],"product_tag":[488,486,487],"class_list":{"0":"post-1243","1":"product","2":"type-product","3":"status-publish","4":"has-post-thumbnail","6":"product_cat-red-light-therapy","7":"product_cat-services","8":"product_tag-luxury-red-wine-packaging","9":"product_tag-luxury-two-pack-red-wine-box","10":"product_tag-wine-gift-box","12":"first","13":"instock","14":"shipping-taxable","15":"product-type-simple","16":"entry","17":"content-bg","18":"loop-entry"},"_links":{"self":[{"href":"https:\/\/red-lighttherapy.com\/pt_pt\/wp-json\/wp\/v2\/product\/1243","targetHints":{"allow":["GET"]}}],"collection":[{"href":"https:\/\/red-lighttherapy.com\/pt_pt\/wp-json\/wp\/v2\/product"}],"about":[{"href":"https:\/\/red-lighttherapy.com\/pt_pt\/wp-json\/wp\/v2\/types\/product"}],"wp:featuredmedia":[{"embeddable":true,"href":"https:\/\/red-lighttherapy.com\/pt_pt\/wp-json\/wp\/v2\/media\/1245"}],"wp:attachment":[{"href":"https:\/\/red-lighttherapy.com\/pt_pt\/wp-json\/wp\/v2\/media?parent=1243"}],"wp:term":[{"taxonomy":"product_brand","embeddable":true,"href":"https:\/\/red-lighttherapy.com\/pt_pt\/wp-json\/wp\/v2\/product_brand?post=1243"},{"taxonomy":"product_cat","embeddable":true,"href":"https:\/\/red-lighttherapy.com\/pt_pt\/wp-json\/wp\/v2\/product_cat?post=1243"},{"taxonomy":"product_tag","embeddable":true,"href":"https:\/\/red-lighttherapy.com\/pt_pt\/wp-json\/wp\/v2\/product_tag?post=1243"}],"curies":[{"name":"wp","href":"https:\/\/api.w.org\/{rel}","templated":true}]}}