{"id":1236,"date":"2025-04-17T08:00:30","date_gmt":"2025-04-17T08:00:30","guid":{"rendered":"https:\/\/red-lighttherapy.com\/?post_type=product&#038;p=1236"},"modified":"2025-04-17T08:15:29","modified_gmt":"2025-04-17T08:15:29","slug":"glitter-paper-collapsible-magnetic-gift-boxes-for-hair-wigs","status":"publish","type":"product","link":"https:\/\/red-lighttherapy.com\/pt_pt\/glitter-paper-collapsible-magnetic-gift-boxes-for-hair-wigs\/","title":{"rendered":"Caixas de presente magn\u00e9ticas dobr\u00e1veis de papel brilhante para perucas de cabelo"},"content":{"rendered":"<h2 id=\"glitter-paper-foldable-magnetic-wig-gift-box-product-description\">Caixa de oferta para peruca com tampa magn\u00e9tica dobr\u00e1vel em papel brilhante Descri\u00e7\u00e3o do produto<\/h2>\n<h2 id=\"-1-easy-to-open-and-close-and-stable-folding-design-optimizes-transportation-and-storage-\"><strong>1. F\u00e1cil de abrir e fechar e est\u00e1vel, o design dobr\u00e1vel optimiza o transporte e o armazenamento<\/strong><\/h2>\n<p>Este produto adopta uma estrutura de dobragem inovadora. Depois de a caixa ser desdobrada, pode ser rapidamente aberta e fechada atrav\u00e9s do sistema de fecho magn\u00e9tico. Quando fechada, a for\u00e7a magn\u00e9tica \u00e9 distribu\u00edda uniformemente para garantir a estabilidade; a espessura ap\u00f3s a dobragem \u00e9 apenas 1\/5 do volume original, o que poupa muito espa\u00e7o de armazenamento e log\u00edstica e reduz os custos de transporte em mais de 30%. O corpo da caixa est\u00e1 equipado com uma estrutura de suporte de cart\u00e3o cinzento de alta resist\u00eancia, com tecnologia de vinco precisa, que n\u00e3o se deforma ap\u00f3s uma utiliza\u00e7\u00e3o prolongada e pode ser dobrada repetidamente mais de 500 vezes sem perda, o que \u00e9 adequado para o transporte transfronteiri\u00e7o e necessidades de armazenamento a longo prazo.<\/p>\n<h2 id=\"-2-magnetic-box-design-neat-lines-and-high-space-utilization-\"><strong>2. Design de caixa magn\u00e9tica, linhas limpas e elevada utiliza\u00e7\u00e3o do espa\u00e7o<\/strong><\/h2>\n<p>O corpo da caixa adopta um sistema de fecho magn\u00e9tico integrado e a parte lateral \u00e9 revestida com uma forte folha magn\u00e9tica NdFeB, com uma for\u00e7a de suc\u00e7\u00e3o de 0,8N\/cm\u00b2, uma sensa\u00e7\u00e3o de abertura e fecho suave e uma excelente veda\u00e7\u00e3o. O design do espa\u00e7o interior segue a propor\u00e7\u00e3o \u00e1urea e pode armazenar de forma flex\u00edvel artigos de luxo leves, como perucas, j\u00f3ias e cosm\u00e9ticos. \u00c9 adequado para uma variedade de artigos com uma altura de 5-30 cm e est\u00e1 equipado com um forro em camadas ajust\u00e1vel, o que aumenta a taxa de utiliza\u00e7\u00e3o do espa\u00e7o em 40%.<\/p>\n<h2 id=\"-3-glitter-paper-material-smart-light-and-shadow-high-end-texture-\"><strong>3. Material de papel brilhante: luz e sombra inteligentes, textura de alta qualidade<\/strong><\/h2>\n<p>A superf\u00edcie \u00e9 feita de papel brilhante importado, amigo do ambiente, incorporado com part\u00edculas brilhantes de n\u00edvel micr\u00f3nico, que apresenta um efeito de estrela multin\u00edvel sob a refra\u00e7\u00e3o da luz. O material tem certifica\u00e7\u00e3o SGS, \u00e9 resistente ao desgaste e aos riscos e est\u00e1 em conformidade com as normas de prote\u00e7\u00e3o ambiental REACH da UE. Est\u00e1 dispon\u00edvel em quatro cores: preto, dourado, prateado e verde. A cor principal \u00e9 \"Verde\", que est\u00e1 em conformidade com o conceito de prote\u00e7\u00e3o ambiental e a imagem de marca jovem.<\/p>\n<h2 id=\"-4-precision-technology-industrial-grade-quality-control-and-detail-processing-\"><strong>4. Tecnologia de precis\u00e3o: controlo de qualidade de n\u00edvel industrial e processamento de detalhes<\/strong><\/h2>\n<ul>\n<li><strong>Processamento de bordos<\/strong>: \u00c9 utilizada tecnologia de corte de precis\u00e3o a laser, a incis\u00e3o \u00e9 suave e sem rebarbas, e o erro \u00e9 \u22640,1 mm;<\/li>\n<li><strong>Processo de jun\u00e7\u00e3o<\/strong>: Colagem sem costuras com cola alem\u00e3 Henkel amiga do ambiente, a resist\u00eancia \u00e0 tra\u00e7\u00e3o atinge 50N\/cm e as costuras n\u00e3o apresentam fissuras ap\u00f3s milhares de testes de abertura e fecho;<\/li>\n<li><strong>Impress\u00e3o de superf\u00edcie<\/strong>: Suporta impress\u00e3o a cores diretas 4C+0C (n\u00famero de cor Pantone \/ Pantone + CMYK) e a precis\u00e3o do efeito de gradiente atinge 175 linhas\/polegada.<\/li>\n<\/ul>\n<h2 id=\"-5-environmental-protection-theme-and-scene-adaptation-\"><strong>5. Tema da prote\u00e7\u00e3o do ambiente e adapta\u00e7\u00e3o de cenas<\/strong><\/h2>\n<p>Com o \"verde\" como cor principal, \u00e9 inspirado na ecologia da floresta e combinado com um revestimento UV mate para transmitir um luxo discreto. O corpo da caixa pode ser personalizado com padr\u00f5es de estampagem a quente festivos (como flocos de neve de Natal e nuvens do Festival da primavera), adequados para caixas de presente do Dia dos Namorados, embalagens de edi\u00e7\u00e3o limitada de marcas e outros cen\u00e1rios, tendo em conta os conceitos de prote\u00e7\u00e3o ambiental e a cria\u00e7\u00e3o de uma atmosfera festiva.<\/p>\n<h2 id=\"-6-ribbon-lifting-a-balance-between-function-and-aesthetics-\"><strong>6. Levantamento de fitas: um equil\u00edbrio entre fun\u00e7\u00e3o e est\u00e9tica<\/strong><\/h2>\n<p>A parte superior da caixa \u00e9 pr\u00e9-embutida com uma fita de poli\u00e9ster de alta tenacidade, que pode suportar at\u00e9 5 kg. O \u00e2ngulo de eleva\u00e7\u00e3o \u00e9 ergonomicamente concebido e a for\u00e7a de abertura da caixa \u00e9 \u226410N. A fita pode ser personalizada com estampagem a quente\/ LOGOTIPO em relevo, e est\u00e3o dispon\u00edveis duas op\u00e7\u00f5es de textura de mate e cetim para melhorar a sensa\u00e7\u00e3o de cerim\u00f3nia de desempacotamento.<\/p>\n<h2 id=\"-8-full-link-personalized-customization-service-\"><strong>8. Servi\u00e7o de personaliza\u00e7\u00e3o de links completos<\/strong><\/h2>\n<ul>\n<li><strong>Tamanho<\/strong>: Permite ajustar a rela\u00e7\u00e3o comprimento, largura e altura de 1:1 a 1:3, com uma quantidade m\u00ednima de encomenda de 500;<\/li>\n<li><strong>Tipo de caixa<\/strong>6 tipos b\u00e1sicos de caixas, tais como caixa em forma de livro, tampa superior e inferior, caixa de gavetas, etc. s\u00e3o opcionais, e o desenvolvimento de estruturas com formas especiais \u00e9 suportado;<\/li>\n<li><strong>Impress\u00e3o e processamento<\/strong>: O LOGO pode escolher 12 processos, tais como estampagem a quente, grava\u00e7\u00e3o em relevo e UV local, com uma resolu\u00e7\u00e3o de \u22651200dpi;<\/li>\n<li><strong>Certifica\u00e7\u00e3o ambiental<\/strong>: Fornecer solu\u00e7\u00f5es de produ\u00e7\u00e3o ecol\u00f3gicas, tais como papel certificado pelo FSC e tinta \u00e0 base de \u00e1gua.<\/li>\n<\/ul>","protected":false},"excerpt":{"rendered":"<p>Esta caixa com tampa magn\u00e9tica dobr\u00e1vel \u00e9 f\u00e1cil de abrir e fechar e \u00e9 est\u00e1vel. \u00c9 f\u00e1cil de transportar e armazenar depois de dobrada, o que reduz os custos log\u00edsticos e evita que o corpo da caixa se deforme durante muito tempo. O corpo da caixa \u00e9 sobretudo verde, o que est\u00e1 de acordo com o tema da prote\u00e7\u00e3o ambiental e transmite o tom de juventude e vitalidade da marca. \u00c9 adequado para a embalagem de perucas e outros cen\u00e1rios.<\/p>","protected":false},"featured_media":1238,"template":"","meta":{"_kad_post_transparent":"default","_kad_post_title":"","_kad_post_layout":"default","_kad_post_sidebar_id":"","_kad_post_content_style":"default","_kad_post_vertical_padding":"default","_kad_post_feature":"","_kad_post_feature_position":"","_kad_post_header":false,"_kad_post_footer":false,"_kad_post_classname":""},"product_brand":[],"product_cat":[15,22,17],"product_tag":[484,483,485],"class_list":{"0":"post-1236","1":"product","2":"type-product","3":"status-publish","4":"has-post-thumbnail","6":"product_cat-red-light-therapy","7":"product_cat-red-light-therapy-blanket","8":"product_cat-services","9":"product_tag-collapsible-gift-boxes","10":"product_tag-custom-glitter-gift-boxes-wholesale","11":"product_tag-foldable-gift-box-wholesale","13":"first","14":"instock","15":"shipping-taxable","16":"product-type-simple","17":"entry","18":"content-bg","19":"loop-entry"},"_links":{"self":[{"href":"https:\/\/red-lighttherapy.com\/pt_pt\/wp-json\/wp\/v2\/product\/1236","targetHints":{"allow":["GET"]}}],"collection":[{"href":"https:\/\/red-lighttherapy.com\/pt_pt\/wp-json\/wp\/v2\/product"}],"about":[{"href":"https:\/\/red-lighttherapy.com\/pt_pt\/wp-json\/wp\/v2\/types\/product"}],"wp:featuredmedia":[{"embeddable":true,"href":"https:\/\/red-lighttherapy.com\/pt_pt\/wp-json\/wp\/v2\/media\/1238"}],"wp:attachment":[{"href":"https:\/\/red-lighttherapy.com\/pt_pt\/wp-json\/wp\/v2\/media?parent=1236"}],"wp:term":[{"taxonomy":"product_brand","embeddable":true,"href":"https:\/\/red-lighttherapy.com\/pt_pt\/wp-json\/wp\/v2\/product_brand?post=1236"},{"taxonomy":"product_cat","embeddable":true,"href":"https:\/\/red-lighttherapy.com\/pt_pt\/wp-json\/wp\/v2\/product_cat?post=1236"},{"taxonomy":"product_tag","embeddable":true,"href":"https:\/\/red-lighttherapy.com\/pt_pt\/wp-json\/wp\/v2\/product_tag?post=1236"}],"curies":[{"name":"wp","href":"https:\/\/api.w.org\/{rel}","templated":true}]}}