{"id":1219,"date":"2025-04-17T07:00:44","date_gmt":"2025-04-17T07:00:44","guid":{"rendered":"https:\/\/red-lighttherapy.com\/?post_type=product&#038;p=1219"},"modified":"2025-04-17T07:11:35","modified_gmt":"2025-04-17T07:11:35","slug":"custom-hemp-oil-magnetic-closure-rigid-boxes-china-wholesale","status":"publish","type":"product","link":"https:\/\/red-lighttherapy.com\/pt_pt\/custom-hemp-oil-magnetic-closure-rigid-boxes-china-wholesale\/","title":{"rendered":"Caixas r\u00edgidas com fecho magn\u00e9tico para \u00f3leo de c\u00e2nhamo personalizadas China por atacado"},"content":{"rendered":"<h2 id=\"-customized-sesame-oil-magnetic-buckle-hard-box-china-wholesale-product-description-\">Caixas r\u00edgidas com fecho magn\u00e9tico para \u00f3leo de c\u00e2nhamo personalizadas China por atacado<\/h2>\n<h2 id=\"-1-innovative-magnetic-box-design-taking-into-account-convenience-and-ritual-sense-\"><strong>1. Design inovador da caixa com fecho magn\u00e9tico, tendo em conta a conveni\u00eancia e o sentido ritual<\/strong><\/h2>\n<p>Esta caixa de embalagem adopta\u00a0<strong>estrutura de fecho magn\u00e9tico<\/strong>O fecho magn\u00e9tico de alta precis\u00e3o, atrav\u00e9s da coopera\u00e7\u00e3o entre a folha de suc\u00e7\u00e3o de fecho magn\u00e9tico de alta precis\u00e3o e a folha de guia da tampa magn\u00e9tica, pode ser facilmente aberto e fechado com uma m\u00e3o. A for\u00e7a magn\u00e9tica foi cientificamente testada para garantir um acesso r\u00e1pido ao corpo da garrafa e manter a integridade da embalagem quando fechada, evitando a abertura acidental durante o transporte ou a armazenagem. O design da tampa basculante do corpo da caixa adapta-se \u00e0 ergonomia, abre e fecha suavemente sem encravar, dando aos utilizadores uma sensa\u00e7\u00e3o de ritual ao desembalar, ao mesmo tempo que satisfaz as necessidades de conveni\u00eancia de uma utiliza\u00e7\u00e3o de alta frequ\u00eancia.<\/p>\n<h2 id=\"-2-modern-aesthetic-design-suitable-for-multiple-scenes-\"><strong>2. Design est\u00e9tico moderno, adequado para v\u00e1rios cen\u00e1rios<\/strong><\/h2>\n<p>A embalagem utiliza\u00a0<strong>linhas rectas e limpas<\/strong>\u00a0como linguagem central, abandona a decora\u00e7\u00e3o redundante e apresenta uma beleza geom\u00e9trica simples. A propor\u00e7\u00e3o do tipo de caixa foi optimizada pela sec\u00e7\u00e3o dourada, que \u00e9 adequada para cen\u00e1rios de exposi\u00e7\u00e3o diversificados, como prateleiras de supermercados, balc\u00f5es de marcas e plataformas de com\u00e9rcio eletr\u00f3nico. A superf\u00edcie adopta o tom preto puro mate, com o log\u00f3tipo da marca em estampagem a quente\/prata artesanal, criando uma\u00a0<strong>calmo e atmosf\u00e9rico<\/strong>\u00a0experi\u00eancia visual, que se enquadra no posicionamento de mercado natural e topo de gama do \u00f3leo CBD e constitui uma diferen\u00e7a distinta em rela\u00e7\u00e3o aos produtos concorrentes.<\/p>\n<h2 id=\"-3-coated-paper-reinforced-structure-long-term-protection-of-contents-\"><strong>3. Estrutura refor\u00e7ada com papel revestido, prote\u00e7\u00e3o a longo prazo do conte\u00fado<\/strong><\/h2>\n<p>O corpo da caixa utiliza\u00a0<strong>Substrato de papel revestido de 450 g<\/strong>que \u00e9 processado por lamina\u00e7\u00e3o e processo de colagem multicamada, e a resist\u00eancia \u00e0 compress\u00e3o \u00e9 aumentada em 30%, que pode suportar os choques de transporte e a press\u00e3o de empilhamento. O interior \u00e9 combinado com um revestimento de alta densidade em EVA,\u00a0<strong>corte preciso<\/strong>\u00a0A caixa de cart\u00e3o \u00e9 fixada de acordo com o contorno do corpo da garrafa, e o corpo da garrafa \u00e9 firmemente fixado para evitar desgaste ou fugas provocadas por aban\u00f5es. As protec\u00e7\u00f5es de canto anti-colis\u00e3o s\u00e3o adicionadas aos quatro cantos do corpo da caixa para aumentar ainda mais a resist\u00eancia ao impacto e garantir a seguran\u00e7a de armazenamento a longo prazo.<\/p>\n<h2 id=\"-4-seiko-quality-details-show-ingenuity-\"><strong>4. Qualidade Seiko, os pormenores revelam engenho<\/strong><\/h2>\n<p>Adotar\u00a0<strong>moldes de alta precis\u00e3o e tecnologia de corte e vinco totalmente autom\u00e1tica<\/strong>As costuras do corpo da caixa s\u00e3o suaves e sem rebarbas, e o amortecimento da abertura e do fecho da aba \u00e9 moderado, garantindo uma experi\u00eancia de utiliza\u00e7\u00e3o suave. A impress\u00e3o da superf\u00edcie utiliza impress\u00e3o offset a quatro cores + tecnologia de verniz local UV, o padr\u00e3o \u00e9 claro e delicado, a satura\u00e7\u00e3o da cor \u00e9 elevada e \u00e9 resistente ao desgaste e aos riscos. A junta de revestimento adopta a tecnologia de lamina\u00e7\u00e3o ultra-s\u00f3nica para evitar a contamina\u00e7\u00e3o da cola e cumprir as normas de seguran\u00e7a das embalagens de qualidade alimentar.<\/p>\n<h2 id=\"-5-full-dimensional-customization-service-empowering-brand-marketing-\"><strong>5. Servi\u00e7o de personaliza\u00e7\u00e3o de todas as dimens\u00f5es, potenciando o marketing da marca<\/strong><\/h2>\n<p>Suporta as seguintes solu\u00e7\u00f5es de personaliza\u00e7\u00e3o flex\u00edveis:<\/p>\n<ul>\n<li><strong>Tamanho e tipo de caixa<\/strong>: Adaptar-se \u00e0s especifica\u00e7\u00f5es das garrafas de \u00f3leo de s\u00e9samo de 50 ml-500 ml e desenvolver tipos de caixas inovadores, como as de gaveta e as de livro;<\/li>\n<li><strong>Conte\u00fado da impress\u00e3o<\/strong>: Suporta a impress\u00e3o de p\u00e1gina inteira do log\u00f3tipo da marca, slogan, c\u00f3digo anti-falsifica\u00e7\u00e3o, etc., e pode adicionar anti-falsifica\u00e7\u00e3o a laser, c\u00f3digo QR de dados vari\u00e1veis e outros processos;<\/li>\n<li><strong>Estrutura do revestimento interior<\/strong>: Fornecer EVA, esponja, flocagem e outras op\u00e7\u00f5es de materiais, apoiar a conce\u00e7\u00e3o de compartimentos divis\u00f3rios e satisfazer as necessidades de embalagens combinadas de v\u00e1rias garrafas;<\/li>\n<li><strong>Atualiza\u00e7\u00e3o magn\u00e9tica<\/strong>: Fivela magn\u00e9tica forte opcional (1,0CM) ou fivela magn\u00e9tica normal (1,4CM\/1,8CM) para se adaptar a diferentes requisitos de suporte de carga.<\/li>\n<\/ul>\n<h2 id=\"-6-mature-supply-chain-guarantee-efficient-delivery-without-worries-\"><strong>6. Garantia de uma cadeia de abastecimento madura, entrega eficiente e sem preocupa\u00e7\u00f5es<\/strong><\/h2>\n<p>Confiar em\u00a0<strong>16 anos de experi\u00eancia profissional na produ\u00e7\u00e3o de embalagens<\/strong>A f\u00e1brica est\u00e1 equipada com uma linha de produ\u00e7\u00e3o totalmente autom\u00e1tica e com um sistema de controlo de qualidade ISO para conseguir uma liga\u00e7\u00e3o eficiente de toda a cadeia, desde a conce\u00e7\u00e3o e a prova at\u00e9 \u00e0 produ\u00e7\u00e3o em massa.<\/p>\n<ul>\n<li><strong>Garantia de controlo de qualidade<\/strong>: As mat\u00e9rias-primas s\u00e3o certificadas pela SGS, e 6 processos de inspe\u00e7\u00e3o de qualidade s\u00e3o implementados no processo de produ\u00e7\u00e3o, com uma taxa de defeito inferior a 0,3%;<\/li>\n<li><strong>Resposta r\u00e1pida<\/strong>: Suporte 2-3 dias de ciclo de prova, produ\u00e7\u00e3o de quantidade m\u00ednima de encomenda de 500 unidades;<\/li>\n<li><strong>Tecnologia de elevado grau de dificuldade<\/strong>: Bom em processos complexos, como caixas com formas especiais, estruturas de suc\u00e7\u00e3o magn\u00e9tica e materiais degrad\u00e1veis amigos do ambiente, ajudando as marcas a ultrapassar a concorr\u00eancia homog\u00e9nea.<\/li>\n<\/ul>\n<h2 id=\"-application-scenarios-\"><strong>Cen\u00e1rios de aplica\u00e7\u00e3o<\/strong><\/h2>\n<ul>\n<li><strong>Marca de \u00f3leo de s\u00e9samo topo de gama<\/strong>: Em sintonia com o tom dos produtos naturais e biol\u00f3gicos, valorizar o espa\u00e7o premium do terminal;<\/li>\n<li><strong>Mercado de personaliza\u00e7\u00e3o de presentes<\/strong>: Refor\u00e7ar a singularidade das caixas de oferta de f\u00e9rias e das solu\u00e7\u00f5es de personaliza\u00e7\u00e3o empresarial atrav\u00e9s de um design exclusivo;<\/li>\n<li><strong>Com\u00e9rcio eletr\u00f3nico transfronteiri\u00e7o<\/strong>: Cumprir as normas internacionais de transporte e reduzir os riscos de perdas log\u00edsticas transfronteiri\u00e7as.<\/li>\n<\/ul>","protected":false},"excerpt":{"rendered":"<p>Este design de caixa com tampa magn\u00e9tica permite aos utilizadores aceder rapidamente ao frasco, mantendo a integridade da embalagem, tendo em conta a conveni\u00eancia e o ritual, com linhas simples, de acordo com a est\u00e9tica moderna, e adequado para uma variedade de cen\u00e1rios de exposi\u00e7\u00e3o. O corpo da caixa utiliza um tom preto puro para transmitir o profissionalismo da marca e a fiabilidade do produto, o que se enquadra no posicionamento de mercado natural e de alta qualidade do \u00f3leo CBD e \u00e9 f\u00e1cil de diferenciar dos produtos concorrentes.<\/p>","protected":false},"featured_media":1221,"template":"","meta":{"_kad_post_transparent":"default","_kad_post_title":"","_kad_post_layout":"default","_kad_post_sidebar_id":"","_kad_post_content_style":"default","_kad_post_vertical_padding":"default","_kad_post_feature":"","_kad_post_feature_position":"","_kad_post_header":false,"_kad_post_footer":false,"_kad_post_classname":""},"product_brand":[],"product_cat":[15,27,17],"product_tag":[477,476,469],"class_list":{"0":"post-1219","1":"product","2":"type-product","3":"status-publish","4":"has-post-thumbnail","6":"product_cat-red-light-therapy","7":"product_cat-red-light-therapy-belt","8":"product_cat-services","9":"product_tag-branded-cbd-tincture-boxes","10":"product_tag-cbd-hemp-oil-boxes","11":"product_tag-custom-hemp-oil-boxes","13":"first","14":"instock","15":"shipping-taxable","16":"product-type-simple","17":"entry","18":"content-bg","19":"loop-entry"},"_links":{"self":[{"href":"https:\/\/red-lighttherapy.com\/pt_pt\/wp-json\/wp\/v2\/product\/1219","targetHints":{"allow":["GET"]}}],"collection":[{"href":"https:\/\/red-lighttherapy.com\/pt_pt\/wp-json\/wp\/v2\/product"}],"about":[{"href":"https:\/\/red-lighttherapy.com\/pt_pt\/wp-json\/wp\/v2\/types\/product"}],"wp:featuredmedia":[{"embeddable":true,"href":"https:\/\/red-lighttherapy.com\/pt_pt\/wp-json\/wp\/v2\/media\/1221"}],"wp:attachment":[{"href":"https:\/\/red-lighttherapy.com\/pt_pt\/wp-json\/wp\/v2\/media?parent=1219"}],"wp:term":[{"taxonomy":"product_brand","embeddable":true,"href":"https:\/\/red-lighttherapy.com\/pt_pt\/wp-json\/wp\/v2\/product_brand?post=1219"},{"taxonomy":"product_cat","embeddable":true,"href":"https:\/\/red-lighttherapy.com\/pt_pt\/wp-json\/wp\/v2\/product_cat?post=1219"},{"taxonomy":"product_tag","embeddable":true,"href":"https:\/\/red-lighttherapy.com\/pt_pt\/wp-json\/wp\/v2\/product_tag?post=1219"}],"curies":[{"name":"wp","href":"https:\/\/api.w.org\/{rel}","templated":true}]}}