{"id":1212,"date":"2025-04-17T06:50:31","date_gmt":"2025-04-17T06:50:31","guid":{"rendered":"https:\/\/red-lighttherapy.com\/?post_type=product&#038;p=1212"},"modified":"2025-04-17T07:06:10","modified_gmt":"2025-04-17T07:06:10","slug":"durable-cannabis-wax-concentrate-packaging-paper-drawer-box","status":"publish","type":"product","link":"https:\/\/red-lighttherapy.com\/pt_pt\/durable-cannabis-wax-concentrate-packaging-paper-drawer-box\/","title":{"rendered":"Caixa de gaveta de papel para embalagem de concentrado de cera de cannabis dur\u00e1vel"},"content":{"rendered":"<h2 id=\"-product-description-of-drawer-type-packaging-box-for-cannabis-wax-concentrate-\"><strong>Descri\u00e7\u00e3o do produto da caixa de embalagem tipo gaveta para concentrado de cera de cannabis<\/strong><\/h2>\n<h2 id=\"1-ergonomic-drawer-structure-\">1.\u00a0<strong>Estrutura ergon\u00f3mica da gaveta<\/strong><\/h2>\n<ul>\n<li><strong>Design Push-Pull suave<\/strong>: A tecnologia de corte de precis\u00e3o garante uma abertura e um fecho suaves das gavetas, que podem ser facilmente acionados com uma m\u00e3o, melhorando a comodidade de utiliza\u00e7\u00e3o;<\/li>\n<li><strong>Sentido de hierarquia e ritual<\/strong>: A estrutura em camadas das gavetas aumenta o efeito de exposi\u00e7\u00e3o do produto e o processo de abertura e fecho proporciona aos consumidores uma experi\u00eancia \"explorat\u00f3ria\", que se adequa ao cen\u00e1rio de consumo de produtos de CBD topo de gama.<\/li>\n<\/ul>\n<h2 id=\"2-environmentally-friendly-materials-and-durability-\">2.\u00a0<strong>Materiais amigos do ambiente e durabilidade<\/strong><\/h2>\n<ul>\n<li><strong>Papel revestido com certifica\u00e7\u00e3o FSC<\/strong>: O material de base prov\u00e9m de florestas geridas de forma sustent\u00e1vel, cumpre as normas ambientais internacionais, apoia a emiss\u00e3o de facturas FSC (incluindo n\u00fameros de certifica\u00e7\u00e3o) e contribui para a credibilidade dos relat\u00f3rios ESG da marca;<\/li>\n<li><strong>Processo de lamina\u00e7\u00e3o opcional<\/strong>: Fornece uma lamina\u00e7\u00e3o mate\/brilhante \u00e0 base de \u00e1gua, resistente a riscos e impress\u00f5es digitais, com um toque delicado e uma vida \u00fatil prolongada, adequada para diferentes ambientes de transporte e de exposi\u00e7\u00e3o.<\/li>\n<\/ul>\n<h2 id=\"3-high-precision-printing-and-visual-communication-\">3.\u00a0<strong>Impress\u00e3o de alta precis\u00e3o e comunica\u00e7\u00e3o visual<\/strong><\/h2>\n<ul>\n<li><strong>Impress\u00e3o de alta defini\u00e7\u00e3o a seis cores<\/strong>: Restaura com precis\u00e3o as texturas das plantas, o LOGOTIPO da marca e outros detalhes, com uma satura\u00e7\u00e3o de cor de 98%, melhorando a imagem profissional;<\/li>\n<li><strong>Atualiza\u00e7\u00e3o tecnol\u00f3gica<\/strong>: Suporte para estampagem a quente, grava\u00e7\u00e3o parcial UV e outros processos para real\u00e7ar o log\u00f3tipo da marca ou a descri\u00e7\u00e3o do ingrediente e melhorar o n\u00edvel visual da embalagem;<\/li>\n<li><strong>Cores principais azul e branco<\/strong>: O azul simboliza naturalidade e suavidade, o branco transmite limpeza e uma sensa\u00e7\u00e3o de tecnologia, e a combina\u00e7\u00e3o de duas cores refor\u00e7a a confian\u00e7a dos consumidores na seguran\u00e7a e no profissionalismo dos produtos.<\/li>\n<\/ul>\n<h2 id=\"4-eva-cushioning-lining-system-\">4.\u00a0<strong>Sistema de revestimento de amortecimento EVA<\/strong><\/h2>\n<ul>\n<li><strong>Design de ajuste preciso<\/strong>: Personalizar a ranhura do revestimento de acordo com o tamanho do concentrado para conseguir uma fixa\u00e7\u00e3o de \"desloca\u00e7\u00e3o zero\" e reduzir o risco de colis\u00e3o no transporte;<\/li>\n<li><strong>Desempenho de amortecimento antiss\u00edsmico<\/strong>: O material EVA tem uma resist\u00eancia ao ressalto de 90%, absorve eficazmente o impacto externo e \u00e9 adequado para cen\u00e1rios de log\u00edstica de longa dist\u00e2ncia.<\/li>\n<\/ul>\n<h2 id=\"5-full-dimensional-customization-service-\">5.\u00a0<strong>Servi\u00e7o de personaliza\u00e7\u00e3o de dimens\u00f5es completas<\/strong><\/h2>\n<ul>\n<li><strong>Requisitos de adapta\u00e7\u00e3o flex\u00edveis<\/strong>: Suporte \u00e0 personaliza\u00e7\u00e3o do tamanho da caixa (adaptando-se \u00e0 capacidade de 1g-10g), dire\u00e7\u00e3o de abertura e fecho da gaveta (puxar lateralmente\/puxar por cima), processo de impress\u00e3o (estampagem a quente\/UV\/embossing), estrutura do forro (divis\u00e3o\/camada), etc;<\/li>\n<li><strong>Mecanismo de resposta r\u00e1pida<\/strong>: A partir da confirma\u00e7\u00e3o do projeto at\u00e9 \u00e0 entrega, s\u00e3o necess\u00e1rios apenas 10 a 15 dias \u00fateis, para apoiar a produ\u00e7\u00e3o experimental de pequenos lotes e encomendas em grande escala.<\/li>\n<\/ul>\n<h2 id=\"6-environmental-protection-and-compliance-advantages-\">6.\u00a0<strong>Vantagens da prote\u00e7\u00e3o ambiental e da conformidade<\/strong><\/h2>\n<ul>\n<li><strong>Conce\u00e7\u00e3o da economia circular<\/strong>: A estrutura de material \u00fanico (papel + EVA) \u00e9 compat\u00edvel com o sistema de reciclagem convencional e o revestimento em EVA pode ser separado e reciclado para reduzir a carga ambiental;<\/li>\n<li><strong>Certifica\u00e7\u00e3o de normas internacionais<\/strong>: Aprova\u00e7\u00e3o das certifica\u00e7\u00f5es FSC, ISO 14001 e outras, em conformidade com as regulamenta\u00e7\u00f5es ambientais dos mercados europeu e americano (como o REACH da UE, isen\u00e7\u00e3o de impostos sobre pl\u00e1sticos), para ajudar a disposi\u00e7\u00e3o global da marca.<\/li>\n<\/ul>\n<h2 id=\"7-application-scenarios-and-value-\">7.\u00a0<strong>Cen\u00e1rios de aplica\u00e7\u00e3o e valor<\/strong><\/h2>\n<ul>\n<li><strong>Terminal retalhista<\/strong>: Exposto em farm\u00e1cias de alta gama e lojas especializadas em CBD, o design de abertura e fecho da gaveta aumenta a interatividade do produto e os pontos de mem\u00f3ria;<\/li>\n<li><strong>Log\u00edstica do com\u00e9rcio eletr\u00f3nico<\/strong>: O revestimento em EVA e a combina\u00e7\u00e3o do corpo da caixa resistente \u00e0 press\u00e3o reduzem a taxa de danos no transporte para menos de 1%;<\/li>\n<li><strong>Marketing da marca<\/strong>: O LOGOTIPO personalizado com estampagem a quente, o c\u00f3digo QR de rastreabilidade dos ingredientes e outros desenhos refor\u00e7am a consciencializa\u00e7\u00e3o dos consumidores para a tecnologia e responsabilidade da marca.<\/li>\n<\/ul>","protected":false},"excerpt":{"rendered":"<p>A estrutura de abertura e fecho da caixa de gavetas de papel e a caixa de gavetas de papel lisa s\u00e3o f\u00e1ceis de operar com uma m\u00e3o. Tem funcionalidade e um sentido de ritual. A precis\u00e3o de impress\u00e3o \u00e9 elevada, os pormenores dos padr\u00f5es s\u00e3o claros (como a textura das plantas), a reprodu\u00e7\u00e3o das cores \u00e9 forte e transmite a imagem profissional da marca. A cor principal \u00e9 o azul, que se adequa \u00e0s propriedades naturais e calmantes dos produtos de can\u00e1bis.<\/p>","protected":false},"featured_media":1216,"template":"","meta":{"_kad_post_transparent":"default","_kad_post_title":"","_kad_post_layout":"default","_kad_post_sidebar_id":"","_kad_post_content_style":"default","_kad_post_vertical_padding":"default","_kad_post_feature":"","_kad_post_feature_position":"","_kad_post_header":false,"_kad_post_footer":false,"_kad_post_classname":""},"product_brand":[],"product_cat":[15,20,17],"product_tag":[475,474,473],"class_list":{"0":"post-1212","1":"product","2":"type-product","3":"status-publish","4":"has-post-thumbnail","6":"product_cat-red-light-therapy","7":"product_cat-led-face-light-therapy","8":"product_cat-services","9":"product_tag-concentrate-packaging","10":"product_tag-custom-cannabis-concentrate-packaging","11":"product_tag-custom-concentrate-packaging-boxes","13":"first","14":"instock","15":"shipping-taxable","16":"product-type-simple","17":"entry","18":"content-bg","19":"loop-entry"},"_links":{"self":[{"href":"https:\/\/red-lighttherapy.com\/pt_pt\/wp-json\/wp\/v2\/product\/1212","targetHints":{"allow":["GET"]}}],"collection":[{"href":"https:\/\/red-lighttherapy.com\/pt_pt\/wp-json\/wp\/v2\/product"}],"about":[{"href":"https:\/\/red-lighttherapy.com\/pt_pt\/wp-json\/wp\/v2\/types\/product"}],"wp:featuredmedia":[{"embeddable":true,"href":"https:\/\/red-lighttherapy.com\/pt_pt\/wp-json\/wp\/v2\/media\/1216"}],"wp:attachment":[{"href":"https:\/\/red-lighttherapy.com\/pt_pt\/wp-json\/wp\/v2\/media?parent=1212"}],"wp:term":[{"taxonomy":"product_brand","embeddable":true,"href":"https:\/\/red-lighttherapy.com\/pt_pt\/wp-json\/wp\/v2\/product_brand?post=1212"},{"taxonomy":"product_cat","embeddable":true,"href":"https:\/\/red-lighttherapy.com\/pt_pt\/wp-json\/wp\/v2\/product_cat?post=1212"},{"taxonomy":"product_tag","embeddable":true,"href":"https:\/\/red-lighttherapy.com\/pt_pt\/wp-json\/wp\/v2\/product_tag?post=1212"}],"curies":[{"name":"wp","href":"https:\/\/api.w.org\/{rel}","templated":true}]}}