{"id":1206,"date":"2025-04-17T06:38:12","date_gmt":"2025-04-17T06:38:12","guid":{"rendered":"https:\/\/red-lighttherapy.com\/?post_type=product&#038;p=1206"},"modified":"2025-04-17T06:50:23","modified_gmt":"2025-04-17T06:50:23","slug":"premium-custom-wax-hemp-3ml-5ml-7ml-concentrate-packaging","status":"publish","type":"product","link":"https:\/\/red-lighttherapy.com\/pt_pt\/premium-custom-wax-hemp-3ml-5ml-7ml-concentrate-packaging\/","title":{"rendered":"Cera de C\u00e2nhamo Premium Personalizada 3ml 5ml 7ml Embalagem de Concentrado"},"content":{"rendered":"<h2 id=\"-customized-hemp-wax-concentrate-packaging-product-description-\"><strong>Cera de C\u00e2nhamo Personalizada Premium 3ml 5ml 7ml Embalagem de Concentrado Descri\u00e7\u00e3o do Produto<\/strong><\/h2>\n<h2 id=\"-1-innovative-magnetic-flip-cover-structure-stable-and-convenient-opening-experience-\"><strong>1. Estrutura inovadora da tampa articulada magn\u00e9tica: experi\u00eancia de abertura est\u00e1vel e c\u00f3moda<\/strong><\/h2>\n<p>Adoptando o design da tampa magn\u00e9tica, com um \u00edman NdFeB de alta resist\u00eancia como n\u00facleo de fecho, a experi\u00eancia de funcionamento \"tocar e abrir\" com uma s\u00f3 m\u00e3o \u00e9 conseguida atrav\u00e9s de uma distribui\u00e7\u00e3o precisa dos p\u00f3los magn\u00e9ticos. As pe\u00e7as de suc\u00e7\u00e3o magn\u00e9tica incorporadas na tampa da caixa formam uma adsor\u00e7\u00e3o anisotr\u00f3pica com os \u00edmanes do corpo da caixa. Quando o \u00e2ngulo de abertura e fecho atinge 90\u00b0, pode voltar automaticamente ao estado totalmente aberto, evitando o problema de encravamento da tampa deslizante tradicional.<\/p>\n<ul>\n<li><strong>Otimiza\u00e7\u00e3o da estabilidade<\/strong>: A for\u00e7a de suc\u00e7\u00e3o magn\u00e9tica \u00e9 calculada mecanicamente para se adaptar ao peso dos frascos de 3ml\/5ml\/7ml para garantir que n\u00e3o h\u00e1 abertura acidental durante o transporte e suporta a abertura e o fecho repetidos por mais de 5.000 vezes sem deforma\u00e7\u00e3o.<\/li>\n<li><strong>Detalhes ergon\u00f3micos<\/strong>: A extremidade da tampa da caixa tem uma ranhura em arco reservada e a fric\u00e7\u00e3o da \u00e1rea de press\u00e3o do polegar \u00e9 melhorada para satisfazer as necessidades de utiliza\u00e7\u00e3o eficiente em cen\u00e1rios de consumo r\u00e1pido.<\/li>\n<\/ul>\n<h2 id=\"-2-modular-display-system-brand-visual-unity-solution-\"><strong>2. Sistema modular de exposi\u00e7\u00e3o: Solu\u00e7\u00e3o de unidade visual da marca<\/strong><\/h2>\n<p>O sistema de embalagem \u00e9 compat\u00edvel com a exposi\u00e7\u00e3o em prateleiras de retalho e a combina\u00e7\u00e3o de conjuntos de caixas de oferta, e \u00e9 constru\u00edda uma matriz visual atrav\u00e9s de um design de tamanho normalizado (diferen\u00e7a de gradiente de altura da caixa de 3ml\/5ml\/7ml de 15mm).<\/p>\n<ul>\n<li><strong>L\u00f3gica de combina\u00e7\u00e3o<\/strong>: A caixa \u00fanica adopta uma estrutura de cobertura superior e inferior, e o conjunto de caixas de oferta utiliza uma ranhura para cart\u00f5es incorporada para conseguir uma jun\u00e7\u00e3o perfeita de v\u00e1rias especifica\u00e7\u00f5es. A caixa exterior utiliza simultaneamente o mesmo esquema de cores e a mesma linguagem de tipo de caixa para aumentar o impacto da apresenta\u00e7\u00e3o do terminal.<\/li>\n<li><strong>Impress\u00e3o da marca<\/strong>: O log\u00f3tipo UV invis\u00edvel da marca \u00e9 impresso no interior da tampa da caixa e o contacto de mem\u00f3ria \u00e9 formado no momento da abertura e do fecho. O estado fechado transmite os atributos da categoria atrav\u00e9s do corpo unificado da caixa verde.<\/li>\n<\/ul>\n<h2 id=\"-3-double-upgrade-of-environmental-protection-and-protection-fsc-certified-cardboard-pressure-resistant-coated-paper-\"><strong>3. Dupla atualiza\u00e7\u00e3o da prote\u00e7\u00e3o ambiental e da prote\u00e7\u00e3o: Cart\u00e3o certificado FSC + papel revestido resistente \u00e0 press\u00e3o<\/strong><\/h2>\n<ul>\n<li><strong>Materiais sustent\u00e1veis<\/strong>: \u00c9 utilizado cart\u00e3o 100% com certifica\u00e7\u00e3o FSC, a rastreabilidade da mat\u00e9ria-prima pode ser verificada e \u00e9 impresso com tinta de soja \u00e0 base de \u00e1gua. Passou nos testes de metais pesados e compostos org\u00e2nicos vol\u00e1teis da SGS e cumpre as normas de grau de contacto alimentar da FDA.<\/li>\n<li><strong>Prote\u00e7\u00e3o estrutural<\/strong>O cart\u00e3o revestido com 2,5 mm de espessura \u00e9 processado por um processo composto ondulado, com uma resist\u00eancia \u00e0 compress\u00e3o de 12KGF\/cm\u00b2, que se destina aos pontos fracos dos cantos das garrafas de \u00f3leo de vidro\/pl\u00e1stico, e o teste de queda passa a norma de transporte ISTA 3A.<\/li>\n<\/ul>\n<h2 id=\"-4-precision-manufacturing-process-ultimate-opening-and-closing-experience-guarantee-\"><strong>4. Processo de fabrico de precis\u00e3o: garantia m\u00e1xima de experi\u00eancia de abertura e fecho<\/strong><\/h2>\n<ul>\n<li><strong>Tecnologia de corte e vinco a laser<\/strong>: O sistema de corte e vinco alem\u00e3o Kurz com uma precis\u00e3o de 0,01 mm consegue um processamento sem rebarbas do canto R da borda da caixa, e o erro de profundidade de pr\u00e9-indenta\u00e7\u00e3o da linha de dobragem \u00e9 \u22640,2 mm, garantindo que a for\u00e7a de abertura \u00e9 est\u00e1vel no intervalo de 0,8-1,2N.<\/li>\n<li><strong>Sistema de mordedura<\/strong>: O corpo da caixa adopta um mecanismo de fecho triplo de \"gancho duplo + assist\u00eancia de suc\u00e7\u00e3o magn\u00e9tica\". De acordo com medi\u00e7\u00f5es laboratoriais, a desloca\u00e7\u00e3o da tampa da caixa \u00e9 &lt;0,3 mm ap\u00f3s 200 aberturas e fechos consecutivos, o que \u00e9 significativamente melhor do que a m\u00e9dia da ind\u00fastria.<\/li>\n<\/ul>\n<h2 id=\"-5-color-strategy-and-minimalist-aesthetics-establishing-category-mental-cognition-\"><strong>5. Estrat\u00e9gia da cor e est\u00e9tica minimalista: Estabelecer a categoria cogni\u00e7\u00e3o mental<\/strong><\/h2>\n<ul>\n<li><strong>Aplica\u00e7\u00e3o da psicologia da cor<\/strong>: A cor principal do corpo da caixa \u00e9 o Pantone 17-0230TN (verde da veia da folha de can\u00e1bis), e o processo de impress\u00e3o com gradiente de 5 n\u00edveis \u00e9 utilizado para simular a textura original da planta. Os estudos de mercado mostram que este sistema de cores pode aumentar a associa\u00e7\u00e3o \"natural e org\u00e2nica\" dos utilizadores-alvo em 43%.<\/li>\n<li><strong>Conce\u00e7\u00e3o da decora\u00e7\u00e3o<\/strong>: Abandonando os processos tradicionais como a estampagem a quente\/embossing, \u00e9 criada uma imagem profissional atrav\u00e9s da superf\u00edcie curva tridimensional da caixa, e apenas \u00e9 utilizado o processo de embossing a n\u00edvel de microns no cart\u00e3o de revestimento interior para apresentar o LOGOTIPO da marca, conseguindo um foco visual de \"menos \u00e9 mais\".<\/li>\n<\/ul>","protected":false},"excerpt":{"rendered":"<p>A estrutura da caixa com fecho magn\u00e9tico combina estabilidade e facilidade de utiliza\u00e7\u00e3o. Pode ser facilmente aberta e fechada com uma m\u00e3o, o que facilita a sua utiliza\u00e7\u00e3o r\u00e1pida pelos consumidores. Utiliza cart\u00e3o certificado pelo FSC para garantir que as mat\u00e9rias-primas prov\u00eam de florestas geridas de forma sustent\u00e1vel, o que cumpre os requisitos de propriedade natural da categoria de sa\u00fade para prote\u00e7\u00e3o ambiental. \u00c9 adequado para exposi\u00e7\u00e3o em prateleiras de retalho ou combina\u00e7\u00e3o de conjuntos de caixas de oferta, refor\u00e7ando visualmente a unidade da marca.<\/p>","protected":false},"featured_media":1207,"template":"","meta":{"_kad_post_transparent":"default","_kad_post_title":"","_kad_post_layout":"default","_kad_post_sidebar_id":"","_kad_post_content_style":"default","_kad_post_vertical_padding":"default","_kad_post_feature":"","_kad_post_feature_position":"","_kad_post_header":false,"_kad_post_footer":false,"_kad_post_classname":""},"product_brand":[],"product_cat":[15,27,17],"product_tag":[471,470,472],"class_list":{"0":"post-1206","1":"product","2":"type-product","3":"status-publish","4":"has-post-thumbnail","6":"product_cat-red-light-therapy","7":"product_cat-red-light-therapy-belt","8":"product_cat-services","9":"product_tag-best-concentrate-packaging-wholesale","10":"product_tag-concentrate-packaging-box","11":"product_tag-custom-concentrate-packaging-wholesale","13":"first","14":"instock","15":"shipping-taxable","16":"product-type-simple","17":"entry","18":"content-bg","19":"loop-entry"},"_links":{"self":[{"href":"https:\/\/red-lighttherapy.com\/pt_pt\/wp-json\/wp\/v2\/product\/1206","targetHints":{"allow":["GET"]}}],"collection":[{"href":"https:\/\/red-lighttherapy.com\/pt_pt\/wp-json\/wp\/v2\/product"}],"about":[{"href":"https:\/\/red-lighttherapy.com\/pt_pt\/wp-json\/wp\/v2\/types\/product"}],"wp:featuredmedia":[{"embeddable":true,"href":"https:\/\/red-lighttherapy.com\/pt_pt\/wp-json\/wp\/v2\/media\/1207"}],"wp:attachment":[{"href":"https:\/\/red-lighttherapy.com\/pt_pt\/wp-json\/wp\/v2\/media?parent=1206"}],"wp:term":[{"taxonomy":"product_brand","embeddable":true,"href":"https:\/\/red-lighttherapy.com\/pt_pt\/wp-json\/wp\/v2\/product_brand?post=1206"},{"taxonomy":"product_cat","embeddable":true,"href":"https:\/\/red-lighttherapy.com\/pt_pt\/wp-json\/wp\/v2\/product_cat?post=1206"},{"taxonomy":"product_tag","embeddable":true,"href":"https:\/\/red-lighttherapy.com\/pt_pt\/wp-json\/wp\/v2\/product_tag?post=1206"}],"curies":[{"name":"wp","href":"https:\/\/api.w.org\/{rel}","templated":true}]}}