{"id":1192,"date":"2025-04-17T03:53:24","date_gmt":"2025-04-17T03:53:24","guid":{"rendered":"https:\/\/red-lighttherapy.com\/?post_type=product&#038;p=1192"},"modified":"2025-04-17T06:22:08","modified_gmt":"2025-04-17T06:22:08","slug":"wholesale-cannabis-concentrate-magnetic-lid-packaging-boxes","status":"publish","type":"product","link":"https:\/\/red-lighttherapy.com\/pt_pt\/wholesale-cannabis-concentrate-magnetic-lid-packaging-boxes\/","title":{"rendered":"Caixas de embalagem com tampa magn\u00e9tica para concentrado de cannabis por atacado"},"content":{"rendered":"<h2 id=\"-product-description-of-paper-drawer-box-for-marijuana-concentrate-magnetic-cover-\"><strong>Descri\u00e7\u00e3o do produto da Caixa de gaveta de papel para concentrado de marijuana Tampa magn\u00e9tica<\/strong><\/h2>\n<h2 id=\"-1-paper-drawer-box-slide-rail-design-easy-and-efficient-opening-and-closing-\"><strong>1. Design da calha deslizante da caixa de gavetas de papel, abertura e fecho f\u00e1ceis e eficientes<\/strong><\/h2>\n<ul>\n<li><strong>Posicionamento preciso e anti-queda<\/strong>: A calha deslizante \u00e9 calculada com precis\u00e3o e a tampa da caixa \u00e9 automaticamente bloqueada na posi\u00e7\u00e3o predefinida durante a abertura e o fecho para evitar deslizamentos acidentais e garantir a estabilidade durante a utiliza\u00e7\u00e3o.<\/li>\n<\/ul>\n<h2 id=\"-2-double-childproof-lock-mechanism-safe-and-worry-free-\"><strong>2. Mecanismo duplo de bloqueio \u00e0 prova de crian\u00e7as, seguro e sem preocupa\u00e7\u00f5es<\/strong><\/h2>\n<ul>\n<li><strong>Tecnologia Press to Unlock<\/strong>: Um interrutor de press\u00e3o oculto est\u00e1 colocado na parte lateral do corpo da caixa e um adulto tem de o premir com uma for\u00e7a espec\u00edfica para que a tampa da caixa deslize em sincronia, impedindo assim que as crian\u00e7as a abram por engano.<\/li>\n<li><strong>For\u00e7a de suc\u00e7\u00e3o magn\u00e9tica ajust\u00e1vel<\/strong>: Ao personalizar a for\u00e7a de adsor\u00e7\u00e3o do \u00edman, equilibra a seguran\u00e7a das crian\u00e7as e a facilidade de utiliza\u00e7\u00e3o dos adultos, podendo ser facilmente operado apenas com a for\u00e7a dos dedos de um adulto.<\/li>\n<\/ul>\n<h2 id=\"-3-stable-and-shock-resistant-structure-upgraded-portable-experience-\"><strong>3. Estrutura est\u00e1vel e resistente ao choque, experi\u00eancia port\u00e1til melhorada<\/strong><\/h2>\n<ul>\n<li><strong>Ranhura para cart\u00f5es personalizados incorporada<\/strong>: Moldado com precis\u00e3o de acordo com o tamanho do concentrado (como engarrafado e ensacado), com revestimento em EVA \u00e0 prova de choque, fixa firmemente o conte\u00fado, n\u00e3o abana durante o transporte e evita danos por colis\u00e3o.<\/li>\n<li><strong>Design leve e port\u00e1til<\/strong>: A espessura e o peso do corpo da caixa s\u00e3o optimizados, tendo em conta tanto a prote\u00e7\u00e3o como a portabilidade, adequados \u00e0s necessidades de empilhamento na bagagem de m\u00e3o ou na arruma\u00e7\u00e3o.<\/li>\n<\/ul>\n<h2 id=\"-4-coated-paper-multi-layer-composite-material-pressure-resistant-and-damage-resistant-\"><strong>4. Material composto de v\u00e1rias camadas de papel revestido, resistente \u00e0 press\u00e3o e aos danos<\/strong><\/h2>\n<ul>\n<li><strong>Substrato de alta resist\u00eancia<\/strong>: \u00c9 utilizado papel revestido espesso de 400 g e a superf\u00edcie \u00e9 coberta com uma pel\u00edcula ecol\u00f3gica mate\/brilhante, que \u00e9 resistente \u00e0 press\u00e3o, \u00e0 humidade e aos riscos, e pode suportar o empilhamento e a extrus\u00e3o durante o transporte log\u00edstico.<\/li>\n<li><strong>Design recicl\u00e1vel<\/strong>: O material \u00e9 robusto e dur\u00e1vel, permite m\u00faltiplas aberturas, fechos e reutiliza\u00e7\u00f5es, reduz o custo de substitui\u00e7\u00e3o da embalagem e est\u00e1 em conformidade com o conceito de prote\u00e7\u00e3o ambiental.<\/li>\n<\/ul>\n<h2 id=\"-5-high-precision-printing-technology-excellent-visual-texture-\"><strong>5. Tecnologia de impress\u00e3o de alta precis\u00e3o, excelente textura visual<\/strong><\/h2>\n<ul>\n<li><strong>Tecnologia de impress\u00e3o UV a cores<\/strong>: Suporta padr\u00f5es complexos, tais como cores gradientes e brilho met\u00e1lico, com uma satura\u00e7\u00e3o de cor superior a 95%, e n\u00e3o se desvanece facilmente ap\u00f3s o teste de fric\u00e7\u00e3o.<\/li>\n<li><strong>Processos de superf\u00edcie diversificados<\/strong>: Op\u00e7\u00e3o de estampagem a quente, grava\u00e7\u00e3o em relevo, UV local e outros processos para aumentar o reconhecimento da marca e melhorar a qualidade da embalagem.<\/li>\n<\/ul>\n<h2 id=\"-6-minimalist-white-tone-conveying-a-professional-brand-image-\"><strong>6. Tom branco minimalista, transmitindo uma imagem de marca profissional<\/strong><\/h2>\n<ul>\n<li><strong>Caixa branca pura<\/strong>: Com o branco como cor de base, simboliza a seguran\u00e7a, o profissionalismo e a limpeza, adapta-se ao posicionamento dos produtos de can\u00e1bis de qualidade m\u00e9dica e refor\u00e7a a confian\u00e7a dos consumidores.<\/li>\n<li><strong>Correspond\u00eancia visual flex\u00edvel<\/strong>: Suporta o embelezamento parcial da cor da marca, textura gradiente ou LOGOTIPO minimalista, real\u00e7a a personalidade na simplicidade e evita o design excessivo.<\/li>\n<\/ul>\n<h2 id=\"-7-all-round-customization-service-empowering-brand-differentiation-\"><strong>7. Servi\u00e7o de personaliza\u00e7\u00e3o completo, potenciando a diferencia\u00e7\u00e3o da marca<\/strong><\/h2>\n<ul>\n<li><strong>Adapta\u00e7\u00e3o flex\u00edvel do tamanho<\/strong>: Suporta a personaliza\u00e7\u00e3o de tamanhos completos, desde microgarrafas de 10 ml a latas de grande capacidade de 100 ml, para satisfazer as necessidades da linha de produtos.<\/li>\n<li><strong>Integra\u00e7\u00e3o profunda da marca<\/strong>: Cor da caixa personaliz\u00e1vel (como cor gradiente, preto mate), padr\u00e3o (ilustra\u00e7\u00e3o, padr\u00e3o geom\u00e9trico), informa\u00e7\u00f5es de texto (declara\u00e7\u00e3o regulamentar, instru\u00e7\u00f5es de utiliza\u00e7\u00e3o), etc., para criar um sistema \u00fanico de identifica\u00e7\u00e3o da marca.<\/li>\n<\/ul>\n<h2 id=\"-application-scenarios-\"><strong>Cen\u00e1rios de aplica\u00e7\u00e3o<\/strong><\/h2>\n<ul>\n<li><strong>Com\u00e9rcio grossista e retalhista<\/strong>: Aplic\u00e1vel ao acondicionamento a granel B2B e \u00e0 exposi\u00e7\u00e3o em terminais de venda de produtos como concentrados de can\u00e1bis, \u00f3leo CBD, extractos de cera, etc.<\/li>\n<li><strong>Adapta\u00e7\u00e3o a v\u00e1rios cen\u00e1rios<\/strong>: Satisfazem as necessidades de v\u00e1rios cen\u00e1rios, tais como armazenamento e transporte, exposi\u00e7\u00e3o em lojas e transporte di\u00e1rio pelos utilizadores, tendo em conta o car\u00e1cter pr\u00e1tico e a comunica\u00e7\u00e3o da marca.<\/li>\n<\/ul>","protected":false},"excerpt":{"rendered":"<p>Esta caixa de embalagem com tampa magn\u00e9tica para concentrado de can\u00e1bis foi especialmente concebida para marcas de produtos de can\u00e1bis topo de gama. Combina funcionalidade e valor est\u00e9tico, com uma estrutura inovadora, prote\u00e7\u00e3o de seguran\u00e7a e servi\u00e7os personalizados como o n\u00facleo, satisfazendo plenamente as necessidades de armazenamento de produtos, transporte e exposi\u00e7\u00e3o da marca, ajudando a melhorar a experi\u00eancia do utilizador e a imagem profissional da marca.<\/p>","protected":false},"featured_media":1194,"template":"","meta":{"_kad_post_transparent":"default","_kad_post_title":"","_kad_post_layout":"default","_kad_post_sidebar_id":"","_kad_post_content_style":"default","_kad_post_vertical_padding":"default","_kad_post_feature":"","_kad_post_feature_position":"","_kad_post_header":false,"_kad_post_footer":false,"_kad_post_classname":""},"product_brand":[],"product_cat":[15,27,17],"product_tag":[467,466,468],"class_list":{"0":"post-1192","1":"product","2":"type-product","3":"status-publish","4":"has-post-thumbnail","6":"product_cat-red-light-therapy","7":"product_cat-red-light-therapy-belt","8":"product_cat-services","9":"product_tag-custom-cbd-packaging","10":"product_tag-custom-cbd-packaging-boxes","11":"product_tag-magnetic-lid-boxes-for-concentrate","13":"first","14":"instock","15":"shipping-taxable","16":"product-type-simple","17":"entry","18":"content-bg","19":"loop-entry"},"_links":{"self":[{"href":"https:\/\/red-lighttherapy.com\/pt_pt\/wp-json\/wp\/v2\/product\/1192","targetHints":{"allow":["GET"]}}],"collection":[{"href":"https:\/\/red-lighttherapy.com\/pt_pt\/wp-json\/wp\/v2\/product"}],"about":[{"href":"https:\/\/red-lighttherapy.com\/pt_pt\/wp-json\/wp\/v2\/types\/product"}],"wp:featuredmedia":[{"embeddable":true,"href":"https:\/\/red-lighttherapy.com\/pt_pt\/wp-json\/wp\/v2\/media\/1194"}],"wp:attachment":[{"href":"https:\/\/red-lighttherapy.com\/pt_pt\/wp-json\/wp\/v2\/media?parent=1192"}],"wp:term":[{"taxonomy":"product_brand","embeddable":true,"href":"https:\/\/red-lighttherapy.com\/pt_pt\/wp-json\/wp\/v2\/product_brand?post=1192"},{"taxonomy":"product_cat","embeddable":true,"href":"https:\/\/red-lighttherapy.com\/pt_pt\/wp-json\/wp\/v2\/product_cat?post=1192"},{"taxonomy":"product_tag","embeddable":true,"href":"https:\/\/red-lighttherapy.com\/pt_pt\/wp-json\/wp\/v2\/product_tag?post=1192"}],"curies":[{"name":"wp","href":"https:\/\/api.w.org\/{rel}","templated":true}]}}