{"id":1186,"date":"2025-04-17T03:39:33","date_gmt":"2025-04-17T03:39:33","guid":{"rendered":"https:\/\/red-lighttherapy.com\/?post_type=product&#038;p=1186"},"modified":"2025-04-17T03:53:16","modified_gmt":"2025-04-17T03:53:16","slug":"custom-cbd-oil-packaging-boxes-folding-carton-distributor","status":"publish","type":"product","link":"https:\/\/red-lighttherapy.com\/pt_pt\/custom-cbd-oil-packaging-boxes-folding-carton-distributor\/","title":{"rendered":"Caixas de embalagem de \u00f3leo CBD personalizadas Distribuidor de caixas de cart\u00e3o dobr\u00e1veis"},"content":{"rendered":"<h2 id=\"-customized-cbd-oil-packaging-box-folding-carton-product-description-\"><strong>Caixa de embalagem de \u00f3leo CBD personalizada Caixa de cart\u00e3o dobr\u00e1vel Descri\u00e7\u00e3o do produto<\/strong><\/h2>\n<h2 id=\"-1-box-design-optimize-storage-and-practicality-\"><strong>1. Design da caixa: Otimizar o armazenamento e a praticidade<\/strong><\/h2>\n<p>O design da estrutura da caixa de cart\u00e3o \u00e9 adotado, e os cantos do corpo da caixa s\u00e3o refor\u00e7ados, o que \u00e9 conveniente para o empilhamento e poupa espa\u00e7o de armazenamento. O tipo de caixa cumpre as normas simples e pr\u00e1ticas dos mercados europeu e americano para embalagens de \u00f3leo CBD e medicamentos, como a abertura superior ou o design de abertura lateral, tendo em conta a facilidade de utiliza\u00e7\u00e3o e a unidade visual. O espa\u00e7o interior pode ser adaptado com exatid\u00e3o de acordo com o tamanho da garrafa para evitar o risco de danos causados por agita\u00e7\u00e3o durante o transporte.<\/p>\n<h2 id=\"-2-customized-lining-stable-protection-and-fit-\"><strong>2. Forro personalizado: Prote\u00e7\u00e3o e ajuste est\u00e1veis<\/strong><\/h2>\n<p>O forro \u00e9 feito de EVA de alta densidade ou de material de esponja reciclada, e a estrutura curva \u00e9 personalizada atrav\u00e9s de tecnologia de modela\u00e7\u00e3o 3D para se ajustar perfeitamente \u00e0 garrafa de \u00f3leo CBD e garantir uma desloca\u00e7\u00e3o zero durante o transporte. O revestimento pode ser concebido como segmentado ou integrado, adequado para frascos de diferentes especifica\u00e7\u00f5es (tais como frascos conta-gotas, frascos de spray), e suporta a adi\u00e7\u00e3o de ranhuras de amortecimento para aumentar a resist\u00eancia ao choque.<\/p>\n<h2 id=\"-3-surface-technology-matte-lamination-and-high-end-texture-\"><strong>3. Tecnologia de superf\u00edcie: lamina\u00e7\u00e3o mate e textura de alta qualidade<\/strong><\/h2>\n<p>A superf\u00edcie adopta a tecnologia de lamina\u00e7\u00e3o mate para evitar uma textura reflectora barata, melhorando simultaneamente a resist\u00eancia ao desgaste e a resist\u00eancia \u00e0 humidade, o que est\u00e1 em conformidade com o posicionamento da marca de produtos de sa\u00fade e de \u00f3leo CBD topo de gama. A tecnologia de textura opcional (como a pel\u00edcula t\u00e1til e o relevo de imita\u00e7\u00e3o de couro) melhora ainda mais a diferencia\u00e7\u00e3o do produto e transmite um tom natural e org\u00e2nico da marca.<\/p>\n<h2 id=\"-4-printing-technology-precise-color-and-brand-enhancement-\"><strong>4. Tecnologia de impress\u00e3o: cores exactas e valoriza\u00e7\u00e3o da marca<\/strong><\/h2>\n<p>Utilize a impress\u00e3o offset de alta defini\u00e7\u00e3o ou a tecnologia de impress\u00e3o digital para garantir que n\u00e3o existem diferen\u00e7as de cor entre os padr\u00f5es e os textos, e que existe correspond\u00eancia de cores diretas Pantone. O conte\u00fado impresso pode abranger log\u00f3tipos de marcas, descri\u00e7\u00f5es de ingredientes e informa\u00e7\u00f5es de aviso exigidas pelos regulamentos, tendo em conta tanto a est\u00e9tica como a conformidade. Para os produtos de can\u00e1bis, podem ser personalizadas ranhuras de etiquetas anti-contrafa\u00e7\u00e3o ou c\u00f3digos invis\u00edveis UV para aumentar a credibilidade do produto.<\/p>\n<h2 id=\"-5-certification-qualifications-compliant-production-and-brand-premium-\"><strong>5. Qualifica\u00e7\u00f5es de certifica\u00e7\u00e3o: produ\u00e7\u00e3o conforme e pr\u00e9mio de marca<\/strong><\/h2>\n<p>A f\u00e1brica possui certifica\u00e7\u00e3o florestal FSC (garantindo fontes de papel sustent\u00e1veis), ISO 15378 (sistema de gest\u00e3o da qualidade de embalagens de medicamentos) e certifica\u00e7\u00e3o de responsabilidade social BSCI, cumprindo os requisitos de conformidade das embalagens de \u00f3leo CBD nos mercados europeu e americano. As qualifica\u00e7\u00f5es de certifica\u00e7\u00e3o podem ser impressas na parte inferior ou lateral da caixa de embalagem para aumentar a confian\u00e7a do consumidor e o espa\u00e7o premium da marca.<\/p>\n<h2 id=\"-6-all-round-customization-service-\"><strong>6. Servi\u00e7o completo de personaliza\u00e7\u00e3o<\/strong><\/h2>\n<ul>\n<li><strong>Sele\u00e7\u00e3o de materiais<\/strong>: Fornecer cart\u00e3o certificado pelo FSC, pl\u00e1stico degrad\u00e1vel ou materiais comp\u00f3sitos para cumprir os requisitos de prote\u00e7\u00e3o ambiental e de resist\u00eancia.<\/li>\n<li><strong>Ajuste do tipo de caixa<\/strong>: Suporte de estruturas especiais, tais como caixas tipo gaveta e em forma de livro, para se adaptar \u00e0s diversas necessidades dos produtos de can\u00e1bis.<\/li>\n<li><strong>Expans\u00e3o da fun\u00e7\u00e3o<\/strong>: Tecnologias inteligentes, como chips anti-falsifica\u00e7\u00e3o e etiquetas RFID, podem ser integradas para melhorar a rastreabilidade dos produtos.<\/li>\n<\/ul>\n<h2 id=\"-cooperation-process-\"><strong>Processo de coopera\u00e7\u00e3o<\/strong>:<\/h2>\n<ol>\n<li>Fornecer o tamanho da garrafa, o projeto de conce\u00e7\u00e3o e os requisitos de certifica\u00e7\u00e3o;<\/li>\n<li>Fornecer desenhos 3D do tipo caixa e solu\u00e7\u00f5es de materiais no prazo de 24 horas;<\/li>\n<li>Ap\u00f3s a confirma\u00e7\u00e3o da prova, a produ\u00e7\u00e3o em massa e a entrega ser\u00e3o conclu\u00eddas em 7-14 dias.<\/li>\n<\/ol>","protected":false},"excerpt":{"rendered":"<p>O design da caixa de cart\u00e3o \u00e9 c\u00f3modo para empilhar e armazenar e satisfaz as necessidades simples e pr\u00e1ticas dos mercados europeu e americano de embalagens de \u00f3leo CBD, medicamentos e produtos de cuidados de sa\u00fade. O processo de lamina\u00e7\u00e3o da superf\u00edcie evita a textura reflectora barata e est\u00e1 em conformidade com o posicionamento do \u00f3leo CBD topo de gama e dos produtos de cuidados de sa\u00fade. Pode ser personalizada de acordo com as suas necessidades, como a altura, o tipo de caixa, o material e a impress\u00e3o da superf\u00edcie, para satisfazer as necessidades das embalagens de s\u00e9ries de \u00f3leo CBD e de can\u00e1bis.<\/p>","protected":false},"featured_media":1187,"template":"","meta":{"_kad_post_transparent":"default","_kad_post_title":"","_kad_post_layout":"default","_kad_post_sidebar_id":"","_kad_post_content_style":"default","_kad_post_vertical_padding":"default","_kad_post_feature":"","_kad_post_feature_position":"","_kad_post_header":false,"_kad_post_footer":false,"_kad_post_classname":""},"product_brand":[],"product_cat":[15,24,17],"product_tag":[463,465,464],"class_list":{"0":"post-1186","1":"product","2":"type-product","3":"status-publish","4":"has-post-thumbnail","6":"product_cat-red-light-therapy","7":"product_cat-red-light-therapy-bed","8":"product_cat-services","9":"product_tag-custom-cbd-boxes","10":"product_tag-custom-printed-cbd-packaging","11":"product_tag-get-custom-cbd-boxes","13":"first","14":"instock","15":"shipping-taxable","16":"product-type-simple","17":"entry","18":"content-bg","19":"loop-entry"},"_links":{"self":[{"href":"https:\/\/red-lighttherapy.com\/pt_pt\/wp-json\/wp\/v2\/product\/1186","targetHints":{"allow":["GET"]}}],"collection":[{"href":"https:\/\/red-lighttherapy.com\/pt_pt\/wp-json\/wp\/v2\/product"}],"about":[{"href":"https:\/\/red-lighttherapy.com\/pt_pt\/wp-json\/wp\/v2\/types\/product"}],"wp:featuredmedia":[{"embeddable":true,"href":"https:\/\/red-lighttherapy.com\/pt_pt\/wp-json\/wp\/v2\/media\/1187"}],"wp:attachment":[{"href":"https:\/\/red-lighttherapy.com\/pt_pt\/wp-json\/wp\/v2\/media?parent=1186"}],"wp:term":[{"taxonomy":"product_brand","embeddable":true,"href":"https:\/\/red-lighttherapy.com\/pt_pt\/wp-json\/wp\/v2\/product_brand?post=1186"},{"taxonomy":"product_cat","embeddable":true,"href":"https:\/\/red-lighttherapy.com\/pt_pt\/wp-json\/wp\/v2\/product_cat?post=1186"},{"taxonomy":"product_tag","embeddable":true,"href":"https:\/\/red-lighttherapy.com\/pt_pt\/wp-json\/wp\/v2\/product_tag?post=1186"}],"curies":[{"name":"wp","href":"https:\/\/api.w.org\/{rel}","templated":true}]}}