{"id":1185,"date":"2025-04-17T03:35:56","date_gmt":"2025-04-17T03:35:56","guid":{"rendered":"https:\/\/red-lighttherapy.com\/?post_type=product&#038;p=1185"},"modified":"2025-04-17T14:44:35","modified_gmt":"2025-04-17T14:44:35","slug":"purchase-luxury-lipstick-tube-gift-set-magnetic-lid-boxes","status":"publish","type":"product","link":"https:\/\/red-lighttherapy.com\/pt_pt\/purchase-luxury-lipstick-tube-gift-set-magnetic-lid-boxes\/","title":{"rendered":"Comprar Tubo de batom de luxo para oferta Caixas com tampa magn\u00e9tica"},"content":{"rendered":"<h2 id=\"product-description-of-luxury-lipstick-tube-gift-box-with-magnetic-lid\">Descri\u00e7\u00e3o do produto Caixa de oferta de tubo de batom de luxo com tampa magn\u00e9tica<\/h2>\n<h2 id=\"-1-innovative-magnetic-opening-and-closing-system-with-both-ritual-and-practicality-\"><strong>1. Sistema de abertura e fecho magn\u00e9tico inovador, com ritual e praticidade<\/strong><\/h2>\n<p>Esta caixa de oferta adopta\u00a0<strong>conce\u00e7\u00e3o da estrutura magn\u00e9tica de abertura e fecho<\/strong>A abertura e o fecho da tampa da caixa s\u00e3o efectuados atrav\u00e9s de um alinhamento preciso do anel magn\u00e9tico um e do anel magn\u00e9tico dois. A abertura e o fecho podem ser efectuados com um simples toque de m\u00e3o. Em compara\u00e7\u00e3o com o design tradicional da fivela, a opera\u00e7\u00e3o \u00e9 mais c\u00f3moda e n\u00e3o h\u00e1 risco de desgaste mec\u00e2nico. O momento de fecho \u00e9 acompanhado por um som n\u00edtido de \"clique\", dando ao processo de abertura um sentido elegante de ritual, que se adequa \u00e0 experi\u00eancia de utiliza\u00e7\u00e3o de produtos de beleza topo de gama.<\/p>\n<h2 id=\"-2-precision-magnetic-closure-system-to-ensure-safety-and-convenience-\"><strong>2. Sistema de fecho magn\u00e9tico de precis\u00e3o para garantir seguran\u00e7a e comodidade<\/strong><\/h2>\n<p>O sistema de fecho magn\u00e9tico baseia-se em\u00a0<strong>disposi\u00e7\u00e3o do anel magn\u00e9tico duplo<\/strong>A tampa da caixa \u00e9 composta por um corpo magn\u00e9tico, com uma distribui\u00e7\u00e3o uniforme da for\u00e7a magn\u00e9tica e uma for\u00e7a de adsor\u00e7\u00e3o l\u00edder na ind\u00fastria, garantindo que o corpo da caixa se mant\u00e9m bem fechado durante o transporte ou em caso de queda acidental, para evitar que o batom se espalhe ou contamine. O rebordo da tampa da caixa adopta\u00a0<strong>tratamento de chanfragem<\/strong>que se adapta \u00e0 ergonomia, e a abertura e o fecho com uma s\u00f3 m\u00e3o s\u00e3o suaves e desobstru\u00eddos, tendo em conta os h\u00e1bitos de utiliza\u00e7\u00e3o e as necessidades de cena das utilizadoras.<\/p>\n<h2 id=\"-3-modular-lining-design-efficient-storage-and-display-\"><strong>3. Design modular do forro, armazenamento e exposi\u00e7\u00e3o eficientes<\/strong><\/h2>\n<p>O interior da caixa de oferta utiliza\u00a0<strong>forro em TPU personalizado<\/strong>O tubo de batom \u00e9 um tubo de cart\u00e3o de alta qualidade, formado por um corte a laser preciso para formar ranhuras de cart\u00e3o independentes, adequadas para tubos de batom de diferentes especifica\u00e7\u00f5es (como cil\u00edndricos, quadrados, etc.). Cada batom encaixa firmemente na ranhura do cart\u00e3o depois de ser encaixado, e o design anti-vibra\u00e7\u00e3o impede que a pasta seja danificada por colis\u00e3o. O forro pode ser desmontado e reorganizado, suportando a disposi\u00e7\u00e3o livre de 6 a 12 batons, tendo em conta a fun\u00e7\u00e3o de armazenamento e a beleza da apresenta\u00e7\u00e3o visual, e satisfazendo as necessidades de apresenta\u00e7\u00e3o \"ao n\u00edvel da cole\u00e7\u00e3o\" dos consumidores.<\/p>\n<h2 id=\"-4-environmentally-friendly-materials-and-structural-reinforcement-double-protection-\"><strong>4. Materiais amigos do ambiente e refor\u00e7o estrutural, dupla prote\u00e7\u00e3o<\/strong><\/h2>\n<p>O corpo principal da caixa de presente \u00e9 feito de\u00a0<strong>Papel revestido com certifica\u00e7\u00e3o FSC<\/strong>A caixa de papel \u00e9 uma caixa de papel de alta qualidade, com um revestimento mate amigo do ambiente na superf\u00edcie, uma dureza de 2000g\/m\u00b2 e uma resist\u00eancia \u00e0 compress\u00e3o que \u00e9 mais de 3 vezes melhor do que as caixas de papel normais. Uma estrutura de liga de alum\u00ednio leve est\u00e1 incorporada no interior, que \u00e9 perfeitamente combinada com a caixa de papel atrav\u00e9s de rebites para melhorar a capacidade de suporte de carga global. Pode suportar uma press\u00e3o est\u00e1tica de 50 kg sem deforma\u00e7\u00e3o e resistir eficazmente \u00e0 extrus\u00e3o externa. O material est\u00e1 em conformidade com as normas de prote\u00e7\u00e3o ambiental REACH da UE, tendo em conta a textura luxuosa e os conceitos sustent\u00e1veis.<\/p>\n<h2 id=\"-5-high-precision-printing-technology-double-upgrade-of-vision-and-touch-\"><strong>5. Tecnologia de impress\u00e3o de alta precis\u00e3o, dupla atualiza\u00e7\u00e3o da vis\u00e3o e do tato<\/strong><\/h2>\n<p>A superf\u00edcie da caixa adopta\u00a0<strong>Impress\u00e3o serigr\u00e1fica a 6 cores + tecnologia de estampagem a quente UV parcial<\/strong>e a precis\u00e3o dos bordos dos blocos de cor dos l\u00e1bios e dos padr\u00f5es de impress\u00e3o dos l\u00e1bios atinge 0,1 mm, sem manchas nem rebarbas (tal como a tecnologia de embalagem do batom Dior). Os blocos de cores utilizam tintas de cores especiais Pantone para restaurar mais de 95% da cor real do batom, o que \u00e9 conveniente para os consumidores identificarem rapidamente o n\u00famero da cor. A camada de impress\u00e3o foi testada quanto \u00e0 sua resist\u00eancia ao desgaste e mant\u00e9m-se brilhante ap\u00f3s 500 aberturas e fechamentos repetidos, demonstrando a tecnologia de impress\u00e3o de ponta da f\u00e1brica.<\/p>\n<h2 id=\"-6-aesthetic-detail-design-to-enhance-brand-tonality-\"><strong>6. Conce\u00e7\u00e3o de pormenores est\u00e9ticos para refor\u00e7ar a tonalidade da marca<\/strong><\/h2>\n<p>O forro e o corpo da caixa adoptam\u00a0<strong>desenho de p\u00f3 gradiente do mesmo sistema de cores<\/strong>A cor da caixa \u00e9 a mesma que a da caixa, passando de p\u00f3 de flor de cerejeira mate na superf\u00edcie da caixa para p\u00f3 de coral perolado no forro. A consist\u00eancia da cor \u00e9 calibrada por um espetrofot\u00f3metro profissional para melhorar a harmonia visual geral. A caixa \u00e9 fornecida com um compartimento de espelho magn\u00e9tico, que pode ser utilizado como espelho de maquilhagem. O rebordo do espelho \u00e9 incrustado com tiras decorativas em ouro rosa do mesmo sistema de cores que o anel magn\u00e9tico, e os detalhes transmitem o gene da marca de luxo.<\/p>\n<h2 id=\"-applicable-scenarios-\"><strong>Cen\u00e1rios aplic\u00e1veis<\/strong><\/h2>\n<ul>\n<li><strong>Prenda de Natal<\/strong>: O ritual magn\u00e9tico de abertura e fecho adapta-se ao ambiente festivo do Dia dos Namorados, do Natal, etc.<\/li>\n<li><strong>Personaliza\u00e7\u00e3o da marca<\/strong>: Suporta estampagem a quente do LOGOTIPO, revestimento a cores personalizado de an\u00e9is magn\u00e9ticos (ouro\/ouro rosa\/platina)<\/li>\n<li><strong>Expositor para retalho<\/strong>: O revestimento modular adapta-se \u00e0s necessidades de exposi\u00e7\u00e3o multi-SKU do balc\u00e3o<\/li>\n<\/ul>","protected":false},"excerpt":{"rendered":"<p>O sistema de fecho magn\u00e9tico garante que a caixa est\u00e1 firmemente fechada e pode ser facilmente aberta e fechada com uma m\u00e3o. \u00c9 mais c\u00f3modo do que as fivelas tradicionais. V\u00e1rios batons podem ser arrumados por ordem no interior atrav\u00e9s de um posicionamento preciso. Tem uma elevada utiliza\u00e7\u00e3o do espa\u00e7o e \u00e9 anti-vibra\u00e7\u00e3o, tornando-a f\u00e1cil de guardar e expor.<\/p>","protected":false},"featured_media":1174,"template":"","meta":{"_kad_post_transparent":"default","_kad_post_title":"","_kad_post_layout":"default","_kad_post_sidebar_id":"","_kad_post_content_style":"default","_kad_post_vertical_padding":"default","_kad_post_feature":"","_kad_post_feature_position":"","_kad_post_header":false,"_kad_post_footer":false,"_kad_post_classname":""},"product_brand":[],"product_cat":[15,27,17],"product_tag":[459,457,458],"class_list":{"0":"post-1185","1":"product","2":"type-product","3":"status-publish","4":"has-post-thumbnail","6":"product_cat-red-light-therapy","7":"product_cat-red-light-therapy-belt","8":"product_cat-services","9":"product_tag-lipstick-gift-set-boxes","10":"product_tag-luxury-lipstick-boxes","11":"product_tag-magnetic-lid-boxes","13":"first","14":"instock","15":"shipping-taxable","16":"product-type-simple","17":"entry","18":"content-bg","19":"loop-entry"},"_links":{"self":[{"href":"https:\/\/red-lighttherapy.com\/pt_pt\/wp-json\/wp\/v2\/product\/1185","targetHints":{"allow":["GET"]}}],"collection":[{"href":"https:\/\/red-lighttherapy.com\/pt_pt\/wp-json\/wp\/v2\/product"}],"about":[{"href":"https:\/\/red-lighttherapy.com\/pt_pt\/wp-json\/wp\/v2\/types\/product"}],"wp:featuredmedia":[{"embeddable":true,"href":"https:\/\/red-lighttherapy.com\/pt_pt\/wp-json\/wp\/v2\/media\/1174"}],"wp:attachment":[{"href":"https:\/\/red-lighttherapy.com\/pt_pt\/wp-json\/wp\/v2\/media?parent=1185"}],"wp:term":[{"taxonomy":"product_brand","embeddable":true,"href":"https:\/\/red-lighttherapy.com\/pt_pt\/wp-json\/wp\/v2\/product_brand?post=1185"},{"taxonomy":"product_cat","embeddable":true,"href":"https:\/\/red-lighttherapy.com\/pt_pt\/wp-json\/wp\/v2\/product_cat?post=1185"},{"taxonomy":"product_tag","embeddable":true,"href":"https:\/\/red-lighttherapy.com\/pt_pt\/wp-json\/wp\/v2\/product_tag?post=1185"}],"curies":[{"name":"wp","href":"https:\/\/api.w.org\/{rel}","templated":true}]}}