{"id":1173,"date":"2025-04-17T01:17:56","date_gmt":"2025-04-17T01:17:56","guid":{"rendered":"https:\/\/red-lighttherapy.com\/?post_type=product&#038;p=1173"},"modified":"2025-04-17T14:43:42","modified_gmt":"2025-04-17T14:43:42","slug":"vendor-order-custom-rigid-drawer-box-sigwarjewelry-packaging","status":"publish","type":"product","link":"https:\/\/red-lighttherapy.com\/pt_pt\/vendor-order-custom-rigid-drawer-box-sigwarjewelry-packaging\/","title":{"rendered":"Encomenda do fornecedor Caixa r\u00edgida personalizada para gavetas Embalagem de j\u00f3ias Sigwarjewelry"},"content":{"rendered":"<h2 id=\"-product-description-of-sigwarjewelry-custom-hard-drawer-box-paper-drawer-box-\"><strong>Descri\u00e7\u00e3o do produto de Caixa de gaveta r\u00edgida personalizada\u00a0<\/strong><\/h2>\n<h2>1.\u00a0<strong>Ergon\u00f3mico <\/strong><strong>Gaveta <\/strong><strong>Conce\u00e7\u00e3o<\/strong><\/h2>\n<p>A gaveta de papel \u00e9 facilmente aberta e fechada com um sistema de abertura e fecho da gaveta de papel, combinado com um design estrutural de precis\u00e3o e tecnologia de moldes de alta precis\u00e3o. As juntas entre o corpo da caixa e a gaveta s\u00e3o refor\u00e7adas para evitar folgas ou encravamentos, e a experi\u00eancia de funcionamento pode ser mantida sem problemas mesmo com uma utiliza\u00e7\u00e3o frequente.<\/p>\n<h2 id=\"2-fsc-certified-environmentally-friendly-materials-\">2.\u00a0<strong>Materiais ecol\u00f3gicos certificados pelo FSC<\/strong><\/h2>\n<p>As mat\u00e9rias-primas s\u00e3o feitas de fibras de madeira de florestas sustent\u00e1veis certificadas pelo FSC (Forest Stewardship Council) para garantir que todo o processo de produ\u00e7\u00e3o cumpre as normas ambientais. O material tem em conta tanto os conceitos de prote\u00e7\u00e3o ambiental como as propriedades f\u00edsicas, e a resist\u00eancia \u00e0 compress\u00e3o atinge o n\u00edvel l\u00edder da ind\u00fastria, protegendo eficazmente os produtos internos das perdas de transporte.<\/p>\n<h2 id=\"3-high-strength-coated-paper-structure-\">3.\u00a0<strong>Estrutura de papel revestido de alta resist\u00eancia<\/strong><\/h2>\n<p>O corpo da caixa \u00e9 feito de material de papel revestido de 300g\/m\u00b2, e a dureza e estabilidade s\u00e3o melhoradas atrav\u00e9s de um processo composto de v\u00e1rias camadas, e a capacidade de carga pode atingir mais de 5kg. O design do espa\u00e7o interno foi cientificamente calculado para suportar divis\u00f3rias modulares (substrato ou compartimentos opcionais), maximizar a utiliza\u00e7\u00e3o do volume e \u00e9 adequado para produtos requintados, como j\u00f3ias e rel\u00f3gios.<\/p>\n<h2 id=\"4-durable-nylon-handle-\">4.\u00a0<strong>Cabo de nylon dur\u00e1vel<\/strong><\/h2>\n<p>A pega \u00e9 feita de um cinto de nylon de alta resist\u00eancia com uma for\u00e7a de tra\u00e7\u00e3o superior a 100 kg. N\u00e3o se partiu ap\u00f3s dezenas de milhares de testes de tra\u00e7\u00e3o. Ao mesmo tempo, adapta-se \u00e0 curvatura da palma da m\u00e3o para melhorar o conforto do transporte. Suporta a personaliza\u00e7\u00e3o da largura da pega, da cor e da impress\u00e3o do LOG\u00d3TIPO para melhorar o reconhecimento da marca.<\/p>\n<h2 id=\"-customized-service-and-production-advantages-\"><strong>Servi\u00e7o personalizado e vantagens de produ\u00e7\u00e3o<\/strong><\/h2>\n<ul>\n<li><strong>Prova r\u00e1pida de 48 horas<\/strong>: Com base no sistema de prova digital, as representa\u00e7\u00f5es em 3D e as amostras f\u00edsicas s\u00e3o entregues simultaneamente para restaurar com precis\u00e3o os pormenores do design.<\/li>\n<li><strong>Quantidade m\u00ednima de encomenda flex\u00edvel<\/strong>: Suporta uma quantidade m\u00ednima de encomenda de 500 unidades para satisfazer as necessidades de produ\u00e7\u00e3o experimental de marcas de pequena e m\u00e9dia dimens\u00e3o, e o ciclo de produ\u00e7\u00e3o em massa \u00e9 reduzido para 7-10 dias \u00fateis.<\/li>\n<li><strong>Altamente personalizado<\/strong>:<\/li>\n<li><strong>Tamanho<\/strong>: Altamente personalizado.<\/li>\n<li><strong>Tecnologia<\/strong>: Processos de tratamento de superf\u00edcie opcionais, como estampagem a quente, grava\u00e7\u00e3o UV, serigrafia, grava\u00e7\u00e3o em relevo, etc., adaptados aos requisitos de textura de luxo.<\/li>\n<\/ul>\n<h2 id=\"-applicable-scenarios-and-certification-guarantees-\"><strong>Cen\u00e1rios aplic\u00e1veis e garantias de certifica\u00e7\u00e3o<\/strong><\/h2>\n<ul>\n<li><strong>Produtos aplic\u00e1veis<\/strong>: J\u00f3ias de alta qualidade, rel\u00f3gios, artigos de luxo, presentes personalizados e outras embalagens de produtos de elevado valor acrescentado.<\/li>\n<li><strong>Compromisso ambiental<\/strong>: Todo o processo est\u00e1 em conformidade com a certifica\u00e7\u00e3o da cadeia de produ\u00e7\u00e3o e supervis\u00e3o de vendas do FSC e fornece documentos de certifica\u00e7\u00e3o de materiais de prote\u00e7\u00e3o ambiental rastre\u00e1veis.<\/li>\n<li><strong>Servi\u00e7o de garantia<\/strong>: Fornecer 12 meses de garantia de qualidade, apoiar a inspe\u00e7\u00e3o de qualidade faseada de encomendas de lotes e assegurar a consist\u00eancia da entrega.<\/li>\n<\/ul>","protected":false},"excerpt":{"rendered":"<p>O sistema de abertura e fecho da caixa de gavetas para papel foi concebido de forma ergon\u00f3mica, com um funcionamento suave e que poupa trabalho. \u00c9 fabricado com materiais certificados pelo FSC, tendo em conta tanto os conceitos de prote\u00e7\u00e3o ambiental como as propriedades f\u00edsicas. Tem um sistema de prova r\u00e1pida de 48 horas, suporta uma quantidade m\u00ednima de encomenda de 500 unidades e pode ser altamente personalizado para se adequar ao seu produto.<\/p>","protected":false},"featured_media":1179,"template":"","meta":{"_kad_post_transparent":"default","_kad_post_title":"","_kad_post_layout":"default","_kad_post_sidebar_id":"","_kad_post_content_style":"default","_kad_post_vertical_padding":"default","_kad_post_feature":"","_kad_post_feature_position":"","_kad_post_header":false,"_kad_post_footer":false,"_kad_post_classname":""},"product_brand":[],"product_cat":[15,20,17],"product_tag":[460,461,462],"class_list":{"0":"post-1173","1":"product","2":"type-product","3":"status-publish","4":"has-post-thumbnail","6":"product_cat-red-light-therapy","7":"product_cat-led-face-light-therapy","8":"product_cat-services","9":"product_tag-custom-drawer-box","10":"product_tag-order-custom-rigid-box","11":"product_tag-sigwarjewelry-packaging-box-order","13":"first","14":"instock","15":"shipping-taxable","16":"product-type-simple","17":"entry","18":"content-bg","19":"loop-entry"},"_links":{"self":[{"href":"https:\/\/red-lighttherapy.com\/pt_pt\/wp-json\/wp\/v2\/product\/1173","targetHints":{"allow":["GET"]}}],"collection":[{"href":"https:\/\/red-lighttherapy.com\/pt_pt\/wp-json\/wp\/v2\/product"}],"about":[{"href":"https:\/\/red-lighttherapy.com\/pt_pt\/wp-json\/wp\/v2\/types\/product"}],"wp:featuredmedia":[{"embeddable":true,"href":"https:\/\/red-lighttherapy.com\/pt_pt\/wp-json\/wp\/v2\/media\/1179"}],"wp:attachment":[{"href":"https:\/\/red-lighttherapy.com\/pt_pt\/wp-json\/wp\/v2\/media?parent=1173"}],"wp:term":[{"taxonomy":"product_brand","embeddable":true,"href":"https:\/\/red-lighttherapy.com\/pt_pt\/wp-json\/wp\/v2\/product_brand?post=1173"},{"taxonomy":"product_cat","embeddable":true,"href":"https:\/\/red-lighttherapy.com\/pt_pt\/wp-json\/wp\/v2\/product_cat?post=1173"},{"taxonomy":"product_tag","embeddable":true,"href":"https:\/\/red-lighttherapy.com\/pt_pt\/wp-json\/wp\/v2\/product_tag?post=1173"}],"curies":[{"name":"wp","href":"https:\/\/api.w.org\/{rel}","templated":true}]}}