{"id":1167,"date":"2025-04-16T16:18:16","date_gmt":"2025-04-16T16:18:16","guid":{"rendered":"https:\/\/red-lighttherapy.com\/?post_type=product&#038;p=1167"},"modified":"2025-04-16T16:40:06","modified_gmt":"2025-04-16T16:40:06","slug":"large-silver-glitter-magnetic-closure-gift-box-for-promotion","status":"publish","type":"product","link":"https:\/\/red-lighttherapy.com\/pt_pt\/large-silver-glitter-magnetic-closure-gift-box-for-promotion\/","title":{"rendered":"Caixa de oferta para promo\u00e7\u00e3o com fecho magn\u00e9tico com brilhantes prateados de grandes dimens\u00f5es"},"content":{"rendered":"<h2 id=\"product-description-of-large-silver-sequin-magnetic-buckle-promotional-gift-box\">Descri\u00e7\u00e3o do produto de Caixa de oferta promocional com fivela magn\u00e9tica de lantejoulas prateadas grandes<\/h2>\n<h2 id=\"-1-magnetic-closure-system-precision-and-elegance-\"><strong>1. Sistema de fecho magn\u00e9tico: Precis\u00e3o e eleg\u00e2ncia<\/strong><\/h2>\n<p>A tampa adopta <strong>tecnologia de adsor\u00e7\u00e3o magn\u00e9tica forte<\/strong>A fivela de fecho \u00e9 de tipo magn\u00e9tico, e o desenho da tira magn\u00e9tica incorporada \u00e9 utilizado para conseguir um fecho sem encravamento. A for\u00e7a magn\u00e9tica \u00e9 posicionada com precis\u00e3o quando fechada, e a superf\u00edcie de contacto \u00e9 coberta com uma camada de veludo flex\u00edvel que absorve o som para eliminar o som de colis\u00e3o das fivelas tradicionais. A a\u00e7\u00e3o de abertura e fecho \u00e9 t\u00e3o suave como a seda e a opera\u00e7\u00e3o pode ser conclu\u00edda com uma m\u00e3o, o que satisfaz as necessidades duplas das embalagens de luxo em termos de ritual e comodidade.<\/p>\n<h2 id=\"-2-minimalist-geometric-structure-balance-of-rigidity-and-beauty-\"><strong>2. Estrutura geom\u00e9trica minimalista: equil\u00edbrio entre rigidez e beleza<\/strong><\/h2>\n<p>O corpo da caixa adopta\u00a0<strong>estrutura composta de pain\u00e9is duros<\/strong>As arestas e os cantos s\u00e3o processados por um processo de chanfragem de 45\u00b0, com linhas resistentes mas suaves. A configura\u00e7\u00e3o interna da estrutura de suporte da ranhura do degrau anular pode suportar 3 kg sem deforma\u00e7\u00e3o, o que \u00e9 adequado para as necessidades de prote\u00e7\u00e3o de presentes fr\u00e1geis de alta qualidade, como j\u00f3ias e rel\u00f3gios. O teste de compress\u00e3o do hexaedro cumpre a norma de transporte internacional ISTA-3A para garantir a seguran\u00e7a do transporte a longa dist\u00e2ncia.<\/p>\n<h2 id=\"-3-dynamic-optical-surface-glitter-paper-process-\"><strong>3. Superf\u00edcie \u00f3tica din\u00e2mica: Processo de papel brilhante<\/strong><\/h2>\n<p>A superf\u00edcie utiliza\u00a0<strong>papel brilhante de grau estelar<\/strong>\u00a0importado da Alemanha, e consegue uma cobertura de refra\u00e7\u00e3o da luz de 270\u00b0 atrav\u00e9s da tecnologia de disposi\u00e7\u00e3o direcional do brilho de n\u00edvel nano. Apresenta a textura de cascalho de gal\u00e1xia de forma est\u00e1tica e o efeito cintilante de forma din\u00e2mica. A refletividade da luz \u00e9 aumentada em 60% em compara\u00e7\u00e3o com o processo tradicional de estampagem a quente, e pode formar um ponto de mem\u00f3ria visual \u00fanico da marca sob a ilumina\u00e7\u00e3o de montras comerciais.<\/p>\n<h2 id=\"-4-precision-manufacturing-system-millimeter-level-quality-control-standard-\"><strong>4. Sistema de fabrico de precis\u00e3o: norma de controlo de qualidade de n\u00edvel milim\u00e9trico<\/strong><\/h2>\n<p>Todo o processo adopta o sistema de corte a laser Mitsubishi do Jap\u00e3o para alcan\u00e7ar\u00a0<strong>Precis\u00e3o de costura de 0,1 mm<\/strong>. O corpo da caixa \u00e9 submetido a uma tripla inspe\u00e7\u00e3o de qualidade: Dete\u00e7\u00e3o de falhas UV para detetar microfissuras, instrumento de medi\u00e7\u00e3o tridimensional para verificar a deforma\u00e7\u00e3o e color\u00edmetro para controlar \u25b3E\u22641,5, para garantir que cada produto atenda ao padr\u00e3o de apar\u00eancia da arte.<\/p>\n<h2 id=\"-5-lasting-visual-communication-ink-curing-technology-\"><strong>5. Comunica\u00e7\u00e3o visual duradoura: tecnologia de cura da tinta<\/strong><\/h2>\n<p>A impress\u00e3o de texto adopta a tecnologia su\u00ed\u00e7a\u00a0<strong>tinta de cura UV amiga do ambiente<\/strong>que passou 72 horas de teste de n\u00e9voa salina e 5000 vezes de teste de fric\u00e7\u00e3o, e a solidez da cor atinge o n\u00edvel 8. Suporta a impress\u00e3o Pantone de cores diretas + sobreposi\u00e7\u00e3o de 4 cores, os log\u00f3tipos complexos podem ser reproduzidos com uma largura de linha de 0,2 mm, satisfazendo as necessidades da micro-impress\u00e3o de luxo anti-contrafa\u00e7\u00e3o.<\/p>\n<h2 id=\"-6-restrained-aesthetic-design-functional-minimalism-\"><strong>6. Conce\u00e7\u00e3o est\u00e9tica contida: minimalismo funcional<\/strong><\/h2>\n<p>Implementar\u00a0<strong>Conceito de design Bauhaus<\/strong>\u00a0e eliminar todas as pe\u00e7as decorativas redundantes. Substituir as ferragens tradicionais por uma estrutura magn\u00e9tica de abertura e fecho, e utilizar as propriedades reflectoras do pr\u00f3prio material para criar um foco visual. A cavidade interior adopta um sistema de divis\u00f3rias em favo de mel amov\u00edvel, que n\u00e3o s\u00f3 satisfaz as necessidades de arruma\u00e7\u00e3o de v\u00e1rias categorias, como tamb\u00e9m mant\u00e9m a pureza do aspeto.<\/p>\n<h2 id=\"-7-in-depth-customization-service-brand-specific-solution-\"><strong>7. Servi\u00e7o de personaliza\u00e7\u00e3o em profundidade: solu\u00e7\u00e3o espec\u00edfica para a marca<\/strong><\/h2>\n<ul>\n<li><strong>Tecnologia de superf\u00edcie<\/strong>: suporta a tecnologia de log\u00f3tipo de tr\u00eas modos de estampagem a frio\/prensagem a quente\/grava\u00e7\u00e3o a laser, precis\u00e3o de estampagem a quente \u00b10,3 mm<\/li>\n<li><strong>Reconstru\u00e7\u00e3o espacial<\/strong>Pode fornecer um suporte interior de grelha EVA\/blister\/PP, adequado para a fixa\u00e7\u00e3o de produtos com formas especiais<\/li>\n<li><strong>Resposta \u00e1gil<\/strong>: com base no sistema de molde modular, prova de ajuste de tamanho completo em 72 horas<\/li>\n<\/ul>\n<h2 id=\"-8-smart-manufacturing-service-guarantee-flexible-production-system-\"><strong>8. Garantia de servi\u00e7os de fabrico inteligente: sistema de produ\u00e7\u00e3o flex\u00edvel<\/strong><\/h2>\n<p>O fabricante det\u00e9m\u00a0<strong>Certifica\u00e7\u00e3o florestal FSC<\/strong>\u00a0e a certifica\u00e7\u00e3o do sistema ambiental ISO14001, e tem 16 anos de experi\u00eancia profissional na produ\u00e7\u00e3o de embalagens. Fornecer\u00a0<strong>servi\u00e7o de personaliza\u00e7\u00e3o de pequenos lotes<\/strong>\u00a0com uma encomenda m\u00ednima de 500 pe\u00e7as, que suporta o pr\u00e9-exame do desenho da estrutura 3D, a entrega do livro de amostras de material, o feedback do v\u00eddeo do teste de queda e outros servi\u00e7os de processo completo, que \u00e9 40% inferior ao custo m\u00e9dio de tentativa e erro da ind\u00fastria.<\/p>","protected":false},"excerpt":{"rendered":"<p>Como tecnologia de fecho magn\u00e9tico, que \u00e9 f\u00e1cil de utilizar e fecha com precis\u00e3o. N\u00e3o h\u00e1 necessidade de fivelas tradicionais e a experi\u00eancia de abertura e fecho \u00e9 mais suave e elegante. A superf\u00edcie \u00e9 coberta com papel brilhante, que apresenta um efeito cintilante delicado e produz um brilho din\u00e2mico sob a refra\u00e7\u00e3o da luz, o que melhora o grau visual do produto e satisfaz as necessidades personalizadas da marca.<\/p>","protected":false},"featured_media":1169,"template":"","meta":{"_kad_post_transparent":"default","_kad_post_title":"","_kad_post_layout":"default","_kad_post_sidebar_id":"","_kad_post_content_style":"default","_kad_post_vertical_padding":"default","_kad_post_feature":"","_kad_post_feature_position":"","_kad_post_header":false,"_kad_post_footer":false,"_kad_post_classname":""},"product_brand":[],"product_cat":[15,17],"product_tag":[455,456,454],"class_list":{"0":"post-1167","1":"product","2":"type-product","3":"status-publish","4":"has-post-thumbnail","6":"product_cat-red-light-therapy","7":"product_cat-services","8":"product_tag-glitter-paper-boxes","9":"product_tag-glitter-paper-promotion-gift-box","10":"product_tag-silver-glitter-gift-box","12":"first","13":"instock","14":"shipping-taxable","15":"product-type-simple","16":"entry","17":"content-bg","18":"loop-entry"},"_links":{"self":[{"href":"https:\/\/red-lighttherapy.com\/pt_pt\/wp-json\/wp\/v2\/product\/1167","targetHints":{"allow":["GET"]}}],"collection":[{"href":"https:\/\/red-lighttherapy.com\/pt_pt\/wp-json\/wp\/v2\/product"}],"about":[{"href":"https:\/\/red-lighttherapy.com\/pt_pt\/wp-json\/wp\/v2\/types\/product"}],"wp:featuredmedia":[{"embeddable":true,"href":"https:\/\/red-lighttherapy.com\/pt_pt\/wp-json\/wp\/v2\/media\/1169"}],"wp:attachment":[{"href":"https:\/\/red-lighttherapy.com\/pt_pt\/wp-json\/wp\/v2\/media?parent=1167"}],"wp:term":[{"taxonomy":"product_brand","embeddable":true,"href":"https:\/\/red-lighttherapy.com\/pt_pt\/wp-json\/wp\/v2\/product_brand?post=1167"},{"taxonomy":"product_cat","embeddable":true,"href":"https:\/\/red-lighttherapy.com\/pt_pt\/wp-json\/wp\/v2\/product_cat?post=1167"},{"taxonomy":"product_tag","embeddable":true,"href":"https:\/\/red-lighttherapy.com\/pt_pt\/wp-json\/wp\/v2\/product_tag?post=1167"}],"curies":[{"name":"wp","href":"https:\/\/api.w.org\/{rel}","templated":true}]}}