{"id":1156,"date":"2025-04-16T13:34:13","date_gmt":"2025-04-16T13:34:13","guid":{"rendered":"https:\/\/red-lighttherapy.com\/?post_type=product&#038;p=1156"},"modified":"2025-04-17T08:49:17","modified_gmt":"2025-04-17T08:49:17","slug":"gold-glitter-magnetic-closure-collapsible-watch-box-dealer","status":"publish","type":"product","link":"https:\/\/red-lighttherapy.com\/pt_pt\/gold-glitter-magnetic-closure-collapsible-watch-box-dealer\/","title":{"rendered":"Caixa de rel\u00f3gio dobr\u00e1vel com fecho magn\u00e9tico e brilhantes em dourado"},"content":{"rendered":"<h2 id=\"-golden-sequin-magnetic-clasp-folding-watch-box-product-description-\"><strong>Caixa de rel\u00f3gio dobr\u00e1vel com fecho magn\u00e9tico de lantejoulas douradas Descri\u00e7\u00e3o do produto<\/strong><\/h2>\n<h2 id=\"1-precision-magnetic-box-design-\">1.\u00a0<strong>Design de precis\u00e3o da caixa magn\u00e9tica<\/strong><\/h2>\n<ul>\n<li>Estrutura magn\u00e9tica patenteada, o \u00e2ngulo de abertura e fecho \u00e9 optimizado por simula\u00e7\u00e3o de mec\u00e2nica de fluidos, e a opera\u00e7\u00e3o com uma s\u00f3 m\u00e3o pode atingir 120\u00b0 de abertura e fecho suaves. A for\u00e7a magn\u00e9tica \u00e9 distribu\u00edda uniformemente e o erro de encaixe quando fechada \u00e9 inferior a 0,1 mm, garantindo zero risco de abertura acidental durante o transporte.<\/li>\n<li>O \u00edman est\u00e1 completamente incorporado na camada interm\u00e9dia do corpo da caixa, sem metal exposto, para evitar riscar o rel\u00f3gio ou a oxida\u00e7\u00e3o por contacto. O design de linhas minimalistas adapta-se \u00e0 est\u00e9tica moderna, e o corpo da caixa \u00e9 t\u00e3o suave como um espelho quando fechada.<\/li>\n<\/ul>\n<h2 id=\"2-glitter-paper-iridescent-material-\">2.\u00a0<strong>Papel brilhante Material iridescente<\/strong><\/h2>\n<ul>\n<li>A caixa do rel\u00f3gio utiliza um processo especial de composi\u00e7\u00e3o de papel brilhante, o material de base \u00e9 pasta de papel ecol\u00f3gica certificada pela FSC e a superf\u00edcie \u00e9 coberta com uma pel\u00edcula de lantejoulas de qualidade \u00f3tica. Pode apresentar mais de 5 efeitos de gradiente iridescente sob a fonte de luz, satisfazendo as necessidades de apresenta\u00e7\u00e3o visual de artigos de luxo.<\/li>\n<li>A superf\u00edcie \u00e9 revestida com um revestimento nano-anti-incrustante, que passou em 100.000 testes de fric\u00e7\u00e3o, e a sua resist\u00eancia ao suor e ao \u00f3leo foi melhorada em 300%. Pode ainda manter uma refletividade de espelho superior a 90% ap\u00f3s uma utiliza\u00e7\u00e3o prolongada.<\/li>\n<\/ul>\n<h2 id=\"3-safety-protection-and-convenient-storage-\">3.\u00a0<strong>Prote\u00e7\u00e3o de seguran\u00e7a e arruma\u00e7\u00e3o pr\u00e1tica<\/strong><\/h2>\n<ul>\n<li>A estrutura interna adopta uma estrutura de amortecimento segmentada: Camada anti-riscos de microfibra de 3 mm na parte superior + camada anti-choque de espuma viscoel\u00e1stica no meio + almofada anti-derrapante de silicone na parte inferior, que pode suportar um impacto de queda de 3 metros.<\/li>\n<li>O design dobr\u00e1vel em camadas permite guardar 2-3 rel\u00f3gios numa \u00fanica caixa, o que \u00e9 adequado para necessidades de tamanho normal, desde rel\u00f3gios de senhora de 36 mm a rel\u00f3gios de mergulho de 45 mm.<\/li>\n<\/ul>\n<h2 id=\"-quality-assurance-system-\"><strong>4. Sistema de garantia de qualidade<\/strong><\/h2>\n<ul>\n<li><strong>Certifica\u00e7\u00e3o<\/strong>: O fabricante \u00e9 uma empresa de refer\u00eancia na ind\u00fastria de embalagens da China, detentora da certifica\u00e7\u00e3o florestal FSC, da certifica\u00e7\u00e3o do sistema de gest\u00e3o da qualidade ISO 9001 e da certifica\u00e7\u00e3o de responsabilidade social BSCI, e serviu mais de 50 marcas de luxo internacionais durante 16 anos.<\/li>\n<li><strong>Normas de ensaio<\/strong>: Passou no teste de n\u00e9voa salina de 72 horas (resist\u00eancia \u00e0 corros\u00e3o), teste de mudan\u00e7a de temperatura de -20 \u2103 ~ 60 \u2103 (anti-deforma\u00e7\u00e3o) e teste de fadiga de abertura e fechamento de 100.000 (durabilidade).<\/li>\n<\/ul>\n<h2 id=\"-application-scenarios-and-value-added-services-\"><strong>Cen\u00e1rios de aplica\u00e7\u00e3o e servi\u00e7os de valor acrescentado<\/strong><\/h2>\n<ul>\n<li><strong>Personaliza\u00e7\u00e3o da marca<\/strong>: Suporta estampagem a quente do LOGOTIPO, personaliza\u00e7\u00e3o da cor do forro e implanta\u00e7\u00e3o de fragr\u00e2ncia exclusiva (como a fragr\u00e2ncia de s\u00e2ndalo\/cedro) para melhorar a sensa\u00e7\u00e3o de abertura da caixa e o reconhecimento da marca.<\/li>\n<li><strong>Expans\u00e3o do cen\u00e1rio<\/strong>: Para al\u00e9m da arruma\u00e7\u00e3o de rel\u00f3gios, \u00e9 compat\u00edvel com a arruma\u00e7\u00e3o de acess\u00f3rios valiosos, como bot\u00f5es de punho e alian\u00e7as de casamento, adequados para cen\u00e1rios de topo de gama, como prendas de casamento e presentes VIP da marca.<\/li>\n<\/ul>","protected":false},"excerpt":{"rendered":"<p>A caixa com tampa dobr\u00e1vel magn\u00e9tica tem um \u00e2ngulo de abertura e fecho suave e natural, e pode ser facilmente acionada com uma m\u00e3o, tendo em conta tanto a comodidade como o sentido de ritual. O material de papel Glitter apresenta um efeito iridescente multi-\u00e2ngulo sob a fonte de luz. O corpo da caixa \u00e9 limpo e n\u00e3o tem linhas redundantes. Quando fechada, a for\u00e7a magn\u00e9tica \u00e9 distribu\u00edda uniformemente para garantir que n\u00e3o \u00e9 f\u00e1cil abri-la acidentalmente durante o transporte.<\/p>","protected":false},"featured_media":1159,"template":"","meta":{"_kad_post_transparent":"default","_kad_post_title":"","_kad_post_layout":"default","_kad_post_sidebar_id":"","_kad_post_content_style":"default","_kad_post_vertical_padding":"default","_kad_post_feature":"","_kad_post_feature_position":"","_kad_post_header":false,"_kad_post_footer":false,"_kad_post_classname":""},"product_brand":[],"product_cat":[15,17],"product_tag":[451,450,431],"class_list":{"0":"post-1156","1":"product","2":"type-product","3":"status-publish","4":"has-post-thumbnail","6":"product_cat-red-light-therapy","7":"product_cat-services","8":"product_tag-collapsible-watch-gift-box","9":"product_tag-gold-glitter-watch-box","10":"product_tag-magnetic-closure-box","12":"first","13":"instock","14":"shipping-taxable","15":"product-type-simple","16":"entry","17":"content-bg","18":"loop-entry"},"_links":{"self":[{"href":"https:\/\/red-lighttherapy.com\/pt_pt\/wp-json\/wp\/v2\/product\/1156","targetHints":{"allow":["GET"]}}],"collection":[{"href":"https:\/\/red-lighttherapy.com\/pt_pt\/wp-json\/wp\/v2\/product"}],"about":[{"href":"https:\/\/red-lighttherapy.com\/pt_pt\/wp-json\/wp\/v2\/types\/product"}],"wp:featuredmedia":[{"embeddable":true,"href":"https:\/\/red-lighttherapy.com\/pt_pt\/wp-json\/wp\/v2\/media\/1159"}],"wp:attachment":[{"href":"https:\/\/red-lighttherapy.com\/pt_pt\/wp-json\/wp\/v2\/media?parent=1156"}],"wp:term":[{"taxonomy":"product_brand","embeddable":true,"href":"https:\/\/red-lighttherapy.com\/pt_pt\/wp-json\/wp\/v2\/product_brand?post=1156"},{"taxonomy":"product_cat","embeddable":true,"href":"https:\/\/red-lighttherapy.com\/pt_pt\/wp-json\/wp\/v2\/product_cat?post=1156"},{"taxonomy":"product_tag","embeddable":true,"href":"https:\/\/red-lighttherapy.com\/pt_pt\/wp-json\/wp\/v2\/product_tag?post=1156"}],"curies":[{"name":"wp","href":"https:\/\/api.w.org\/{rel}","templated":true}]}}