{"id":1150,"date":"2025-04-16T13:14:34","date_gmt":"2025-04-16T13:14:34","guid":{"rendered":"https:\/\/red-lighttherapy.com\/?post_type=product&#038;p=1150"},"modified":"2025-04-17T08:50:48","modified_gmt":"2025-04-17T08:50:48","slug":"glitter-red-hot-foil-stamping-boxes-for-wig-hair-extension","status":"publish","type":"product","link":"https:\/\/red-lighttherapy.com\/pt_pt\/glitter-red-hot-foil-stamping-boxes-for-wig-hair-extension\/","title":{"rendered":"Caixas de estampagem de folha quente vermelha brilhante para extens\u00e3o de cabelo de peruca"},"content":{"rendered":"<h2 id=\"product-description-of-flashing-gold-stamping-magnetic-closure-wig-storage-box\">Descri\u00e7\u00e3o do produto da Caixa de armazenamento para perucas com fecho magn\u00e9tico com estampagem dourada intermitente<\/h2>\n<h2 id=\"-1-magnetic-closure-system-the-perfect-combination-of-convenience-and-stability-\"><strong>1. Sistema de fecho magn\u00e9tico: A combina\u00e7\u00e3o perfeita de conveni\u00eancia e estabilidade<\/strong><\/h2>\n<p>Este produto adopta\u00a0<strong>Sistema de fecho magn\u00e9tico<\/strong>A fivela de fecho \u00e9 uma fivela magn\u00e9tica de alta qualidade, que se baseia na tecnologia de controlo magn\u00e9tico de precis\u00e3o e incorpora m\u00f3dulos magn\u00e9ticos fortes nas caixas superior e inferior para conseguir o toque e o fecho com uma s\u00f3 m\u00e3o, e a for\u00e7a de adsor\u00e7\u00e3o ap\u00f3s o fecho pode atingir mais de 3,5 N, garantindo que a caixa \u00e9 est\u00e1vel e n\u00e3o se solta durante o transporte ou a utiliza\u00e7\u00e3o de alta frequ\u00eancia. Em compara\u00e7\u00e3o com as fivelas tradicionais, o design magn\u00e9tico evita o risco de desgaste mec\u00e2nico, e o design da ranhura magn\u00e9tica oculta torna o aspeto sem protuber\u00e2ncias, o que satisfaz os requisitos dos produtos topo de gama para linhas simples.<\/p>\n<h2 id=\"-2-one-handed-opening-and-closing-and-high-frequency-adaptability-\"><strong>2. Abertura e fecho com uma s\u00f3 m\u00e3o e adaptabilidade a altas frequ\u00eancias<\/strong><\/h2>\n<p>O corpo da caixa abandona a estrutura de fivela tradicional e optimiza a l\u00f3gica de funcionamento atrav\u00e9s da\u00a0<strong>sistema magn\u00e9tico de abertura e fecho assistido por mola<\/strong>O utilizador s\u00f3 precisa de premir com um dedo o ponto de disparo na parte lateral do corpo da caixa, a for\u00e7a magn\u00e9tica \u00e9 libertada instantaneamente e a mola ajuda a tampa da caixa a abrir-se num \u00e2ngulo de cerca de 30\u00b0. N\u00e3o s\u00e3o necess\u00e1rias duas m\u00e3os para todo o processo, o que \u00e9 especialmente adequado para sal\u00f5es de cabeleireiro, transmiss\u00f5es em direto e outros cen\u00e1rios em que as perucas t\u00eam de ser rapidamente retiradas e colocadas.<\/p>\n<h2 id=\"-three-minimalist-geometry-and-space-utilization-\"><strong>3. Geometria minimalista e utiliza\u00e7\u00e3o do espa\u00e7o<\/strong><\/h2>\n<p>O corpo da caixa adopta\u00a0<strong>conce\u00e7\u00e3o de geometria hexa\u00e9drica<\/strong>e as arestas e os cantos s\u00e3o arredondados com cantos arredondados R2, tendo em conta tanto o sentido comercial rigoroso como o toque seguro. A disposi\u00e7\u00e3o interna baseia-se em divis\u00f3rias modulares, que podem ser adaptadas a acess\u00f3rios como perucas e ferramentas de tratamento. A toler\u00e2ncia de mordida \u00e9 \u22640,1 mm aquando do empilhamento, e a taxa de ocupa\u00e7\u00e3o do espa\u00e7o de transporte \u00e9 reduzida em 40% em compara\u00e7\u00e3o com as embalagens tradicionais. A espessura da parede externa \u00e9 de 3 mm e s\u00e3o selecionados materiais compostos leves, com uma resist\u00eancia \u00e0 compress\u00e3o de 50 kg, que satisfaz as necessidades do transporte de longa dist\u00e2ncia.<\/p>\n<h2 id=\"-four-high-end-visual-language-and-surface-technology-\"><strong>4. Linguagem visual e tecnologia de superf\u00edcie topo de gama<\/strong><\/h2>\n<ol>\n<li><strong>Tecnologia de estampagem a quente e a cores<\/strong>: O corpo da caixa \u00e9 baseado em\u00a0<strong>revestimento PET preto mate<\/strong>, com grava\u00e7\u00e3o a laser\u00a0<strong>vermelho vivo dourado texto\/LOGO<\/strong>A marca \u00e9 um produto de qualidade, formando um foco visual atrav\u00e9s do contraste de duas cores para melhorar o reconhecimento da marca.<\/li>\n<li><strong>Norma de precis\u00e3o industrial<\/strong>: O corpo da caixa adopta\u00a0<strong>processo de moldagem por inje\u00e7\u00e3o sem costura<\/strong>A toler\u00e2ncia da junta \u00e9 controlada dentro de \u00b10,05mm, o rebordo \u00e9 polido com precis\u00e3o por CNC, o toque \u00e9 suave e sem rebarbas, e cumpre a norma de tratamento de superf\u00edcie do equipamento m\u00e9dico.<\/li>\n<\/ol>\n<h2 id=\"-v-customized-service-plan-\"><strong>5. Plano de servi\u00e7o personalizado<\/strong><\/h2>\n<ol>\n<li><strong>Dimens\u00e3o e estrutura<\/strong>: Suporta alta personaliza\u00e7\u00e3o, fornece tamanho personalizado e tamb\u00e9m pode projetar corpo de caixa de forma especial a pedido.<\/li>\n<li><strong>Cor e acess\u00f3rios<\/strong>: Para al\u00e9m da cl\u00e1ssica cor preta e dourada, est\u00e3o dispon\u00edveis 6 esquemas de estampagem a quente, como o ouro champanhe e o ouro rosa, e suporta espelho magn\u00e9tico incorporado, camada de silicone \u00e0 prova de humidade e outros acess\u00f3rios.<\/li>\n<\/ol>\n<h2 id=\"-six-applicable-scenarios-and-added-value-enhancement-\"><strong>6. Cen\u00e1rios aplic\u00e1veis e refor\u00e7o do valor acrescentado<\/strong><\/h2>\n<p>Este produto pode ser perfeitamente integrado no sistema de exposi\u00e7\u00e3o de artigos de luxo, cosm\u00e9ticos topo de gama e outras categorias com a sua\u00a0<strong>linguagem de conce\u00e7\u00e3o empresarial<\/strong>\u00a0e\u00a0<strong>qualidade industrial<\/strong>, por exemplo:<\/p>\n<ul>\n<li><strong>Contadores offline<\/strong>: formam um conjunto visual unificado quando empilhados para visualiza\u00e7\u00e3o, melhorando a imagem do terminal;<\/li>\n<li><strong>Log\u00edstica do com\u00e9rcio eletr\u00f3nico<\/strong>: reduzem a taxa de rutura e os custos de transporte atrav\u00e9s de uma estrutura resistente \u00e0 press\u00e3o e de um design leve;<\/li>\n<li><strong>Mercado das prendas<\/strong>: suporte de estampagem a quente de log\u00f3tipos exclusivos do cliente para criar caixas de oferta co-branded de alta qualidade.<\/li>\n<\/ul>","protected":false},"excerpt":{"rendered":"<p>O sistema de fecho magn\u00e9tico \u00e9 f\u00e1cil de utilizar e fecha com firmeza, o que melhora a experi\u00eancia do utilizador. N\u00e3o necessita de fivelas complicadas e pode ser facilmente aberto e fechado com uma m\u00e3o. \u00c9 adequado para cen\u00e1rios de utiliza\u00e7\u00e3o de alta frequ\u00eancia. As linhas s\u00e3o simples e limpas, a taxa de utiliza\u00e7\u00e3o do espa\u00e7o \u00e9 elevada e \u00e9 f\u00e1cil de empilhar e transportar. A forma geom\u00e9trica regular confere ao produto uma sensa\u00e7\u00e3o comercial de topo de gama, que \u00e9 adequada para categorias de elevado valor acrescentado, como as perucas.<\/p>","protected":false},"featured_media":1151,"template":"","meta":{"_kad_post_transparent":"default","_kad_post_title":"","_kad_post_layout":"default","_kad_post_sidebar_id":"","_kad_post_content_style":"default","_kad_post_vertical_padding":"default","_kad_post_feature":"","_kad_post_feature_position":"","_kad_post_header":false,"_kad_post_footer":false,"_kad_post_classname":""},"product_brand":[],"product_cat":[15,27,17],"product_tag":[449,448,447],"class_list":{"0":"post-1150","1":"product","2":"type-product","3":"status-publish","4":"has-post-thumbnail","6":"product_cat-red-light-therapy","7":"product_cat-red-light-therapy-belt","8":"product_cat-services","9":"product_tag-custom-wig-boxes","10":"product_tag-hair-extension-boxes","11":"product_tag-wig-glitter-boxes","13":"first","14":"instock","15":"shipping-taxable","16":"product-type-simple","17":"entry","18":"content-bg","19":"loop-entry"},"_links":{"self":[{"href":"https:\/\/red-lighttherapy.com\/pt_pt\/wp-json\/wp\/v2\/product\/1150","targetHints":{"allow":["GET"]}}],"collection":[{"href":"https:\/\/red-lighttherapy.com\/pt_pt\/wp-json\/wp\/v2\/product"}],"about":[{"href":"https:\/\/red-lighttherapy.com\/pt_pt\/wp-json\/wp\/v2\/types\/product"}],"wp:featuredmedia":[{"embeddable":true,"href":"https:\/\/red-lighttherapy.com\/pt_pt\/wp-json\/wp\/v2\/media\/1151"}],"wp:attachment":[{"href":"https:\/\/red-lighttherapy.com\/pt_pt\/wp-json\/wp\/v2\/media?parent=1150"}],"wp:term":[{"taxonomy":"product_brand","embeddable":true,"href":"https:\/\/red-lighttherapy.com\/pt_pt\/wp-json\/wp\/v2\/product_brand?post=1150"},{"taxonomy":"product_cat","embeddable":true,"href":"https:\/\/red-lighttherapy.com\/pt_pt\/wp-json\/wp\/v2\/product_cat?post=1150"},{"taxonomy":"product_tag","embeddable":true,"href":"https:\/\/red-lighttherapy.com\/pt_pt\/wp-json\/wp\/v2\/product_tag?post=1150"}],"curies":[{"name":"wp","href":"https:\/\/api.w.org\/{rel}","templated":true}]}}