{"id":1144,"date":"2025-04-16T13:04:28","date_gmt":"2025-04-16T13:04:28","guid":{"rendered":"https:\/\/red-lighttherapy.com\/?post_type=product&#038;p=1144"},"modified":"2025-04-17T08:50:20","modified_gmt":"2025-04-17T08:50:20","slug":"glitter-magnetic-closure-paper-box-for-wig-hair-extension","status":"publish","type":"product","link":"https:\/\/red-lighttherapy.com\/pt_pt\/glitter-magnetic-closure-paper-box-for-wig-hair-extension\/","title":{"rendered":"Caixa de papel com fecho magn\u00e9tico brilhante para peruca de extens\u00e3o de cabelo"},"content":{"rendered":"<h2 id=\"-glitter-paper-magnetic-wig-extension-paper-box-product-manual-\"><strong>Manual do produto da caixa de papel de extens\u00e3o de peruca magn\u00e9tica de papel brilhante<\/strong><\/h2>\n<h2 id=\"1-magnetic-closure-system-\">1.\u00a0<strong>Sistema de fecho magn\u00e9tico<\/strong><\/h2>\n<ul>\n<li><strong>Conce\u00e7\u00e3o de circuitos magn\u00e9ticos de precis\u00e3o<\/strong>: Adotar o \u00edman permanente NdFeB de grau N52, com circuito magn\u00e9tico de disposi\u00e7\u00e3o anular multipolar, para obter uma for\u00e7a de suc\u00e7\u00e3o de 12N de ponto \u00fanico, abertura e fecho suaves e veda\u00e7\u00e3o IP54.<\/li>\n<li><strong>Otimiza\u00e7\u00e3o da opera\u00e7\u00e3o com uma s\u00f3 m\u00e3o<\/strong>: Atrav\u00e9s do \u00e2ngulo de posicionamento c\u00f3nico de 60\u00b0 e do design colaborativo da fivela el\u00e1stica, o ponto magn\u00e9tico \u00e9 alinhado automaticamente e pode ser desbloqueado rodando 15\u00b0. O erro de abertura e fecho com uma s\u00f3 m\u00e3o \u00e9 inferior a 0,3 mm.<\/li>\n<li><strong>Abertura anti-acidental<\/strong>: O ponto magn\u00e9tico \u00e9 combinado com a estrutura de mordedura da ranhura do cart\u00e3o e \u00e9 necess\u00e1rio um bin\u00e1rio de rota\u00e7\u00e3o de 5N para separar. O teste de vibra\u00e7\u00e3o em transporte \u00e9 aprovado pela norma ISTA 3A.<\/li>\n<\/ul>\n<h2 id=\"2-box-structure-\">2.\u00a0<strong>Estrutura da caixa<\/strong><\/h2>\n<ul>\n<li><strong>Tipo de caixa de otimiza\u00e7\u00e3o geom\u00e9trica<\/strong>: Com base na an\u00e1lise e c\u00e1lculo de elementos finitos, adopta um design de linha de dobra hexa\u00e9drica, com um erro de borda de \u00b10,5mm e uma resist\u00eancia \u00e0 compress\u00e3o de 800kg\/m\u00b2.<\/li>\n<li><strong>Sistema de mordedura de precis\u00e3o<\/strong>: A tampa e a caixa inferior adoptam uma estrutura de encaixe escalonada de 2 mm, com nervuras de refor\u00e7o em chapa de a\u00e7o magn\u00e9tico de 0,5 mm, o desempenho geral anti-queda \u00e9 melhorado em 40%.<\/li>\n<\/ul>\n<h2 id=\"3-environmentally-friendly-materials-\">3.\u00a0<strong>Materiais amigos do ambiente<\/strong><\/h2>\n<ul>\n<li><strong>Cart\u00e3o certificado FSC<\/strong>: Adopta um substrato de cart\u00e3o cinzento duplo com 1,5 mm de espessura, com uma pel\u00edcula de flash de 120 g\/m\u00b2 na superf\u00edcie, e obteve a certifica\u00e7\u00e3o ambiental SGS para metais pesados e REACH.<\/li>\n<li><strong>Fita anti-est\u00e1tica<\/strong>: A fita preta \u00e9 tratada com revestimento de nano-carbono, com uma resist\u00eancia superficial de \u226410\u2076\u03a9 e um tempo de decaimento est\u00e1tico de &lt;0,5s, garantindo nenhuma deforma\u00e7\u00e3o durante o transporte.<\/li>\n<\/ul>","protected":false},"excerpt":{"rendered":"<p>Esta caixa de embalagem foi especialmente concebida para produtos de extens\u00e3o de cabeleira, combinando a tecnologia de fecho magn\u00e9tico e o fabrico artesanal de materiais amigos do ambiente para criar uma solu\u00e7\u00e3o de embalagem topo de gama que \u00e9 simultaneamente est\u00e9tica e funcional. O corpo da caixa adopta uma estrutura geom\u00e9trica acentuada, com uma superf\u00edcie de papel brilhante e um sistema de abertura e fecho magn\u00e9tico para garantir a seguran\u00e7a do transporte e a facilidade de utiliza\u00e7\u00e3o.<\/p>","protected":false},"featured_media":1146,"template":"","meta":{"_kad_post_transparent":"default","_kad_post_title":"","_kad_post_layout":"default","_kad_post_sidebar_id":"","_kad_post_content_style":"default","_kad_post_vertical_padding":"default","_kad_post_feature":"","_kad_post_feature_position":"","_kad_post_header":false,"_kad_post_footer":false,"_kad_post_classname":""},"product_brand":[],"product_cat":[15,27,17],"product_tag":[444,445,446],"class_list":{"0":"post-1144","1":"product","2":"type-product","3":"status-publish","4":"has-post-thumbnail","6":"product_cat-red-light-therapy","7":"product_cat-red-light-therapy-belt","8":"product_cat-services","9":"product_tag-glitter-paper-for-wig","10":"product_tag-magnetic-closure-box-for-hair-extension","11":"product_tag-wig-hair-extension-paper-box","13":"first","14":"instock","15":"shipping-taxable","16":"product-type-simple","17":"entry","18":"content-bg","19":"loop-entry"},"_links":{"self":[{"href":"https:\/\/red-lighttherapy.com\/pt_pt\/wp-json\/wp\/v2\/product\/1144","targetHints":{"allow":["GET"]}}],"collection":[{"href":"https:\/\/red-lighttherapy.com\/pt_pt\/wp-json\/wp\/v2\/product"}],"about":[{"href":"https:\/\/red-lighttherapy.com\/pt_pt\/wp-json\/wp\/v2\/types\/product"}],"wp:featuredmedia":[{"embeddable":true,"href":"https:\/\/red-lighttherapy.com\/pt_pt\/wp-json\/wp\/v2\/media\/1146"}],"wp:attachment":[{"href":"https:\/\/red-lighttherapy.com\/pt_pt\/wp-json\/wp\/v2\/media?parent=1144"}],"wp:term":[{"taxonomy":"product_brand","embeddable":true,"href":"https:\/\/red-lighttherapy.com\/pt_pt\/wp-json\/wp\/v2\/product_brand?post=1144"},{"taxonomy":"product_cat","embeddable":true,"href":"https:\/\/red-lighttherapy.com\/pt_pt\/wp-json\/wp\/v2\/product_cat?post=1144"},{"taxonomy":"product_tag","embeddable":true,"href":"https:\/\/red-lighttherapy.com\/pt_pt\/wp-json\/wp\/v2\/product_tag?post=1144"}],"curies":[{"name":"wp","href":"https:\/\/api.w.org\/{rel}","templated":true}]}}