{"id":1138,"date":"2025-04-16T12:47:16","date_gmt":"2025-04-16T12:47:16","guid":{"rendered":"https:\/\/red-lighttherapy.com\/?post_type=product&#038;p=1138"},"modified":"2025-04-20T06:06:46","modified_gmt":"2025-04-20T06:06:46","slug":"silver-glitter-double-side-open-gift-boxes-for-jewelry-ring","status":"publish","type":"product","link":"https:\/\/red-lighttherapy.com\/pt_pt\/silver-glitter-double-side-open-gift-boxes-for-jewelry-ring\/","title":{"rendered":"Caixas de oferta abertas com brilho prateado de dois lados para an\u00e9is de j\u00f3ias"},"content":{"rendered":"<h2 id=\"silver-glitter-paper-double-sided-open-jewelry-ring-gift-box-that-meets-the-needs-of-the-high-end-market\">Caixa de presente para an\u00e9is de j\u00f3ias aberta com papel brilhante prateado de dupla face que satisfaz as necessidades do mercado de alta qualidade<\/h2>\n<h2 id=\"1-ergonomic-double-sided-door-structure-\">1.\u00a0<strong>Estrutura ergon\u00f3mica da porta de dupla face<\/strong><\/h2>\n<p>\u00c9 adotado o design sim\u00e9trico de abertura e fecho de dupla face. O \u00e2ngulo de abertura da folha da porta \u00e9 optimizado para 120\u00b0 atrav\u00e9s de c\u00e1lculos ergon\u00f3micos. Quando operado com uma m\u00e3o, o polegar e o indicador podem naturalmente aplicar for\u00e7a para completar a a\u00e7\u00e3o de abertura e fecho. A estrutura de articula\u00e7\u00e3o da dobradi\u00e7a oculta \u00e9 adoptada no interior do corpo da caixa. O processo de abertura e fecho \u00e9 t\u00e3o suave como um ballet mec\u00e2nico. O tempo de abertura \u00e9 controlado em 2 segundos, o que n\u00e3o s\u00f3 garante o sentido ritual visual como tamb\u00e9m evita o constrangimento da espera.<\/p>\n<h2 id=\"2-magnetic-positioning-system-\">2.\u00a0<strong>Sistema de posicionamento magn\u00e9tico<\/strong><\/h2>\n<p>O dispositivo de fivela magn\u00e9tica de ponto duplo incorporado consegue uma precis\u00e3o de posicionamento de \u00b10,5 mm atrav\u00e9s de \u00edmanes de neod\u00edmio ferro boro de grau N52. Quando o corpo da caixa est\u00e1 totalmente desdobrado, o sistema magn\u00e9tico bloqueia automaticamente, de modo a que o suporte do anel seja apresentado num \u00e2ngulo de inclina\u00e7\u00e3o de 30\u00b0 e a fonte de luz LED possa formar um efeito refletor de n\u00edvel de fogo de diamante. As medi\u00e7\u00f5es reais mostram que a suavidade da abertura e do fecho magn\u00e9ticos \u00e9 40% superior \u00e0 das fivelas tradicionais, e a vida \u00fatil repetida \u00e9 superior a 100 000 vezes.<\/p>\n<h2 id=\"3-glitter-paper-diamond-faceted-reflective-technology-\">3.\u00a0<strong>Papel brilhante Tecnologia reflectora com facetas de diamante<\/strong><\/h2>\n<p>A superf\u00edcie adopta um processo composto de tr\u00eas camadas: o substrato \u00e9 uma placa de fibra de pinho certificada pelo FSC, a camada interm\u00e9dia \u00e9 uma pel\u00edcula de alum\u00ednio revestida a v\u00e1cuo para formar uma camada de reflex\u00e3o espelhada, e a superf\u00edcie \u00e9 pulverizada com cola curada por UV contendo contas de vidro, que podem simular o efeito de corte de diamante de 58 facetas. Sob uma fonte de luz de 1000 l\u00famenes, a intensidade de reflex\u00e3o atinge 1200cd\/m\u00b2, compar\u00e1vel ao \u00edndice de refra\u00e7\u00e3o dos diamantes naturais (2,42).<\/p>\n<h2 id=\"4-sustainable-environmental-protection-system-\">4.\u00a0<strong>Sistema de prote\u00e7\u00e3o ambiental sustent\u00e1vel<\/strong><\/h2>\n<p>O material principal \u00e9 certificado pelo FSC Forest Stewardship Council e a madeira \u00e9 retirada de florestas sustent\u00e1veis e regenerativas do Norte da Europa. Cada tonelada de cart\u00e3o produzido pode fixar 1,2 toneladas de carbono. O revestimento \u00e9 feito de um material comp\u00f3sito de silicone de qualidade alimentar e fibra de poli\u00e9ster reciclado, com um teor de compostos org\u00e2nicos vol\u00e1teis (COV) inferior a 0,01mg\/m\u00b3, que cumpre as normas de prote\u00e7\u00e3o ambiental REACH da UE.<\/p>\n<h2 id=\"5-luxury-ribbon-accessories-system-\">5.\u00a0<strong>Sistema de acess\u00f3rios de fitas de luxo<\/strong><\/h2>\n<p>\u00c9 fornecida de s\u00e9rie com uma fita com nervuras de seda italiana de 1,5 cm de largura, com 12 cores Pantone personalizadas. A tecnologia de encaderna\u00e7\u00e3o original patenteada \"double-loop wrapping\" permite que a fita caia automaticamente para formar uma decora\u00e7\u00e3o ondulada quando a caixa \u00e9 desdobrada, e o dispositivo de fixa\u00e7\u00e3o com fivela magn\u00e9tica pode evitar o problema de as fitas tradicionais se soltarem facilmente. Podem ser adicionados acess\u00f3rios opcionais com pingentes de cristais Swarovski para aumentar o valor de cole\u00e7\u00e3o da caixa de presente.<\/p>\n<h2 id=\"6-intelligent-production-and-service-system-\">6.\u00a0<strong>Sistema inteligente de produ\u00e7\u00e3o e servi\u00e7o<\/strong><\/h2>\n<p>Baseando-se numa linha de produ\u00e7\u00e3o totalmente automatizada, atinge uma produ\u00e7\u00e3o em grande escala com uma capacidade di\u00e1ria de 3 milh\u00f5es de pe\u00e7as, e todo o processo, desde o corte da mat\u00e9ria-prima at\u00e9 \u00e0 embalagem do produto acabado, demora \u226415 minutos. Suporta provas ultra-r\u00e1pidas de 72 horas, fornece servi\u00e7os de pr\u00e9-visualiza\u00e7\u00e3o de modelos de impress\u00e3o 3D e a precis\u00e3o da grava\u00e7\u00e3o a laser de padr\u00f5es atinge 0,05 mm. Atualmente, o encaixe da cadeia de fornecimento com marcas como a Tiffany e a Cartier foi conclu\u00eddo, e a taxa de rendimento da produ\u00e7\u00e3o em massa \u00e9 est\u00e1vel em 99,3%.<\/p>\n<h2 id=\"-application-scenario-examples-\"><strong>Exemplos de cen\u00e1rios de aplica\u00e7\u00e3o<\/strong><\/h2>\n<ul>\n<li><strong>Cerim\u00f3nia de proposta<\/strong>: Com o m\u00f3dulo de programa\u00e7\u00e3o de ilumina\u00e7\u00e3o CNC, o efeito de luz gradual de 3 segundos \u00e9 desencadeado quando a caixa \u00e9 aberta, e a trajet\u00f3ria do ponto de luz e a superf\u00edcie reflectora do papel brilhante formam uma intera\u00e7\u00e3o din\u00e2mica de luz e sombra<\/li>\n<li><strong>Retalho topo de gama<\/strong>: Atrav\u00e9s da tecnologia de incorpora\u00e7\u00e3o de chips AR, a caixa pode ser digitalizada por telem\u00f3vel para apresentar a hist\u00f3ria da marca e as informa\u00e7\u00f5es de identifica\u00e7\u00e3o da joia<\/li>\n<li><strong>Cole\u00e7\u00e3o de arte<\/strong>: A edi\u00e7\u00e3o limitada oferece op\u00e7\u00f5es de incrusta\u00e7\u00e3o de fragmentos de meteoritos e cada caixa de oferta inclui um certificado digital NFT independente<\/li>\n<\/ul>","protected":false},"excerpt":{"rendered":"<p>Adopta um design de estrutura de porta aberta e os \u00e2ngulos de abertura e fecho s\u00e3o ergonomicamente calculados. Pode ser aberta elegantemente com uma s\u00f3 m\u00e3o. A fivela magn\u00e9tica incorporada consegue um posicionamento preciso para garantir que os acess\u00f3rios s\u00e3o apresentados na melhor posi\u00e7\u00e3o de exposi\u00e7\u00e3o. O papel Glitter criado por um processo especial de composi\u00e7\u00e3o pode apresentar um efeito refletor de n\u00edvel diamante.<\/p>","protected":false},"featured_media":1139,"template":"","meta":{"_kad_post_transparent":"default","_kad_post_title":"","_kad_post_layout":"default","_kad_post_sidebar_id":"","_kad_post_content_style":"default","_kad_post_vertical_padding":"default","_kad_post_feature":"","_kad_post_feature_position":"","_kad_post_header":false,"_kad_post_footer":false,"_kad_post_classname":""},"product_brand":[],"product_cat":[15,17],"product_tag":[441,443,442],"class_list":{"0":"post-1138","1":"product","2":"type-product","3":"status-publish","4":"has-post-thumbnail","6":"product_cat-red-light-therapy","7":"product_cat-services","8":"product_tag-glitter-gift-boxes","9":"product_tag-jewelry-ring-gift-boxes","10":"product_tag-silver-glitter-box","12":"first","13":"instock","14":"shipping-taxable","15":"product-type-simple","16":"entry","17":"content-bg","18":"loop-entry"},"_links":{"self":[{"href":"https:\/\/red-lighttherapy.com\/pt_pt\/wp-json\/wp\/v2\/product\/1138","targetHints":{"allow":["GET"]}}],"collection":[{"href":"https:\/\/red-lighttherapy.com\/pt_pt\/wp-json\/wp\/v2\/product"}],"about":[{"href":"https:\/\/red-lighttherapy.com\/pt_pt\/wp-json\/wp\/v2\/types\/product"}],"wp:featuredmedia":[{"embeddable":true,"href":"https:\/\/red-lighttherapy.com\/pt_pt\/wp-json\/wp\/v2\/media\/1139"}],"wp:attachment":[{"href":"https:\/\/red-lighttherapy.com\/pt_pt\/wp-json\/wp\/v2\/media?parent=1138"}],"wp:term":[{"taxonomy":"product_brand","embeddable":true,"href":"https:\/\/red-lighttherapy.com\/pt_pt\/wp-json\/wp\/v2\/product_brand?post=1138"},{"taxonomy":"product_cat","embeddable":true,"href":"https:\/\/red-lighttherapy.com\/pt_pt\/wp-json\/wp\/v2\/product_cat?post=1138"},{"taxonomy":"product_tag","embeddable":true,"href":"https:\/\/red-lighttherapy.com\/pt_pt\/wp-json\/wp\/v2\/product_tag?post=1138"}],"curies":[{"name":"wp","href":"https:\/\/api.w.org\/{rel}","templated":true}]}}