{"id":1132,"date":"2025-04-16T12:33:46","date_gmt":"2025-04-16T12:33:46","guid":{"rendered":"https:\/\/red-lighttherapy.com\/?post_type=product&#038;p=1132"},"modified":"2025-04-16T12:47:01","modified_gmt":"2025-04-16T12:47:01","slug":"rigid-glitter-paper-lid-and-base-jewelry-boxes-distributors","status":"publish","type":"product","link":"https:\/\/red-lighttherapy.com\/pt_pt\/rigid-glitter-paper-lid-and-base-jewelry-boxes-distributors\/","title":{"rendered":"Distribuidores de caixas de j\u00f3ias com tampa e base de papel brilhante r\u00edgido"},"content":{"rendered":"<h2 id=\"1-classic-top-and-bottom-lid-structure-design-\">1.\u00a0<strong>Design cl\u00e1ssico da estrutura da tampa superior e inferior<\/strong><\/h2>\n<p>A estrutura aninhada das tampas superior e inferior tem um encaixe preciso, abertura e fecho suaves e excelente veda\u00e7\u00e3o, o que pode proteger eficazmente as j\u00f3ias de elevado valor da eros\u00e3o do p\u00f3 e da humidade. Alguns fabricantes (como Lufeng Zhifa e Dongguan Jiucai) utilizam m\u00e1quinas de entalhar de seis lados e tecnologia de prensagem sem costuras para obter costuras do corpo da caixa suaves e sem rebarbas, melhorando o refinamento geral.<\/p>\n<h2 id=\"2-material-and-visual-effects-\">2.\u00a0<strong>Efeitos materiais e visuais<\/strong><\/h2>\n<p>O material de papel brilhante utiliza um processo de revestimento especial para obter um efeito de refra\u00e7\u00e3o din\u00e2mico da luz, combinado com o design de contraste quente e frio do corpo da caixa dourada e do la\u00e7o de fita de cetim mate, que pode n\u00e3o s\u00f3 atrair o foco visual, mas tamb\u00e9m acrescentar eleg\u00e2ncia. Fabricantes como a Shanghai Chengjin Printing tamb\u00e9m melhoram a textura da superf\u00edcie atrav\u00e9s da impress\u00e3o UV e da tecnologia de lamina\u00e7\u00e3o perolada.<\/p>\n<h2 id=\"3-functional-optimization-\">3.\u00a0<strong>Otimiza\u00e7\u00e3o funcional<\/strong><\/h2>\n<ul>\n<li><strong>Design ergon\u00f3mico<\/strong>: A rela\u00e7\u00e3o entre a tampa e o corpo da caixa foi optimizada atrav\u00e9s de m\u00faltiplos testes de abertura e fecho, e pode ser facilmente aberta com uma m\u00e3o, com uma experi\u00eancia de utiliza\u00e7\u00e3o amig\u00e1vel.<\/li>\n<li><strong>Adaptabilidade espacial<\/strong>: Suporta a personaliza\u00e7\u00e3o de ranhuras de revestimento (como flocagem, compartimentos de esponja), adapta-se a j\u00f3ias com formas especiais, como an\u00e9is e colares, e melhora a utiliza\u00e7\u00e3o do espa\u00e7o.<\/li>\n<li><strong>Durabilidade<\/strong>: O corpo da caixa \u00e9 feito de cart\u00e3o duro ou de materiais comp\u00f3sitos. Ap\u00f3s os testes, pode suportar a abertura e o fecho a longo prazo sem deforma\u00e7\u00e3o. A camada de purpurina tem uma forte ader\u00eancia e n\u00e3o corre o risco de rachar.<\/li>\n<\/ul>\n<h2 id=\"4-personalized-adjustment-\">4.\u00a0<strong>Ajuste personalizado<\/strong><\/h2>\n<p>Suporta o ajuste flex\u00edvel do tamanho da caixa (como quadrado, retangular), estampagem a quente do LOGOTIPO\/impress\u00e3o serigr\u00e1fica (principalmente estampagem a quente de folha de ouro e prata) e pode adicionar ou remover acess\u00f3rios (como fitas, fivelas magn\u00e9ticas). Por exemplo, a Shenzhen Caimeng Packaging fornece servi\u00e7os de personaliza\u00e7\u00e3o de pequenos lotes, suporta a impress\u00e3o do LOGO e o design do compartimento de revestimento.<\/p>\n<h2 id=\"5-environmental-protection-and-intelligent-upgrade-\">5.\u00a0<strong>Prote\u00e7\u00e3o ambiental e atualiza\u00e7\u00e3o inteligente<\/strong><\/h2>\n<p>A nossa f\u00e1brica introduziu materiais de papel ecol\u00f3gicos certificados pelo FSC e explorou a integra\u00e7\u00e3o de chips inteligentes ou tecnologia de c\u00f3digo QR para realizar a rastreabilidade do produto e fun\u00e7\u00f5es interactivas.<\/p>\n<h2 id=\"6-high-value-product-packaging-\">6.\u00a0<strong>Embalagem de produtos de elevado valor<\/strong><\/h2>\n<p>Adequado principalmente para categorias como artigos de luxo, j\u00f3ias e cosm\u00e9ticos topo de gama, com exibi\u00e7\u00e3o e prote\u00e7\u00e3o.<\/p>","protected":false},"excerpt":{"rendered":"<p>A estrutura cl\u00e1ssica da tampa e da base das caixas adopta um design aninhado das tampas superior e inferior, com um ajuste elevado, abertura e fecho suaves, boa veda\u00e7\u00e3o e maior prote\u00e7\u00e3o do produto. O material de papel brilhante apresenta um efeito intermitente din\u00e2mico sob a refra\u00e7\u00e3o da luz, atraindo instantaneamente o foco visual. Adequado para embalagens de produtos de elevado valor, como artigos de luxo, j\u00f3ias, cosm\u00e9ticos, etc., com funcionalidade de exposi\u00e7\u00e3o e armazenamento.<\/p>","protected":false},"featured_media":1133,"template":"","meta":{"_kad_post_transparent":"default","_kad_post_title":"","_kad_post_layout":"default","_kad_post_sidebar_id":"","_kad_post_content_style":"default","_kad_post_vertical_padding":"default","_kad_post_feature":"","_kad_post_feature_position":"","_kad_post_header":false,"_kad_post_footer":false,"_kad_post_classname":""},"product_brand":[],"product_cat":[15,19,17],"product_tag":[440,99,439],"class_list":{"0":"post-1132","1":"product","2":"type-product","3":"status-publish","4":"has-post-thumbnail","6":"product_cat-red-light-therapy","7":"product_cat-red-light-therapy-stand","8":"product_cat-services","9":"product_tag-glitter-paper-jewelry-boxes","10":"product_tag-jewelry-rigid-boxes","11":"product_tag-lid-and-base-jewelry-boxes","13":"first","14":"instock","15":"shipping-taxable","16":"product-type-simple","17":"entry","18":"content-bg","19":"loop-entry"},"_links":{"self":[{"href":"https:\/\/red-lighttherapy.com\/pt_pt\/wp-json\/wp\/v2\/product\/1132","targetHints":{"allow":["GET"]}}],"collection":[{"href":"https:\/\/red-lighttherapy.com\/pt_pt\/wp-json\/wp\/v2\/product"}],"about":[{"href":"https:\/\/red-lighttherapy.com\/pt_pt\/wp-json\/wp\/v2\/types\/product"}],"wp:featuredmedia":[{"embeddable":true,"href":"https:\/\/red-lighttherapy.com\/pt_pt\/wp-json\/wp\/v2\/media\/1133"}],"wp:attachment":[{"href":"https:\/\/red-lighttherapy.com\/pt_pt\/wp-json\/wp\/v2\/media?parent=1132"}],"wp:term":[{"taxonomy":"product_brand","embeddable":true,"href":"https:\/\/red-lighttherapy.com\/pt_pt\/wp-json\/wp\/v2\/product_brand?post=1132"},{"taxonomy":"product_cat","embeddable":true,"href":"https:\/\/red-lighttherapy.com\/pt_pt\/wp-json\/wp\/v2\/product_cat?post=1132"},{"taxonomy":"product_tag","embeddable":true,"href":"https:\/\/red-lighttherapy.com\/pt_pt\/wp-json\/wp\/v2\/product_tag?post=1132"}],"curies":[{"name":"wp","href":"https:\/\/api.w.org\/{rel}","templated":true}]}}