{"id":1120,"date":"2025-04-16T12:06:57","date_gmt":"2025-04-16T12:06:57","guid":{"rendered":"https:\/\/red-lighttherapy.com\/?post_type=product&#038;p=1120"},"modified":"2025-04-16T12:20:07","modified_gmt":"2025-04-16T12:20:07","slug":"magnetic-closure-cosmetic-eyelash-glitter-paper-box-solution","status":"publish","type":"product","link":"https:\/\/red-lighttherapy.com\/pt_pt\/magnetic-closure-cosmetic-eyelash-glitter-paper-box-solution\/","title":{"rendered":"Caixa de Papel com Brilho para Pestanas Cosm\u00e9ticos com Fecho Magn\u00e9tico"},"content":{"rendered":"<h2 id=\"product-description-of-magnetic-clamp-eyelash-glitter-paper-box-solution\">Descri\u00e7\u00e3o do produto de Pin\u00e7a magn\u00e9tica Solu\u00e7\u00e3o de caixa de papel brilhante para pestanas<\/h2>\n<h2 id=\"-1-magnetic-opening-and-closing-system-precise-alignment-one-hand-operation-and-upgraded-sealing-\"><strong>1. Sistema magn\u00e9tico de abertura e fecho: alinhamento preciso, opera\u00e7\u00e3o com uma s\u00f3 m\u00e3o e veda\u00e7\u00e3o melhorada<\/strong><\/h2>\n<ul>\n<li><strong>Conce\u00e7\u00e3o magn\u00e9tica de precis\u00e3o<\/strong>: Adoptando uma forte tecnologia de alinhamento magn\u00e9tico, os componentes da fivela magn\u00e9tica s\u00e3o precisamente combinados por p\u00f3los magn\u00e9ticos para conseguir abrir e fechar sem desvios, e encaixar firmemente ap\u00f3s o fecho, com melhor resist\u00eancia ao p\u00f3 e \u00e0 humidade do que as caixas de fivela tradicionais.<\/li>\n<li><strong>Opera\u00e7\u00e3o c\u00f3moda com uma s\u00f3 m\u00e3o<\/strong>: Otimizar a for\u00e7a magn\u00e9tica e o \u00e2ngulo de abertura e de fecho, e a opera\u00e7\u00e3o pode ser conclu\u00edda com um simples empurr\u00e3o, o que \u00e9 adequado para os consumidores o retirarem rapidamente todos os dias e melhorarem a experi\u00eancia do utilizador.<\/li>\n<li><strong>Veda\u00e7\u00e3o melhorada<\/strong>: Combinado com a ranhura para cart\u00e3o e o fecho duplo magn\u00e9tico, garante que n\u00e3o haja qualquer lacuna depois de a caixa ser fechada, protege eficazmente o brilho das pestanas da polui\u00e7\u00e3o externa e prolonga a vida \u00fatil do produto.<\/li>\n<\/ul>\n<h2 id=\"-2-standardized-size-adaptation-unified-display-aesthetics-\"><strong>2. Adapta\u00e7\u00e3o normalizada do tamanho, est\u00e9tica unificada do ecr\u00e3<\/strong><\/h2>\n<ul>\n<li><strong>Compatibilidade com tamanhos convencionais<\/strong>: Tamanho personalizado, adequado para produtos convencionais, como r\u00edmel simples e conjuntos de purpurinas multicoloridas, com forte compatibilidade.<\/li>\n<li><strong>Vantagens do ecr\u00e3 de empilhamento<\/strong>: As linhas da caixa s\u00e3o quadradas e limpas, e a superf\u00edcie de exposi\u00e7\u00e3o \u00e9 plana e uniforme quando empilhada. Pode ser combinada de forma flex\u00edvel numa matriz de prateleira ou numa forma criativa para aumentar o impacto visual da marca.<\/li>\n<\/ul>\n<h2 id=\"-3-minimalist-aesthetic-design-sharp-edges-and-full-of-modern-sense-\"><strong>3. Design est\u00e9tico minimalista: arestas vivas e cheio de sentido moderno<\/strong><\/h2>\n<ul>\n<li><strong>Linguagem estrutural tridimensional<\/strong>: O corpo da caixa adopta linhas de dobragem em \u00e2ngulo reto e tecnologia de corte plano, com arestas e cantos afiados, combinados com material de papel brilhante de textura mate, apresentando um sentido frio de tecnologia e um estilo minimalista moderno.<\/li>\n<li><strong>Melhoria do log\u00f3tipo da marca<\/strong>: Apoiar a estampagem a quente, a grava\u00e7\u00e3o em relevo e outros processos para personalizar o LOG\u00d3TIPO da marca, real\u00e7ar o tom topo de gama com linhas simples, em conformidade com a prefer\u00eancia est\u00e9tica dos jovens consumidores por \"menos \u00e9 mais\".<\/li>\n<\/ul>\n<h2 id=\"-4-glitter-paper-material-both-wear-resistance-and-luxury-\"><strong>4. Material de papel brilhante: resist\u00eancia ao desgaste e luxo<\/strong><\/h2>\n<ul>\n<li><strong>Superf\u00edcie altamente dur\u00e1vel<\/strong>: \u00c9 utilizado o substrato de papel brilhante, que \u00e9 40% mais resistente ao desgaste do que o papel de estampagem a quente comum, com excelente resist\u00eancia a riscos, e n\u00e3o \u00e9 f\u00e1cil de riscar durante o transporte e a utiliza\u00e7\u00e3o.<\/li>\n<li><strong>Tecnologia de estampagem a quente de luxo<\/strong>: tecnologia de estampagem a quente\/prata quente de n\u00edvel micr\u00f3nico, precis\u00e3o de borda do padr\u00e3o de \u00b10,1 mm, combinada com o efeito de grelha din\u00e2mica, apresenta uma textura brilhante de v\u00e1rios n\u00edveis sob refra\u00e7\u00e3o da luz.<\/li>\n<\/ul>\n<h2 id=\"-5-flexible-production-service-fast-response-sustainable-supply-\"><strong>5. Servi\u00e7o de produ\u00e7\u00e3o flex\u00edvel: resposta r\u00e1pida, fornecimento sustent\u00e1vel<\/strong><\/h2>\n<ul>\n<li><strong>Quantidade m\u00ednima de encomenda flex\u00edvel<\/strong>: suporta encomendas flex\u00edveis de 500 a 2 milh\u00f5es de pe\u00e7as, satisfaz a produ\u00e7\u00e3o experimental de marcas em fase de arranque e a procura de lotes de grandes marcas, sem restri\u00e7\u00f5es de limite m\u00ednimo de encomenda.<\/li>\n<li><strong>Ciclo de prova extremamente r\u00e1pido<\/strong>: com base no sistema de molde digital, o ciclo de prova \u00e9 reduzido para 72 horas, fornecendo 3 combina\u00e7\u00f5es b\u00e1sicas de cores e 2 combina\u00e7\u00f5es de processos de servi\u00e7os de confirma\u00e7\u00e3o r\u00e1pida de amostras.<\/li>\n<\/ul>\n<h2 id=\"-6-environmental-certification-and-sustainability-\"><strong>6. Certifica\u00e7\u00e3o ambiental e sustentabilidade<\/strong><\/h2>\n<ul>\n<li><strong>Mat\u00e9rias-primas certificadas pelo FSC<\/strong>: O 100% do material de base da caixa de papel utiliza papel certificado pelo FSC para garantir que as mat\u00e9rias-primas prov\u00eam das normas ambientais da Uni\u00e3o Europeia e das marcas ESG para satisfazer os requisitos estrat\u00e9gicos, florestas geridas continuamente.<\/li>\n<li><strong>Design recicl\u00e1vel<\/strong>: O corpo da caixa n\u00e3o tem estrutura de colagem, e os componentes de suc\u00e7\u00e3o magn\u00e9tica podem ser separados e separados, o que \u00e9 conveniente para a classifica\u00e7\u00e3o e reciclagem, reduz a carga ambiental.<\/li>\n<\/ul>\n<h2 id=\"-core-advantages-\"><strong>Vantagens principais<\/strong><\/h2>\n<ul>\n<li><strong>Integra\u00e7\u00e3o tecnol\u00f3gica<\/strong>: Abertura e fecho magn\u00e9ticos + material de papel brilhante + processo de estampagem a quente, tendo em conta a funcionalidade e a atra\u00e7\u00e3o visual.<\/li>\n<li><strong>Amigo dos neg\u00f3cios<\/strong>: Cadeia de fornecimento flex\u00edvel e prova r\u00e1pida, reduzindo os custos de tentativa e erro da marca e acelerando o lan\u00e7amento no mercado.<\/li>\n<li><strong>Responsabilidade ambiental<\/strong>: A certifica\u00e7\u00e3o FSC e o design recicl\u00e1vel ajudam as marcas a criar uma imagem ecol\u00f3gica.<\/li>\n<\/ul>","protected":false},"excerpt":{"rendered":"<p>Esta caixa de embalagem tem arestas vivas e linhas simples, apresentando uma est\u00e9tica moderna e minimalista. O sistema magn\u00e9tico de abertura e fecho est\u00e1 alinhado com precis\u00e3o, \u00e9 f\u00e1cil de utilizar com uma m\u00e3o e tem uma veda\u00e7\u00e3o mais forte do que as caixas de fivela normais. O material de papel brilhante \u00e9 altamente resistente ao desgaste para se adequar aos principais produtos para pestanas.<\/p>","protected":false},"featured_media":1121,"template":"","meta":{"_kad_post_transparent":"default","_kad_post_title":"","_kad_post_layout":"default","_kad_post_sidebar_id":"","_kad_post_content_style":"default","_kad_post_vertical_padding":"default","_kad_post_feature":"","_kad_post_feature_position":"","_kad_post_header":false,"_kad_post_footer":false,"_kad_post_classname":""},"product_brand":[],"product_cat":[15,28,27,17],"product_tag":[434,436,435],"class_list":{"0":"post-1120","1":"product","2":"type-product","3":"status-publish","4":"has-post-thumbnail","6":"product_cat-red-light-therapy","7":"product_cat-customize","8":"product_cat-red-light-therapy-belt","9":"product_cat-services","10":"product_tag-glitter-eyelash-packaging","11":"product_tag-glitter-paper-eyelash-box","12":"product_tag-magnetic-closure-box-for-cosmetic","14":"first","15":"instock","16":"shipping-taxable","17":"product-type-simple","18":"entry","19":"content-bg","20":"loop-entry"},"_links":{"self":[{"href":"https:\/\/red-lighttherapy.com\/pt_pt\/wp-json\/wp\/v2\/product\/1120","targetHints":{"allow":["GET"]}}],"collection":[{"href":"https:\/\/red-lighttherapy.com\/pt_pt\/wp-json\/wp\/v2\/product"}],"about":[{"href":"https:\/\/red-lighttherapy.com\/pt_pt\/wp-json\/wp\/v2\/types\/product"}],"wp:featuredmedia":[{"embeddable":true,"href":"https:\/\/red-lighttherapy.com\/pt_pt\/wp-json\/wp\/v2\/media\/1121"}],"wp:attachment":[{"href":"https:\/\/red-lighttherapy.com\/pt_pt\/wp-json\/wp\/v2\/media?parent=1120"}],"wp:term":[{"taxonomy":"product_brand","embeddable":true,"href":"https:\/\/red-lighttherapy.com\/pt_pt\/wp-json\/wp\/v2\/product_brand?post=1120"},{"taxonomy":"product_cat","embeddable":true,"href":"https:\/\/red-lighttherapy.com\/pt_pt\/wp-json\/wp\/v2\/product_cat?post=1120"},{"taxonomy":"product_tag","embeddable":true,"href":"https:\/\/red-lighttherapy.com\/pt_pt\/wp-json\/wp\/v2\/product_tag?post=1120"}],"curies":[{"name":"wp","href":"https:\/\/api.w.org\/{rel}","templated":true}]}}