{"id":1115,"date":"2025-04-16T10:55:19","date_gmt":"2025-04-16T10:55:19","guid":{"rendered":"https:\/\/red-lighttherapy.com\/?post_type=product&#038;p=1115"},"modified":"2025-04-16T12:06:44","modified_gmt":"2025-04-16T12:06:44","slug":"custom-magnetic-closure-glitter-paper-box-jewelry-necklace","status":"publish","type":"product","link":"https:\/\/red-lighttherapy.com\/pt_pt\/custom-magnetic-closure-glitter-paper-box-jewelry-necklace\/","title":{"rendered":"Caixa de papel brilhante com fecho magn\u00e9tico personalizado Colar de j\u00f3ias"},"content":{"rendered":"<h2 id=\"-customized-magnetic-buckle-glitter-paper-box-jewelry-necklace-product-description-\"><strong>Caixa de papel brilhante com fecho magn\u00e9tico personalizado Colar de j\u00f3ias Descri\u00e7\u00e3o do produto<\/strong><\/h2>\n<h2 id=\"-1-magnetic-flip-top-ritual-sense-\"><strong>1. Sensor magn\u00e9tico Flip-top Ritual Sense<\/strong><\/h2>\n<p>Este porta-joias adopta uma estrutura magn\u00e9tica flip-top patenteada. O corpo da caixa e a tampa s\u00e3o alinhados com precis\u00e3o e fechados por \u00edmanes de alta precis\u00e3o. A for\u00e7a de suc\u00e7\u00e3o \u00e9 1,5 vezes superior \u00e0 norma da ind\u00fastria. Pode ser aberta e fechada livremente com uma m\u00e3o. Quando fechada, \u00e9 acompanhada por um efeito sonoro magn\u00e9tico n\u00edtido, dando \u00e0 caixa uma sensa\u00e7\u00e3o de ritual, como se estivesse a abrir uma joia. O interior da caixa \u00e9 refor\u00e7ado com uma ranhura retangular refor\u00e7ada e combinado com componentes amortecedores el\u00e1sticos para garantir a resist\u00eancia \u00e0 press\u00e3o e ao choque durante o transporte. A estabilidade passou em 100.000 testes de abertura e fecho, cumprindo os requisitos de durabilidade do armazenamento de j\u00f3ias topo de gama.<\/p>\n<h2 id=\"-2-minimalist-aesthetics-and-practical-details-\"><strong>2. Est\u00e9tica minimalista e pormenores pr\u00e1ticos<\/strong><\/h2>\n<p>A caixa de oferta apresenta um contorno moderno e minimalista com linhas de corte geom\u00e9tricas. O processo de moldagem de alta precis\u00e3o, com uma toler\u00e2ncia de 0,5 mm, garante que o corpo da caixa fica bem ajustado. As arestas s\u00e3o polidas 3 vezes e o toque \u00e9 delicado e sem rebarbas. O ponto de fecho magn\u00e9tico est\u00e1 escondido no rebordo interior da tampa da caixa e o rebordo de metal mate torna-o visualmente integrado e em linha com a est\u00e9tica do design contempor\u00e2neo.<\/p>\n<h2 id=\"-3-glitter-paper-glitter-craftsmanship-\"><strong>3. Papel brilhante artesanato com purpurinas<\/strong><\/h2>\n<p>O corpo da caixa \u00e9 feito de papel brilhante personalizado (Glitter Paper) e a superf\u00edcie \u00e9 revestida com part\u00edculas brilhantes de n\u00edvel micr\u00f3nico atrav\u00e9s do processo de cura UV. Sob a refra\u00e7\u00e3o da luz, apresenta um brilho gradiente como a areia das estrelas da gal\u00e1xia, e tem resist\u00eancia IP5X ao desgaste e aos riscos. A espessura do material \u00e9 de apenas 1,2 mm, o que \u00e9 30% mais leve do que as caixas de j\u00f3ias tradicionais, e tem tanto portabilidade como impacto visual.<\/p>\n<h2 id=\"-4-flocking-groove-protection-system-\"><strong>4. Sistema de prote\u00e7\u00e3o das ranhuras por flocagem<\/strong><\/h2>\n<p>O layout de parti\u00e7\u00e3o personalizado dentro da caixa, o sulco do colar adota a tecnologia de modelagem de digitaliza\u00e7\u00e3o 3D, que \u00e9 adaptada com precis\u00e3o a diferentes comprimentos de corrente e tamanhos de pingente. A superf\u00edcie da ranhura \u00e9 coberta com flocagem de microfibra de 0,8 mm e o coeficiente de atrito \u00e9 \u22640,3 para evitar arranh\u00f5es nas j\u00f3ias de metal; o design da ranhura do cart\u00e3o em forma de U pode fixar a fivela do colar para evitar emaranhamento e n\u00f3, e \u00e9 adequado para uma variedade de estilos, como correntes de clav\u00edcula e correntes longas.<\/p>\n<h2 id=\"-5-pink-and-purple-collide-with-glitter-\"><strong>5. O cor-de-rosa e o roxo colidem com purpurinas<\/strong><\/h2>\n<p>A cor principal da caixa \u00e9 o rosa e o roxo. A camada inferior \u00e9 impressa em serigrafia com 6 cores e sobreposta com um revestimento perolado. O brilho da superf\u00edcie \u00e9 jato de areia para apresentar um efeito de dispers\u00e3o da luz das estrelas. Sob a mudan\u00e7a de luz, pode simular as duas atmosferas da luz da manh\u00e3 e da rosa do crep\u00fasculo, refor\u00e7ando o gene rom\u00e2ntico feminino.<\/p>\n<h2 id=\"-6-hot-stamping-slogan-strengthens-memory-\"><strong>6. O slogan em folha de alum\u00ednio dourado com estampagem a quente refor\u00e7a a mem\u00f3ria<\/strong><\/h2>\n<p>O slogan da marca \u00e9 impresso no interior da tampa da caixa com tecnologia de estampagem a quente a laser. O tipo de letra adopta um efeito de relevo tridimensional de 0,1 mm. O fundo dourado, cor-de-rosa e p\u00farpura forma um contraste visual, e a proposta de valor da marca \u00e9 transmitida no momento em que a caixa \u00e9 aberta.<\/p>\n<h2 id=\"-7-flexible-customization-scheme-\"><strong>7. Esquema de personaliza\u00e7\u00e3o flex\u00edvel<\/strong><\/h2>\n<p>Suporta a personaliza\u00e7\u00e3o de todas as dimens\u00f5es, desde o tipo de caixa, tamanho e fun\u00e7\u00e3o:<\/p>\n<ul>\n<li><strong>Tipo de caixa<\/strong>: Caixa quadrada\/caixa redonda\/caixa em forma de cora\u00e7\u00e3o opcional, a posi\u00e7\u00e3o da fivela magn\u00e9tica pode ser ajustada para o lado ou para cima;<\/li>\n<li><strong>Cor<\/strong>: Fornece 12 op\u00e7\u00f5es b\u00e1sicas de cores Pantone, suporta a personaliza\u00e7\u00e3o de r\u00e1cios de brilho de cores especiais;<\/li>\n<li><strong>Slogan<\/strong>: Pode ser substitu\u00eddo pelo nome do cliente, data comemorativa ou mensagem exclusiva, a biblioteca de fontes cont\u00e9m 15 vers\u00f5es lingu\u00edsticas;<\/li>\n<li><strong>Revestimento<\/strong>: Revestimento de enchimento\/seda\/esponja opcional, a disposi\u00e7\u00e3o das ranhuras permite a reorganiza\u00e7\u00e3o por categoria de j\u00f3ias.<\/li>\n<\/ul>\n<h2 id=\"-8-environmental-protection-and-quality-control-guarantee-\"><strong>8. Prote\u00e7\u00e3o do ambiente e garantia de controlo da qualidade<\/strong><\/h2>\n<p>O corpo da caixa \u00e9 um substrato de papel ecol\u00f3gico certificado pelo FSC, e o processo de produ\u00e7\u00e3o utiliza adesivos \u00e0 base de \u00e1gua e tintas sem benzeno; cada lote de produtos acabados \u00e9 testado a uma temperatura e humidade constantes durante 72 horas para garantir que o desempenho de absor\u00e7\u00e3o magn\u00e9tica e a taxa de deforma\u00e7\u00e3o da caixa s\u00e3o \u22640,5%.<\/p>","protected":false},"excerpt":{"rendered":"<ul>\n<li><strong>Presente de marca de j\u00f3ias<\/strong>: Sendo a embalagem padr\u00e3o dos colares topo de gama, melhora a experi\u00eancia de desembalagem e o pr\u00e9mio da marca;<\/li>\n<li><strong>Cole\u00e7\u00e3o comemorativa pessoal<\/strong>: Personalizado com o nome e o anivers\u00e1rio, torna-se um porta-moedas emotivo para presentes de casamento e anivers\u00e1rio;<\/li>\n<li><strong>Adere\u00e7os de exposi\u00e7\u00e3o para retalho<\/strong>: O design magn\u00e9tico de abertura e fecho do expositor \u00e9 conveniente para os clientes experimentarem, protegendo simultaneamente a apar\u00eancia das j\u00f3ias.<\/li>\n<\/ul>","protected":false},"featured_media":1117,"template":"","meta":{"_kad_post_transparent":"default","_kad_post_title":"","_kad_post_layout":"default","_kad_post_sidebar_id":"","_kad_post_content_style":"default","_kad_post_vertical_padding":"default","_kad_post_feature":"","_kad_post_feature_position":"","_kad_post_header":false,"_kad_post_footer":false,"_kad_post_classname":""},"product_brand":[],"product_cat":[15,27,17],"product_tag":[432,431,433],"class_list":{"0":"post-1115","1":"product","2":"type-product","3":"status-publish","4":"has-post-thumbnail","6":"product_cat-red-light-therapy","7":"product_cat-red-light-therapy-belt","8":"product_cat-services","9":"product_tag-glitter-paper-jewelry-box","10":"product_tag-magnetic-closure-box","11":"product_tag-necklace-paper-box","13":"first","14":"instock","15":"shipping-taxable","16":"product-type-simple","17":"entry","18":"content-bg","19":"loop-entry"},"_links":{"self":[{"href":"https:\/\/red-lighttherapy.com\/pt_pt\/wp-json\/wp\/v2\/product\/1115","targetHints":{"allow":["GET"]}}],"collection":[{"href":"https:\/\/red-lighttherapy.com\/pt_pt\/wp-json\/wp\/v2\/product"}],"about":[{"href":"https:\/\/red-lighttherapy.com\/pt_pt\/wp-json\/wp\/v2\/types\/product"}],"wp:featuredmedia":[{"embeddable":true,"href":"https:\/\/red-lighttherapy.com\/pt_pt\/wp-json\/wp\/v2\/media\/1117"}],"wp:attachment":[{"href":"https:\/\/red-lighttherapy.com\/pt_pt\/wp-json\/wp\/v2\/media?parent=1115"}],"wp:term":[{"taxonomy":"product_brand","embeddable":true,"href":"https:\/\/red-lighttherapy.com\/pt_pt\/wp-json\/wp\/v2\/product_brand?post=1115"},{"taxonomy":"product_cat","embeddable":true,"href":"https:\/\/red-lighttherapy.com\/pt_pt\/wp-json\/wp\/v2\/product_cat?post=1115"},{"taxonomy":"product_tag","embeddable":true,"href":"https:\/\/red-lighttherapy.com\/pt_pt\/wp-json\/wp\/v2\/product_tag?post=1115"}],"curies":[{"name":"wp","href":"https:\/\/api.w.org\/{rel}","templated":true}]}}