{"id":1103,"date":"2025-04-16T08:41:45","date_gmt":"2025-04-16T08:41:45","guid":{"rendered":"https:\/\/red-lighttherapy.com\/?post_type=product&#038;p=1103"},"modified":"2025-04-16T09:00:18","modified_gmt":"2025-04-16T09:00:18","slug":"maker-magnetic-closure-box-for-hair-extensions-removal-device","status":"publish","type":"product","link":"https:\/\/red-lighttherapy.com\/pt_pt\/maker-magnetic-closure-box-for-hair-extensions-removal-device\/","title":{"rendered":"Caixa de fecho magn\u00e9tico para Extens\u00f5es de Cabelo Dispositivo de remo\u00e7\u00e3o"},"content":{"rendered":"<h2 id=\"magnetic-closure-wig-extension-disassembly-device-packaging-box-product-description\">Dispositivo de desmontagem da extens\u00e3o da peruca com fecho magn\u00e9tico caixa de embalagem descri\u00e7\u00e3o do produto<\/h2>\n<h2 id=\"-1-appearance-design-simple-and-stylish-book-shaped-box-body-enhances-exquisiteness-\"><strong>1. Design de apar\u00eancia: simples e elegante, o corpo da caixa em forma de livro real\u00e7a o requinte<\/strong><\/h2>\n<p>Este produto adopta o design de s\u00e9rie branco claro, apresentado na estrutura cl\u00e1ssica de caixa em forma de livro, com linhas simples e suaves e aspeto elegante. A superf\u00edcie do corpo da caixa \u00e9 impressa com papel revestido de 157 GSM, real\u00e7ando o estilo leve e luxuoso. O design do fecho magn\u00e9tico \u00e9 inspirado nos populares produtos de caixa de suc\u00e7\u00e3o magn\u00e9tica, que \u00e9 conveniente para abrir e fechar e fecha com firmeza, melhorando a experi\u00eancia do utilizador ao mesmo tempo que real\u00e7a o sentido de topo de gama.<\/p>\n<h2 id=\"-2-internal-and-external-double-color-contrast-combination-of-function-and-aesthetics-\"><strong>2. Contraste de cor dupla interna e externa, combina\u00e7\u00e3o de fun\u00e7\u00e3o e est\u00e9tica<\/strong><\/h2>\n<p>A caixa exterior \u00e9 branca clara e a caixa interior \u00e9 branca pura. O contraste de cores forma uma hierarquia visual, que pode mostrar claramente os pormenores estruturais do dispositivo de extens\u00e3o da cabeleira na caixa e facilitar a identifica\u00e7\u00e3o r\u00e1pida do produto durante a exposi\u00e7\u00e3o. Combinado com o forro em forma de molde cortado, garante que o produto \u00e9 armazenado de forma est\u00e1vel.<\/p>\n<h2 id=\"-3-material-and-structure-professional-grade-protection-stable-and-durable-\"><strong>3. Material e estrutura: prote\u00e7\u00e3o de n\u00edvel profissional, est\u00e1vel e duradoura<\/strong><\/h2>\n<ul>\n<li><strong>Material de base<\/strong>: Cart\u00e3o cinzento de alta resist\u00eancia de 1200 GSM, que tem uma melhor resist\u00eancia \u00e0 press\u00e3o do que o cart\u00e3o normal e pode suportar os choques do transporte e o empilhamento a longo prazo.<\/li>\n<li><strong>Tratamento de superf\u00edcie<\/strong>: Papel revestido de 157 GSM com pel\u00edcula mate, resistente a riscos e ao desgaste, toque delicado e maior reconhecimento da marca.<\/li>\n<li><strong>Forro interior<\/strong>: Personalizada atrav\u00e9s de um processo de corte de precis\u00e3o, adapta-se perfeitamente ao contorno do dispositivo da peruca para evitar que o produto trema ou se desgaste.<\/li>\n<\/ul>\n<h2 id=\"-4-brand-empowerment-double-upgrade-of-texture-and-added-value-\"><strong>4. Fortalecimento da marca: Dupla atualiza\u00e7\u00e3o da textura e do valor acrescentado<\/strong><\/h2>\n<p>O design da caixa de embalagem incorpora pormenores de luxo, como a abertura e o fecho ocultos de fivelas magn\u00e9ticas e cantos arredondados para tratamento anti-colis\u00e3o. A parte de tr\u00e1s da caixa pode ser personalizada com uma \u00e1rea de estampagem a quente com a hist\u00f3ria da marca, para refor\u00e7ar a confian\u00e7a dos consumidores na qualidade e no artesanato da marca e ajudar a aumentar o espa\u00e7o premium.<\/p>\n<h2 id=\"-5-supply-chain-advantages-16-years-of-professional-guarantee-flexible-customization-\"><strong>5. Vantagens da cadeia de fornecimento: 16 anos de garantia profissional, personaliza\u00e7\u00e3o flex\u00edvel<\/strong><\/h2>\n<ul>\n<li><strong>Sele\u00e7\u00e3o de processos<\/strong>: Suporta mais de 20 personaliza\u00e7\u00f5es de processos, tais como verniz local UV, grava\u00e7\u00e3o em relevo, ajuste da for\u00e7a de adsor\u00e7\u00e3o magn\u00e9tica, etc.<\/li>\n<li><strong>Adapta\u00e7\u00e3o do tamanho<\/strong>: O tamanho da caixa pode ser ajustado \u00e0s diferentes especifica\u00e7\u00f5es dos dispositivos de peruca, com uma quantidade m\u00ednima de encomenda t\u00e3o baixa como 500 pe\u00e7as para satisfazer as necessidades das pequenas e m\u00e9dias marcas.<\/li>\n<li><strong>Vantagem em termos de custos<\/strong>: Aquisi\u00e7\u00e3o de mat\u00e9rias-primas em grande escala, 15%-20% pre\u00e7o mais baixo do que produtos similares e um per\u00edodo de garantia de at\u00e9 2 anos.<\/li>\n<\/ul>\n<h2 id=\"-customization-process-description-\"><strong>Descri\u00e7\u00e3o do processo de personaliza\u00e7\u00e3o<\/strong><\/h2>\n<ol>\n<li><strong>Comunica\u00e7\u00e3o da procura<\/strong>: Fornecer a marca VI, a dimens\u00e3o do produto e os requisitos funcionais (por exemplo, se s\u00e3o necess\u00e1rias bandas magn\u00e9ticas antirroubo).<\/li>\n<li><strong>Prova 3D<\/strong>: Sa\u00edda de caixas de amostras f\u00edsicas no prazo de 72 horas para confirmar a estrutura e os efeitos visuais.<\/li>\n<li><strong>Produ\u00e7\u00e3o em massa<\/strong>: Impress\u00e3o com tinta \u00e0 base de \u00e1gua amiga do ambiente, entrega no prazo de 7-14 dias e apoio ao acompanhamento log\u00edstico global.<\/li>\n<\/ol>","protected":false},"excerpt":{"rendered":"<p>A caixa adopta uma s\u00e9rie simples e moderna em branco claro, o design da caixa com tampa magn\u00e9tica \u00e9 simples e elegante, dando \u00e0s pessoas uma sensa\u00e7\u00e3o de requinte, e \u00e9 feita de cart\u00e3o cinzento 1200 GSM e papel revestido 157 GSM. A estrutura \u00e9 est\u00e1vel e f\u00e1cil de proteger a sua peruca Embalagem do aparelho de depila\u00e7\u00e3o.<\/p>","protected":false},"featured_media":1104,"template":"","meta":{"_kad_post_transparent":"default","_kad_post_title":"","_kad_post_layout":"default","_kad_post_sidebar_id":"","_kad_post_content_style":"default","_kad_post_vertical_padding":"default","_kad_post_feature":"","_kad_post_feature_position":"","_kad_post_header":false,"_kad_post_footer":false,"_kad_post_classname":""},"product_brand":[],"product_cat":[15,28,27,17],"product_tag":[426,425,427],"class_list":{"0":"post-1103","1":"product","2":"type-product","3":"status-publish","4":"has-post-thumbnail","6":"product_cat-red-light-therapy","7":"product_cat-customize","8":"product_cat-red-light-therapy-belt","9":"product_cat-services","10":"product_tag-hair-removal-device-box","11":"product_tag-magnetic-hair-extensions-packaging-box","12":"product_tag-wig-magnetic-closure-box","14":"first","15":"instock","16":"shipping-taxable","17":"product-type-simple","18":"entry","19":"content-bg","20":"loop-entry"},"_links":{"self":[{"href":"https:\/\/red-lighttherapy.com\/pt_pt\/wp-json\/wp\/v2\/product\/1103","targetHints":{"allow":["GET"]}}],"collection":[{"href":"https:\/\/red-lighttherapy.com\/pt_pt\/wp-json\/wp\/v2\/product"}],"about":[{"href":"https:\/\/red-lighttherapy.com\/pt_pt\/wp-json\/wp\/v2\/types\/product"}],"wp:featuredmedia":[{"embeddable":true,"href":"https:\/\/red-lighttherapy.com\/pt_pt\/wp-json\/wp\/v2\/media\/1104"}],"wp:attachment":[{"href":"https:\/\/red-lighttherapy.com\/pt_pt\/wp-json\/wp\/v2\/media?parent=1103"}],"wp:term":[{"taxonomy":"product_brand","embeddable":true,"href":"https:\/\/red-lighttherapy.com\/pt_pt\/wp-json\/wp\/v2\/product_brand?post=1103"},{"taxonomy":"product_cat","embeddable":true,"href":"https:\/\/red-lighttherapy.com\/pt_pt\/wp-json\/wp\/v2\/product_cat?post=1103"},{"taxonomy":"product_tag","embeddable":true,"href":"https:\/\/red-lighttherapy.com\/pt_pt\/wp-json\/wp\/v2\/product_tag?post=1103"}],"curies":[{"name":"wp","href":"https:\/\/api.w.org\/{rel}","templated":true}]}}