{"id":1091,"date":"2025-04-16T07:58:12","date_gmt":"2025-04-16T07:58:12","guid":{"rendered":"https:\/\/red-lighttherapy.com\/?post_type=product&#038;p=1091"},"modified":"2025-04-16T08:13:25","modified_gmt":"2025-04-16T08:13:25","slug":"agency-luxury-lid-and-base-box-for-clothing-sock-packaging","status":"publish","type":"product","link":"https:\/\/red-lighttherapy.com\/pt_pt\/agency-luxury-lid-and-base-box-for-clothing-sock-packaging\/","title":{"rendered":"Ag\u00eancia Caixa de luxo com tampa e base para embalagem de meias de vestu\u00e1rio"},"content":{"rendered":"<h2 id=\"-product-instructions-for-the-agent-of-luxury-clothing-and-socks-packaging-heaven-and-earth-box-\">Ag\u00eancia Caixa de Luxo com Tampa e Base para Embalagem de Meias de Roupa Descri\u00e7\u00e3o do Produto<\/h2>\n<h2 id=\"-1-visual-presentation-a-balance-between-simplicity-and-luxury-\"><strong>1. Apresenta\u00e7\u00e3o visual: Um equil\u00edbrio entre simplicidade e luxo<\/strong><\/h2>\n<ul>\n<li><strong>Correspond\u00eancia de cores e log\u00f3tipo<\/strong>: O corpo da caixa \u00e9 coberto com papel especial preto mate e a superf\u00edcie \u00e9 delicada; o log\u00f3tipo \u00e9 gravado em relevo ou estampado a quente (opcional) e o efeito monocrom\u00e1tico de micro-embossing \u00e9 utilizado para aumentar o reconhecimento da marca, evitar a interfer\u00eancia de cores complexas e adequar-se ao temperamento contido das marcas de topo de gama.<\/li>\n<li><strong>Linguagem de modela\u00e7\u00e3o<\/strong>: A caixa quadrada tem linhas simples e n\u00e3o tem decora\u00e7\u00f5es redundantes. A textura do papel e o n\u00edvel de luz e sombra real\u00e7am a textura, real\u00e7ando a filosofia de design \"menos \u00e9 mais\".<\/li>\n<\/ul>\n<h2 id=\"-2-structure-and-opening-and-closing-experience-\"><strong>2. Estrutura e experi\u00eancia de abertura e fecho<\/strong><\/h2>\n<ul>\n<li><strong>Desenho da tampa da cabe\u00e7a e da terra<\/strong>: As tampas superior e inferior encaixam com precis\u00e3o, a abertura e o fecho s\u00e3o suaves e o fecho \u00e9 est\u00e1vel. Ao abrir, a tampa desliza naturalmente, revelando o produto do forro, dando ao processo de desembalagem uma sensa\u00e7\u00e3o de ritual, como uma caixa de presente, e melhorando a experi\u00eancia do primeiro toque do cliente.<\/li>\n<li><strong>Capacidade de carga e durabilidade<\/strong>: O papel especial de alta gramagem de 120 g \u00e9 revestido com cart\u00e3o espesso de 1,5 mm, com uma resist\u00eancia \u00e0 compress\u00e3o de 1,2 vezes a norma da ind\u00fastria, garantindo que n\u00e3o se deforma durante o transporte e o armazenamento a longo prazo.<\/li>\n<\/ul>\n<h2 id=\"-3-material-and-process-details-\"><strong>3. Detalhes do material e do processo<\/strong><\/h2>\n<ul>\n<li><strong>Material da caixa exterior<\/strong>: A superf\u00edcie do papel especial tem um tratamento anti-riscos, \u00e9 resistente \u00e0s impress\u00f5es digitais e f\u00e1cil de limpar; a camada central de cart\u00e3o utiliza materiais ecol\u00f3gicos certificados pelo FSC, o que est\u00e1 em conformidade com o conceito de sustentabilidade.<\/li>\n<li><strong>Forro personalizado<\/strong>: Fornecer esponja EVA, algod\u00e3o p\u00e9rola ou tabuleiro interior de flocagem e outras op\u00e7\u00f5es, e pode personalizar as ranhuras de acordo com o tamanho das meias para alcan\u00e7ar as fun\u00e7\u00f5es duplas de fixa\u00e7\u00e3o do produto e prote\u00e7\u00e3o contra choques, adequadas para embalagens simples e duplas, conjuntos de caixas de oferta e outras necessidades.<\/li>\n<\/ul>\n<h2 id=\"-4-customized-service-\"><strong>4. Servi\u00e7o personalizado<\/strong><\/h2>\n<ul>\n<li><strong>Flexibilidade de impress\u00e3o<\/strong>: Suporta impress\u00e3o UV, serigrafia ou estampagem a quente de log\u00f3tipos, slogans de marcas e padr\u00f5es, e pode corresponder a cores diretas Pantone para garantir a consist\u00eancia visual.<\/li>\n<li><strong>Adapta\u00e7\u00e3o do tamanho<\/strong>: Ajustar o tamanho da caixa de acordo com as especifica\u00e7\u00f5es do produto do cliente (como o comprimento e a altura da meia), com uma quantidade m\u00ednima de encomenda de 500 pe\u00e7as para satisfazer as necessidades de personaliza\u00e7\u00e3o de pequenos e m\u00e9dios lotes.<\/li>\n<\/ul>\n<h2 id=\"-5-quality-assurance-system-\"><strong>5. Sistema de garantia de qualidade<\/strong><\/h2>\n<ul>\n<li><strong>Norma de produ\u00e7\u00e3o<\/strong>: Contando com 16 anos de experi\u00eancia profissional em impress\u00e3o e embalagem, utilizando m\u00e1quinas de corte e vinco totalmente autom\u00e1ticas e sistemas de controlo de qualidade para garantir que o erro do corpo da caixa \u00e9 \u22640,5 mm e a taxa de qualifica\u00e7\u00e3o dos produtos acabados atinge 99,8%.<\/li>\n<li><strong>Compromisso de servi\u00e7o<\/strong>: Acompanhamento total desde a prova de conce\u00e7\u00e3o at\u00e9 \u00e0 entrega do lote, proporcionando devolu\u00e7\u00f5es e trocas sem preocupa\u00e7\u00f5es de qualidade durante 30 dias e respondendo a necessidades personalizadas no prazo de 72 horas.<\/li>\n<\/ul>\n<h2 id=\"-6-application-scenarios-\"><strong>6. Cen\u00e1rios de aplica\u00e7\u00e3o<\/strong><\/h2>\n<ul>\n<li><strong>Retalho topo de gama<\/strong>: Como embalagem de exposi\u00e7\u00e3o de uma loja de marca, aumenta a atratividade da prateleira.<\/li>\n<li><strong>Mercado das prendas<\/strong>: Com fitas ou selos de cintura, actualize as caixas de oferta de f\u00e9rias para aumentar o valor dos presentes.<\/li>\n<li><strong>Log\u00edstica do com\u00e9rcio eletr\u00f3nico<\/strong>: Otimizar a conce\u00e7\u00e3o da estrutura s\u00edsmica, reduzir as perdas de transporte e reduzir os custos p\u00f3s-venda.<\/li>\n<\/ul>","protected":false},"excerpt":{"rendered":"<p>Esta caixa com tampa e base foi concebida para vestu\u00e1rio e acess\u00f3rios de gama alta. Combina uma est\u00e9tica simples com fun\u00e7\u00f5es pr\u00e1ticas para criar uma solu\u00e7\u00e3o de embalagem com um sentido de cerim\u00f3nia e qualidade. O corpo da caixa adopta uma estrutura cl\u00e1ssica de tampa e base, com uma cor principal preta e um log\u00f3tipo da marca. Utiliza uma linguagem de design minimalista para transmitir um tom de marca discreto e luxuoso, adequado para artigos de luxo, vestu\u00e1rio ligeiro de luxo e cenas de presentes.<\/p>","protected":false},"featured_media":1095,"template":"","meta":{"_kad_post_transparent":"default","_kad_post_title":"","_kad_post_layout":"default","_kad_post_sidebar_id":"","_kad_post_content_style":"default","_kad_post_vertical_padding":"default","_kad_post_feature":"","_kad_post_feature_position":"","_kad_post_header":false,"_kad_post_footer":false,"_kad_post_classname":""},"product_brand":[],"product_cat":[15,30,19,17],"product_tag":[421,419,420],"class_list":{"0":"post-1091","1":"product","2":"type-product","3":"status-publish","4":"has-post-thumbnail","6":"product_cat-red-light-therapy","7":"product_cat-dropshipping","8":"product_cat-red-light-therapy-stand","9":"product_cat-services","10":"product_tag-custom-clothing-sock-packaging","11":"product_tag-lid-and-base-box-for-clothing","12":"product_tag-lid-and-base-box-for-sock","14":"first","15":"instock","16":"shipping-taxable","17":"product-type-simple","18":"entry","19":"content-bg","20":"loop-entry"},"_links":{"self":[{"href":"https:\/\/red-lighttherapy.com\/pt_pt\/wp-json\/wp\/v2\/product\/1091","targetHints":{"allow":["GET"]}}],"collection":[{"href":"https:\/\/red-lighttherapy.com\/pt_pt\/wp-json\/wp\/v2\/product"}],"about":[{"href":"https:\/\/red-lighttherapy.com\/pt_pt\/wp-json\/wp\/v2\/types\/product"}],"wp:featuredmedia":[{"embeddable":true,"href":"https:\/\/red-lighttherapy.com\/pt_pt\/wp-json\/wp\/v2\/media\/1095"}],"wp:attachment":[{"href":"https:\/\/red-lighttherapy.com\/pt_pt\/wp-json\/wp\/v2\/media?parent=1091"}],"wp:term":[{"taxonomy":"product_brand","embeddable":true,"href":"https:\/\/red-lighttherapy.com\/pt_pt\/wp-json\/wp\/v2\/product_brand?post=1091"},{"taxonomy":"product_cat","embeddable":true,"href":"https:\/\/red-lighttherapy.com\/pt_pt\/wp-json\/wp\/v2\/product_cat?post=1091"},{"taxonomy":"product_tag","embeddable":true,"href":"https:\/\/red-lighttherapy.com\/pt_pt\/wp-json\/wp\/v2\/product_tag?post=1091"}],"curies":[{"name":"wp","href":"https:\/\/api.w.org\/{rel}","templated":true}]}}