{"id":1080,"date":"2025-04-16T07:33:52","date_gmt":"2025-04-16T07:33:52","guid":{"rendered":"https:\/\/red-lighttherapy.com\/?post_type=product&#038;p=1080"},"modified":"2025-04-16T07:57:50","modified_gmt":"2025-04-16T07:57:50","slug":"top-and-bottom-packaging-boxes-vendor-for-phone-accessories","status":"publish","type":"product","link":"https:\/\/red-lighttherapy.com\/pt_pt\/top-and-bottom-packaging-boxes-vendor-for-phone-accessories\/","title":{"rendered":"Fornecedor de caixas de embalagem superior e inferior para acess\u00f3rios para telem\u00f3veis"},"content":{"rendered":"<h2 id=\"-mobile-phone-accessories-box-packaging-solution-\"><strong>Solu\u00e7\u00e3o de embalagem para caixas de acess\u00f3rios para telem\u00f3veis<\/strong><\/h2>\n<h2 id=\"-i-core-material-environmentally-friendly-and-stable-\"><strong>1. Material do n\u00facleo: amigo do ambiente e est\u00e1vel<\/strong><\/h2>\n<p><strong>Papel de cobre duplo com mais de 300g<\/strong>\u00a0\u00e9 utilizado como papel de superf\u00edcie, e\u00a0<strong>cart\u00e3o cinzento de alta densidade branco de uma face<\/strong>\u00a0\u00e9 utilizado como base para criar uma estrutura de caixa s\u00f3lida e est\u00e1vel. A superf\u00edcie do papel de cobre \u00e9 lisa e delicada, com elevada reprodu\u00e7\u00e3o de cores, garantindo padr\u00f5es impressos claros e brilhantes; o cart\u00e3o cinzento proporciona uma excelente resist\u00eancia \u00e0 press\u00e3o e durabilidade, fixando eficazmente os acess\u00f3rios do telem\u00f3vel (como carregadores, cabos de dados, auscultadores, etc.) para evitar aban\u00f5es e colis\u00f5es durante o transporte. Todos os materiais cumprem as normas de prote\u00e7\u00e3o ambiental, apoiam a reciclagem e a reutiliza\u00e7\u00e3o e correspondem \u00e0 tend\u00eancia das embalagens ecol\u00f3gicas.<\/p>\n<h2 id=\"-ii-appearance-design-simple-and-atmospheric-the-brand-image-is-vivid-on-the-box-\"><strong>2. Design de apar\u00eancia: simples e atmosf\u00e9rico, a imagem da marca \u00e9 v\u00edvida na caixa<\/strong><\/h2>\n<ol>\n<li>O corpo da caixa \u00e9 baseado em\u00a0<strong>branco puro<\/strong>\u00a0e adopta\u00a0<strong>tecnologia de impress\u00e3o a quatro cores (CMYK)<\/strong>\u00a0para apresentar com precis\u00e3o o log\u00f3tipo e as informa\u00e7\u00f5es gr\u00e1ficas do cliente, garantindo a satura\u00e7\u00e3o das cores e a estratifica\u00e7\u00e3o dos detalhes.<\/li>\n<li>Apoio\u00a0<strong>gradiente, cor direta, estampagem a quente<\/strong>\u00a0e outros processos especiais, como o aumento do brilho local atrav\u00e9s da impress\u00e3o UV ou a utiliza\u00e7\u00e3o da tecnologia de grava\u00e7\u00e3o em relevo para real\u00e7ar o sentido tridimensional do log\u00f3tipo da marca.<\/li>\n<li>A superf\u00edcie das caixas superior e inferior adopta\u00a0<strong>tecnologia de lamina\u00e7\u00e3o de pel\u00edcula mate<\/strong>\u00a0para melhorar a resist\u00eancia ao desgaste e o desempenho anti-incrustante, e n\u00e3o \u00e9 f\u00e1cil deixar impress\u00f5es digitais ou riscos na utiliza\u00e7\u00e3o di\u00e1ria, ao mesmo tempo que melhora a textura do corpo da caixa.<\/li>\n<\/ol>\n<h2 id=\"-three-structural-optimization-humanized-opening-and-closing-and-adaptability-\"><strong>3. otimiza\u00e7\u00e3o estrutural: abertura e fecho humanizados e adaptabilidade<\/strong><\/h2>\n<ol>\n<li><strong>F\u00e1cil de abrir e fechar<\/strong>: A tampa da caixa e a parte inferior da caixa adoptam uma tecnologia de corte de precis\u00e3o e o design de abrandamento do ar garante que a caixa inferior cai suavemente ao abrir a caixa (consulte a estrutura patenteada da Apple).<\/li>\n<li><strong>Posi\u00e7\u00e3o lateral dos dedos<\/strong>: A parte lateral est\u00e1 reservada com uma ranhura em arco, que pode ser facilmente aberta com uma m\u00e3o para melhorar a experi\u00eancia do utilizador.<\/li>\n<li>Fornecer\u00a0<strong>quadrado, hexagonal, tipo gaveta, tipo suc\u00e7\u00e3o magn\u00e9tica<\/strong>\u00a0e outros tipos de caixas para se adaptarem a diferentes tamanhos de acess\u00f3rios e necessidades de exposi\u00e7\u00e3o. Por exemplo:<\/li>\n<li><strong>Caixa de gavetas<\/strong>: Adequado para conjuntos combinados com v\u00e1rios acess\u00f3rios, o design com puxador lateral \u00e9 f\u00e1cil de classificar e armazenar.<\/li>\n<li><strong>Caixa de fivela magn\u00e9tica<\/strong>: A melhor escolha para os modelos topo de gama, com um fecho est\u00e1vel e um forte sentido de cerim\u00f3nia.<\/li>\n<\/ol>\n<h2 id=\"-fourth-customized-service-flexibly-meet-personalized-needs-\"><strong>4. Servi\u00e7o personalizado: satisfazer de forma flex\u00edvel as necessidades personalizadas<\/strong><\/h2>\n<ol>\n<li>Suporta a conce\u00e7\u00e3o personalizada de toda a superf\u00edcie da caixa, que pode ser integrada com hist\u00f3rias da marca, par\u00e2metros do produto ou ilustra\u00e7\u00f5es art\u00edsticas. Por exemplo:<\/li>\n<li><strong>Esvaziamento parcial<\/strong>: Com uma janela transparente para visualizar os pormenores dos acess\u00f3rios.<\/li>\n<li><strong>Elementos culturais<\/strong>: Combinado com a tecnologia de estampagem a quente para apresentar padr\u00f5es tradicionais e real\u00e7ar o tom do produto.<\/li>\n<li>Personalizar a estrutura do forro de acordo com o tamanho dos acess\u00f3rios (como auscultadores sem fios, fontes de alimenta\u00e7\u00e3o m\u00f3veis) e a utiliza\u00e7\u00e3o\u00a0<strong>Tabuleiros blister em EVA ou cart\u00e3o alveolar<\/strong>\u00a0para fixar o produto, tendo em conta a prote\u00e7\u00e3o e a leveza.<\/li>\n<\/ol>\n<h2 id=\"-v-production-capacity-and-quality-control-guarantee-\"><strong>5. Capacidade de produ\u00e7\u00e3o e garantia de controlo da qualidade<\/strong><\/h2>\n<ol>\n<li>Com\u00a0<strong>5.320 metros quadrados de oficina moderna<\/strong>equipada com m\u00e1quinas de corte e vinco totalmente autom\u00e1ticas, linhas de impress\u00e3o UV e equipamento de lamina\u00e7\u00e3o ecol\u00f3gico, suporta uma capacidade de produ\u00e7\u00e3o di\u00e1ria de mais de 100 000 pe\u00e7as e o ciclo de entrega \u00e9 reduzido para\u00a0<strong>15-20 dias \u00fateis<\/strong>.<\/li>\n<li>Desde o armazenamento das mat\u00e9rias-primas at\u00e9 \u00e0 entrega dos produtos acabados, implementamos\u00a0<strong>processos de inspe\u00e7\u00e3o da qualidade a seis n\u00edveis<\/strong>incluindo dete\u00e7\u00e3o de diferen\u00e7as de cor (\u0394E\u22641,5), teste de queda (1,5 metros de altura sem danos), teste de resist\u00eancia \u00e0 humidade e \u00e0s intemp\u00e9ries, etc.<\/li>\n<\/ol>\n<h2 id=\"-vi-application-scenarios-and-case-studies-\"><strong>6. Cen\u00e1rios de aplica\u00e7\u00e3o e estudos de caso<\/strong><\/h2>\n<ul>\n<li><strong>Acess\u00f3rios topo de gama<\/strong>A caixa de auscultadores sem fios Bluetooth adopta uma caixa de suc\u00e7\u00e3o magn\u00e9tica + desenho do log\u00f3tipo com estampagem a quente para melhorar a experi\u00eancia de desembalagem.<\/li>\n<li><strong>Conjunto amigo do ambiente<\/strong>: utiliza\u00e7\u00e3o de cart\u00e3o cinzento degrad\u00e1vel e impress\u00e3o a tinta, em conformidade com o conceito de desenvolvimento sustent\u00e1vel.<\/li>\n<\/ul>\n<h2 id=\"-choose-us-you-will-get-\"><strong>Escolha-nos e ter\u00e1:<\/strong><\/h2>\n<p>\u2705\u00a0<strong>Equipa de design profissional<\/strong>: Servi\u00e7o 1 a 1 desde a comunica\u00e7\u00e3o do pedido at\u00e9 \u00e0 confirma\u00e7\u00e3o da prova. \u2705\u00a0<strong>Entrega eficiente<\/strong>: Os pedidos acelerados podem ser enviados em at\u00e9 7 dias, com suporte ao rastreamento log\u00edstico global. \u2705\u00a0<strong>Otimiza\u00e7\u00e3o dos custos<\/strong>: Aquisi\u00e7\u00e3o em grande escala e produ\u00e7\u00e3o optimizada, 15%-20% inferior ao pre\u00e7o m\u00e9dio do mercado.<\/p>","protected":false},"excerpt":{"rendered":"<p>A cor da tampa e da base da caixa \u00e9 branco puro, e o processo de impress\u00e3o a quatro cores \u00e9 utilizado para imprimir com precis\u00e3o o log\u00f3tipo do cliente. Este design cria um estilo geral simples e elegante. S\u00e3o selecionados materiais de alta qualidade, com papel revestido como papel de rosto e uma placa cinzenta branca de uma face como base. O corpo da caixa \u00e9 s\u00f3lido e est\u00e1vel, e o produto pode ser fixado de forma fi\u00e1vel.<\/p>","protected":false},"featured_media":1089,"template":"","meta":{"_kad_post_transparent":"default","_kad_post_title":"","_kad_post_layout":"default","_kad_post_sidebar_id":"","_kad_post_content_style":"default","_kad_post_vertical_padding":"default","_kad_post_feature":"","_kad_post_feature_position":"","_kad_post_header":false,"_kad_post_footer":false,"_kad_post_classname":""},"product_brand":[],"product_cat":[15,19,17],"product_tag":[417,418,416],"class_list":{"0":"post-1080","1":"product","2":"type-product","3":"status-publish","4":"has-post-thumbnail","6":"product_cat-red-light-therapy","7":"product_cat-red-light-therapy-stand","8":"product_cat-services","9":"product_tag-phone-accessories-packaging-boxes","10":"product_tag-phone-packaging-boxes-vendor","11":"product_tag-top-and-bottom-packaging-boxes","13":"first","14":"instock","15":"shipping-taxable","16":"product-type-simple","17":"entry","18":"content-bg","19":"loop-entry"},"_links":{"self":[{"href":"https:\/\/red-lighttherapy.com\/pt_pt\/wp-json\/wp\/v2\/product\/1080","targetHints":{"allow":["GET"]}}],"collection":[{"href":"https:\/\/red-lighttherapy.com\/pt_pt\/wp-json\/wp\/v2\/product"}],"about":[{"href":"https:\/\/red-lighttherapy.com\/pt_pt\/wp-json\/wp\/v2\/types\/product"}],"wp:featuredmedia":[{"embeddable":true,"href":"https:\/\/red-lighttherapy.com\/pt_pt\/wp-json\/wp\/v2\/media\/1089"}],"wp:attachment":[{"href":"https:\/\/red-lighttherapy.com\/pt_pt\/wp-json\/wp\/v2\/media?parent=1080"}],"wp:term":[{"taxonomy":"product_brand","embeddable":true,"href":"https:\/\/red-lighttherapy.com\/pt_pt\/wp-json\/wp\/v2\/product_brand?post=1080"},{"taxonomy":"product_cat","embeddable":true,"href":"https:\/\/red-lighttherapy.com\/pt_pt\/wp-json\/wp\/v2\/product_cat?post=1080"},{"taxonomy":"product_tag","embeddable":true,"href":"https:\/\/red-lighttherapy.com\/pt_pt\/wp-json\/wp\/v2\/product_tag?post=1080"}],"curies":[{"name":"wp","href":"https:\/\/api.w.org\/{rel}","templated":true}]}}