{"id":1074,"date":"2025-04-16T07:17:06","date_gmt":"2025-04-16T07:17:06","guid":{"rendered":"https:\/\/red-lighttherapy.com\/?post_type=product&#038;p=1074"},"modified":"2025-04-16T07:33:44","modified_gmt":"2025-04-16T07:33:44","slug":"custom-black-slide-drawer-t-shirt-clothes-packaging-dealers","status":"publish","type":"product","link":"https:\/\/red-lighttherapy.com\/pt_pt\/custom-black-slide-drawer-t-shirt-clothes-packaging-dealers\/","title":{"rendered":"Gaveta deslizante preta personalizada para roupas de camisetas Revendedores de embalagens"},"content":{"rendered":"<h2 id=\"-customized-black-drawer-style-t-shirt-clothing-packaging-solution-\"><strong>Solu\u00e7\u00e3o personalizada de embalagem de vestu\u00e1rio para t-shirts em estilo gaveta preta<\/strong><\/h2>\n<h2 id=\"1-advanced-materials-and-craftsmanship-\">1.\u00a0<strong>Materiais avan\u00e7ados e artesanato<\/strong><\/h2>\n<ul>\n<li><strong>Combina\u00e7\u00e3o de papel especial e cart\u00e3o cinzento<\/strong>: A embalagem exterior utiliza papel especial texturizado 120G, que tem uma superf\u00edcie delicada e estratificada, e \u00e9 combinada com um revestimento de cart\u00e3o cinzento de alta densidade 1200G para garantir que a caixa \u00e9 r\u00edgida e resistente \u00e0 press\u00e3o, tendo em conta tanto a textura do aspeto como o desempenho da prote\u00e7\u00e3o.<\/li>\n<li><strong>B\u00ean\u00e7\u00e3o da tecnologia de estampagem do bronze<\/strong>: A superf\u00edcie utiliza a tecnologia de estampagem tridimensional a ouro e o log\u00f3tipo ou padr\u00e3o da marca salta sobre o papel com um brilho met\u00e1lico, apresentando um aspeto visual luxuoso \"dourado\", refor\u00e7ando o reconhecimento e a tonalidade da marca.<\/li>\n<\/ul>\n<h2 id=\"2-drawer-style-structure-design-\">2.\u00a0<strong>Estrutura em forma de gaveta<\/strong><\/h2>\n<ul>\n<li><strong>Cerim\u00f3nia e conveni\u00eancia coexistem<\/strong>: A forma da caixa da gaveta \u00e9 inspirada no design cl\u00e1ssico de arruma\u00e7\u00e3o, e o puxar \u00e9 suave e liso. O processo de abertura e fecho d\u00e1 aos utilizadores uma \"sensa\u00e7\u00e3o de cerim\u00f3nia de desembalagem\", ao mesmo tempo que facilita a arruma\u00e7\u00e3o e a recupera\u00e7\u00e3o repetida das T-shirts. A estrutura da caixa foi calculada com precis\u00e3o para garantir que a gaveta e a caixa exterior est\u00e3o firmemente ligadas para evitar folgas.<\/li>\n<li><strong>Ajuste ergon\u00f3mico<\/strong>: Personalize a propor\u00e7\u00e3o da caixa de acordo com o tamanho da dobragem da T-shirt e recomende uma estrutura de gaveta de camada \u00fanica ou de v\u00e1rias camadas (como caixas de oferta de v\u00e1rias pe\u00e7as), adequada para presentes comerciais, vendas de edi\u00e7\u00f5es limitadas e outros cen\u00e1rios.<\/li>\n<\/ul>\n<h2 id=\"3-environmental-certification-and-sustainable-concept-\">3.\u00a0<strong>Certifica\u00e7\u00e3o ambiental e conceito sustent\u00e1vel<\/strong><\/h2>\n<ul>\n<li><strong>Certifica\u00e7\u00e3o florestal FSC<\/strong>: Todos os materiais de embalagem s\u00e3o certificados pelo FSC para garantir que a fonte de papel cumpre as normas de gest\u00e3o florestal sustent\u00e1vel e satisfaz as necessidades das marcas de gama alta em termos de prote\u00e7\u00e3o ambiental e responsabilidade social.<\/li>\n<li><strong>Design recicl\u00e1vel<\/strong>: Adotar cola ecol\u00f3gica e folha de estampagem a quente degrad\u00e1vel, tendo em conta tanto a beleza como a prote\u00e7\u00e3o ambiental, ajudando a marca a transmitir valores ecol\u00f3gicos.<\/li>\n<\/ul>\n<h2 id=\"4-service-system-and-advantages-\">4.\u00a0<strong>Sistema de servi\u00e7o e vantagens<\/strong><\/h2>\n<ul>\n<li><strong>Solu\u00e7\u00e3o profissional individualizada<\/strong>: Desde o tamanho da t-shirt, o tom da marca at\u00e9 aos cen\u00e1rios de utiliza\u00e7\u00e3o (como caixas de oferta de f\u00e9rias, vendas conjuntas), fornecemos sugest\u00f5es personalizadas de tipo de caixa, processo e design visual para melhorar a adaptabilidade dos produtos e da embalagem.<\/li>\n<li><strong>Garantia de entrega r\u00e1pida<\/strong>: Com base em linhas de produ\u00e7\u00e3o inteligentes (como o corte a laser e a tecnologia de moldagem por compress\u00e3o), apoiamos encomendas de pequenos a grandes lotes e entregamos o mais rapidamente poss\u00edvel em 72 horas, e uma inspe\u00e7\u00e3o de qualidade total para garantir que o produto acabado \u00e9 impec\u00e1vel.<\/li>\n<li><strong>Escolha altamente rent\u00e1vel<\/strong>: Reduzir os custos atrav\u00e9s da otimiza\u00e7\u00e3o da combina\u00e7\u00e3o de processos (como a estampagem a quente parcial + papel especial liso), mantendo a textura de alta qualidade, adequada \u00e0s diversas necessidades das marcas em fase de arranque e dos produtos de luxo.<\/li>\n<\/ul>\n<h2 id=\"5-application-scenarios-and-cases-\">5.\u00a0<strong>Cen\u00e1rios e casos de aplica\u00e7\u00e3o<\/strong><\/h2>\n<ul>\n<li><strong>Modelos de juntas de luxo<\/strong>: A caixa de gaveta preta com hot stamping e papel mate texturizado real\u00e7a a escassez e o valor de cole\u00e7\u00e3o das t-shirts de edi\u00e7\u00e3o limitada (caso de refer\u00eancia: l\u00f3gica de design da embalagem da caixa r\u00edgida LV).<\/li>\n<li><strong>Conjunto de oferta de f\u00e9rias<\/strong>: A estrutura da gaveta com v\u00e1rias camadas acomoda t-shirts + acess\u00f3rios e a impress\u00e3o oculta na parte de tr\u00e1s pode ser personalizada com padr\u00f5es tem\u00e1ticos de f\u00e9rias para aumentar a surpresa do desempacotamento.<\/li>\n<li><strong>Evento rel\u00e2mpago da marca<\/strong>: Combinar a estampagem a quente luminosa ou a tecnologia de mudan\u00e7a de cor sens\u00edvel \u00e0 temperatura (como o design do est\u00e1dio luminoso SOULGOODS) para criar embalagens interactivas que atraiam os jovens consumidores a tirar fotografias e a divulgar.<\/li>\n<\/ul>","protected":false},"excerpt":{"rendered":"<p>Caixa de gaveta de papel, f\u00e1cil de retirar e mais pr\u00e1tica, feita de papel especial texturado de alta qualidade, a s\u00e9rie misteriosa de sensa\u00e7\u00e3o de alta qualidade, o material utilizado \u00e9 papel especial texturado 120G e cart\u00e3o r\u00edgido 1200G, forte e dur\u00e1vel<\/p>","protected":false},"featured_media":1078,"template":"","meta":{"_kad_post_transparent":"default","_kad_post_title":"","_kad_post_layout":"default","_kad_post_sidebar_id":"","_kad_post_content_style":"default","_kad_post_vertical_padding":"default","_kad_post_feature":"","_kad_post_feature_position":"","_kad_post_header":false,"_kad_post_footer":false,"_kad_post_classname":""},"product_brand":[],"product_cat":[15,30,20,17],"product_tag":[414,415,413],"class_list":{"0":"post-1074","1":"product","2":"type-product","3":"status-publish","4":"has-post-thumbnail","6":"product_cat-red-light-therapy","7":"product_cat-dropshipping","8":"product_cat-led-face-light-therapy","9":"product_cat-services","10":"product_tag-clothes-packaging-dealers","11":"product_tag-custom-black-clothes-box","12":"product_tag-drawer-t-shirt-packaging","14":"first","15":"instock","16":"shipping-taxable","17":"product-type-simple","18":"entry","19":"content-bg","20":"loop-entry"},"_links":{"self":[{"href":"https:\/\/red-lighttherapy.com\/pt_pt\/wp-json\/wp\/v2\/product\/1074","targetHints":{"allow":["GET"]}}],"collection":[{"href":"https:\/\/red-lighttherapy.com\/pt_pt\/wp-json\/wp\/v2\/product"}],"about":[{"href":"https:\/\/red-lighttherapy.com\/pt_pt\/wp-json\/wp\/v2\/types\/product"}],"wp:featuredmedia":[{"embeddable":true,"href":"https:\/\/red-lighttherapy.com\/pt_pt\/wp-json\/wp\/v2\/media\/1078"}],"wp:attachment":[{"href":"https:\/\/red-lighttherapy.com\/pt_pt\/wp-json\/wp\/v2\/media?parent=1074"}],"wp:term":[{"taxonomy":"product_brand","embeddable":true,"href":"https:\/\/red-lighttherapy.com\/pt_pt\/wp-json\/wp\/v2\/product_brand?post=1074"},{"taxonomy":"product_cat","embeddable":true,"href":"https:\/\/red-lighttherapy.com\/pt_pt\/wp-json\/wp\/v2\/product_cat?post=1074"},{"taxonomy":"product_tag","embeddable":true,"href":"https:\/\/red-lighttherapy.com\/pt_pt\/wp-json\/wp\/v2\/product_tag?post=1074"}],"curies":[{"name":"wp","href":"https:\/\/api.w.org\/{rel}","templated":true}]}}