{"id":1061,"date":"2025-04-16T06:22:13","date_gmt":"2025-04-16T06:22:13","guid":{"rendered":"https:\/\/red-lighttherapy.com\/?post_type=product&#038;p=1061"},"modified":"2025-04-16T06:54:40","modified_gmt":"2025-04-16T06:54:40","slug":"trading-logo-custom-printed-shopping-paper-bags-for-clothing","status":"publish","type":"product","link":"https:\/\/red-lighttherapy.com\/pt_pt\/trading-logo-custom-printed-shopping-paper-bags-for-clothing\/","title":{"rendered":"Logotipo comercial Sacos de papel de compras impressos personalizados para vestu\u00e1rio"},"content":{"rendered":"<h2 id=\"-trading-logo-custom-printed-shopping-paper-bags-for-clothing-product-description-\"><strong>Logotipo comercial Sacos de papel de compras impressos personalizados para vestu\u00e1rio Descri\u00e7\u00e3o do produto<\/strong><\/h2>\n<h2 id=\"-1-aesthetic-design-axially-symmetrical-geometric-shapes-and-mexican-totem-elements-\"><strong>1. Conce\u00e7\u00e3o est\u00e9tica: Formas geom\u00e9tricas axialmente sim\u00e9tricas e elementos tot\u00e9micos mexicanos<\/strong><\/h2>\n<ul>\n<li><strong>Est\u00e9tica sim\u00e9trica<\/strong>: O saco de papel adopta um design geom\u00e9trico sim\u00e9trico, que transmite uma textura de alta qualidade e um sentido de ordem atrav\u00e9s da linguagem visual do equil\u00edbrio dos espelhos esquerdo e direito, o que est\u00e1 em conformidade com o conceito central de \"a simetria proporciona conforto visual e associa\u00e7\u00e3o de qualidade\" no design moderno de embalagens.<\/li>\n<li><strong>Fus\u00e3o cultural<\/strong>: O principal aspeto visual da superf\u00edcie incorpora elementos tradicionais do totem mexicano, tais como padr\u00f5es geom\u00e9tricos da civiliza\u00e7\u00e3o maia ou s\u00edmbolos de estilo asteca, com cores \u00e9tnicas ricas (tais como o vermelho cer\u00e2mica e o \u00edndigo), que n\u00e3o s\u00f3 real\u00e7am a inclus\u00e3o cultural da marca, como tamb\u00e9m conferem ao saco de papel um reconhecimento art\u00edstico \u00fanico.<\/li>\n<\/ul>\n<h2 id=\"-2-structural-optimization-bottom-load-bearing-reinforcement-and-flattening-adaptation-\"><strong>2. Otimiza\u00e7\u00e3o estrutural: refor\u00e7o da carga de fundo e adapta\u00e7\u00e3o do achatamento<\/strong><\/h2>\n<ul>\n<li><strong>Processo de refor\u00e7o do fundo<\/strong>: O design da estrutura da caixa de fundo com fecho autom\u00e1tico \u00e9 adotado, e o suporte do fundo \u00e9 melhorado atrav\u00e9s de um corte preciso e de um processo de colagem de cart\u00e3o de camada dupla. Pode suportar as necessidades de transporte de produtos planos, como fatos de banho e toalhas de praia, e evitar a deforma\u00e7\u00e3o devido ao empilhamento ou extrus\u00e3o.<\/li>\n<li><strong>Atualiza\u00e7\u00e3o da adaptabilidade<\/strong>: A propor\u00e7\u00e3o do corpo do saco foi calculada mecanicamente e o espa\u00e7o interior pode ser adaptado de forma flex\u00edvel \u00e0 dobragem e arruma\u00e7\u00e3o de vestu\u00e1rio fino e leve. Ao mesmo tempo, o amortecedor do rebordo \u00e9 reservado para reduzir a perda por fric\u00e7\u00e3o.<\/li>\n<\/ul>\n<h2 id=\"-3-material-selection-environmentally-friendly-high-weight-white-cardboard-and-thickened-ribbon-\"><strong>3. Sele\u00e7\u00e3o do material: cart\u00e3o branco de elevada gramagem amigo do ambiente e fita espessa<\/strong><\/h2>\n<ul>\n<li><strong>Certifica\u00e7\u00e3o ambiental<\/strong>: O cart\u00e3o branco de alta gramagem de 280 g\/m\u00b2 \u00e9 selecionado e o material tem certifica\u00e7\u00e3o florestal FSC para garantir que as mat\u00e9rias-primas prov\u00eam de florestas geridas de forma sustent\u00e1vel, tendo em conta as propriedades de rigidez e de prote\u00e7\u00e3o ambiental.<\/li>\n<li><strong>Pega de suporte de carga<\/strong>: As al\u00e7as duplas s\u00e3o feitas de fita espessa (largura \u2265 20mm), com um n\u00facleo de fibra de tra\u00e7\u00e3o embutido no interior, e a carga de um lado pode chegar a 8kg, garantindo o conforto e a durabilidade da m\u00e3o.<\/li>\n<\/ul>\n<h2 id=\"-4-customization-flexibility-and-process-combination-\"><strong>4. Flexibilidade de personaliza\u00e7\u00e3o e combina\u00e7\u00e3o de processos<\/strong><\/h2>\n<ul>\n<li><strong>Processo modular<\/strong>: Suporta a combina\u00e7\u00e3o modular de processos como a estampagem a quente, a grava\u00e7\u00e3o em relevo e o verniz local UV. Por exemplo, as linhas do totem utilizam estampagem a quente para melhorar o efeito tridimensional e o log\u00f3tipo da marca pode ser sobreposto com um desenho de selagem magn\u00e9tica para melhorar a sensa\u00e7\u00e3o de abertura e fecho.<\/li>\n<li><strong>Quantidade de encomenda reduzida<\/strong>: A quantidade m\u00ednima de encomenda \u00e9 de 500 unidades, suportando uma personaliza\u00e7\u00e3o profunda do tamanho, cor e padr\u00e3o, sem custos de molde adicionais, para satisfazer as necessidades de encomendas experimentais leves de marcas de pequena e m\u00e9dia dimens\u00e3o.<\/li>\n<\/ul>\n<h2 id=\"-5-production-guarantee-and-production-capacity-advantage-\"><strong>5. Garantia de produ\u00e7\u00e3o e vantagem da capacidade de produ\u00e7\u00e3o<\/strong><\/h2>\n<ul>\n<li><strong>Certifica\u00e7\u00e3o de qualifica\u00e7\u00f5es<\/strong>: Confiando na f\u00e1brica certificada ISO 9001\/FSC com 16 anos de qualifica\u00e7\u00f5es, todo o processo est\u00e1 em conformidade com o sistema internacional de prote\u00e7\u00e3o ambiental e de gest\u00e3o da qualidade para garantir que o produto passa o teste de seguran\u00e7a SGS.<\/li>\n<li><strong>Entrega eficiente<\/strong>: A f\u00e1brica tem uma capacidade de produ\u00e7\u00e3o di\u00e1ria de 1 milh\u00e3o de pe\u00e7as, suporta provas em 72 horas e entrega de lotes em 15 dias, e est\u00e1 equipada com um sistema de armazenamento inteligente para garantir a taxa de satisfa\u00e7\u00e3o das encomendas durante a \u00e9poca alta.<\/li>\n<\/ul>\n<p id=\"-application-scenarios-suitable-for-clothing-stores-e-commerce-gift-packaging-brand-flash-events-and-other-scenarios-with-both-functionality-and-brand-communication-value-through-the-dual-innovation-of-vision-and-structure-it-helps-customers-establish-a-differentiated-image-in-the-competitive-market-\"><strong>Cen\u00e1rios de aplica\u00e7\u00e3o<\/strong>: Adequado para lojas de vestu\u00e1rio, embalagens de presentes de com\u00e9rcio eletr\u00f3nico, eventos flash da marca e outros cen\u00e1rios, com funcionalidade e valor de comunica\u00e7\u00e3o da marca. Atrav\u00e9s da dupla inova\u00e7\u00e3o de vis\u00e3o e estrutura, ajuda os clientes a estabelecer uma imagem diferenciada no mercado competitivo.<\/p>","protected":false},"excerpt":{"rendered":"<p>Este saco de papel para oferta tem uma forma geom\u00e9trica sim\u00e9trica no eixo central, o que lhe confere uma sensa\u00e7\u00e3o de equil\u00edbrio visual. O fundo resistente evita que o produto se deforme durante o transporte. Pode ser utilizado para produtos planos, como fatos de banho e toalhas de praia.<\/p>","protected":false},"featured_media":1062,"template":"","meta":{"_kad_post_transparent":"default","_kad_post_title":"","_kad_post_layout":"default","_kad_post_sidebar_id":"","_kad_post_content_style":"default","_kad_post_vertical_padding":"default","_kad_post_feature":"","_kad_post_feature_position":"","_kad_post_header":false,"_kad_post_footer":false,"_kad_post_classname":""},"product_brand":[],"product_cat":[15,30,17],"product_tag":[407,409,408],"class_list":{"0":"post-1061","1":"product","2":"type-product","3":"status-publish","4":"has-post-thumbnail","6":"product_cat-red-light-therapy","7":"product_cat-dropshipping","8":"product_cat-services","9":"product_tag-custom-paper-bags-for-clothing","10":"product_tag-logo-custom-clothing-paper-bags","11":"product_tag-shopping-paper-bags","13":"first","14":"instock","15":"shipping-taxable","16":"product-type-simple","17":"entry","18":"content-bg","19":"loop-entry"},"_links":{"self":[{"href":"https:\/\/red-lighttherapy.com\/pt_pt\/wp-json\/wp\/v2\/product\/1061","targetHints":{"allow":["GET"]}}],"collection":[{"href":"https:\/\/red-lighttherapy.com\/pt_pt\/wp-json\/wp\/v2\/product"}],"about":[{"href":"https:\/\/red-lighttherapy.com\/pt_pt\/wp-json\/wp\/v2\/types\/product"}],"wp:featuredmedia":[{"embeddable":true,"href":"https:\/\/red-lighttherapy.com\/pt_pt\/wp-json\/wp\/v2\/media\/1062"}],"wp:attachment":[{"href":"https:\/\/red-lighttherapy.com\/pt_pt\/wp-json\/wp\/v2\/media?parent=1061"}],"wp:term":[{"taxonomy":"product_brand","embeddable":true,"href":"https:\/\/red-lighttherapy.com\/pt_pt\/wp-json\/wp\/v2\/product_brand?post=1061"},{"taxonomy":"product_cat","embeddable":true,"href":"https:\/\/red-lighttherapy.com\/pt_pt\/wp-json\/wp\/v2\/product_cat?post=1061"},{"taxonomy":"product_tag","embeddable":true,"href":"https:\/\/red-lighttherapy.com\/pt_pt\/wp-json\/wp\/v2\/product_tag?post=1061"}],"curies":[{"name":"wp","href":"https:\/\/api.w.org\/{rel}","templated":true}]}}