{"id":1059,"date":"2025-04-16T06:18:27","date_gmt":"2025-04-16T06:18:27","guid":{"rendered":"https:\/\/red-lighttherapy.com\/?post_type=product&#038;p=1059"},"modified":"2025-04-16T06:22:03","modified_gmt":"2025-04-16T06:22:03","slug":"elegant-lid-and-base-gift-box-smart-watch-packaging-solution","status":"publish","type":"product","link":"https:\/\/red-lighttherapy.com\/pt_pt\/elegant-lid-and-base-gift-box-smart-watch-packaging-solution\/","title":{"rendered":"Solu\u00e7\u00e3o de embalagem de rel\u00f3gios inteligentes com tampa e base elegantes para caixas de oferta"},"content":{"rendered":"<h2 id=\"-product-description-of-smart-watch-top-and-bottom-cover-gift-box-\"><strong>Descri\u00e7\u00e3o do produto Caixa de oferta da tampa superior e inferior do rel\u00f3gio inteligente<\/strong><\/h2>\n<h2 id=\"1-classic-top-and-bottom-cover-structure-\">1.\u00a0<strong>Estrutura cl\u00e1ssica da tampa superior e inferior<\/strong><\/h2>\n<p>A estrutura da tampa superior e inferior \u00e9 formada por moldes de precis\u00e3o. As caixas superior e inferior s\u00e3o feitas na propor\u00e7\u00e3o \u00e1urea. Encaixam-se firmemente umas nas outras e o processo de abertura e fecho \u00e9 suave gra\u00e7as \u00e0 tecnologia de amortecimento magn\u00e9tico. O som de \"clique\" quando a tampa da caixa \u00e9 fechada \u00e9 n\u00edtido e agrad\u00e1vel, dando uma sensa\u00e7\u00e3o de ritual ao desembalar; um design de dobradi\u00e7a oculta \u00e9 adicionado no interior para garantir que permanece est\u00e1vel e fechada ap\u00f3s v\u00e1rias utiliza\u00e7\u00f5es.<\/p>\n<h2 id=\"2-minimalist-square-profile-\">2.\u00a0<strong>Perfil quadrado minimalista<\/strong><\/h2>\n<p>Com base na forma quadrada padr\u00e3o de 130 mm \u00d7 130 mm \u00d7 60 mm, as arestas s\u00e3o chanfradas com um processo de chanfro de micro-arco, que n\u00e3o s\u00f3 evita a rigidez das arestas e cantos, mas tamb\u00e9m se adapta \u00e0 est\u00e9tica minimalista moderna. O corpo da caixa tem linhas rectas e limpas, poupando 50% de espa\u00e7o de armazenamento quando empilhado, e \u00e9 adequado para as necessidades de transporte de paletes normalizadas de log\u00edstica.<\/p>\n<h2 id=\"3-matte-gold-decoration-and-pure-background-\">3.\u00a0<strong>Decora\u00e7\u00e3o dourada mate e fundo puro<\/strong><\/h2>\n<p>O corpo da caixa \u00e9 feito de cart\u00e3o branco ecol\u00f3gico certificado pelo FSC e a superf\u00edcie \u00e9 coberta com um delicado revestimento perolado. A cor principal \u00e9 o branco puro RAL 9016, que simboliza o gene da marca de tecnologia e pureza. A borda da tampa da caixa \u00e9 incrustada com uma guarni\u00e7\u00e3o de liga de ouro mate com 0,5 mm de largura, e a tecnologia de transfer\u00eancia t\u00e9rmica nano \u00e9 utilizada para obter uma borda sem costuras, o que melhora discretamente o n\u00edvel visual.<\/p>\n<h2 id=\"4-geometric-artistic-expression-\">4.\u00a0<strong>Express\u00e3o art\u00edstica geom\u00e9trica<\/strong><\/h2>\n<p>A superf\u00edcie da caixa baseia-se numa textura hexagonal em favo de mel com gradiente de cinzento claro a branco, e a luz e a sombra tridimensionais s\u00e3o delineadas em algumas partes com linhas douradas claras de estampagem a quente. A precis\u00e3o do padr\u00e3o atinge 300 dpi, concretizando a filosofia de design de \"esconder mas n\u00e3o esconder\". O forro pode ser opcionalmente equipado com esponja EVA de 3 mm de espessura ou material de flocagem, e o contorno do rel\u00f3gio \u00e9 formado por grava\u00e7\u00e3o a laser, tendo em conta as fun\u00e7\u00f5es de prote\u00e7\u00e3o e de visualiza\u00e7\u00e3o.<\/p>\n<h2 id=\"5-modular-customization-system-\">5.\u00a0<strong>Sistema de personaliza\u00e7\u00e3o modular<\/strong><\/h2>\n<ul>\n<li><strong>Adapta\u00e7\u00e3o flex\u00edvel do tamanho<\/strong>: Personaliza\u00e7\u00e3o de suporte, pode corresponder a rel\u00f3gios quadrados, cil\u00edndricos e outros rel\u00f3gios de formato especial.<\/li>\n<li><strong>Inova\u00e7\u00e3o estrutural<\/strong>: Fornece estruturas variantes, como a tampa flip magn\u00e9tica, as camadas tipo gaveta e o expositor flutuante, com chip NFC incorporado para realizar a intera\u00e7\u00e3o digital da embalagem.<\/li>\n<li><strong>Processo de impress\u00e3o<\/strong>: UV local opcional, grava\u00e7\u00e3o em relevo, estampagem a frio, folha colorida e outros processos, suporte para correspond\u00eancia de cores diretas Pantone e implanta\u00e7\u00e3o de camada AR.<\/li>\n<li><strong>Atualiza\u00e7\u00e3o ambiental<\/strong>: Oferece op\u00e7\u00f5es ecol\u00f3gicas, como couro reciclado com borras de caf\u00e9 e materiais reciclados de pl\u00e1stico marinho, com um c\u00f3digo QR de rastreabilidade da pegada de carbono.<\/li>\n<\/ul>","protected":false},"excerpt":{"rendered":"<p>Adopta a estrutura cl\u00e1ssica de caixa superior e inferior, que se fecha e abre e fecha suavemente, mostrando o sentido cerimonial das caixas de presente topo de gama. \u00c9 adequada para embalar categorias de elevado valor, como artigos de luxo, produtos de beleza e j\u00f3ias.<\/p>","protected":false},"featured_media":1054,"template":"","meta":{"_kad_post_transparent":"default","_kad_post_title":"","_kad_post_layout":"default","_kad_post_sidebar_id":"","_kad_post_content_style":"default","_kad_post_vertical_padding":"default","_kad_post_feature":"","_kad_post_feature_position":"","_kad_post_header":false,"_kad_post_footer":false,"_kad_post_classname":""},"product_brand":[],"product_cat":[15,19,17],"product_tag":[406,404,405],"class_list":{"0":"post-1059","1":"product","2":"type-product","3":"status-publish","4":"has-post-thumbnail","6":"product_cat-red-light-therapy","7":"product_cat-red-light-therapy-stand","8":"product_cat-services","9":"product_tag-elegant-smart-watch-packaging-box","10":"product_tag-lid-and-base-smart-watch-box","11":"product_tag-smart-watch-packaging-solution","13":"first","14":"instock","15":"shipping-taxable","16":"product-type-simple","17":"entry","18":"content-bg","19":"loop-entry"},"_links":{"self":[{"href":"https:\/\/red-lighttherapy.com\/pt_pt\/wp-json\/wp\/v2\/product\/1059","targetHints":{"allow":["GET"]}}],"collection":[{"href":"https:\/\/red-lighttherapy.com\/pt_pt\/wp-json\/wp\/v2\/product"}],"about":[{"href":"https:\/\/red-lighttherapy.com\/pt_pt\/wp-json\/wp\/v2\/types\/product"}],"wp:featuredmedia":[{"embeddable":true,"href":"https:\/\/red-lighttherapy.com\/pt_pt\/wp-json\/wp\/v2\/media\/1054"}],"wp:attachment":[{"href":"https:\/\/red-lighttherapy.com\/pt_pt\/wp-json\/wp\/v2\/media?parent=1059"}],"wp:term":[{"taxonomy":"product_brand","embeddable":true,"href":"https:\/\/red-lighttherapy.com\/pt_pt\/wp-json\/wp\/v2\/product_brand?post=1059"},{"taxonomy":"product_cat","embeddable":true,"href":"https:\/\/red-lighttherapy.com\/pt_pt\/wp-json\/wp\/v2\/product_cat?post=1059"},{"taxonomy":"product_tag","embeddable":true,"href":"https:\/\/red-lighttherapy.com\/pt_pt\/wp-json\/wp\/v2\/product_tag?post=1059"}],"curies":[{"name":"wp","href":"https:\/\/api.w.org\/{rel}","templated":true}]}}