{"id":1047,"date":"2025-04-16T05:49:00","date_gmt":"2025-04-16T05:49:00","guid":{"rendered":"https:\/\/red-lighttherapy.com\/?post_type=product&#038;p=1047"},"modified":"2025-04-16T06:20:53","modified_gmt":"2025-04-16T06:20:53","slug":"holographic-paper-lid-and-base-software-accessories-boxes","status":"publish","type":"product","link":"https:\/\/red-lighttherapy.com\/pt_pt\/holographic-paper-lid-and-base-software-accessories-boxes\/","title":{"rendered":"Solu\u00e7\u00e3o de embalagem de rel\u00f3gios inteligentes com tampa e base elegantes para caixas de oferta"},"content":{"rendered":"<h2 id=\"-holographic-paper-lid-and-base-software-accessories-boxes-\"><strong>Tampa e base de papel hologr\u00e1fico Caixas de acess\u00f3rios de software<\/strong><\/h2>\n<h2 id=\"-1-standard-lid-and-lid-structure-precise-opening-and-closing-experience-\"><strong>1. Tampa e estrutura da tampa normalizadas, experi\u00eancia precisa de abertura e fecho<\/strong><\/h2>\n<ul>\n<li>O corpo e a tampa da caixa s\u00e3o formados por moldes de alta precis\u00e3o para obter uma correspond\u00eancia de toler\u00e2ncia ao n\u00edvel do mil\u00edmetro, garantindo uma abertura e um fecho suaves.<\/li>\n<li>O forro pode ser personalizado com uma camada de amortecimento em EVA ou flanela, adequado para acess\u00f3rios de diferentes tamanhos, proporcionando uma prote\u00e7\u00e3o completa.<\/li>\n<\/ul>\n<h2 id=\"-2-right-angle-folding-process-three-dimensional-load-bearing-design-\"><strong>2. Processo de dobragem em \u00e2ngulo reto, conce\u00e7\u00e3o tridimensional de suporte de carga<\/strong><\/h2>\n<ul>\n<li>O processo de dobragem em \u00e2ngulo reto de 90\u00b0 refor\u00e7a a estrutura da caixa para garantir que a forma da caixa \u00e9 direita e n\u00e3o deformada, com uma capacidade de carga superior a 3 kg, adequada para produtos pesados, como j\u00f3ias e componentes electr\u00f3nicos de precis\u00e3o.<\/li>\n<li>O processo de lamina\u00e7\u00e3o interior e exterior de dupla face melhora a resist\u00eancia ao desgaste e \u00e0 press\u00e3o do papel e prolonga a vida \u00fatil da embalagem.<\/li>\n<\/ul>\n<h2 id=\"-3-183g-holographic-iridescent-paper-dynamic-visual-hierarchy-\"><strong>3. Papel hologr\u00e1fico iridescente de 183 g, hierarquia visual din\u00e2mica<\/strong><\/h2>\n<ul>\n<li>O papel hologr\u00e1fico especial utiliza a tecnologia de camada laser de n\u00edvel nanom\u00e9trico para obter um efeito de gradiente iridescente multi-\u00e2ngulo, apresentando um brilho met\u00e1lico fluido sob refra\u00e7\u00e3o da luz, e pode transmitir uma sensa\u00e7\u00e3o de luxo sem decora\u00e7\u00e3o adicional.<\/li>\n<li>A superf\u00edcie do papel tem um toque delicado, com textura mate e propriedades reflectoras elevadas, adequado para processos personalizados, como a estampagem a quente do LOGOTIPO da marca e a grava\u00e7\u00e3o em relevo UV.<\/li>\n<\/ul>\n<h2 id=\"-4-minimalist-design-focusing-on-material-aesthetics-\"><strong>4. Conce\u00e7\u00e3o minimalista, centrada na est\u00e9tica dos materiais<\/strong><\/h2>\n<ul>\n<li>Abandonando decora\u00e7\u00f5es redundantes, como fivelas e fitas met\u00e1licas, o efeito de luz iridescente e a estrutura em forma de caixa do pr\u00f3prio papel transmitem uma sensa\u00e7\u00e3o de luxo, que vai ao encontro das necessidades est\u00e9ticas dos consumidores modernos de simplicidade e alta qualidade.<\/li>\n<li>As cores tem\u00e1ticas hologr\u00e1ficas, como o preto mate, o prateado fantasia e o azul estrelado, s\u00e3o opcionais para satisfazer a tonalidade de diferentes marcas.<\/li>\n<\/ul>\n<h2 id=\"-5-strengthen-the-sense-of-unboxing-ceremony-and-adapt-to-high-value-scenarios-\"><strong>5. Refor\u00e7ar o sentido da cerim\u00f3nia de unboxing e adaptar-se a cen\u00e1rios de elevado valor<\/strong><\/h2>\n<ul>\n<li>Concebida especificamente para artigos de luxo e produtos tecnol\u00f3gicos (tais como dispositivos port\u00e1teis inteligentes, dongles de software, auscultadores topo de gama, etc.), melhora a primeira impress\u00e3o dos utilizadores sobre a qualidade do produto atrav\u00e9s de efeitos de iridesc\u00eancia din\u00e2micos e de uma experi\u00eancia precisa de abertura e fecho.<\/li>\n<li>Adequado para produtos de edi\u00e7\u00e3o limitada, caixas de oferta para membros e outros cen\u00e1rios que necessitem de refor\u00e7ar os pontos de mem\u00f3ria da marca.<\/li>\n<\/ul>\n<h2 id=\"-6-technical-parameters-\"><strong>6. Par\u00e2metros t\u00e9cnicos<\/strong><\/h2>\n<ul>\n<li><strong>Material<\/strong>: 183g de papel hologr\u00e1fico iridescente + 1,5mm de forro de cart\u00e3o cinzento<\/li>\n<li><strong>Processo<\/strong>: dobragem em \u00e2ngulo reto, lamina\u00e7\u00e3o, estampagem a quente\/impress\u00e3o UV (opcional)<\/li>\n<li><strong>Estrutura<\/strong>: tampa superior e inferior padr\u00e3o (tampa flip personaliz\u00e1vel, fecho magn\u00e9tico e outras variantes)<\/li>\n<li><strong>Suporte de carga<\/strong>: suporte de carga est\u00e1tica \u22653kg, anti-queda din\u00e2mica atrav\u00e9s do teste ISTA 1A<\/li>\n<li><strong>Prote\u00e7\u00e3o do ambiente<\/strong>: Material de papel recicl\u00e1vel 100%, em conformidade com a certifica\u00e7\u00e3o FSC<\/li>\n<\/ul>\n<h2 id=\"-7-applicable-scenarios-\"><strong>7. Cen\u00e1rios aplic\u00e1veis<\/strong><\/h2>\n<ul>\n<li><strong>Dom\u00ednio tecnol\u00f3gico<\/strong>: dongle de software, unidade flash USB, bracelete de rel\u00f3gio inteligente, acess\u00f3rios para auscultadores, etc.<\/li>\n<li><strong>Bens de luxo<\/strong>: j\u00f3ias, rel\u00f3gios, caixas de oferta de edi\u00e7\u00e3o limitada<\/li>\n<li><strong>Eletr\u00f3nica de consumo<\/strong>: acess\u00f3rios para telem\u00f3veis, componentes para dispositivos de RV, perif\u00e9ricos para jogos<\/li>\n<li><strong>Personaliza\u00e7\u00e3o da marca<\/strong>embalagens exclusivas para membros, caixas de presente comemorativas de eventos<\/li>\n<\/ul>\n<h2 id=\"-8-customized-service-\"><strong>8. Servi\u00e7o personalizado<\/strong><\/h2>\n<ul>\n<li>Permite a personaliza\u00e7\u00e3o flex\u00edvel do tamanho, espessura, material de revestimento e processamento da superf\u00edcie (estampagem a quente\/grava\u00e7\u00e3o em relevo\/ UV parcial).<\/li>\n<li>Fornece encomendas de pequenos lotes (MOQ 500 pe\u00e7as) e um per\u00edodo de entrega de 7-14 dias.<\/li>\n<\/ul>","protected":false},"excerpt":{"rendered":"<p>Este produto foi concebido para acess\u00f3rios de software topo de gama, produtos electr\u00f3nicos e artigos de luxo. Utiliza o inovador papel hologr\u00e1fico iridescente de 183 g, combinado com a estrutura normal da tampa superior e inferior e a tecnologia de dobragem em \u00e2ngulo reto para criar uma solu\u00e7\u00e3o de embalagem com valor funcional e est\u00e9tico. O corpo da caixa e a tampa encaixam com precis\u00e3o, e a abertura e o fecho s\u00e3o suaves, sem qualquer encravamento. O design minimalista transmite uma textura de alta qualidade, adapta-se \u00e0s necessidades de embalagem de produtos de elevado valor acrescentado e cria uma experi\u00eancia de desembalagem envolvente para os utilizadores.<\/p>","protected":false},"featured_media":1052,"template":"","meta":{"_kad_post_transparent":"default","_kad_post_title":"","_kad_post_layout":"default","_kad_post_sidebar_id":"","_kad_post_content_style":"default","_kad_post_vertical_padding":"default","_kad_post_feature":"","_kad_post_feature_position":"","_kad_post_header":false,"_kad_post_footer":false,"_kad_post_classname":""},"product_brand":[],"product_cat":[15,19,17],"product_tag":[406,404,405],"class_list":{"0":"post-1047","1":"product","2":"type-product","3":"status-publish","4":"has-post-thumbnail","6":"product_cat-red-light-therapy","7":"product_cat-red-light-therapy-stand","8":"product_cat-services","9":"product_tag-elegant-smart-watch-packaging-box","10":"product_tag-lid-and-base-smart-watch-box","11":"product_tag-smart-watch-packaging-solution","13":"first","14":"instock","15":"shipping-taxable","16":"product-type-simple","17":"entry","18":"content-bg","19":"loop-entry"},"_links":{"self":[{"href":"https:\/\/red-lighttherapy.com\/pt_pt\/wp-json\/wp\/v2\/product\/1047","targetHints":{"allow":["GET"]}}],"collection":[{"href":"https:\/\/red-lighttherapy.com\/pt_pt\/wp-json\/wp\/v2\/product"}],"about":[{"href":"https:\/\/red-lighttherapy.com\/pt_pt\/wp-json\/wp\/v2\/types\/product"}],"wp:featuredmedia":[{"embeddable":true,"href":"https:\/\/red-lighttherapy.com\/pt_pt\/wp-json\/wp\/v2\/media\/1052"}],"wp:attachment":[{"href":"https:\/\/red-lighttherapy.com\/pt_pt\/wp-json\/wp\/v2\/media?parent=1047"}],"wp:term":[{"taxonomy":"product_brand","embeddable":true,"href":"https:\/\/red-lighttherapy.com\/pt_pt\/wp-json\/wp\/v2\/product_brand?post=1047"},{"taxonomy":"product_cat","embeddable":true,"href":"https:\/\/red-lighttherapy.com\/pt_pt\/wp-json\/wp\/v2\/product_cat?post=1047"},{"taxonomy":"product_tag","embeddable":true,"href":"https:\/\/red-lighttherapy.com\/pt_pt\/wp-json\/wp\/v2\/product_tag?post=1047"}],"curies":[{"name":"wp","href":"https:\/\/api.w.org\/{rel}","templated":true}]}}