{"id":1041,"date":"2025-04-16T05:34:12","date_gmt":"2025-04-16T05:34:12","guid":{"rendered":"https:\/\/red-lighttherapy.com\/?post_type=product&#038;p=1041"},"modified":"2025-04-16T05:48:50","modified_gmt":"2025-04-16T05:48:50","slug":"collapsible-magnetic-gifts-box-for-christmas-promotional","status":"publish","type":"product","link":"https:\/\/red-lighttherapy.com\/pt_pt\/collapsible-magnetic-gifts-box-for-christmas-promotional\/","title":{"rendered":"Caixa magn\u00e9tica dobr\u00e1vel para presentes de Natal Promocional"},"content":{"rendered":"<h2 id=\"1-geometric-aesthetics-and-functional-innovation-\">1.\u00a0<strong>Est\u00e9tica geom\u00e9trica e inova\u00e7\u00e3o funcional<\/strong><\/h2>\n<ul>\n<li><strong>Estrutura inovadora do poliedro<\/strong>: Adoptando um design geom\u00e9trico s\u00f3lido de 12 lados, quebrando as limita\u00e7\u00f5es do tipo tradicional de caixa quadrada\/circular, a superf\u00edcie de dobragem angular forma uma camada visual e um efeito est\u00e9tico escultural. A estrutura de suporte de otimiza\u00e7\u00e3o mec\u00e2nica incorporada garante que a rigidez pode ser mantida ap\u00f3s a dobragem e a resist\u00eancia \u00e0 compress\u00e3o \u00e9 aumentada em 35%.<\/li>\n<li><strong>Sistema de dobragem din\u00e2mico<\/strong>: O corpo da caixa suporta uma dobragem livre de 360\u00b0, e o \u00e2ngulo e a profundidade da linha de dobragem s\u00e3o controlados com precis\u00e3o atrav\u00e9s da tecnologia de corte e vinco. Ap\u00f3s a dobragem, o volume \u00e9 reduzido para 1\/6 do estado desdobrado e a taxa de ocupa\u00e7\u00e3o do espa\u00e7o de armazenamento \u00e9 reduzida em 58%.<\/li>\n<\/ul>\n<h2 id=\"2-environmental-protection-and-sustainability-\">2.\u00a0<strong>Prote\u00e7\u00e3o ambiental e sustentabilidade<\/strong><\/h2>\n<ul>\n<li><strong>Materiais certificados pelo FSC<\/strong>: 100% O papel cart\u00e3o cinzento espesso de 1,5 mm certificado pelo FSC \u00e9 selecionado e a superf\u00edcie \u00e9 coberta com um revestimento mate ecol\u00f3gico \u00e0 base de \u00e1gua, fornecendo um relat\u00f3rio de gest\u00e3o florestal rastre\u00e1vel, que cumpre as normas de isen\u00e7\u00e3o de impostos sobre pl\u00e1sticos da UE.<\/li>\n<li><strong>Conce\u00e7\u00e3o da economia circular<\/strong>: Suporta, pelo menos, 20 vezes de dobragem e montagem n\u00e3o destrutivas e pode ser 100% reciclado ou compostado industrialmente ap\u00f3s a sucata, com uma pegada de carbono 42% inferior \u00e0 das caixas de presente tradicionais.<\/li>\n<\/ul>\n<h2 id=\"3-intelligent-interactive-experience-\">3.\u00a0<strong>Experi\u00eancia interactiva inteligente<\/strong><\/h2>\n<ul>\n<li><strong>Sistema magn\u00e9tico de fecho r\u00e1pido<\/strong>: Os \u00edmanes NdFeB de alta precis\u00e3o est\u00e3o incorporados nas articula\u00e7\u00f5es principais do corpo da caixa para conseguir a abertura e o fecho \"com um toque\" em segundos, e a efici\u00eancia de funcionamento \u00e9 3 vezes superior \u00e0 da estrutura de lingueta tradicional.<\/li>\n<li><strong>Melhoria do reconhecimento da marca<\/strong>: Adotando um \u00fanico design de cor laranja, com um LOGOTIPO minimalista de processo de prata quente, o controle de diferen\u00e7a de cor \u0394E\u22641,5, o reconhecimento da exibi\u00e7\u00e3o de varejo \u00e9 aumentado em 70%.<\/li>\n<\/ul>\n<h2 id=\"4-application-scenarios-and-value-\">4.<strong>Cen\u00e1rios de aplica\u00e7\u00e3o e valor<\/strong><\/h2>\n<ul>\n<li><strong>Marketing da marca<\/strong>: O design cor de laranja e a estrutura poliedro formam um foco visual no expositor da prateleira, e a estampagem a quente personalizada aumenta a profundidade da mem\u00f3ria da marca.<\/li>\n<li><strong>Otimiza\u00e7\u00e3o log\u00edstica<\/strong>: Ap\u00f3s a dobragem, a capacidade de carga de uma \u00fanica caixa atinge 120 pe\u00e7as e o custo de transporte \u00e9 reduzido em 52% em compara\u00e7\u00e3o com as caixas de oferta tradicionais.<\/li>\n<li><strong>Intera\u00e7\u00e3o com o utilizador<\/strong>: Apoiar a montagem secund\u00e1ria DIY (como ornamentos para \u00e1rvores de Natal, armazenamento de mesa), prolongar o ciclo de vida da embalagem e aumentar a ader\u00eancia do utilizador.<\/li>\n<\/ul>\n<h2 id=\"5-service-support-\">5.\u00a0<strong>Apoio ao servi\u00e7o<\/strong><\/h2>\n<ul>\n<li><strong>Solu\u00e7\u00e3o personalizada<\/strong>: Fornecer personaliza\u00e7\u00e3o profunda do tamanho, layout do \u00edman, processo de impress\u00e3o (impress\u00e3o offset\/UV\/estampagem a quente), quantidade m\u00ednima de encomenda 500 pe\u00e7as, 7-15 dias de entrega.<\/li>\n<li><strong>Apoio \u00e0 certifica\u00e7\u00e3o ambiental<\/strong>: Apoiar a fatura FSC e o relat\u00f3rio da pegada de carbono para cumprir os requisitos de divulga\u00e7\u00e3o ESG.<\/li>\n<\/ul>","protected":false},"excerpt":{"rendered":"<p>Esta caixa de embalagem quebra o formato tradicional de caixa de presente, melhora a disposi\u00e7\u00e3o visual e o sentido tridimensional e \u00e9 adequada para as necessidades de embalagem de produtos topo de gama. O corpo da caixa pode ser dobrado de forma flex\u00edvel, reduzindo consideravelmente o volume de armazenamento, reduzindo os custos de armazenamento e transporte, e \u00e9 conveniente para os utilizadores montarem e utilizarem repetidamente.<\/p>","protected":false},"featured_media":1042,"template":"","meta":{"_kad_post_transparent":"default","_kad_post_title":"","_kad_post_layout":"default","_kad_post_sidebar_id":"","_kad_post_content_style":"default","_kad_post_vertical_padding":"default","_kad_post_feature":"","_kad_post_feature_position":"","_kad_post_header":false,"_kad_post_footer":false,"_kad_post_classname":""},"product_brand":[],"product_cat":[15,22,17],"product_tag":[398,399,400],"class_list":{"0":"post-1041","1":"product","2":"type-product","3":"status-publish","4":"has-post-thumbnail","6":"product_cat-red-light-therapy","7":"product_cat-red-light-therapy-blanket","8":"product_cat-services","9":"product_tag-christmas-collapsible-gifts-box","10":"product_tag-magnetic-gifts-box","11":"product_tag-promotional-gifts-box","13":"first","14":"instock","15":"shipping-taxable","16":"product-type-simple","17":"entry","18":"content-bg","19":"loop-entry"},"_links":{"self":[{"href":"https:\/\/red-lighttherapy.com\/pt_pt\/wp-json\/wp\/v2\/product\/1041","targetHints":{"allow":["GET"]}}],"collection":[{"href":"https:\/\/red-lighttherapy.com\/pt_pt\/wp-json\/wp\/v2\/product"}],"about":[{"href":"https:\/\/red-lighttherapy.com\/pt_pt\/wp-json\/wp\/v2\/types\/product"}],"wp:featuredmedia":[{"embeddable":true,"href":"https:\/\/red-lighttherapy.com\/pt_pt\/wp-json\/wp\/v2\/media\/1042"}],"wp:attachment":[{"href":"https:\/\/red-lighttherapy.com\/pt_pt\/wp-json\/wp\/v2\/media?parent=1041"}],"wp:term":[{"taxonomy":"product_brand","embeddable":true,"href":"https:\/\/red-lighttherapy.com\/pt_pt\/wp-json\/wp\/v2\/product_brand?post=1041"},{"taxonomy":"product_cat","embeddable":true,"href":"https:\/\/red-lighttherapy.com\/pt_pt\/wp-json\/wp\/v2\/product_cat?post=1041"},{"taxonomy":"product_tag","embeddable":true,"href":"https:\/\/red-lighttherapy.com\/pt_pt\/wp-json\/wp\/v2\/product_tag?post=1041"}],"curies":[{"name":"wp","href":"https:\/\/api.w.org\/{rel}","templated":true}]}}