{"id":1035,"date":"2025-04-16T05:14:08","date_gmt":"2025-04-16T05:14:08","guid":{"rendered":"https:\/\/red-lighttherapy.com\/?post_type=product&#038;p=1035"},"modified":"2025-04-16T05:34:02","modified_gmt":"2025-04-16T05:34:02","slug":"china-fabrication-magnetic-collapsible-gift-box-with-ribbon","status":"publish","type":"product","link":"https:\/\/red-lighttherapy.com\/pt_pt\/china-fabrication-magnetic-collapsible-gift-box-with-ribbon\/","title":{"rendered":"Caixa de presente dobr\u00e1vel magn\u00e9tica de fabrico chin\u00eas com fita"},"content":{"rendered":"<h2 id=\"-product-description-of-magnetic-folding-gift-box-made-in-china-with-ribbon-\"><strong>Descri\u00e7\u00e3o do produto da Caixa de oferta dobr\u00e1vel magn\u00e9tica fabricada na China (com fita)<\/strong><\/h2>\n<h2 id=\"-i-product-structure-and-functional-design-\"><strong>1. Estrutura do produto e conce\u00e7\u00e3o funcional<\/strong><\/h2>\n<ol>\n<li><strong>Tipo de caixa magn\u00e9tica e otimiza\u00e7\u00e3o do espa\u00e7o<\/strong>\u00a0A caixa de presente adopta um design de estrutura geom\u00e9trica acentuada. Atrav\u00e9s de uma tecnologia de dobragem precisa, o espa\u00e7o interno \u00e9 maximizado e v\u00e1rios artigos, como j\u00f3ias, artesanato e cosm\u00e9ticos, podem ser armazenados de forma est\u00e1vel. O corpo da caixa combina cart\u00e3o cinzento de alta resist\u00eancia e camada interm\u00e9dia de cart\u00e3o canelado, com forte resist\u00eancia \u00e0 press\u00e3o, capacidade de carga superior a 2 kg, e n\u00e3o \u00e9 f\u00e1cil de deformar ap\u00f3s uma utiliza\u00e7\u00e3o prolongada, garantindo que o conte\u00fado \u00e9 colocado com firmeza.<\/li>\n<li><strong>Sistema de fecho magn\u00e9tico<\/strong>\u00a0Estrutura magn\u00e9tica integrada de alta precis\u00e3o, firmemente absorvida quando fechada, processo de abertura e fecho suave e silencioso, o que n\u00e3o s\u00f3 melhora a comodidade de utiliza\u00e7\u00e3o, mas tamb\u00e9m d\u00e1 uma sensa\u00e7\u00e3o de ritual ao abrir a caixa. A disposi\u00e7\u00e3o dos pontos magn\u00e9ticos foi calculada mecanicamente para garantir que mant\u00e9m um desempenho est\u00e1vel ap\u00f3s uma utiliza\u00e7\u00e3o repetida.<\/li>\n<\/ol>\n<h2 id=\"-second-materials-and-environmental-protection-characteristics-\"><strong>2. Materiais e carater\u00edsticas de prote\u00e7\u00e3o ambiental<\/strong><\/h2>\n<ol>\n<li><strong>Materiais de prote\u00e7\u00e3o ambiental de alta qualidade<\/strong>\u00a0A camada exterior utiliza papel revestido de 300g e a superf\u00edcie \u00e9 coberta com tecnologia de lamina\u00e7\u00e3o mate, que tem um toque delicado e \u00e9 resistente a riscos; a camada interior utiliza cart\u00e3o cinzento de qualidade alimentar e papel de arte ecol\u00f3gico, que passou a certifica\u00e7\u00e3o ISO9001 e ROHS, \u00e9 recicl\u00e1vel e degrad\u00e1vel e tem em conta tanto a capacidade de carga como as necessidades de prote\u00e7\u00e3o ambiental. A estrutura da caixa foi especialmente refor\u00e7ada e pode ser reutilizada mais de 50 vezes para reduzir os custos de perda.<\/li>\n<\/ol>\n<h2 id=\"-third-visual-aesthetics-and-brand-adaptation-\"><strong>3. Est\u00e9tica visual e adapta\u00e7\u00e3o da marca<\/strong><\/h2>\n<ol>\n<li><strong>Combina\u00e7\u00e3o de cores de luxo discreta<\/strong>\u00a0A cor principal \u00e9 o bege dourado, com um tratamento de superf\u00edcie de textura mate, apresentando uma sensa\u00e7\u00e3o de luxo discreto, que \u00e9 adequado para a tonalidade das marcas de topo de gama. A superf\u00edcie da caixa pode ser personalizada com grava\u00e7\u00e3o em relevo, estampagem a quente, impress\u00e3o UV e outros processos, apoiando o LOGOTIPO da marca ou o design personalizado do padr\u00e3o, visualmente n\u00e3o ofuscando, destacando o valor do conte\u00fado.<\/li>\n<li><strong>Desenho de fita de duas cores<\/strong>\u00a0A utiliza\u00e7\u00e3o inovadora de fitas duplas em ouro rosa e ouro bege pode ser decorada de forma cruzada para real\u00e7ar o requinte da caixa de oferta e pode tamb\u00e9m ser utilizada como al\u00e7a de m\u00e3o para aumentar o car\u00e1cter pr\u00e1tico.<\/li>\n<\/ol>\n<h2 id=\"-fourth-folding-design-and-transportation-advantages-\"><strong>4. Design dobr\u00e1vel e vantagens de transporte<\/strong><\/h2>\n<ol>\n<li><strong>A estrutura dobr\u00e1vel reduz os custos e aumenta a efici\u00eancia<\/strong>\u00a0Ap\u00f3s a dobragem, a espessura \u00e9 de apenas 2,5 cm e o volume \u00e9 reduzido em 87,5%, o que reduz significativamente os custos de armazenamento e log\u00edstica. A montagem n\u00e3o requer qualquer equipamento e pode ser manifestada em 3 segundos, o que \u00e9 adequado para o transporte de lotes e cen\u00e1rios de desempenho de retalho. A embalagem utiliza cart\u00e3o ondulado \u00e0 prova de humidade para garantir zero danos durante o transporte de longa dist\u00e2ncia.<\/li>\n<\/ol>\n<h2 id=\"-five-multi-scenario-application-\"><strong>5. Aplica\u00e7\u00e3o em v\u00e1rios cen\u00e1rios<\/strong><\/h2>\n<ol>\n<li><strong>Embalagem para oferta<\/strong>: Adequado para casamentos e presentes de Natal, para a prote\u00e7\u00e3o de objectos delicados com uma camada de espuma alternativa \u00e0 prova de choque.<\/li>\n<li><strong>Ecr\u00e3 de luxo<\/strong>: Adequado para produtos de alta qualidade, como j\u00f3ias e rel\u00f3gios com fitas para aumentar os efeitos visuais do gabinete de desempenho.<\/li>\n<li><strong>Armazenamento de artesanato<\/strong>: A divis\u00e3o personaliz\u00e1vel na caixa \u00e9 adequada para guardar divis\u00f3rias, artefactos de tamanho especializado, como utens\u00edlios de porcelana e laca.<\/li>\n<\/ol>","protected":false},"excerpt":{"rendered":"<p>Esta caixa com fecho magn\u00e9tico tem arestas e cantos claros, maximiza a utiliza\u00e7\u00e3o do espa\u00e7o interior, \u00e9 conveniente para armazenar v\u00e1rios artigos e \u00e9 colocada de forma est\u00e1vel. \u00c9 adequada para utiliza\u00e7\u00e3o em v\u00e1rios cen\u00e1rios, como presentes, artigos de luxo, artesanato, etc., e tem em conta tanto a beleza como a funcionalidade.<\/p>","protected":false},"featured_media":1036,"template":"","meta":{"_kad_post_transparent":"default","_kad_post_title":"","_kad_post_layout":"default","_kad_post_sidebar_id":"","_kad_post_content_style":"default","_kad_post_vertical_padding":"default","_kad_post_feature":"","_kad_post_feature_position":"","_kad_post_header":false,"_kad_post_footer":false,"_kad_post_classname":""},"product_brand":[],"product_cat":[15,22,17],"product_tag":[395,397,396],"class_list":{"0":"post-1035","1":"product","2":"type-product","3":"status-publish","4":"has-post-thumbnail","6":"product_cat-red-light-therapy","7":"product_cat-red-light-therapy-blanket","8":"product_cat-services","9":"product_tag-china-gift-box","10":"product_tag-collapsible-gift-box-with-ribbon","11":"product_tag-magnetic-collapsible-gift-box","13":"first","14":"instock","15":"shipping-taxable","16":"product-type-simple","17":"entry","18":"content-bg","19":"loop-entry"},"_links":{"self":[{"href":"https:\/\/red-lighttherapy.com\/pt_pt\/wp-json\/wp\/v2\/product\/1035","targetHints":{"allow":["GET"]}}],"collection":[{"href":"https:\/\/red-lighttherapy.com\/pt_pt\/wp-json\/wp\/v2\/product"}],"about":[{"href":"https:\/\/red-lighttherapy.com\/pt_pt\/wp-json\/wp\/v2\/types\/product"}],"wp:featuredmedia":[{"embeddable":true,"href":"https:\/\/red-lighttherapy.com\/pt_pt\/wp-json\/wp\/v2\/media\/1036"}],"wp:attachment":[{"href":"https:\/\/red-lighttherapy.com\/pt_pt\/wp-json\/wp\/v2\/media?parent=1035"}],"wp:term":[{"taxonomy":"product_brand","embeddable":true,"href":"https:\/\/red-lighttherapy.com\/pt_pt\/wp-json\/wp\/v2\/product_brand?post=1035"},{"taxonomy":"product_cat","embeddable":true,"href":"https:\/\/red-lighttherapy.com\/pt_pt\/wp-json\/wp\/v2\/product_cat?post=1035"},{"taxonomy":"product_tag","embeddable":true,"href":"https:\/\/red-lighttherapy.com\/pt_pt\/wp-json\/wp\/v2\/product_tag?post=1035"}],"curies":[{"name":"wp","href":"https:\/\/api.w.org\/{rel}","templated":true}]}}