{"id":1028,"date":"2025-04-16T04:58:19","date_gmt":"2025-04-16T04:58:19","guid":{"rendered":"https:\/\/red-lighttherapy.com\/?post_type=product&#038;p=1028"},"modified":"2025-04-16T05:42:55","modified_gmt":"2025-04-16T05:42:55","slug":"holographic-laser-paper-rainbow-a5-deep-gift-box-with-ribbon","status":"publish","type":"product","link":"https:\/\/red-lighttherapy.com\/pt_pt\/holographic-laser-paper-rainbow-a5-deep-gift-box-with-ribbon\/","title":{"rendered":"Papel laser hologr\u00e1fico Arco-\u00edris Caixa de oferta profunda A5 com fita"},"content":{"rendered":"<h2 id=\"-holographic-laser-paper-rainbow-a5-deep-gift-box-with-ribbon-product-description-\"><strong>Papel laser hologr\u00e1fico Arco-\u00edris A5 Caixa de oferta profunda com fita Descri\u00e7\u00e3o do produto<\/strong><\/h2>\n<h2 id=\"-1-industrial-aesthetic-design-highlighting-high-end-texture-\"><strong>1. Design est\u00e9tico industrial, com destaque para a textura de alta qualidade<\/strong><\/h2>\n<ul>\n<li><strong>Linhas simples e est\u00e9tica angular<\/strong>: Depois de desdobrada, a caixa de oferta adopta um design de corte geom\u00e9trico minimalista. As linhas do corpo da caixa s\u00e3o n\u00edtidas e suaves, com arestas e cantos bem definidos. Combina a est\u00e9tica industrial moderna e o sentido art\u00edstico. \u00c9 adequada para as necessidades de embalagem de bens de elevado valor, como artigos de luxo, j\u00f3ias e rel\u00f3gios.<\/li>\n<li><strong>Estrutura tridimensional da caixa profunda<\/strong>: O design da caixa profunda A5 optimiza a utiliza\u00e7\u00e3o do espa\u00e7o atrav\u00e9s de propor\u00e7\u00f5es de dobragem precisas, melhora a sensa\u00e7\u00e3o visual de profundidade e \u00e9 adequado para cen\u00e1rios que requerem a exposi\u00e7\u00e3o em camadas de j\u00f3ias, cosm\u00e9ticos, etc.<\/li>\n<\/ul>\n<h2 id=\"-2-modular-folding-process-taking-into-account-both-function-and-efficiency-\"><strong>2. Processo de dobragem modular, tendo em conta tanto a fun\u00e7\u00e3o como a efici\u00eancia<\/strong><\/h2>\n<ul>\n<li><strong>Design de transporte compacto<\/strong>: Ap\u00f3s a dobragem, o volume \u00e9 comprimido para 1\/4 do estado desdobrado, e a uni\u00e3o sem cola \u00e9 conseguida atrav\u00e9s da tecnologia de vinco pr\u00e9-prensado, reduzindo os custos de armazenamento e log\u00edstica em 30%.<\/li>\n<li><strong>Durabilidade e estabilidade<\/strong>: \u00c9 adotado o processo de vinco modular patenteado. O corpo da caixa ainda mant\u00e9m uma taxa de deforma\u00e7\u00e3o de 95% ap\u00f3s 500 testes de abertura e fecho, o que \u00e9 adequado para as necessidades de m\u00faltiplas utiliza\u00e7\u00f5es de presentes topo de gama (tais como exposi\u00e7\u00e3o de colec\u00e7\u00f5es e embalagens de reutiliza\u00e7\u00e3o de festivais).<\/li>\n<\/ul>\n<h2 id=\"-3-environmentally-friendly-materials-and-process-certification-\"><strong>3. Certifica\u00e7\u00e3o de materiais e processos amigos do ambiente<\/strong><\/h2>\n<ul>\n<li><strong>Base de papel especial de elevada gramagem<\/strong>: \u00c9 selecionado um cart\u00e3o ecol\u00f3gico com certifica\u00e7\u00e3o FSC de 400 g\/m\u00b2 e a densidade de base do papel atinge 0,85 g\/cm\u00b3, o que tem rigidez e plasticidade e suporta processos secund\u00e1rios como a estampagem a quente e a grava\u00e7\u00e3o em relevo.<\/li>\n<li><strong>Produ\u00e7\u00e3o sustent\u00e1vel<\/strong>: Todo o processo adopta a impress\u00e3o com tinta \u00e0 base de \u00e1gua e a tecnologia de lamina\u00e7\u00e3o sem solventes, que cumpre as normas de prote\u00e7\u00e3o ambiental REACH da UE, passa a certifica\u00e7\u00e3o da pegada de carbono e cumpre os requisitos de acesso ao mercado na Europa e nos Estados Unidos.<\/li>\n<\/ul>\n<h2 id=\"-4-holographic-iridescent-dynamic-effect-\"><strong>4. Efeito din\u00e2mico iridescente hologr\u00e1fico<\/strong><\/h2>\n<ul>\n<li><strong>Camada \u00f3tica de n\u00edvel nanom\u00e9trico<\/strong>: A superf\u00edcie \u00e9 composta por uma pel\u00edcula hologr\u00e1fica a laser, que realiza altera\u00e7\u00f5es iridescentes din\u00e2micas de 360\u00b0 atrav\u00e9s da tecnologia de grelha de difra\u00e7\u00e3o, apresentando um efeito de luz arco-\u00edris fluido sob luz forte (gama de comprimento de onda 380-780nm), melhorando o reconhecimento visual do produto.<\/li>\n<li><strong>Anti-contrafa\u00e7\u00e3o e refor\u00e7o da marca<\/strong>: Os padr\u00f5es hologr\u00e1ficos suportam tecnologias de encripta\u00e7\u00e3o personalizadas, tais como micro-texto e colunas de luz din\u00e2micas, combinando fun\u00e7\u00f5es anti-contrafa\u00e7\u00e3o com a melhoria da imagem da marca.<\/li>\n<\/ul>\n<h2 id=\"-5-digital-customization-service-\"><strong>5. Servi\u00e7o de personaliza\u00e7\u00e3o digital<\/strong><\/h2>\n<ul>\n<li><strong>Controlo inteligente de todo o processo de produ\u00e7\u00e3o<\/strong>: Desde a modela\u00e7\u00e3o 3D at\u00e9 \u00e0 prova, s\u00e3o utilizados algoritmos de IA para otimizar a conce\u00e7\u00e3o estrutural (suportando mais de 20 tipos de caixas, tais como tampas superiores e inferiores, caixas em forma de livro, caixas de gavetas, etc.), e as caixas de amostra s\u00e3o entregues no prazo de 48 horas.<\/li>\n<li><strong>Adapta\u00e7\u00e3o funcional profunda<\/strong>:<\/li>\n<li><strong>Abertura e fecho magn\u00e9ticos<\/strong>: \u00cdman de neod\u00edmio invis\u00edvel incorporado, for\u00e7a de suc\u00e7\u00e3o \u22650,5N, posicionamento preciso sem desvios.<\/li>\n<li><strong>Conce\u00e7\u00e3o de janelas<\/strong>: Suporta a abertura de janelas PET parcialmente transparentes, transmit\u00e2ncia de luz \u2265 92%, e \u00e9 combinado com uma fita (fita opcional de poli\u00e9ster\/acetato) para melhorar a sensa\u00e7\u00e3o de cerim\u00f3nia de abertura.<\/li>\n<li><strong>Expans\u00e3o do processo de superf\u00edcie<\/strong>: Compat\u00edvel com estampagem a quente com padr\u00e3o de luz, grava\u00e7\u00e3o em relevo, verniz local UV e outros processos para satisfazer as necessidades personalizadas da marca.<\/li>\n<\/ul>\n<h2 id=\"-application-scenarios-and-compatibility-\"><strong>Cen\u00e1rios de aplica\u00e7\u00e3o e compatibilidade<\/strong><\/h2>\n<ul>\n<li><strong>Campos de topo de gama<\/strong>: bolsas de luxo, j\u00f3ias, aparelhos electr\u00f3nicos de edi\u00e7\u00e3o limitada, colec\u00e7\u00f5es de arte.<\/li>\n<li><strong>Cen\u00e1rios de prote\u00e7\u00e3o ambiental<\/strong>: Pode ser totalmente reciclado e degradado, adaptado \u00e0 estrat\u00e9gia de marca neutra em termos de carbono<\/li>\n<\/ul>","protected":false},"excerpt":{"rendered":"<p>Quando dobr\u00e1vel, a caixa tem linhas simples e arestas vivas, reflectindo uma est\u00e9tica de design industrial de alta qualidade. O papel hologr\u00e1fico apresenta um efeito iridescente din\u00e2mico sob luz forte, tornando-o adequado para v\u00e1rios cen\u00e1rios de utiliza\u00e7\u00e3o de bens de elevado valor, como presentes e j\u00f3ias.<\/p>","protected":false},"featured_media":1034,"template":"","meta":{"_kad_post_transparent":"default","_kad_post_title":"","_kad_post_layout":"default","_kad_post_sidebar_id":"","_kad_post_content_style":"default","_kad_post_vertical_padding":"default","_kad_post_feature":"","_kad_post_feature_position":"","_kad_post_header":false,"_kad_post_footer":false,"_kad_post_classname":""},"product_brand":[],"product_cat":[15,22,17],"product_tag":[394,392,393],"class_list":{"0":"post-1028","1":"product","2":"type-product","3":"status-publish","4":"has-post-thumbnail","6":"product_cat-red-light-therapy","7":"product_cat-red-light-therapy-blanket","8":"product_cat-services","9":"product_tag-gift-box-with-ribbon","10":"product_tag-holographic-paper-gift-box","11":"product_tag-rainbow-a5-deep-gift-box","13":"first","14":"instock","15":"shipping-taxable","16":"product-type-simple","17":"entry","18":"content-bg","19":"loop-entry"},"_links":{"self":[{"href":"https:\/\/red-lighttherapy.com\/pt_pt\/wp-json\/wp\/v2\/product\/1028","targetHints":{"allow":["GET"]}}],"collection":[{"href":"https:\/\/red-lighttherapy.com\/pt_pt\/wp-json\/wp\/v2\/product"}],"about":[{"href":"https:\/\/red-lighttherapy.com\/pt_pt\/wp-json\/wp\/v2\/types\/product"}],"wp:featuredmedia":[{"embeddable":true,"href":"https:\/\/red-lighttherapy.com\/pt_pt\/wp-json\/wp\/v2\/media\/1034"}],"wp:attachment":[{"href":"https:\/\/red-lighttherapy.com\/pt_pt\/wp-json\/wp\/v2\/media?parent=1028"}],"wp:term":[{"taxonomy":"product_brand","embeddable":true,"href":"https:\/\/red-lighttherapy.com\/pt_pt\/wp-json\/wp\/v2\/product_brand?post=1028"},{"taxonomy":"product_cat","embeddable":true,"href":"https:\/\/red-lighttherapy.com\/pt_pt\/wp-json\/wp\/v2\/product_cat?post=1028"},{"taxonomy":"product_tag","embeddable":true,"href":"https:\/\/red-lighttherapy.com\/pt_pt\/wp-json\/wp\/v2\/product_tag?post=1028"}],"curies":[{"name":"wp","href":"https:\/\/api.w.org\/{rel}","templated":true}]}}