{"id":1022,"date":"2025-04-16T04:08:32","date_gmt":"2025-04-16T04:08:32","guid":{"rendered":"https:\/\/red-lighttherapy.com\/?post_type=product&#038;p=1022"},"modified":"2025-04-16T05:43:16","modified_gmt":"2025-04-16T05:43:16","slug":"silver-hologram-paper-folding-gift-sephora-packaging-boxes","status":"publish","type":"product","link":"https:\/\/red-lighttherapy.com\/pt_pt\/silver-hologram-paper-folding-gift-sephora-packaging-boxes\/","title":{"rendered":"Caixas de embalagem de papel com holograma prateado para prendas da Sephora"},"content":{"rendered":"<h2 id=\"-silver-hologram-paper-folding-gift-sephora-packaging-boxes-\"><strong>Caixas de embalagem de papel com holograma prateado para prendas da Sephora<\/strong><\/h2>\n<h2 id=\"-1-regular-folding-structure-design-both-functional-and-aesthetic-\"><strong>1. Conce\u00e7\u00e3o de estrutura dobr\u00e1vel regular, funcional e est\u00e9tica<\/strong><\/h2>\n<p>O\u00a0<strong>\"Processo de combina\u00e7\u00e3o \"linha de tra\u00e7o + linha de faca<\/strong>\u00a0\u00e9 utilizado para otimizar a disposi\u00e7\u00e3o da linha de dobragem para garantir uma abertura e um fecho suaves e uma forma est\u00e1vel. O corpo da caixa utiliza o\u00a0<strong>Estrutura de encaixe em forma de L<\/strong>\u00a0para conseguir um encaixe preciso das camadas superior e inferior, aumentar a resist\u00eancia \u00e0 compress\u00e3o e a estanquicidade do fecho e evitar uma abertura acidental durante o transporte. Configura\u00e7\u00e3o interna\u00a0<strong>Divis\u00f3rias amov\u00edveis em camadas<\/strong>\u00a0suporta o armazenamento de divis\u00f3rias personalizadas, adapta-se \u00e0s necessidades fixas de cosm\u00e9ticos, perfumes e outros produtos de diferentes tamanhos e tem em conta a capacidade e a portabilidade.<\/p>\n<h2 id=\"-2-flat-folding-design-efficient-adaptation-to-multiple-scenarios-\"><strong>2. Conce\u00e7\u00e3o de dobragem plana, adapta\u00e7\u00e3o eficiente a m\u00faltiplos cen\u00e1rios<\/strong><\/h2>\n<p>Atrav\u00e9s de\u00a0<strong>linhas de dobragem pr\u00e9-definidas e tecnologia de cart\u00e3o alveolar<\/strong>a caixa de embalagem pode ser completamente achatada para armazenamento, e a taxa de compress\u00e3o \u00e9 aumentada em\u00a0<strong>mais de 50%<\/strong>o que reduz significativamente os custos de armazenamento e log\u00edstica. \u00c9 adequado para o transporte a granel do com\u00e9rcio eletr\u00f3nico, exposi\u00e7\u00e3o r\u00e1pida no retalho e cen\u00e1rios de reutiliza\u00e7\u00e3o pelo consumidor. A espessura ap\u00f3s a dobragem \u00e9 de apenas\u00a0<strong>3mm<\/strong>e uma \u00fanica caixa pode ser empilhada at\u00e9\u00a0<strong>200<\/strong>melhorando significativamente a utiliza\u00e7\u00e3o do espa\u00e7o.<\/p>\n<h2 id=\"-3-high-strength-environmentally-friendly-material-lightweight-and-load-bearing-\"><strong>3. Material ecol\u00f3gico de alta resist\u00eancia, leve e resistente \u00e0 carga<\/strong><\/h2>\n<p>O corpo principal \u00e9 feito de\u00a0<strong>Papel revestido com certifica\u00e7\u00e3o FSC<\/strong>\u00a0(80g\/m\u00b2), e a tecnologia de refor\u00e7o de base de papel composto \u00e9 utilizada para obter\u00a0<strong>equil\u00edbrio entre leveza e elevada rigidez<\/strong>. A superf\u00edcie do papel \u00e9 revestida com\u00a0<strong>revestimento ecol\u00f3gico \u00e0 base de \u00e1gua<\/strong>e a resist\u00eancia ao rasgamento \u00e9 aumentada por\u00a0<strong>30%<\/strong>. A caixa \u00fanica pode suportar\u00a0<strong>2kg<\/strong>e pode carregar em seguran\u00e7a artigos fr\u00e1geis, como garrafas de vidro. O design de refor\u00e7o da borda da caixa \u00e9 combinado com uma pega ergon\u00f3mica, que \u00e9 f\u00e1cil de segurar com uma m\u00e3o, e tem portabilidade e durabilidade.<\/p>\n<h2 id=\"-4-sustainable-forest-management-environmental-certification-guarantee-\"><strong>4. Gest\u00e3o sustent\u00e1vel das florestas, garantia de certifica\u00e7\u00e3o ambiental<\/strong><\/h2>\n<p>As mat\u00e9rias-primas seguem rigorosamente as\u00a0<strong>Normas de certifica\u00e7\u00e3o florestal FSC<\/strong>\u00a0(Forest Stewardship Council), garantindo que a origem da pasta de papel pode ser rastreada at\u00e9 florestas geridas de forma sustent\u00e1vel. Todo o processo de produ\u00e7\u00e3o utiliza\u00a0<strong>adesivo sem solventes<\/strong>\u00a0e\u00a0<strong>processo de baixa cobertura de tinta<\/strong>\u00a0(&lt;20%), que est\u00e1 em conformidade com as normas de prote\u00e7\u00e3o ambiental REACH da UE e apoia\u00a0<strong>100% recicl\u00e1vel e degrad\u00e1vel<\/strong>.<\/p>\n<h2 id=\"-5-holographic-iridescence-dynamic-display-visual-impact-upgrade-\"><strong>5. Ecr\u00e3 din\u00e2mico de iridesc\u00eancia hologr\u00e1fica, atualiza\u00e7\u00e3o do impacto visual<\/strong><\/h2>\n<p>A aplica\u00e7\u00e3o \u00e0 superf\u00edcie\u00a0<strong>tecnologia hologr\u00e1fica de escrita direta de microestruturas de terceira gera\u00e7\u00e3o<\/strong>\u00a0presentes\u00a0<strong>efeito din\u00e2mico de gradiente de iridesc\u00eancia<\/strong>\u00a0atrav\u00e9s de um arranjo de grelha de n\u00edvel nano. Sob a refra\u00e7\u00e3o da luz,\u00a0<strong>transi\u00e7\u00e3o de cor multi-\u00e2ngulo<\/strong>\u00a0(como azul prateado\u2192vermelho p\u00farpura\u2192verde dourado) podem ser apresentados, com\u00a0<strong>substrato de camada de alum\u00ednio altamente refletor<\/strong>A textura met\u00e1lica e a luz e sombra da iridesc\u00eancia est\u00e3o interligadas, e o reconhecimento visual \u00e9 melhorado por\u00a0<strong>200%<\/strong>. Adequado para exposi\u00e7\u00e3o de produtos de beleza topo de gama para aumentar a atra\u00e7\u00e3o nas prateleiras.<\/p>\n<h2 id=\"-6-minimalist-design-philosophy-function-oriented-aesthetics-\"><strong>6. Filosofia de design minimalista, est\u00e9tica orientada para a fun\u00e7\u00e3o<\/strong><\/h2>\n<p>Aderir \u00e0 pol\u00edtica da Sephora\u00a0<strong>\"Menos \u00e9 mais\"<\/strong>\u00a0conceito de marca, os elementos decorativos redundantes s\u00e3o eliminados e os n\u00edveis visuais s\u00e3o constru\u00eddos com\u00a0<strong>linhas de corte geom\u00e9trico<\/strong>\u00a0e\u00a0<strong>superf\u00edcies com contraste mate e alto brilho<\/strong>. A superf\u00edcie da caixa apenas ret\u00e9m a\u00a0<strong>log\u00f3tipo da marca gravado a laser<\/strong>A empresa est\u00e1 a trabalhar com o seu pr\u00f3prio produto, concentrando-se nas fun\u00e7\u00f5es principais do produto e adaptando-se ao tom dos produtos de luxo e minimalistas.<\/p>\n<h2 id=\"-applicable-scenarios-\"><strong>Cen\u00e1rios aplic\u00e1veis<\/strong><\/h2>\n<ul>\n<li><strong>Log\u00edstica do com\u00e9rcio eletr\u00f3nico<\/strong>: A dobragem plana \u00e9 adequada para a triagem autom\u00e1tica para reduzir as perdas de transporte<\/li>\n<li><strong>Expositor para retalho<\/strong>: A iridesc\u00eancia hologr\u00e1fica atrai o fluxo de clientes e melhora a taxa de convers\u00e3o dos terminais<\/li>\n<li><strong>Prenda de Natal<\/strong>: Pode ser personalizada para uma utiliza\u00e7\u00e3o secund\u00e1ria como caixa de arruma\u00e7\u00e3o para prolongar o ciclo de vida<\/li>\n<\/ul>","protected":false},"excerpt":{"rendered":"<p>Esta caixa r\u00edgida adopta um design de estrutura dobr\u00e1vel regular, com abertura e fecho suaves e forma est\u00e1vel, tendo em conta tanto a capacidade de armazenamento como a portabilidade. O papel hologr\u00e1fico apresenta um gradiente iridescente din\u00e2mico com um efeito de visualiza\u00e7\u00e3o de alta intensidade. Foi aprovado na certifica\u00e7\u00e3o florestal FSC para garantir que as mat\u00e9rias-primas s\u00e3o rastre\u00e1veis e renov\u00e1veis, em linha com a tend\u00eancia de desenvolvimento sustent\u00e1vel.<\/p>","protected":false},"featured_media":1026,"template":"","meta":{"_kad_post_transparent":"default","_kad_post_title":"","_kad_post_layout":"default","_kad_post_sidebar_id":"","_kad_post_content_style":"default","_kad_post_vertical_padding":"default","_kad_post_feature":"","_kad_post_feature_position":"","_kad_post_header":false,"_kad_post_footer":false,"_kad_post_classname":""},"product_brand":[],"product_cat":[15,28,22,17],"product_tag":[390,389,391],"class_list":{"0":"post-1022","1":"product","2":"type-product","3":"status-publish","4":"has-post-thumbnail","6":"product_cat-red-light-therapy","7":"product_cat-customize","8":"product_cat-red-light-therapy-blanket","9":"product_cat-services","10":"product_tag-hologram-folding-gift-boxes","11":"product_tag-holographic-laser-paperboard-gift-boxes","12":"product_tag-large-gift-boxes-holographic","14":"first","15":"instock","16":"shipping-taxable","17":"product-type-simple","18":"entry","19":"content-bg","20":"loop-entry"},"_links":{"self":[{"href":"https:\/\/red-lighttherapy.com\/pt_pt\/wp-json\/wp\/v2\/product\/1022","targetHints":{"allow":["GET"]}}],"collection":[{"href":"https:\/\/red-lighttherapy.com\/pt_pt\/wp-json\/wp\/v2\/product"}],"about":[{"href":"https:\/\/red-lighttherapy.com\/pt_pt\/wp-json\/wp\/v2\/types\/product"}],"wp:featuredmedia":[{"embeddable":true,"href":"https:\/\/red-lighttherapy.com\/pt_pt\/wp-json\/wp\/v2\/media\/1026"}],"wp:attachment":[{"href":"https:\/\/red-lighttherapy.com\/pt_pt\/wp-json\/wp\/v2\/media?parent=1022"}],"wp:term":[{"taxonomy":"product_brand","embeddable":true,"href":"https:\/\/red-lighttherapy.com\/pt_pt\/wp-json\/wp\/v2\/product_brand?post=1022"},{"taxonomy":"product_cat","embeddable":true,"href":"https:\/\/red-lighttherapy.com\/pt_pt\/wp-json\/wp\/v2\/product_cat?post=1022"},{"taxonomy":"product_tag","embeddable":true,"href":"https:\/\/red-lighttherapy.com\/pt_pt\/wp-json\/wp\/v2\/product_tag?post=1022"}],"curies":[{"name":"wp","href":"https:\/\/api.w.org\/{rel}","templated":true}]}}