{"id":1017,"date":"2025-04-16T03:57:29","date_gmt":"2025-04-16T03:57:29","guid":{"rendered":"https:\/\/red-lighttherapy.com\/?post_type=product&#038;p=1017"},"modified":"2025-04-16T04:08:23","modified_gmt":"2025-04-16T04:08:23","slug":"exporting-custom-luxury-magnetic-closure-rigid-shoes-boxes","status":"publish","type":"product","link":"https:\/\/red-lighttherapy.com\/pt_pt\/exporting-custom-luxury-magnetic-closure-rigid-shoes-boxes\/","title":{"rendered":"Exporta\u00e7\u00e3o de caixas de sapatos r\u00edgidas com fecho magn\u00e9tico de luxo personalizadas"},"content":{"rendered":"<h2 id=\"-product-description-of-exporting-custom-luxury-magnetic-closure-rigid-shoes-boxes-\"><strong>Descri\u00e7\u00e3o do produto da exporta\u00e7\u00e3o de caixas de sapatos r\u00edgidas com fecho magn\u00e9tico de luxo personalizado<\/strong><\/h2>\n<h2 id=\"1-magnetic-box-design-\">1.\u00a0<strong>Design de caixa magn\u00e9tica<\/strong><\/h2>\n<p>A tampa e o corpo da caixa adoptam um sistema magn\u00e9tico forte incorporado, que \u00e9 precisamente adsorvido pela for\u00e7a magn\u00e9tica quando fechado para garantir uma excelente veda\u00e7\u00e3o e impedir eficazmente a abertura acidental durante o transporte ou a armazenagem. A disposi\u00e7\u00e3o da dupla tira magn\u00e9tica aumenta a estabilidade da adsor\u00e7\u00e3o e pode permanecer fechada mesmo em caso de inclina\u00e7\u00e3o ou vibra\u00e7\u00e3o, proporcionando uma prote\u00e7\u00e3o completa para o cal\u00e7ado topo de gama.<\/p>\n<h2 id=\"2-folding-portability-and-structural-stability-\">2.\u00a0<strong>Portabilidade dobr\u00e1vel e estabilidade estrutural<\/strong><\/h2>\n<p>\u00c9 adotado um processo de dobragem preciso, e o volume ap\u00f3s a dobragem \u00e9 apenas 1\/3 do estado desdobrado, o que reduz significativamente os custos de log\u00edstica e de armazenamento. N\u00e3o s\u00e3o necess\u00e1rias ferramentas ou montagens complexas aquando do desdobramento. O corpo da caixa restaura automaticamente a forma tridimensional atrav\u00e9s da linha de pr\u00e9-indenta\u00e7\u00e3o, a borda \u00e9 perfeitamente formada e a resist\u00eancia \u00e0 compress\u00e3o atinge 20 kg \/ camada, o que atende \u00e0s necessidades de empilhamento de v\u00e1rios cen\u00e1rios.<\/p>\n<h2 id=\"3-one-handed-opening-and-closing-flap-structure-\">3.\u00a0<strong>Estrutura da aba com abertura e fecho com uma s\u00f3 m\u00e3o<\/strong><\/h2>\n<p>A conce\u00e7\u00e3o inovadora da aba, combinada com o \u00e2ngulo ergon\u00f3mico (abertura e fecho a 65\u00b0), pode ser acionada sem problemas com uma s\u00f3 m\u00e3o. A dobradi\u00e7a \u00e9 refor\u00e7ada com papel revestido espesso e suc\u00e7\u00e3o magn\u00e9tica. N\u00e3o apresenta qualquer deforma\u00e7\u00e3o ap\u00f3s milhares de testes de abertura e fecho, tendo em conta a comodidade e a durabilidade.<\/p>\n<h2 id=\"4-high-weight-coated-paper-material-\">4.\u00a0<strong>Material de papel revestido de elevada gramagem<\/strong><\/h2>\n<p>\u00c9 selecionado papel revestido de 320g\/m\u00b2 e a superf\u00edcie \u00e9 tratada com um revestimento super brilhante, que aumenta a rigidez em 40% e a resist\u00eancia \u00e0 compress\u00e3o \u00e9 1,5 vezes superior \u00e0 norma da ind\u00fastria. O material \u00e9 amigo do ambiente e degrad\u00e1vel, est\u00e1 em conformidade com a certifica\u00e7\u00e3o FSC, apoia a reciclagem e reduz a pegada de carbono.<\/p>\n<h2 id=\"5-sustainable-development-design-\">5.\u00a0<strong>Conce\u00e7\u00e3o do desenvolvimento sustent\u00e1vel<\/strong><\/h2>\n<p>O conceito ecol\u00f3gico \u00e9 implementado em todo o processo, desde as mat\u00e9rias-primas at\u00e9 \u00e0 produ\u00e7\u00e3o:<\/p>\n<ul>\n<li>Impress\u00e3o com tinta \u00e0 base de \u00e1gua, sem vol\u00e1teis nocivos<\/li>\n<li>Taxa de reciclagem de res\u00edduos \u226595%<\/li>\n<li>Aprova\u00e7\u00e3o da certifica\u00e7\u00e3o do sistema de gest\u00e3o ambiental ISO 14001<\/li>\n<\/ul>\n<h2 id=\"6-high-saturation-blue-visual-design-\">6.\u00a0<strong>Design visual azul de alta satura\u00e7\u00e3o<\/strong><\/h2>\n<p>O corpo da caixa adopta o azul cl\u00e1ssico Pantone 286C, que tem uma elevada satura\u00e7\u00e3o de cor e n\u00e3o desvanece, transmitindo uma imagem de marca profissional e est\u00e1vel. O tratamento de superf\u00edcie mate evita o brilho, sendo adequado para presentes de neg\u00f3cios, embalagens de luxo, retalho topo de gama e outros cen\u00e1rios.<\/p>\n<h2 id=\"7-same-color-ribbon-handle-\">7.\u00a0<strong>Pega de fita da mesma cor<\/strong><\/h2>\n<p>A pega de fita tecida azul \u00e9 da mesma cor que o corpo da caixa, com uma for\u00e7a de eleva\u00e7\u00e3o de 5 kg, tendo em conta o car\u00e1cter pr\u00e1tico e ritual. A interface da pega \u00e9 oculta e refor\u00e7ada para evitar o risco de rasgar, adequada para uma utiliza\u00e7\u00e3o de alta frequ\u00eancia.<\/p>\n<h2 id=\"-application-scenarios-and-advantages-\"><strong>Cen\u00e1rios de aplica\u00e7\u00e3o e vantagens<\/strong><\/h2>\n<ul>\n<li><strong>Ofertas comerciais<\/strong>: A pega com fita e a abertura e o fecho magn\u00e9ticos aumentam a sensa\u00e7\u00e3o de ritual de desembalagem, adequado para lembran\u00e7as personalizadas para empresas.<\/li>\n<li><strong>Retalho de luxo<\/strong>: O material de elevada rigidez e o design colorido melhoram o grau de exposi\u00e7\u00e3o das mercadorias e reduzem o espa\u00e7o ocupado pelos expositores.<\/li>\n<li><strong>Log\u00edstica transfronteiri\u00e7a<\/strong>: O design dobr\u00e1vel reduz o custo do transporte mar\u00edtimo e a\u00e9reo, e a resist\u00eancia \u00e0 press\u00e3o garante a seguran\u00e7a do transporte a longa dist\u00e2ncia.<\/li>\n<\/ul>","protected":false},"excerpt":{"rendered":"<p>A tampa em forma de cora\u00e7\u00e3o e a tampa superior e inferior adaptam-se perfeitamente \u00e0 caixa, com contornos em forma de cora\u00e7\u00e3o no interior e no exterior, visualmente unificados e emocionalmente apelativos. A tampa e o fundo s\u00e3o separados, o que facilita a abertura e o fecho, com uma boa veda\u00e7\u00e3o, protegendo eficazmente o conte\u00fado e refor\u00e7ando a sensa\u00e7\u00e3o de cerim\u00f3nia ao abrir a caixa.<\/p>","protected":false},"featured_media":1018,"template":"","meta":{"_kad_post_transparent":"default","_kad_post_title":"","_kad_post_layout":"default","_kad_post_sidebar_id":"","_kad_post_content_style":"default","_kad_post_vertical_padding":"default","_kad_post_feature":"","_kad_post_feature_position":"","_kad_post_header":false,"_kad_post_footer":false,"_kad_post_classname":""},"product_brand":[],"product_cat":[15,30,22,17],"product_tag":[388,387,386],"class_list":{"0":"post-1017","1":"product","2":"type-product","3":"status-publish","4":"has-post-thumbnail","6":"product_cat-red-light-therapy","7":"product_cat-dropshipping","8":"product_cat-red-light-therapy-blanket","9":"product_cat-services","10":"product_tag-custom-shoes-boxes","11":"product_tag-magnetic-closure-boxes-for-shoes","12":"product_tag-rigid-shoes-boxes","14":"first","15":"instock","16":"shipping-taxable","17":"product-type-simple","18":"entry","19":"content-bg","20":"loop-entry"},"_links":{"self":[{"href":"https:\/\/red-lighttherapy.com\/pt_pt\/wp-json\/wp\/v2\/product\/1017","targetHints":{"allow":["GET"]}}],"collection":[{"href":"https:\/\/red-lighttherapy.com\/pt_pt\/wp-json\/wp\/v2\/product"}],"about":[{"href":"https:\/\/red-lighttherapy.com\/pt_pt\/wp-json\/wp\/v2\/types\/product"}],"wp:featuredmedia":[{"embeddable":true,"href":"https:\/\/red-lighttherapy.com\/pt_pt\/wp-json\/wp\/v2\/media\/1018"}],"wp:attachment":[{"href":"https:\/\/red-lighttherapy.com\/pt_pt\/wp-json\/wp\/v2\/media?parent=1017"}],"wp:term":[{"taxonomy":"product_brand","embeddable":true,"href":"https:\/\/red-lighttherapy.com\/pt_pt\/wp-json\/wp\/v2\/product_brand?post=1017"},{"taxonomy":"product_cat","embeddable":true,"href":"https:\/\/red-lighttherapy.com\/pt_pt\/wp-json\/wp\/v2\/product_cat?post=1017"},{"taxonomy":"product_tag","embeddable":true,"href":"https:\/\/red-lighttherapy.com\/pt_pt\/wp-json\/wp\/v2\/product_tag?post=1017"}],"curies":[{"name":"wp","href":"https:\/\/api.w.org\/{rel}","templated":true}]}}