{"id":1011,"date":"2025-04-16T03:44:51","date_gmt":"2025-04-16T03:44:51","guid":{"rendered":"https:\/\/red-lighttherapy.com\/?post_type=product&#038;p=1011"},"modified":"2025-04-16T03:57:17","modified_gmt":"2025-04-16T03:57:17","slug":"valentines-day-heart-shaped-gift-box-packaging-for-jewelry","status":"publish","type":"product","link":"https:\/\/red-lighttherapy.com\/pt_pt\/valentines-day-heart-shaped-gift-box-packaging-for-jewelry\/","title":{"rendered":"Embalagem de caixa de presente em forma de cora\u00e7\u00e3o para j\u00f3ias no Dia dos Namorados"},"content":{"rendered":"<h2 id=\"valentine-s-day-heart-shaped-jewelry-gift-box-packaging-product-description\">Caixa para oferta de j\u00f3ias em forma de cora\u00e7\u00e3o para o Dia dos Namorados Descri\u00e7\u00e3o do produto<\/h2>\n<h2 id=\"-1-heart-shaped-top-and-bottom-design-perfect-fusion-of-vision-and-emotion-\"><strong>1. Design superior e inferior em forma de cora\u00e7\u00e3o: Fus\u00e3o perfeita de vis\u00e3o e emo\u00e7\u00e3o<\/strong><\/h2>\n<p>A caixa de oferta adopta uma estrutura de cobertura superior e inferior em forma de cora\u00e7\u00e3o. A tampa e o corpo da caixa s\u00e3o formados integralmente com um contorno suave em forma de cora\u00e7\u00e3o, mostrando unidade visual e tens\u00e3o emocional entre a abertura e o fecho. O interior da tampa pode ser personalizado com tecnologia de estampagem a quente ou de grava\u00e7\u00e3o em relevo e, com um design de janela oca em forma de cora\u00e7\u00e3o, as j\u00f3ias aparecem quando n\u00e3o est\u00e3o totalmente abertas, criando uma sensa\u00e7\u00e3o de expetativa semelhante a um \"batimento card\u00edaco\".<\/p>\n<h2 id=\"-2-separate-opening-and-closing-structure-convenience-and-ritual-coexistence-\"><strong>2. Estrutura separada de abertura e fecho: conveni\u00eancia e coexist\u00eancia ritual<\/strong><\/h2>\n<p>A tampa e o fundo da caixa est\u00e3o separados, e o fecho sem costuras \u00e9 conseguido atrav\u00e9s de fivelas precisas ou dispositivos magn\u00e9ticos, que n\u00e3o s\u00f3 garantem a veda\u00e7\u00e3o (\u00e0 prova de p\u00f3 e humidade), como tamb\u00e9m d\u00e3o \u00e0 a\u00e7\u00e3o de abertura um sentido ritual elegante. O rebordo do forro adopta um processo de envolvimento do rebordo para evitar fric\u00e7\u00e3o na superf\u00edcie das j\u00f3ias ao abrir e fechar, e os detalhes reflectem a prote\u00e7\u00e3o dos objectos de valor.<\/p>\n<h2 id=\"-3-coated-paper-material-double-guarantee-of-firmness-and-beauty-\"><strong>3. Material de papel revestido: dupla garantia de firmeza e beleza<\/strong><\/h2>\n<p>O corpo principal da caixa de presente \u00e9 feito de 300 gramas de papel revestido de alta gramagem, que \u00e9 revestido com uma pel\u00edcula mate, de toque delicado e resistente a riscos. A camada interior \u00e9 refor\u00e7ada com papel de cart\u00e3o cinzento, que tem uma capacidade de carga superior a 5 kg, e n\u00e3o \u00e9 f\u00e1cil de distorcer durante o transporte, garantindo que o presente \u00e9 novo ao ser desempacotado da f\u00e1brica de caixas.<\/p>\n<h2 id=\"-4-red-main-color-visual-communication-of-romantic-atmosphere-\"><strong>4. Cor principal vermelha: comunica\u00e7\u00e3o visual de uma atmosfera rom\u00e2ntica<\/strong><\/h2>\n<p>O corpo da caixa adopta o vermelho padr\u00e3o do cart\u00e3o de cor Pantone, e o processo de impress\u00e3o a quatro cores apresenta um efeito de cor uniforme e brilhante, com processo local de UV ou estampagem a quente, real\u00e7ando o sentido tridimensional do contorno em forma de cora\u00e7\u00e3o. Podem ser utilizadas fitas opcionais ou flores eternas da mesma cor para real\u00e7ar o ambiente festivo.<\/p>\n<h2 id=\"-5-high-resilience-sponge-lining-professional-grade-jewelry-protection-\"><strong>5. Revestimento em esponja de elevada resist\u00eancia: prote\u00e7\u00e3o de j\u00f3ias de n\u00edvel profissional<\/strong><\/h2>\n<p>O forro utiliza uma esponja de alta densidade com 3 cm de espessura, que \u00e9 cortada por CNC para se ajustar ao contorno em forma de cora\u00e7\u00e3o, e a profundidade da ranhura pode ser personalizada (adequada para diferentes formas de j\u00f3ias, como an\u00e9is e colares). A superf\u00edcie da esponja \u00e9 coberta com flanela curta, que \u00e9 macia e n\u00e3o agride a pele, evitando arranhar metais preciosos e pedras preciosas. O teste antiss\u00edsmico mostra que pode suportar um impacto de queda de 1,2 metros e \u00e9 adequado para o transporte transfronteiri\u00e7o.<\/p>\n<h2 id=\"-6-customized-printing-service-deep-adaptation-of-brands-and-scenarios-\"><strong>6. Servi\u00e7o de impress\u00e3o personalizada: adapta\u00e7\u00e3o profunda de marcas e cen\u00e1rios<\/strong><\/h2>\n<p>Suporta uma variedade de processos, como serigrafia, estampagem a quente, grava\u00e7\u00e3o a laser, etc., e pode imprimir conte\u00fados personalizados, como o LOGOTIPO da empresa, nomes de casais, datas comemorativas, etc., na tampa da caixa. Os modelos personalizados para casamentos podem ser impressos com votos de estampagem a quente ou padr\u00f5es de rosas em relevo, e recomenda-se que os brindes empresariais correspondam \u00e0 vis\u00e3o principal e ao slogan da marca para aumentar o valor acrescentado da caixa de oferta.<\/p>\n<h2 id=\"-7-made-by-a-local-old-factory-dual-commitment-of-quality-and-production-capacity-\"><strong>7. Fabricado por uma antiga f\u00e1brica local: duplo compromisso de qualidade e capacidade de produ\u00e7\u00e3o<\/strong><\/h2>\n<p>Produzido pela F\u00e1brica de Impress\u00e3o de Shenzhen com 16 anos de experi\u00eancia, utiliza m\u00e1quinas de corte e vinco totalmente autom\u00e1ticas e linhas de inspe\u00e7\u00e3o de qualidade, com uma capacidade de produ\u00e7\u00e3o mensal de mais de 500.000 pe\u00e7as, e suporta prova expedita de 72 horas e entrega de encomendas em massa. Cada lote passa por 12 testes de controlo de qualidade (incluindo nivelamento de cantos, diferen\u00e7a de cor, suporte de carga, etc.) para garantir que o erro de consist\u00eancia da produ\u00e7\u00e3o em massa \u00e9 \u22641mm.<\/p>\n<h2 id=\"-8-environmental-certification-sustainable-romantic-promise-\"><strong>8. Certifica\u00e7\u00e3o ambiental: Promessa rom\u00e2ntica sustent\u00e1vel<\/strong><\/h2>\n<p>O material da caixa de presente foi aprovado na certifica\u00e7\u00e3o de gest\u00e3o florestal FSC e na certifica\u00e7\u00e3o do sistema de gest\u00e3o ISO, e a tinta est\u00e1 em conformidade com as normas REACH da UE, n\u00e3o \u00e9 t\u00f3xica e \u00e9 biodegrad\u00e1vel. A esponja de revestimento \u00e9 feita de material EVA de qualidade alimentar, passou nos testes da SGS e \u00e9 segura para o contacto com a pele.<\/p>\n<h2 id=\"-product-application-scenarios-\"><strong>Cen\u00e1rios de aplica\u00e7\u00e3o do produto<\/strong><\/h2>\n<ul>\n<li><strong>Prenda pessoal<\/strong>: Juntamente com cartas de amor personalizadas e flores eternas, crie uma caixa de presente com o tema \"confiss\u00e3o comovente\".<\/li>\n<li><strong>J\u00f3ias de casamento<\/strong>: Uma ranhura para o cart\u00e3o da alian\u00e7a de casamento pode ser embutida na caixa, e o anel pode ser visto assim que a caixa \u00e9 aberta, refor\u00e7ando a sensa\u00e7\u00e3o de cerim\u00f3nia de pedido de casamento.<\/li>\n<li><strong>Co-branding de marcas<\/strong>: As empresas podem personalizar edi\u00e7\u00f5es limitadas, combinando a imagem IP e elementos em forma de cora\u00e7\u00e3o para aumentar a fidelidade do cliente.<\/li>\n<\/ul>","protected":false},"excerpt":{"rendered":"<p>A tampa em forma de cora\u00e7\u00e3o e a tampa superior e inferior adaptam-se perfeitamente \u00e0 caixa, com contornos em forma de cora\u00e7\u00e3o no interior e no exterior, visualmente unificados e emocionalmente apelativos. A tampa e o fundo s\u00e3o separados, o que facilita a abertura e o fecho, com uma boa veda\u00e7\u00e3o, protegendo eficazmente o conte\u00fado e refor\u00e7ando a sensa\u00e7\u00e3o de cerim\u00f3nia ao abrir a caixa.<\/p>","protected":false},"featured_media":1016,"template":"","meta":{"_kad_post_transparent":"default","_kad_post_title":"","_kad_post_layout":"default","_kad_post_sidebar_id":"","_kad_post_content_style":"default","_kad_post_vertical_padding":"default","_kad_post_feature":"","_kad_post_feature_position":"","_kad_post_header":false,"_kad_post_footer":false,"_kad_post_classname":""},"product_brand":[],"product_cat":[15,17],"product_tag":[383,384,385],"class_list":{"0":"post-1011","1":"product","2":"type-product","3":"status-publish","4":"has-post-thumbnail","6":"product_cat-red-light-therapy","7":"product_cat-services","8":"product_tag-heart-shaped-gift-box","9":"product_tag-jewelry-packaging-box","10":"product_tag-valentines-day-gift-box","12":"first","13":"instock","14":"shipping-taxable","15":"product-type-simple","16":"entry","17":"content-bg","18":"loop-entry"},"_links":{"self":[{"href":"https:\/\/red-lighttherapy.com\/pt_pt\/wp-json\/wp\/v2\/product\/1011","targetHints":{"allow":["GET"]}}],"collection":[{"href":"https:\/\/red-lighttherapy.com\/pt_pt\/wp-json\/wp\/v2\/product"}],"about":[{"href":"https:\/\/red-lighttherapy.com\/pt_pt\/wp-json\/wp\/v2\/types\/product"}],"wp:featuredmedia":[{"embeddable":true,"href":"https:\/\/red-lighttherapy.com\/pt_pt\/wp-json\/wp\/v2\/media\/1016"}],"wp:attachment":[{"href":"https:\/\/red-lighttherapy.com\/pt_pt\/wp-json\/wp\/v2\/media?parent=1011"}],"wp:term":[{"taxonomy":"product_brand","embeddable":true,"href":"https:\/\/red-lighttherapy.com\/pt_pt\/wp-json\/wp\/v2\/product_brand?post=1011"},{"taxonomy":"product_cat","embeddable":true,"href":"https:\/\/red-lighttherapy.com\/pt_pt\/wp-json\/wp\/v2\/product_cat?post=1011"},{"taxonomy":"product_tag","embeddable":true,"href":"https:\/\/red-lighttherapy.com\/pt_pt\/wp-json\/wp\/v2\/product_tag?post=1011"}],"curies":[{"name":"wp","href":"https:\/\/api.w.org\/{rel}","templated":true}]}}